{"id":13492,"date":"2022-05-25T14:54:29","date_gmt":"2022-05-25T14:54:29","guid":{"rendered":"https:\/\/glassingmonkey.com\/shop\/sin%20categor\u00eda\/matt-penn-r-nine\/"},"modified":"2024-06-05T10:24:54","modified_gmt":"2024-06-05T10:24:54","slug":"matt-penn-r-nine","status":"publish","type":"product","link":"https:\/\/catalogo.glassingmonkey.com\/es\/tienda\/alto-rendimiento\/matt-penn-r-nine\/","title":{"rendered":"Matt Penn R-Nine"},"content":{"rendered":"<p>El R-NINE presenta un rocker de entrada bajo que desemboca en uno m\u00e1s plano, lo que ofrece mucho impulso desde la l\u00ednea del ra\u00edl entre tus pies.<\/p>\n<p>Combinado con un giro tard\u00edo en los \u00faltimos 6\u2033 de la cola que ofrece una buena liberaci\u00f3n en las secciones m\u00e1s estrechas.<\/p>\n","protected":false},"excerpt":{"rendered":"<p>Un concepto ampliamente desarrollado con el equipo en el que quer\u00edan m\u00e1s empuje de su modelo RPM.<\/p>\n<p>La R-nine mantiene un contorno ligeramente m\u00e1s lleno, que se est\u00e1 convirtiendo en la norma en la gama de tablas cortas de alto rendimiento de MP, y una cola cuadrada m\u00e1s redondeada para una suavidad general.<\/p>\n","protected":false},"featured_media":9102,"template":"","meta":{"_joinchat":[]},"product_brand":[1495],"product_cat":[1253,269,1831],"product_tag":[1255],"class_list":{"0":"post-13492","1":"product","2":"type-product","3":"status-publish","4":"has-post-thumbnail","6":"product_brand-matt-penn-surfboards-es","7":"product_cat-alto-rendimiento","8":"product_cat-tablas-de-surf","9":"product_cat-high-performance-2","10":"product_tag-rendimiento","11":"product_shipping_class-tablas-a-partir-de-67-es-2","12":"pa_length-71","13":"pa_length-91","14":"pa_length-70","15":"pa_length-63","16":"pa_length-94","17":"pa_length-768","18":"pa_length-189","19":"pa_length-100","20":"pa_length-97","21":"pa_length-138","22":"pa_length-136","23":"pa_model-r-nueve","24":"pa_shaper-matt-penn-surfboards","25":"pa_thickness-2-1-2-es","26":"pa_thickness-2-1-4-es","27":"pa_thickness-2-1-8-es","28":"pa_thickness-2-3-16-es","29":"pa_thickness-2-3-4-es","30":"pa_thickness-2-3-8-es","31":"pa_thickness-2-5-16-es","32":"pa_thickness-2-5-8-es","33":"pa_thickness-2-7-16-es","34":"pa_thickness-2-9-16-es","35":"pa_volume-23-20-l","36":"pa_volume-2430-l","37":"pa_volume-25-70-l","38":"pa_volume-27-l","39":"pa_volume-2750-l","40":"pa_volume-2890-l","41":"pa_volume-3030-l","42":"pa_volume-3170-l","43":"pa_volume-33-20-l","44":"pa_volume-3540-l","45":"pa_volume-39-l","46":"pa_width-18-3-4-es","47":"pa_width-18-3-8-es","48":"pa_width-18-5-8-es","49":"pa_width-18-7-8-es","50":"pa_width-18-1-2-es-2","51":"pa_width-18-es","52":"pa_width-19-1-2-es","53":"pa_width-19-1-4-es","54":"pa_width-19-1-8-es","55":"pa_width-19-es","56":"pa_width-20-es","58":"first","59":"instock","60":"sale","61":"featured","62":"shipping-taxable","63":"purchasable","64":"product-type-variable"},"yoast_head":"<!-- This site is optimized with the Yoast SEO plugin v26.5 - https:\/\/yoast.com\/wordpress\/plugins\/seo\/ -->\n<title>Matt Penn R-Nine | Matt Penn Surfboards | Glassing Monkey<\/title>\n<meta name=\"description\" content=\"Surf Shop | Buy Matt Penn R-Nine from Matt Penn Surfboards at the best price in Glassing Monkey Surf Factory | Alto rendimiento, Tablas de surf, High Performance\" \/>\n<meta name=\"robots\" content=\"index, follow, max-snippet:-1, max-image-preview:large, max-video-preview:-1\" \/>\n<link rel=\"canonical\" href=\"https:\/\/catalogo.glassingmonkey.com\/es\/tienda\/alto-rendimiento\/matt-penn-r-nine\/\" \/>\n<meta property=\"og:locale\" content=\"es_ES\" \/>\n<meta property=\"og:type\" content=\"article\" \/>\n<meta property=\"og:title\" content=\"Matt Penn R-Nine | Matt Penn Surfboards | Glassing Monkey\" \/>\n<meta property=\"og:description\" content=\"Surf Shop | Buy Matt Penn R-Nine from Matt Penn Surfboards at the best price in Glassing Monkey Surf Factory | Alto rendimiento, Tablas de surf, High Performance\" \/>\n<meta property=\"og:url\" content=\"https:\/\/catalogo.glassingmonkey.com\/es\/tienda\/alto-rendimiento\/matt-penn-r-nine\/\" \/>\n<meta property=\"og:site_name\" content=\"Glassing Monkey\" \/>\n<meta property=\"article:publisher\" content=\"https:\/\/facebook.com\/glassingmonkey\" \/>\n<meta property=\"article:modified_time\" content=\"2024-06-05T10:24:54+00:00\" \/>\n<meta property=\"og:image\" content=\"https:\/\/catalogo.glassingmonkey.com\/wp-content\/uploads\/2022\/05\/glassing-monkey-matt-penn-surfboards-r-nine.png\" \/>\n\t<meta property=\"og:image:width\" content=\"600\" \/>\n\t<meta property=\"og:image:height\" content=\"300\" \/>\n\t<meta property=\"og:image:type\" content=\"image\/png\" \/>\n<meta name=\"twitter:card\" content=\"summary_large_image\" \/>\n<meta name=\"twitter:label1\" content=\"Availability\" \/>\n\t<meta name=\"twitter:data1\" content=\"In stock\" \/>\n<script type=\"application\/ld+json\" class=\"yoast-schema-graph\">{\"@context\":\"https:\/\/schema.org\",\"@graph\":[{\"@type\":\"WebPage\",\"@id\":\"https:\/\/catalogo.glassingmonkey.com\/es\/tienda\/alto-rendimiento\/matt-penn-r-nine\/\",\"url\":\"https:\/\/catalogo.glassingmonkey.com\/es\/tienda\/alto-rendimiento\/matt-penn-r-nine\/\",\"name\":\"Matt Penn R-Nine | Matt Penn Surfboards | Glassing Monkey\",\"isPartOf\":{\"@id\":\"https:\/\/catalogo.glassingmonkey.com\/es\/#website\"},\"primaryImageOfPage\":{\"@id\":\"https:\/\/catalogo.glassingmonkey.com\/es\/tienda\/alto-rendimiento\/matt-penn-r-nine\/#primaryimage\"},\"image\":{\"@id\":\"https:\/\/catalogo.glassingmonkey.com\/es\/tienda\/alto-rendimiento\/matt-penn-r-nine\/#primaryimage\"},\"thumbnailUrl\":\"https:\/\/catalogo.glassingmonkey.com\/wp-content\/uploads\/2022\/05\/matt-penn-surfboards-r-nine.png\",\"datePublished\":\"2022-05-25T14:54:29+00:00\",\"dateModified\":\"2024-06-05T10:24:54+00:00\",\"description\":\"Surf Shop | Buy Matt Penn R-Nine from Matt Penn Surfboards at the best price in Glassing Monkey Surf Factory | Alto rendimiento, Tablas de surf, High Performance\",\"breadcrumb\":{\"@id\":\"https:\/\/catalogo.glassingmonkey.com\/es\/tienda\/alto-rendimiento\/matt-penn-r-nine\/#breadcrumb\"},\"inLanguage\":\"es\",\"potentialAction\":[{\"@type\":\"ReadAction\",\"target\":[\"https:\/\/catalogo.glassingmonkey.com\/es\/tienda\/alto-rendimiento\/matt-penn-r-nine\/\"]}]},{\"@type\":\"ImageObject\",\"inLanguage\":\"es\",\"@id\":\"https:\/\/catalogo.glassingmonkey.com\/es\/tienda\/alto-rendimiento\/matt-penn-r-nine\/#primaryimage\",\"url\":\"https:\/\/catalogo.glassingmonkey.com\/wp-content\/uploads\/2022\/05\/matt-penn-surfboards-r-nine.png\",\"contentUrl\":\"https:\/\/catalogo.glassingmonkey.com\/wp-content\/uploads\/2022\/05\/matt-penn-surfboards-r-nine.png\",\"width\":600,\"height\":750},{\"@type\":\"BreadcrumbList\",\"@id\":\"https:\/\/catalogo.glassingmonkey.com\/es\/tienda\/alto-rendimiento\/matt-penn-r-nine\/#breadcrumb\",\"itemListElement\":[{\"@type\":\"ListItem\",\"position\":1,\"name\":\"Home\",\"item\":\"https:\/\/catalogo.glassingmonkey.com\/es\/\"},{\"@type\":\"ListItem\",\"position\":2,\"name\":\"Productos\"},{\"@type\":\"ListItem\",\"position\":3,\"name\":\"Matt Penn R-Nine\"}]},{\"@type\":\"WebSite\",\"@id\":\"https:\/\/catalogo.glassingmonkey.com\/es\/#website\",\"url\":\"https:\/\/catalogo.glassingmonkey.com\/es\/\",\"name\":\"Glassing Monkey\",\"description\":\"Surf Shop - Surf Outlet Store\",\"publisher\":{\"@id\":\"https:\/\/catalogo.glassingmonkey.com\/es\/#organization\"},\"potentialAction\":[{\"@type\":\"SearchAction\",\"target\":{\"@type\":\"EntryPoint\",\"urlTemplate\":\"https:\/\/catalogo.glassingmonkey.com\/es\/?s={search_term_string}\"},\"query-input\":{\"@type\":\"PropertyValueSpecification\",\"valueRequired\":true,\"valueName\":\"search_term_string\"}}],\"inLanguage\":\"es\"},{\"@type\":\"Organization\",\"@id\":\"https:\/\/catalogo.glassingmonkey.com\/es\/#organization\",\"name\":\"Glassing Monkey\",\"url\":\"https:\/\/catalogo.glassingmonkey.com\/es\/\",\"logo\":{\"@type\":\"ImageObject\",\"inLanguage\":\"es\",\"@id\":\"https:\/\/catalogo.glassingmonkey.com\/es\/#\/schema\/logo\/image\/\",\"url\":\"https:\/\/glassingmonkey.com\/wp-content\/uploads\/2022\/02\/cropped-favicon.png\",\"contentUrl\":\"https:\/\/glassingmonkey.com\/wp-content\/uploads\/2022\/02\/cropped-favicon.png\",\"width\":512,\"height\":512,\"caption\":\"Glassing Monkey\"},\"image\":{\"@id\":\"https:\/\/catalogo.glassingmonkey.com\/es\/#\/schema\/logo\/image\/\"},\"sameAs\":[\"https:\/\/facebook.com\/glassingmonkey\"]}]}<\/script>\n<meta property=\"product:brand\" content=\"Matt Penn Surfboards\" \/>\n<meta property=\"og:availability\" content=\"instock\" \/>\n<meta property=\"product:availability\" content=\"instock\" \/>\n<meta property=\"product:retailer_item_id\" content=\"0000054\" \/>\n<meta property=\"product:condition\" content=\"new\" \/>\n<!-- \/ Yoast SEO plugin. -->","yoast_head_json":{"title":"Matt Penn R-Nine | Matt Penn Surfboards | Glassing Monkey","description":"Surf Shop | Buy Matt Penn R-Nine from Matt Penn Surfboards at the best price in Glassing Monkey Surf Factory | Alto rendimiento, Tablas de surf, High Performance","robots":{"index":"index","follow":"follow","max-snippet":"max-snippet:-1","max-image-preview":"max-image-preview:large","max-video-preview":"max-video-preview:-1"},"canonical":"https:\/\/catalogo.glassingmonkey.com\/es\/tienda\/alto-rendimiento\/matt-penn-r-nine\/","og_locale":"es_ES","og_type":"article","og_title":"Matt Penn R-Nine | Matt Penn Surfboards | Glassing Monkey","og_description":"Surf Shop | Buy Matt Penn R-Nine from Matt Penn Surfboards at the best price in Glassing Monkey Surf Factory | Alto rendimiento, Tablas de surf, High Performance","og_url":"https:\/\/catalogo.glassingmonkey.com\/es\/tienda\/alto-rendimiento\/matt-penn-r-nine\/","og_site_name":"Glassing Monkey","article_publisher":"https:\/\/facebook.com\/glassingmonkey","article_modified_time":"2024-06-05T10:24:54+00:00","og_image":[{"width":600,"height":300,"url":"https:\/\/catalogo.glassingmonkey.com\/wp-content\/uploads\/2022\/05\/glassing-monkey-matt-penn-surfboards-r-nine.png","type":"image\/png"}],"twitter_card":"summary_large_image","twitter_misc":{"Availability":"In stock"},"schema":{"@context":"https:\/\/schema.org","@graph":[{"@type":"WebPage","@id":"https:\/\/catalogo.glassingmonkey.com\/es\/tienda\/alto-rendimiento\/matt-penn-r-nine\/","url":"https:\/\/catalogo.glassingmonkey.com\/es\/tienda\/alto-rendimiento\/matt-penn-r-nine\/","name":"Matt Penn R-Nine | Matt Penn Surfboards | Glassing Monkey","isPartOf":{"@id":"https:\/\/catalogo.glassingmonkey.com\/es\/#website"},"primaryImageOfPage":{"@id":"https:\/\/catalogo.glassingmonkey.com\/es\/tienda\/alto-rendimiento\/matt-penn-r-nine\/#primaryimage"},"image":{"@id":"https:\/\/catalogo.glassingmonkey.com\/es\/tienda\/alto-rendimiento\/matt-penn-r-nine\/#primaryimage"},"thumbnailUrl":"https:\/\/catalogo.glassingmonkey.com\/wp-content\/uploads\/2022\/05\/matt-penn-surfboards-r-nine.png","datePublished":"2022-05-25T14:54:29+00:00","dateModified":"2024-06-05T10:24:54+00:00","description":"Surf Shop | Buy Matt Penn R-Nine from Matt Penn Surfboards at the best price in Glassing Monkey Surf Factory | Alto rendimiento, Tablas de surf, High Performance","breadcrumb":{"@id":"https:\/\/catalogo.glassingmonkey.com\/es\/tienda\/alto-rendimiento\/matt-penn-r-nine\/#breadcrumb"},"inLanguage":"es","potentialAction":[{"@type":"ReadAction","target":["https:\/\/catalogo.glassingmonkey.com\/es\/tienda\/alto-rendimiento\/matt-penn-r-nine\/"]}]},{"@type":"ImageObject","inLanguage":"es","@id":"https:\/\/catalogo.glassingmonkey.com\/es\/tienda\/alto-rendimiento\/matt-penn-r-nine\/#primaryimage","url":"https:\/\/catalogo.glassingmonkey.com\/wp-content\/uploads\/2022\/05\/matt-penn-surfboards-r-nine.png","contentUrl":"https:\/\/catalogo.glassingmonkey.com\/wp-content\/uploads\/2022\/05\/matt-penn-surfboards-r-nine.png","width":600,"height":750},{"@type":"BreadcrumbList","@id":"https:\/\/catalogo.glassingmonkey.com\/es\/tienda\/alto-rendimiento\/matt-penn-r-nine\/#breadcrumb","itemListElement":[{"@type":"ListItem","position":1,"name":"Home","item":"https:\/\/catalogo.glassingmonkey.com\/es\/"},{"@type":"ListItem","position":2,"name":"Productos"},{"@type":"ListItem","position":3,"name":"Matt Penn R-Nine"}]},{"@type":"WebSite","@id":"https:\/\/catalogo.glassingmonkey.com\/es\/#website","url":"https:\/\/catalogo.glassingmonkey.com\/es\/","name":"Glassing Monkey","description":"Surf Shop - Surf Outlet Store","publisher":{"@id":"https:\/\/catalogo.glassingmonkey.com\/es\/#organization"},"potentialAction":[{"@type":"SearchAction","target":{"@type":"EntryPoint","urlTemplate":"https:\/\/catalogo.glassingmonkey.com\/es\/?s={search_term_string}"},"query-input":{"@type":"PropertyValueSpecification","valueRequired":true,"valueName":"search_term_string"}}],"inLanguage":"es"},{"@type":"Organization","@id":"https:\/\/catalogo.glassingmonkey.com\/es\/#organization","name":"Glassing Monkey","url":"https:\/\/catalogo.glassingmonkey.com\/es\/","logo":{"@type":"ImageObject","inLanguage":"es","@id":"https:\/\/catalogo.glassingmonkey.com\/es\/#\/schema\/logo\/image\/","url":"https:\/\/glassingmonkey.com\/wp-content\/uploads\/2022\/02\/cropped-favicon.png","contentUrl":"https:\/\/glassingmonkey.com\/wp-content\/uploads\/2022\/02\/cropped-favicon.png","width":512,"height":512,"caption":"Glassing Monkey"},"image":{"@id":"https:\/\/catalogo.glassingmonkey.com\/es\/#\/schema\/logo\/image\/"},"sameAs":["https:\/\/facebook.com\/glassingmonkey"]}]},"product_brand":"Matt Penn Surfboards","og_availability":"instock","product_availability":"instock","product_retailer_item_id":"0000054","product_condition":"new"},"_links":{"self":[{"href":"https:\/\/catalogo.glassingmonkey.com\/es\/wp-json\/wp\/v2\/product\/13492","targetHints":{"allow":["GET"]}}],"collection":[{"href":"https:\/\/catalogo.glassingmonkey.com\/es\/wp-json\/wp\/v2\/product"}],"about":[{"href":"https:\/\/catalogo.glassingmonkey.com\/es\/wp-json\/wp\/v2\/types\/product"}],"version-history":[{"count":1,"href":"https:\/\/catalogo.glassingmonkey.com\/es\/wp-json\/wp\/v2\/product\/13492\/revisions"}],"predecessor-version":[{"id":15066,"href":"https:\/\/catalogo.glassingmonkey.com\/es\/wp-json\/wp\/v2\/product\/13492\/revisions\/15066"}],"wp:featuredmedia":[{"embeddable":true,"href":"https:\/\/catalogo.glassingmonkey.com\/es\/wp-json\/wp\/v2\/media\/9102"}],"wp:attachment":[{"href":"https:\/\/catalogo.glassingmonkey.com\/es\/wp-json\/wp\/v2\/media?parent=13492"}],"wp:term":[{"taxonomy":"product_brand","embeddable":true,"href":"https:\/\/catalogo.glassingmonkey.com\/es\/wp-json\/wp\/v2\/product_brand?post=13492"},{"taxonomy":"product_cat","embeddable":true,"href":"https:\/\/catalogo.glassingmonkey.com\/es\/wp-json\/wp\/v2\/product_cat?post=13492"},{"taxonomy":"product_tag","embeddable":true,"href":"https:\/\/catalogo.glassingmonkey.com\/es\/wp-json\/wp\/v2\/product_tag?post=13492"}],"curies":[{"name":"wp","href":"https:\/\/api.w.org\/{rel}","templated":true}]}}