{"id":13489,"date":"2022-05-25T14:22:08","date_gmt":"2022-05-25T14:22:08","guid":{"rendered":"https:\/\/glassingmonkey.com\/shop\/sin%20categor\u00eda\/pluma-x-oro-mate\/"},"modified":"2024-06-05T10:28:26","modified_gmt":"2024-06-05T10:28:26","slug":"matt-penn-x-wing-gold","status":"publish","type":"product","link":"https:\/\/catalogo.glassingmonkey.com\/es\/tienda\/especiales\/matt-penn-x-wing-gold\/","title":{"rendered":"Matt Penn X-Wing Gold"},"content":{"rendered":"<p>El contorno de la mitad delantera sigue siendo el mismo de siempre, con la zona de la nariz totalmente adelantada y tolerante que se come las secciones muertas, mientras que el principal cambio de esta edici\u00f3n es que hemos eliminado el flyer por completo y lo hemos sustituido por una cadera agresiva que desemboca en una l\u00ednea de ra\u00edl recta que proporciona m\u00e1s impulso que nunca y una sensaci\u00f3n general de suavidad m\u00e1s redondeada.<\/p>\n<p>Con un ligero c\u00f3ncavo simple entre los pies para la elevaci\u00f3n y un ligero c\u00f3ncavo doble en V en los \u00faltimos 15 cm de la cola, que ayuda a la transici\u00f3n sobre ra\u00edl de la que suelen carecer este tipo de dise\u00f1os debido a su contorno curvo, y terminando con una \u00abGolondrina Sigilosa\u00bb para un buen agarre y control.<\/p>\n","protected":false},"excerpt":{"rendered":"<p>La \u00faltima edici\u00f3n de la serie Ala-X, la edici\u00f3n \u00abORO\u00bb, ha evolucionado tras a\u00f1os de perfeccionamiento del concepto original.<\/p>\n<p>Rocker de entrada superbajo para una elevaci\u00f3n instant\u00e1nea al remar en las olas m\u00e1s peque\u00f1as, con el rocker de cola con un poco m\u00e1s de curva de lo normal para ejecutar algunos giros r\u00e1pidos en peque\u00f1os huecos.<\/p>\n","protected":false},"featured_media":4634,"template":"","meta":{"_joinchat":[]},"product_brand":[1495],"product_cat":[1430,269],"product_tag":[1783],"class_list":{"0":"post-13489","1":"product","2":"type-product","3":"status-publish","4":"has-post-thumbnail","6":"product_brand-matt-penn-surfboards-es","7":"product_cat-especiales","8":"product_cat-tablas-de-surf","9":"product_tag-conceptos-de-verano","10":"pa_length-71","11":"pa_length-91","12":"pa_length-152","13":"pa_length-55","14":"pa_length-69","15":"pa_length-70","16":"pa_length-63","17":"pa_length-94","18":"pa_length-768","19":"pa_length-189","20":"pa_length-100","21":"pa_length-97","22":"pa_length-531","23":"pa_length-138","24":"pa_length-136","25":"pa_model-x-wing-oro","26":"pa_shaper-matt-penn-surfboards","27":"pa_thickness-2-1-2-es","28":"pa_thickness-2-1-4-es","29":"pa_thickness-2-11-16-es","30":"pa_thickness-2-3-4-es","31":"pa_thickness-2-3-8-es","32":"pa_thickness-2-5-16-es","33":"pa_thickness-2-5-8-es","34":"pa_thickness-2-7-16-es","35":"pa_thickness-2-7-8-es","36":"pa_thickness-2-9-16-es","37":"pa_thickness-3-es","38":"pa_volume-26-30-l","39":"pa_volume-2760-l","40":"pa_volume-2890-l","41":"pa_volume-3040-l","42":"pa_volume-31-l","43":"pa_volume-3230-l","44":"pa_volume-33-20-l","45":"pa_volume-34-5-l","46":"pa_volume-3590-l","47":"pa_volume-3670-l","48":"pa_volume-38-20-l","49":"pa_volume-3980-l","50":"pa_volume-423-litros","51":"pa_volume-43-10-l","52":"pa_volume-46-50-l","53":"pa_width-19-1-2-es","54":"pa_width-19-3-4-es","55":"pa_width-19-3-8-es","56":"pa_width-19-5-8-es","57":"pa_width-19-7-8-es","58":"pa_width-20-1-2-es","59":"pa_width-20-1-4-es","60":"pa_width-20-1-8-es-es","61":"pa_width-20-3-4-es","62":"pa_width-20-5-8-es","63":"pa_width-20-7-8-es","64":"pa_width-20-3-8-es","65":"pa_width-20-es","66":"pa_width-21-1-4-es","67":"pa_width-21-es","69":"first","70":"instock","71":"sale","72":"shipping-taxable","73":"purchasable","74":"product-type-variable"},"yoast_head":"<!-- This site is optimized with the Yoast SEO plugin v26.5 - https:\/\/yoast.com\/wordpress\/plugins\/seo\/ -->\n<title>Matt Penn X-Wing Gold | Matt Penn Surfboards | Glassing Monkey<\/title>\n<meta name=\"description\" content=\"Surf Shop | Buy Matt Penn X-Wing Gold from Matt Penn Surfboards at the best price in Glassing Monkey Surf Factory | Especiales, Tablas de surf\" \/>\n<meta name=\"robots\" content=\"index, follow, max-snippet:-1, max-image-preview:large, max-video-preview:-1\" \/>\n<link rel=\"canonical\" href=\"https:\/\/catalogo.glassingmonkey.com\/es\/tienda\/especiales\/matt-penn-x-wing-gold\/\" \/>\n<meta property=\"og:locale\" content=\"es_ES\" \/>\n<meta property=\"og:type\" content=\"article\" \/>\n<meta property=\"og:title\" content=\"Matt Penn X-Wing Gold | Matt Penn Surfboards | Glassing Monkey\" \/>\n<meta property=\"og:description\" content=\"Surf Shop | Buy Matt Penn X-Wing Gold from Matt Penn Surfboards at the best price in Glassing Monkey Surf Factory | Especiales, Tablas de surf\" \/>\n<meta property=\"og:url\" content=\"https:\/\/catalogo.glassingmonkey.com\/es\/tienda\/especiales\/matt-penn-x-wing-gold\/\" \/>\n<meta property=\"og:site_name\" content=\"Glassing Monkey\" \/>\n<meta property=\"article:publisher\" content=\"https:\/\/facebook.com\/glassingmonkey\" \/>\n<meta property=\"article:modified_time\" content=\"2024-06-05T10:28:26+00:00\" \/>\n<meta property=\"og:image\" content=\"https:\/\/catalogo.glassingmonkey.com\/wp-content\/uploads\/2022\/05\/matt-x-winggold.jpg\" \/>\n\t<meta property=\"og:image:width\" content=\"400\" \/>\n\t<meta property=\"og:image:height\" content=\"523\" \/>\n\t<meta property=\"og:image:type\" content=\"image\/jpeg\" \/>\n<meta name=\"twitter:card\" content=\"summary_large_image\" \/>\n<meta name=\"twitter:label1\" content=\"Availability\" \/>\n\t<meta name=\"twitter:data1\" content=\"In stock\" \/>\n<script type=\"application\/ld+json\" class=\"yoast-schema-graph\">{\"@context\":\"https:\/\/schema.org\",\"@graph\":[{\"@type\":\"WebPage\",\"@id\":\"https:\/\/catalogo.glassingmonkey.com\/es\/tienda\/especiales\/matt-penn-x-wing-gold\/\",\"url\":\"https:\/\/catalogo.glassingmonkey.com\/es\/tienda\/especiales\/matt-penn-x-wing-gold\/\",\"name\":\"Matt Penn X-Wing Gold | Matt Penn Surfboards | Glassing Monkey\",\"isPartOf\":{\"@id\":\"https:\/\/catalogo.glassingmonkey.com\/es\/#website\"},\"primaryImageOfPage\":{\"@id\":\"https:\/\/catalogo.glassingmonkey.com\/es\/tienda\/especiales\/matt-penn-x-wing-gold\/#primaryimage\"},\"image\":{\"@id\":\"https:\/\/catalogo.glassingmonkey.com\/es\/tienda\/especiales\/matt-penn-x-wing-gold\/#primaryimage\"},\"thumbnailUrl\":\"https:\/\/catalogo.glassingmonkey.com\/wp-content\/uploads\/2022\/05\/matt-x-winggold.jpg\",\"datePublished\":\"2022-05-25T14:22:08+00:00\",\"dateModified\":\"2024-06-05T10:28:26+00:00\",\"description\":\"Surf Shop | Buy Matt Penn X-Wing Gold from Matt Penn Surfboards at the best price in Glassing Monkey Surf Factory | Especiales, Tablas de surf\",\"breadcrumb\":{\"@id\":\"https:\/\/catalogo.glassingmonkey.com\/es\/tienda\/especiales\/matt-penn-x-wing-gold\/#breadcrumb\"},\"inLanguage\":\"es\",\"potentialAction\":[{\"@type\":\"ReadAction\",\"target\":[\"https:\/\/catalogo.glassingmonkey.com\/es\/tienda\/especiales\/matt-penn-x-wing-gold\/\"]}]},{\"@type\":\"ImageObject\",\"inLanguage\":\"es\",\"@id\":\"https:\/\/catalogo.glassingmonkey.com\/es\/tienda\/especiales\/matt-penn-x-wing-gold\/#primaryimage\",\"url\":\"https:\/\/catalogo.glassingmonkey.com\/wp-content\/uploads\/2022\/05\/matt-x-winggold.jpg\",\"contentUrl\":\"https:\/\/catalogo.glassingmonkey.com\/wp-content\/uploads\/2022\/05\/matt-x-winggold.jpg\",\"width\":400,\"height\":523},{\"@type\":\"BreadcrumbList\",\"@id\":\"https:\/\/catalogo.glassingmonkey.com\/es\/tienda\/especiales\/matt-penn-x-wing-gold\/#breadcrumb\",\"itemListElement\":[{\"@type\":\"ListItem\",\"position\":1,\"name\":\"Home\",\"item\":\"https:\/\/catalogo.glassingmonkey.com\/es\/\"},{\"@type\":\"ListItem\",\"position\":2,\"name\":\"Productos\"},{\"@type\":\"ListItem\",\"position\":3,\"name\":\"Matt Penn X-Wing Gold\"}]},{\"@type\":\"WebSite\",\"@id\":\"https:\/\/catalogo.glassingmonkey.com\/es\/#website\",\"url\":\"https:\/\/catalogo.glassingmonkey.com\/es\/\",\"name\":\"Glassing Monkey\",\"description\":\"Surf Shop - Surf Outlet Store\",\"publisher\":{\"@id\":\"https:\/\/catalogo.glassingmonkey.com\/es\/#organization\"},\"potentialAction\":[{\"@type\":\"SearchAction\",\"target\":{\"@type\":\"EntryPoint\",\"urlTemplate\":\"https:\/\/catalogo.glassingmonkey.com\/es\/?s={search_term_string}\"},\"query-input\":{\"@type\":\"PropertyValueSpecification\",\"valueRequired\":true,\"valueName\":\"search_term_string\"}}],\"inLanguage\":\"es\"},{\"@type\":\"Organization\",\"@id\":\"https:\/\/catalogo.glassingmonkey.com\/es\/#organization\",\"name\":\"Glassing Monkey\",\"url\":\"https:\/\/catalogo.glassingmonkey.com\/es\/\",\"logo\":{\"@type\":\"ImageObject\",\"inLanguage\":\"es\",\"@id\":\"https:\/\/catalogo.glassingmonkey.com\/es\/#\/schema\/logo\/image\/\",\"url\":\"https:\/\/glassingmonkey.com\/wp-content\/uploads\/2022\/02\/cropped-favicon.png\",\"contentUrl\":\"https:\/\/glassingmonkey.com\/wp-content\/uploads\/2022\/02\/cropped-favicon.png\",\"width\":512,\"height\":512,\"caption\":\"Glassing Monkey\"},\"image\":{\"@id\":\"https:\/\/catalogo.glassingmonkey.com\/es\/#\/schema\/logo\/image\/\"},\"sameAs\":[\"https:\/\/facebook.com\/glassingmonkey\"]}]}<\/script>\n<meta property=\"product:brand\" content=\"Matt Penn Surfboards\" \/>\n<meta property=\"og:availability\" content=\"instock\" \/>\n<meta property=\"product:availability\" content=\"instock\" \/>\n<meta property=\"product:retailer_item_id\" content=\"0000048\" \/>\n<meta property=\"product:condition\" content=\"new\" \/>\n<!-- \/ Yoast SEO plugin. -->","yoast_head_json":{"title":"Matt Penn X-Wing Gold | Matt Penn Surfboards | Glassing Monkey","description":"Surf Shop | Buy Matt Penn X-Wing Gold from Matt Penn Surfboards at the best price in Glassing Monkey Surf Factory | Especiales, Tablas de surf","robots":{"index":"index","follow":"follow","max-snippet":"max-snippet:-1","max-image-preview":"max-image-preview:large","max-video-preview":"max-video-preview:-1"},"canonical":"https:\/\/catalogo.glassingmonkey.com\/es\/tienda\/especiales\/matt-penn-x-wing-gold\/","og_locale":"es_ES","og_type":"article","og_title":"Matt Penn X-Wing Gold | Matt Penn Surfboards | Glassing Monkey","og_description":"Surf Shop | Buy Matt Penn X-Wing Gold from Matt Penn Surfboards at the best price in Glassing Monkey Surf Factory | Especiales, Tablas de surf","og_url":"https:\/\/catalogo.glassingmonkey.com\/es\/tienda\/especiales\/matt-penn-x-wing-gold\/","og_site_name":"Glassing Monkey","article_publisher":"https:\/\/facebook.com\/glassingmonkey","article_modified_time":"2024-06-05T10:28:26+00:00","og_image":[{"width":400,"height":523,"url":"https:\/\/catalogo.glassingmonkey.com\/wp-content\/uploads\/2022\/05\/matt-x-winggold.jpg","type":"image\/jpeg"}],"twitter_card":"summary_large_image","twitter_misc":{"Availability":"In stock"},"schema":{"@context":"https:\/\/schema.org","@graph":[{"@type":"WebPage","@id":"https:\/\/catalogo.glassingmonkey.com\/es\/tienda\/especiales\/matt-penn-x-wing-gold\/","url":"https:\/\/catalogo.glassingmonkey.com\/es\/tienda\/especiales\/matt-penn-x-wing-gold\/","name":"Matt Penn X-Wing Gold | Matt Penn Surfboards | Glassing Monkey","isPartOf":{"@id":"https:\/\/catalogo.glassingmonkey.com\/es\/#website"},"primaryImageOfPage":{"@id":"https:\/\/catalogo.glassingmonkey.com\/es\/tienda\/especiales\/matt-penn-x-wing-gold\/#primaryimage"},"image":{"@id":"https:\/\/catalogo.glassingmonkey.com\/es\/tienda\/especiales\/matt-penn-x-wing-gold\/#primaryimage"},"thumbnailUrl":"https:\/\/catalogo.glassingmonkey.com\/wp-content\/uploads\/2022\/05\/matt-x-winggold.jpg","datePublished":"2022-05-25T14:22:08+00:00","dateModified":"2024-06-05T10:28:26+00:00","description":"Surf Shop | Buy Matt Penn X-Wing Gold from Matt Penn Surfboards at the best price in Glassing Monkey Surf Factory | Especiales, Tablas de surf","breadcrumb":{"@id":"https:\/\/catalogo.glassingmonkey.com\/es\/tienda\/especiales\/matt-penn-x-wing-gold\/#breadcrumb"},"inLanguage":"es","potentialAction":[{"@type":"ReadAction","target":["https:\/\/catalogo.glassingmonkey.com\/es\/tienda\/especiales\/matt-penn-x-wing-gold\/"]}]},{"@type":"ImageObject","inLanguage":"es","@id":"https:\/\/catalogo.glassingmonkey.com\/es\/tienda\/especiales\/matt-penn-x-wing-gold\/#primaryimage","url":"https:\/\/catalogo.glassingmonkey.com\/wp-content\/uploads\/2022\/05\/matt-x-winggold.jpg","contentUrl":"https:\/\/catalogo.glassingmonkey.com\/wp-content\/uploads\/2022\/05\/matt-x-winggold.jpg","width":400,"height":523},{"@type":"BreadcrumbList","@id":"https:\/\/catalogo.glassingmonkey.com\/es\/tienda\/especiales\/matt-penn-x-wing-gold\/#breadcrumb","itemListElement":[{"@type":"ListItem","position":1,"name":"Home","item":"https:\/\/catalogo.glassingmonkey.com\/es\/"},{"@type":"ListItem","position":2,"name":"Productos"},{"@type":"ListItem","position":3,"name":"Matt Penn X-Wing Gold"}]},{"@type":"WebSite","@id":"https:\/\/catalogo.glassingmonkey.com\/es\/#website","url":"https:\/\/catalogo.glassingmonkey.com\/es\/","name":"Glassing Monkey","description":"Surf Shop - Surf Outlet Store","publisher":{"@id":"https:\/\/catalogo.glassingmonkey.com\/es\/#organization"},"potentialAction":[{"@type":"SearchAction","target":{"@type":"EntryPoint","urlTemplate":"https:\/\/catalogo.glassingmonkey.com\/es\/?s={search_term_string}"},"query-input":{"@type":"PropertyValueSpecification","valueRequired":true,"valueName":"search_term_string"}}],"inLanguage":"es"},{"@type":"Organization","@id":"https:\/\/catalogo.glassingmonkey.com\/es\/#organization","name":"Glassing Monkey","url":"https:\/\/catalogo.glassingmonkey.com\/es\/","logo":{"@type":"ImageObject","inLanguage":"es","@id":"https:\/\/catalogo.glassingmonkey.com\/es\/#\/schema\/logo\/image\/","url":"https:\/\/glassingmonkey.com\/wp-content\/uploads\/2022\/02\/cropped-favicon.png","contentUrl":"https:\/\/glassingmonkey.com\/wp-content\/uploads\/2022\/02\/cropped-favicon.png","width":512,"height":512,"caption":"Glassing Monkey"},"image":{"@id":"https:\/\/catalogo.glassingmonkey.com\/es\/#\/schema\/logo\/image\/"},"sameAs":["https:\/\/facebook.com\/glassingmonkey"]}]},"product_brand":"Matt Penn Surfboards","og_availability":"instock","product_availability":"instock","product_retailer_item_id":"0000048","product_condition":"new"},"_links":{"self":[{"href":"https:\/\/catalogo.glassingmonkey.com\/es\/wp-json\/wp\/v2\/product\/13489","targetHints":{"allow":["GET"]}}],"collection":[{"href":"https:\/\/catalogo.glassingmonkey.com\/es\/wp-json\/wp\/v2\/product"}],"about":[{"href":"https:\/\/catalogo.glassingmonkey.com\/es\/wp-json\/wp\/v2\/types\/product"}],"version-history":[{"count":1,"href":"https:\/\/catalogo.glassingmonkey.com\/es\/wp-json\/wp\/v2\/product\/13489\/revisions"}],"predecessor-version":[{"id":15065,"href":"https:\/\/catalogo.glassingmonkey.com\/es\/wp-json\/wp\/v2\/product\/13489\/revisions\/15065"}],"wp:featuredmedia":[{"embeddable":true,"href":"https:\/\/catalogo.glassingmonkey.com\/es\/wp-json\/wp\/v2\/media\/4634"}],"wp:attachment":[{"href":"https:\/\/catalogo.glassingmonkey.com\/es\/wp-json\/wp\/v2\/media?parent=13489"}],"wp:term":[{"taxonomy":"product_brand","embeddable":true,"href":"https:\/\/catalogo.glassingmonkey.com\/es\/wp-json\/wp\/v2\/product_brand?post=13489"},{"taxonomy":"product_cat","embeddable":true,"href":"https:\/\/catalogo.glassingmonkey.com\/es\/wp-json\/wp\/v2\/product_cat?post=13489"},{"taxonomy":"product_tag","embeddable":true,"href":"https:\/\/catalogo.glassingmonkey.com\/es\/wp-json\/wp\/v2\/product_tag?post=13489"}],"curies":[{"name":"wp","href":"https:\/\/api.w.org\/{rel}","templated":true}]}}