{"id":13479,"date":"2022-05-25T14:10:46","date_gmt":"2022-05-25T14:10:46","guid":{"rendered":"https:\/\/glassingmonkey.com\/shop\/sin%20categor\u00eda\/matt-penn-xw-4\/"},"modified":"2024-06-05T10:32:51","modified_gmt":"2024-06-05T10:32:51","slug":"matt-penn-xw-4","status":"publish","type":"product","link":"https:\/\/catalogo.glassingmonkey.com\/es\/tienda\/tablas-de-surf\/matt-penn-xw-4\/","title":{"rendered":"Matt Penn XW-4"},"content":{"rendered":"<p>Esta versi\u00f3n redise\u00f1ada presenta un \u00e1rea dr\u00e1sticamente reducida en el contorno delantero que ayuda a la tabla a asentarse sobre el ra\u00edl y a impulsarse m\u00e1s en los giros, en comparaci\u00f3n con las versiones anteriores, con un contorno m\u00e1s ancho que tradicionalmente se aleja m\u00e1s de la cara de la ola y se asienta m\u00e1s plano en el radio de giro.<\/p>\n<p>El balanc\u00edn sigue manteniendo el concepto original de las versiones anteriores, pero se ha mejorado con un toque m\u00e1s de curva en la cola para conseguir tiempos de reacci\u00f3n ligeramente m\u00e1s r\u00e1pidos con el pie trasero, al tiempo que se mantiene esa velocidad instant\u00e1nea desde el despegue por la que es famoso el modelo.<\/p>\n<p>En la distribuci\u00f3n del volumen tambi\u00e9n se ha producido un ligero desplazamiento hacia delante del centro para proporcionar m\u00e1s espuma bajo la zona del pecho y aumentar as\u00ed la potencia de la pala, lo que significa un grosor ligeramente menor entre las posturas para aumentar la sensibilidad.<\/p>\n<p>La combinaci\u00f3n de aler\u00f3n y cola de golondrina permite una velocidad m\u00e1s recta en la l\u00ednea de ra\u00edl y reduce la superficie en la zona de la aleta trasera para conseguir m\u00e1s agarre y empuje.<br \/>\nMonta de 3 a 4&#8243; m\u00e1s corta que tu tabla normal<\/p>\n","protected":false},"excerpt":{"rendered":"<p>La serie x-wing ha sido una larga evoluci\u00f3n en nuestros establos de dise\u00f1o y esta \u00faltima edici\u00f3n no te decepcionar\u00e1. El nuevo XW-4, que sigue desdibujando las l\u00edneas entre el rendimiento y los dise\u00f1os retro, grita nueva escuela con un toque de la vieja escuela.<\/p>\n","protected":false},"featured_media":9172,"template":"","meta":{"_joinchat":[]},"product_brand":[1495],"product_cat":[269,1833],"product_tag":[1834],"class_list":{"0":"post-13479","1":"product","2":"type-product","3":"status-publish","4":"has-post-thumbnail","6":"product_brand-matt-penn-surfboards-es","7":"product_cat-tablas-de-surf","8":"product_cat-olas-pequenas","9":"product_tag-olas-pequenas","10":"pa_length-71","11":"pa_length-91","12":"pa_length-152","13":"pa_length-55","14":"pa_length-69","15":"pa_length-70","16":"pa_length-63","17":"pa_length-94","18":"pa_length-768","19":"pa_length-189","20":"pa_length-100","21":"pa_length-97","22":"pa_length-138","23":"pa_model-xw4","24":"pa_shaper-matt-penn-surfboards","25":"pa_thickness-2-1-2-es","26":"pa_thickness-2-1-4-es","27":"pa_thickness-2-3-4-es","28":"pa_thickness-2-3-8-es","29":"pa_thickness-2-5-16-es","30":"pa_thickness-2-5-8-es","31":"pa_thickness-2-7-16-es","32":"pa_thickness-2-9-16-es","33":"pa_thickness-3-es","34":"pa_volume-25-60-l","35":"pa_volume-2690-l","36":"pa_volume-28-l","37":"pa_volume-2890-l","38":"pa_volume-3010-l","39":"pa_volume-3140-l","40":"pa_volume-32-4-l","41":"pa_volume-33-5-l","42":"pa_volume-3490-l","43":"pa_volume-3590-l","44":"pa_volume-38-4-l","45":"pa_volume-39-70-l","46":"pa_volume-44-40-l","47":"pa_width-19-1-2-es","48":"pa_width-19-1-4-es","49":"pa_width-19-3-4-es","50":"pa_width-19-3-8-es","51":"pa_width-19-5-8-es","52":"pa_width-19-7-8-es","53":"pa_width-20-1-2-es","54":"pa_width-20-1-4-es","55":"pa_width-20-1-8-es-es","56":"pa_width-20-3-4-es","57":"pa_width-20-es","58":"pa_width-21-1-2-es","59":"pa_width-21-es","61":"first","62":"instock","63":"sale","64":"featured","65":"shipping-taxable","66":"purchasable","67":"product-type-variable"},"yoast_head":"<!-- This site is optimized with the Yoast SEO plugin v26.5 - https:\/\/yoast.com\/wordpress\/plugins\/seo\/ -->\n<title>Matt Penn XW-4 | Matt Penn Surfboards | Glassing Monkey<\/title>\n<meta name=\"description\" content=\"Surf Shop | Buy Matt Penn XW-4 from Matt Penn Surfboards at the best price in Glassing Monkey Surf Factory | Tablas de surf, Olas Peque\u00f1as\" \/>\n<meta name=\"robots\" content=\"index, follow, max-snippet:-1, max-image-preview:large, max-video-preview:-1\" \/>\n<link rel=\"canonical\" href=\"https:\/\/catalogo.glassingmonkey.com\/es\/tienda\/tablas-de-surf\/matt-penn-xw-4\/\" \/>\n<meta property=\"og:locale\" content=\"es_ES\" \/>\n<meta property=\"og:type\" content=\"article\" \/>\n<meta property=\"og:title\" content=\"Matt Penn XW-4 | Matt Penn Surfboards | Glassing Monkey\" \/>\n<meta property=\"og:description\" content=\"Surf Shop | Buy Matt Penn XW-4 from Matt Penn Surfboards at the best price in Glassing Monkey Surf Factory | Tablas de surf, Olas Peque\u00f1as\" \/>\n<meta property=\"og:url\" content=\"https:\/\/catalogo.glassingmonkey.com\/es\/tienda\/tablas-de-surf\/matt-penn-xw-4\/\" \/>\n<meta property=\"og:site_name\" content=\"Glassing Monkey\" \/>\n<meta property=\"article:publisher\" content=\"https:\/\/facebook.com\/glassingmonkey\" \/>\n<meta property=\"article:modified_time\" content=\"2024-06-05T10:32:51+00:00\" \/>\n<meta property=\"og:image\" content=\"https:\/\/catalogo.glassingmonkey.com\/wp-content\/uploads\/2022\/05\/glassing-monkey-matt-penn-surfboards-XW-4.png\" \/>\n\t<meta property=\"og:image:width\" content=\"600\" \/>\n\t<meta property=\"og:image:height\" content=\"300\" \/>\n\t<meta property=\"og:image:type\" content=\"image\/png\" \/>\n<meta name=\"twitter:card\" content=\"summary_large_image\" \/>\n<meta name=\"twitter:label1\" content=\"Availability\" \/>\n\t<meta name=\"twitter:data1\" content=\"In stock\" \/>\n<script type=\"application\/ld+json\" class=\"yoast-schema-graph\">{\"@context\":\"https:\/\/schema.org\",\"@graph\":[{\"@type\":\"WebPage\",\"@id\":\"https:\/\/catalogo.glassingmonkey.com\/es\/tienda\/tablas-de-surf\/matt-penn-xw-4\/\",\"url\":\"https:\/\/catalogo.glassingmonkey.com\/es\/tienda\/tablas-de-surf\/matt-penn-xw-4\/\",\"name\":\"Matt Penn XW-4 | Matt Penn Surfboards | Glassing Monkey\",\"isPartOf\":{\"@id\":\"https:\/\/catalogo.glassingmonkey.com\/es\/#website\"},\"primaryImageOfPage\":{\"@id\":\"https:\/\/catalogo.glassingmonkey.com\/es\/tienda\/tablas-de-surf\/matt-penn-xw-4\/#primaryimage\"},\"image\":{\"@id\":\"https:\/\/catalogo.glassingmonkey.com\/es\/tienda\/tablas-de-surf\/matt-penn-xw-4\/#primaryimage\"},\"thumbnailUrl\":\"https:\/\/catalogo.glassingmonkey.com\/wp-content\/uploads\/2022\/05\/matt-penn-surfboards-XW-4.png\",\"datePublished\":\"2022-05-25T14:10:46+00:00\",\"dateModified\":\"2024-06-05T10:32:51+00:00\",\"description\":\"Surf Shop | Buy Matt Penn XW-4 from Matt Penn Surfboards at the best price in Glassing Monkey Surf Factory | Tablas de surf, Olas Peque\u00f1as\",\"breadcrumb\":{\"@id\":\"https:\/\/catalogo.glassingmonkey.com\/es\/tienda\/tablas-de-surf\/matt-penn-xw-4\/#breadcrumb\"},\"inLanguage\":\"es\",\"potentialAction\":[{\"@type\":\"ReadAction\",\"target\":[\"https:\/\/catalogo.glassingmonkey.com\/es\/tienda\/tablas-de-surf\/matt-penn-xw-4\/\"]}]},{\"@type\":\"ImageObject\",\"inLanguage\":\"es\",\"@id\":\"https:\/\/catalogo.glassingmonkey.com\/es\/tienda\/tablas-de-surf\/matt-penn-xw-4\/#primaryimage\",\"url\":\"https:\/\/catalogo.glassingmonkey.com\/wp-content\/uploads\/2022\/05\/matt-penn-surfboards-XW-4.png\",\"contentUrl\":\"https:\/\/catalogo.glassingmonkey.com\/wp-content\/uploads\/2022\/05\/matt-penn-surfboards-XW-4.png\",\"width\":600,\"height\":750},{\"@type\":\"BreadcrumbList\",\"@id\":\"https:\/\/catalogo.glassingmonkey.com\/es\/tienda\/tablas-de-surf\/matt-penn-xw-4\/#breadcrumb\",\"itemListElement\":[{\"@type\":\"ListItem\",\"position\":1,\"name\":\"Home\",\"item\":\"https:\/\/catalogo.glassingmonkey.com\/es\/\"},{\"@type\":\"ListItem\",\"position\":2,\"name\":\"Productos\"},{\"@type\":\"ListItem\",\"position\":3,\"name\":\"Matt Penn XW-4\"}]},{\"@type\":\"WebSite\",\"@id\":\"https:\/\/catalogo.glassingmonkey.com\/es\/#website\",\"url\":\"https:\/\/catalogo.glassingmonkey.com\/es\/\",\"name\":\"Glassing Monkey\",\"description\":\"Surf Shop - Surf Outlet Store\",\"publisher\":{\"@id\":\"https:\/\/catalogo.glassingmonkey.com\/es\/#organization\"},\"potentialAction\":[{\"@type\":\"SearchAction\",\"target\":{\"@type\":\"EntryPoint\",\"urlTemplate\":\"https:\/\/catalogo.glassingmonkey.com\/es\/?s={search_term_string}\"},\"query-input\":{\"@type\":\"PropertyValueSpecification\",\"valueRequired\":true,\"valueName\":\"search_term_string\"}}],\"inLanguage\":\"es\"},{\"@type\":\"Organization\",\"@id\":\"https:\/\/catalogo.glassingmonkey.com\/es\/#organization\",\"name\":\"Glassing Monkey\",\"url\":\"https:\/\/catalogo.glassingmonkey.com\/es\/\",\"logo\":{\"@type\":\"ImageObject\",\"inLanguage\":\"es\",\"@id\":\"https:\/\/catalogo.glassingmonkey.com\/es\/#\/schema\/logo\/image\/\",\"url\":\"https:\/\/glassingmonkey.com\/wp-content\/uploads\/2022\/02\/cropped-favicon.png\",\"contentUrl\":\"https:\/\/glassingmonkey.com\/wp-content\/uploads\/2022\/02\/cropped-favicon.png\",\"width\":512,\"height\":512,\"caption\":\"Glassing Monkey\"},\"image\":{\"@id\":\"https:\/\/catalogo.glassingmonkey.com\/es\/#\/schema\/logo\/image\/\"},\"sameAs\":[\"https:\/\/facebook.com\/glassingmonkey\"]}]}<\/script>\n<meta property=\"product:brand\" content=\"Matt Penn Surfboards\" \/>\n<meta property=\"og:availability\" content=\"instock\" \/>\n<meta property=\"product:availability\" content=\"instock\" \/>\n<meta property=\"product:retailer_item_id\" content=\"0000046\" \/>\n<meta property=\"product:condition\" content=\"new\" \/>\n<!-- \/ Yoast SEO plugin. -->","yoast_head_json":{"title":"Matt Penn XW-4 | Matt Penn Surfboards | Glassing Monkey","description":"Surf Shop | Buy Matt Penn XW-4 from Matt Penn Surfboards at the best price in Glassing Monkey Surf Factory | Tablas de surf, Olas Peque\u00f1as","robots":{"index":"index","follow":"follow","max-snippet":"max-snippet:-1","max-image-preview":"max-image-preview:large","max-video-preview":"max-video-preview:-1"},"canonical":"https:\/\/catalogo.glassingmonkey.com\/es\/tienda\/tablas-de-surf\/matt-penn-xw-4\/","og_locale":"es_ES","og_type":"article","og_title":"Matt Penn XW-4 | Matt Penn Surfboards | Glassing Monkey","og_description":"Surf Shop | Buy Matt Penn XW-4 from Matt Penn Surfboards at the best price in Glassing Monkey Surf Factory | Tablas de surf, Olas Peque\u00f1as","og_url":"https:\/\/catalogo.glassingmonkey.com\/es\/tienda\/tablas-de-surf\/matt-penn-xw-4\/","og_site_name":"Glassing Monkey","article_publisher":"https:\/\/facebook.com\/glassingmonkey","article_modified_time":"2024-06-05T10:32:51+00:00","og_image":[{"width":600,"height":300,"url":"https:\/\/catalogo.glassingmonkey.com\/wp-content\/uploads\/2022\/05\/glassing-monkey-matt-penn-surfboards-XW-4.png","type":"image\/png"}],"twitter_card":"summary_large_image","twitter_misc":{"Availability":"In stock"},"schema":{"@context":"https:\/\/schema.org","@graph":[{"@type":"WebPage","@id":"https:\/\/catalogo.glassingmonkey.com\/es\/tienda\/tablas-de-surf\/matt-penn-xw-4\/","url":"https:\/\/catalogo.glassingmonkey.com\/es\/tienda\/tablas-de-surf\/matt-penn-xw-4\/","name":"Matt Penn XW-4 | Matt Penn Surfboards | Glassing Monkey","isPartOf":{"@id":"https:\/\/catalogo.glassingmonkey.com\/es\/#website"},"primaryImageOfPage":{"@id":"https:\/\/catalogo.glassingmonkey.com\/es\/tienda\/tablas-de-surf\/matt-penn-xw-4\/#primaryimage"},"image":{"@id":"https:\/\/catalogo.glassingmonkey.com\/es\/tienda\/tablas-de-surf\/matt-penn-xw-4\/#primaryimage"},"thumbnailUrl":"https:\/\/catalogo.glassingmonkey.com\/wp-content\/uploads\/2022\/05\/matt-penn-surfboards-XW-4.png","datePublished":"2022-05-25T14:10:46+00:00","dateModified":"2024-06-05T10:32:51+00:00","description":"Surf Shop | Buy Matt Penn XW-4 from Matt Penn Surfboards at the best price in Glassing Monkey Surf Factory | Tablas de surf, Olas Peque\u00f1as","breadcrumb":{"@id":"https:\/\/catalogo.glassingmonkey.com\/es\/tienda\/tablas-de-surf\/matt-penn-xw-4\/#breadcrumb"},"inLanguage":"es","potentialAction":[{"@type":"ReadAction","target":["https:\/\/catalogo.glassingmonkey.com\/es\/tienda\/tablas-de-surf\/matt-penn-xw-4\/"]}]},{"@type":"ImageObject","inLanguage":"es","@id":"https:\/\/catalogo.glassingmonkey.com\/es\/tienda\/tablas-de-surf\/matt-penn-xw-4\/#primaryimage","url":"https:\/\/catalogo.glassingmonkey.com\/wp-content\/uploads\/2022\/05\/matt-penn-surfboards-XW-4.png","contentUrl":"https:\/\/catalogo.glassingmonkey.com\/wp-content\/uploads\/2022\/05\/matt-penn-surfboards-XW-4.png","width":600,"height":750},{"@type":"BreadcrumbList","@id":"https:\/\/catalogo.glassingmonkey.com\/es\/tienda\/tablas-de-surf\/matt-penn-xw-4\/#breadcrumb","itemListElement":[{"@type":"ListItem","position":1,"name":"Home","item":"https:\/\/catalogo.glassingmonkey.com\/es\/"},{"@type":"ListItem","position":2,"name":"Productos"},{"@type":"ListItem","position":3,"name":"Matt Penn XW-4"}]},{"@type":"WebSite","@id":"https:\/\/catalogo.glassingmonkey.com\/es\/#website","url":"https:\/\/catalogo.glassingmonkey.com\/es\/","name":"Glassing Monkey","description":"Surf Shop - Surf Outlet Store","publisher":{"@id":"https:\/\/catalogo.glassingmonkey.com\/es\/#organization"},"potentialAction":[{"@type":"SearchAction","target":{"@type":"EntryPoint","urlTemplate":"https:\/\/catalogo.glassingmonkey.com\/es\/?s={search_term_string}"},"query-input":{"@type":"PropertyValueSpecification","valueRequired":true,"valueName":"search_term_string"}}],"inLanguage":"es"},{"@type":"Organization","@id":"https:\/\/catalogo.glassingmonkey.com\/es\/#organization","name":"Glassing Monkey","url":"https:\/\/catalogo.glassingmonkey.com\/es\/","logo":{"@type":"ImageObject","inLanguage":"es","@id":"https:\/\/catalogo.glassingmonkey.com\/es\/#\/schema\/logo\/image\/","url":"https:\/\/glassingmonkey.com\/wp-content\/uploads\/2022\/02\/cropped-favicon.png","contentUrl":"https:\/\/glassingmonkey.com\/wp-content\/uploads\/2022\/02\/cropped-favicon.png","width":512,"height":512,"caption":"Glassing Monkey"},"image":{"@id":"https:\/\/catalogo.glassingmonkey.com\/es\/#\/schema\/logo\/image\/"},"sameAs":["https:\/\/facebook.com\/glassingmonkey"]}]},"product_brand":"Matt Penn Surfboards","og_availability":"instock","product_availability":"instock","product_retailer_item_id":"0000046","product_condition":"new"},"_links":{"self":[{"href":"https:\/\/catalogo.glassingmonkey.com\/es\/wp-json\/wp\/v2\/product\/13479","targetHints":{"allow":["GET"]}}],"collection":[{"href":"https:\/\/catalogo.glassingmonkey.com\/es\/wp-json\/wp\/v2\/product"}],"about":[{"href":"https:\/\/catalogo.glassingmonkey.com\/es\/wp-json\/wp\/v2\/types\/product"}],"version-history":[{"count":1,"href":"https:\/\/catalogo.glassingmonkey.com\/es\/wp-json\/wp\/v2\/product\/13479\/revisions"}],"predecessor-version":[{"id":15254,"href":"https:\/\/catalogo.glassingmonkey.com\/es\/wp-json\/wp\/v2\/product\/13479\/revisions\/15254"}],"wp:featuredmedia":[{"embeddable":true,"href":"https:\/\/catalogo.glassingmonkey.com\/es\/wp-json\/wp\/v2\/media\/9172"}],"wp:attachment":[{"href":"https:\/\/catalogo.glassingmonkey.com\/es\/wp-json\/wp\/v2\/media?parent=13479"}],"wp:term":[{"taxonomy":"product_brand","embeddable":true,"href":"https:\/\/catalogo.glassingmonkey.com\/es\/wp-json\/wp\/v2\/product_brand?post=13479"},{"taxonomy":"product_cat","embeddable":true,"href":"https:\/\/catalogo.glassingmonkey.com\/es\/wp-json\/wp\/v2\/product_cat?post=13479"},{"taxonomy":"product_tag","embeddable":true,"href":"https:\/\/catalogo.glassingmonkey.com\/es\/wp-json\/wp\/v2\/product_tag?post=13479"}],"curies":[{"name":"wp","href":"https:\/\/api.w.org\/{rel}","templated":true}]}}