{"id":13477,"date":"2022-05-25T14:06:21","date_gmt":"2022-05-25T14:06:21","guid":{"rendered":"https:\/\/glassingmonkey.com\/shop\/sin%20categor\u00eda\/matt-penn-r-wing\/"},"modified":"2024-06-05T10:33:23","modified_gmt":"2024-06-05T10:33:23","slug":"matt-penn-r-wing","status":"publish","type":"product","link":"https:\/\/catalogo.glassingmonkey.com\/es\/tienda\/especiales\/matt-penn-r-wing\/","title":{"rendered":"Matt Penn R-Wing"},"content":{"rendered":"<p>La \u00faltima tabla de alto rendimiento de PENN va en una direcci\u00f3n diferente a la de los modelos anteriores, centr\u00e1ndose en un mayor impulso del ra\u00edl y en el perd\u00f3n en comparaci\u00f3n con la RPM-X. Al enderezar las l\u00edneas del carril del balanc\u00edn a trav\u00e9s de la cola combinada con una combinaci\u00f3n de doble c\u00f3ncavo que mejora el equilibrio entre el impulso en tu giro y la recuperaci\u00f3n en la preparaci\u00f3n de tu siguiente maniobra.<\/p>\n","protected":false},"excerpt":{"rendered":"<p>Si realmente quieres trabajar en tu juego de ra\u00edl, pero todav\u00eda quieres lanzar la cola de vez en cuando, entonces \u00e9sta es la tabla que has estado buscando. Una gran tabla corta para cualquier surfista fuerte que sienta que domina una tabla que est\u00e1 dise\u00f1ada para sentirse en el lado m\u00e1s suelto de las cosas<\/p>\n","protected":false},"featured_media":9127,"template":"","meta":{"_joinchat":[]},"product_brand":[1495],"product_cat":[1430,269],"product_tag":[1783],"class_list":{"0":"post-13477","1":"product","2":"type-product","3":"status-publish","4":"has-post-thumbnail","6":"product_brand-matt-penn-surfboards-es","7":"product_cat-especiales","8":"product_cat-tablas-de-surf","9":"product_tag-conceptos-de-verano","10":"pa_length-71","11":"pa_length-91","12":"pa_length-70","13":"pa_length-63","14":"pa_length-94","15":"pa_length-768","16":"pa_length-189","17":"pa_length-100","18":"pa_length-97","19":"pa_length-138","20":"pa_length-136","21":"pa_model-r-wing","22":"pa_shaper-matt-penn-surfboards","23":"pa_thickness-2-1-2-es","24":"pa_thickness-2-1-4-es","25":"pa_thickness-2-3-16-es","26":"pa_thickness-2-3-4-es","27":"pa_thickness-2-3-8-es","28":"pa_thickness-2-5-16-es","29":"pa_thickness-2-5-8-es","30":"pa_thickness-2-7-16-es","31":"pa_thickness-2-7-8-es","32":"pa_thickness-2-9-16-es","33":"pa_volume-24-20-l","34":"pa_volume-2540-l","35":"pa_volume-2660-l","36":"pa_volume-2779-l","37":"pa_volume-2910-l","38":"pa_volume-2990-l","39":"pa_volume-31-l","40":"pa_volume-3230-l","41":"pa_volume-33-9-l","42":"pa_volume-3660-l","43":"pa_volume-39-20-l","44":"pa_width-18-3-4-es","45":"pa_width-18-7-8-es","46":"pa_width-18-1-2-es-2","47":"pa_width-19-1-2-es","48":"pa_width-19-1-4-es","49":"pa_width-19-1-8-es","50":"pa_width-19-3-4-es","51":"pa_width-19-5-8-es","52":"pa_width-19-es","53":"pa_width-20-es","55":"first","56":"instock","57":"sale","58":"shipping-taxable","59":"purchasable","60":"product-type-variable"},"yoast_head":"<!-- This site is optimized with the Yoast SEO plugin v26.5 - https:\/\/yoast.com\/wordpress\/plugins\/seo\/ -->\n<title>Matt Penn R-Wing | Matt Penn Surfboards | Glassing Monkey<\/title>\n<meta name=\"description\" content=\"Surf Shop | Buy Matt Penn R-Wing from Matt Penn Surfboards at the best price in Glassing Monkey Surf Factory | Especiales, Tablas de surf\" \/>\n<meta name=\"robots\" content=\"index, follow, max-snippet:-1, max-image-preview:large, max-video-preview:-1\" \/>\n<link rel=\"canonical\" href=\"https:\/\/catalogo.glassingmonkey.com\/es\/tienda\/especiales\/matt-penn-r-wing\/\" \/>\n<meta property=\"og:locale\" content=\"es_ES\" \/>\n<meta property=\"og:type\" content=\"article\" \/>\n<meta property=\"og:title\" content=\"Matt Penn R-Wing | Matt Penn Surfboards | Glassing Monkey\" \/>\n<meta property=\"og:description\" content=\"Surf Shop | Buy Matt Penn R-Wing from Matt Penn Surfboards at the best price in Glassing Monkey Surf Factory | Especiales, Tablas de surf\" \/>\n<meta property=\"og:url\" content=\"https:\/\/catalogo.glassingmonkey.com\/es\/tienda\/especiales\/matt-penn-r-wing\/\" \/>\n<meta property=\"og:site_name\" content=\"Glassing Monkey\" \/>\n<meta property=\"article:publisher\" content=\"https:\/\/facebook.com\/glassingmonkey\" \/>\n<meta property=\"article:modified_time\" content=\"2024-06-05T10:33:23+00:00\" \/>\n<meta property=\"og:image\" content=\"https:\/\/catalogo.glassingmonkey.com\/wp-content\/uploads\/2022\/05\/glassing-monkey-matt-penn-surfboards-r-wing.png\" \/>\n\t<meta property=\"og:image:width\" content=\"600\" \/>\n\t<meta property=\"og:image:height\" content=\"300\" \/>\n\t<meta property=\"og:image:type\" content=\"image\/png\" \/>\n<meta name=\"twitter:card\" content=\"summary_large_image\" \/>\n<meta name=\"twitter:label1\" content=\"Availability\" \/>\n\t<meta name=\"twitter:data1\" content=\"In stock\" \/>\n<script type=\"application\/ld+json\" class=\"yoast-schema-graph\">{\"@context\":\"https:\/\/schema.org\",\"@graph\":[{\"@type\":\"WebPage\",\"@id\":\"https:\/\/catalogo.glassingmonkey.com\/es\/tienda\/especiales\/matt-penn-r-wing\/\",\"url\":\"https:\/\/catalogo.glassingmonkey.com\/es\/tienda\/especiales\/matt-penn-r-wing\/\",\"name\":\"Matt Penn R-Wing | Matt Penn Surfboards | Glassing Monkey\",\"isPartOf\":{\"@id\":\"https:\/\/catalogo.glassingmonkey.com\/es\/#website\"},\"primaryImageOfPage\":{\"@id\":\"https:\/\/catalogo.glassingmonkey.com\/es\/tienda\/especiales\/matt-penn-r-wing\/#primaryimage\"},\"image\":{\"@id\":\"https:\/\/catalogo.glassingmonkey.com\/es\/tienda\/especiales\/matt-penn-r-wing\/#primaryimage\"},\"thumbnailUrl\":\"https:\/\/catalogo.glassingmonkey.com\/wp-content\/uploads\/2022\/05\/matt-penn-surfboards-r-wing.png\",\"datePublished\":\"2022-05-25T14:06:21+00:00\",\"dateModified\":\"2024-06-05T10:33:23+00:00\",\"description\":\"Surf Shop | Buy Matt Penn R-Wing from Matt Penn Surfboards at the best price in Glassing Monkey Surf Factory | Especiales, Tablas de surf\",\"breadcrumb\":{\"@id\":\"https:\/\/catalogo.glassingmonkey.com\/es\/tienda\/especiales\/matt-penn-r-wing\/#breadcrumb\"},\"inLanguage\":\"es\",\"potentialAction\":[{\"@type\":\"ReadAction\",\"target\":[\"https:\/\/catalogo.glassingmonkey.com\/es\/tienda\/especiales\/matt-penn-r-wing\/\"]}]},{\"@type\":\"ImageObject\",\"inLanguage\":\"es\",\"@id\":\"https:\/\/catalogo.glassingmonkey.com\/es\/tienda\/especiales\/matt-penn-r-wing\/#primaryimage\",\"url\":\"https:\/\/catalogo.glassingmonkey.com\/wp-content\/uploads\/2022\/05\/matt-penn-surfboards-r-wing.png\",\"contentUrl\":\"https:\/\/catalogo.glassingmonkey.com\/wp-content\/uploads\/2022\/05\/matt-penn-surfboards-r-wing.png\",\"width\":600,\"height\":750},{\"@type\":\"BreadcrumbList\",\"@id\":\"https:\/\/catalogo.glassingmonkey.com\/es\/tienda\/especiales\/matt-penn-r-wing\/#breadcrumb\",\"itemListElement\":[{\"@type\":\"ListItem\",\"position\":1,\"name\":\"Home\",\"item\":\"https:\/\/catalogo.glassingmonkey.com\/es\/\"},{\"@type\":\"ListItem\",\"position\":2,\"name\":\"Productos\"},{\"@type\":\"ListItem\",\"position\":3,\"name\":\"Matt Penn R-Wing\"}]},{\"@type\":\"WebSite\",\"@id\":\"https:\/\/catalogo.glassingmonkey.com\/es\/#website\",\"url\":\"https:\/\/catalogo.glassingmonkey.com\/es\/\",\"name\":\"Glassing Monkey\",\"description\":\"Surf Shop - Surf Outlet Store\",\"publisher\":{\"@id\":\"https:\/\/catalogo.glassingmonkey.com\/es\/#organization\"},\"potentialAction\":[{\"@type\":\"SearchAction\",\"target\":{\"@type\":\"EntryPoint\",\"urlTemplate\":\"https:\/\/catalogo.glassingmonkey.com\/es\/?s={search_term_string}\"},\"query-input\":{\"@type\":\"PropertyValueSpecification\",\"valueRequired\":true,\"valueName\":\"search_term_string\"}}],\"inLanguage\":\"es\"},{\"@type\":\"Organization\",\"@id\":\"https:\/\/catalogo.glassingmonkey.com\/es\/#organization\",\"name\":\"Glassing Monkey\",\"url\":\"https:\/\/catalogo.glassingmonkey.com\/es\/\",\"logo\":{\"@type\":\"ImageObject\",\"inLanguage\":\"es\",\"@id\":\"https:\/\/catalogo.glassingmonkey.com\/es\/#\/schema\/logo\/image\/\",\"url\":\"https:\/\/glassingmonkey.com\/wp-content\/uploads\/2022\/02\/cropped-favicon.png\",\"contentUrl\":\"https:\/\/glassingmonkey.com\/wp-content\/uploads\/2022\/02\/cropped-favicon.png\",\"width\":512,\"height\":512,\"caption\":\"Glassing Monkey\"},\"image\":{\"@id\":\"https:\/\/catalogo.glassingmonkey.com\/es\/#\/schema\/logo\/image\/\"},\"sameAs\":[\"https:\/\/facebook.com\/glassingmonkey\"]}]}<\/script>\n<meta property=\"product:brand\" content=\"Matt Penn Surfboards\" \/>\n<meta property=\"og:availability\" content=\"instock\" \/>\n<meta property=\"product:availability\" content=\"instock\" \/>\n<meta property=\"product:retailer_item_id\" content=\"0000045\" \/>\n<meta property=\"product:condition\" content=\"new\" \/>\n<!-- \/ Yoast SEO plugin. -->","yoast_head_json":{"title":"Matt Penn R-Wing | Matt Penn Surfboards | Glassing Monkey","description":"Surf Shop | Buy Matt Penn R-Wing from Matt Penn Surfboards at the best price in Glassing Monkey Surf Factory | Especiales, Tablas de surf","robots":{"index":"index","follow":"follow","max-snippet":"max-snippet:-1","max-image-preview":"max-image-preview:large","max-video-preview":"max-video-preview:-1"},"canonical":"https:\/\/catalogo.glassingmonkey.com\/es\/tienda\/especiales\/matt-penn-r-wing\/","og_locale":"es_ES","og_type":"article","og_title":"Matt Penn R-Wing | Matt Penn Surfboards | Glassing Monkey","og_description":"Surf Shop | Buy Matt Penn R-Wing from Matt Penn Surfboards at the best price in Glassing Monkey Surf Factory | Especiales, Tablas de surf","og_url":"https:\/\/catalogo.glassingmonkey.com\/es\/tienda\/especiales\/matt-penn-r-wing\/","og_site_name":"Glassing Monkey","article_publisher":"https:\/\/facebook.com\/glassingmonkey","article_modified_time":"2024-06-05T10:33:23+00:00","og_image":[{"width":600,"height":300,"url":"https:\/\/catalogo.glassingmonkey.com\/wp-content\/uploads\/2022\/05\/glassing-monkey-matt-penn-surfboards-r-wing.png","type":"image\/png"}],"twitter_card":"summary_large_image","twitter_misc":{"Availability":"In stock"},"schema":{"@context":"https:\/\/schema.org","@graph":[{"@type":"WebPage","@id":"https:\/\/catalogo.glassingmonkey.com\/es\/tienda\/especiales\/matt-penn-r-wing\/","url":"https:\/\/catalogo.glassingmonkey.com\/es\/tienda\/especiales\/matt-penn-r-wing\/","name":"Matt Penn R-Wing | Matt Penn Surfboards | Glassing Monkey","isPartOf":{"@id":"https:\/\/catalogo.glassingmonkey.com\/es\/#website"},"primaryImageOfPage":{"@id":"https:\/\/catalogo.glassingmonkey.com\/es\/tienda\/especiales\/matt-penn-r-wing\/#primaryimage"},"image":{"@id":"https:\/\/catalogo.glassingmonkey.com\/es\/tienda\/especiales\/matt-penn-r-wing\/#primaryimage"},"thumbnailUrl":"https:\/\/catalogo.glassingmonkey.com\/wp-content\/uploads\/2022\/05\/matt-penn-surfboards-r-wing.png","datePublished":"2022-05-25T14:06:21+00:00","dateModified":"2024-06-05T10:33:23+00:00","description":"Surf Shop | Buy Matt Penn R-Wing from Matt Penn Surfboards at the best price in Glassing Monkey Surf Factory | Especiales, Tablas de surf","breadcrumb":{"@id":"https:\/\/catalogo.glassingmonkey.com\/es\/tienda\/especiales\/matt-penn-r-wing\/#breadcrumb"},"inLanguage":"es","potentialAction":[{"@type":"ReadAction","target":["https:\/\/catalogo.glassingmonkey.com\/es\/tienda\/especiales\/matt-penn-r-wing\/"]}]},{"@type":"ImageObject","inLanguage":"es","@id":"https:\/\/catalogo.glassingmonkey.com\/es\/tienda\/especiales\/matt-penn-r-wing\/#primaryimage","url":"https:\/\/catalogo.glassingmonkey.com\/wp-content\/uploads\/2022\/05\/matt-penn-surfboards-r-wing.png","contentUrl":"https:\/\/catalogo.glassingmonkey.com\/wp-content\/uploads\/2022\/05\/matt-penn-surfboards-r-wing.png","width":600,"height":750},{"@type":"BreadcrumbList","@id":"https:\/\/catalogo.glassingmonkey.com\/es\/tienda\/especiales\/matt-penn-r-wing\/#breadcrumb","itemListElement":[{"@type":"ListItem","position":1,"name":"Home","item":"https:\/\/catalogo.glassingmonkey.com\/es\/"},{"@type":"ListItem","position":2,"name":"Productos"},{"@type":"ListItem","position":3,"name":"Matt Penn R-Wing"}]},{"@type":"WebSite","@id":"https:\/\/catalogo.glassingmonkey.com\/es\/#website","url":"https:\/\/catalogo.glassingmonkey.com\/es\/","name":"Glassing Monkey","description":"Surf Shop - Surf Outlet Store","publisher":{"@id":"https:\/\/catalogo.glassingmonkey.com\/es\/#organization"},"potentialAction":[{"@type":"SearchAction","target":{"@type":"EntryPoint","urlTemplate":"https:\/\/catalogo.glassingmonkey.com\/es\/?s={search_term_string}"},"query-input":{"@type":"PropertyValueSpecification","valueRequired":true,"valueName":"search_term_string"}}],"inLanguage":"es"},{"@type":"Organization","@id":"https:\/\/catalogo.glassingmonkey.com\/es\/#organization","name":"Glassing Monkey","url":"https:\/\/catalogo.glassingmonkey.com\/es\/","logo":{"@type":"ImageObject","inLanguage":"es","@id":"https:\/\/catalogo.glassingmonkey.com\/es\/#\/schema\/logo\/image\/","url":"https:\/\/glassingmonkey.com\/wp-content\/uploads\/2022\/02\/cropped-favicon.png","contentUrl":"https:\/\/glassingmonkey.com\/wp-content\/uploads\/2022\/02\/cropped-favicon.png","width":512,"height":512,"caption":"Glassing Monkey"},"image":{"@id":"https:\/\/catalogo.glassingmonkey.com\/es\/#\/schema\/logo\/image\/"},"sameAs":["https:\/\/facebook.com\/glassingmonkey"]}]},"product_brand":"Matt Penn Surfboards","og_availability":"instock","product_availability":"instock","product_retailer_item_id":"0000045","product_condition":"new"},"_links":{"self":[{"href":"https:\/\/catalogo.glassingmonkey.com\/es\/wp-json\/wp\/v2\/product\/13477","targetHints":{"allow":["GET"]}}],"collection":[{"href":"https:\/\/catalogo.glassingmonkey.com\/es\/wp-json\/wp\/v2\/product"}],"about":[{"href":"https:\/\/catalogo.glassingmonkey.com\/es\/wp-json\/wp\/v2\/types\/product"}],"version-history":[{"count":1,"href":"https:\/\/catalogo.glassingmonkey.com\/es\/wp-json\/wp\/v2\/product\/13477\/revisions"}],"predecessor-version":[{"id":15057,"href":"https:\/\/catalogo.glassingmonkey.com\/es\/wp-json\/wp\/v2\/product\/13477\/revisions\/15057"}],"wp:featuredmedia":[{"embeddable":true,"href":"https:\/\/catalogo.glassingmonkey.com\/es\/wp-json\/wp\/v2\/media\/9127"}],"wp:attachment":[{"href":"https:\/\/catalogo.glassingmonkey.com\/es\/wp-json\/wp\/v2\/media?parent=13477"}],"wp:term":[{"taxonomy":"product_brand","embeddable":true,"href":"https:\/\/catalogo.glassingmonkey.com\/es\/wp-json\/wp\/v2\/product_brand?post=13477"},{"taxonomy":"product_cat","embeddable":true,"href":"https:\/\/catalogo.glassingmonkey.com\/es\/wp-json\/wp\/v2\/product_cat?post=13477"},{"taxonomy":"product_tag","embeddable":true,"href":"https:\/\/catalogo.glassingmonkey.com\/es\/wp-json\/wp\/v2\/product_tag?post=13477"}],"curies":[{"name":"wp","href":"https:\/\/api.w.org\/{rel}","templated":true}]}}