{"id":13472,"date":"2022-05-25T09:34:32","date_gmt":"2022-05-25T09:34:32","guid":{"rendered":"https:\/\/glassingmonkey.com\/shop\/sin%20categor\u00eda\/emery-haz-corto\/"},"modified":"2024-06-06T10:04:38","modified_gmt":"2024-06-06T10:04:38","slug":"emery-haz-short","status":"publish","type":"product","link":"https:\/\/catalogo.glassingmonkey.com\/es\/tienda\/alto-rendimiento\/emery-haz-short\/","title":{"rendered":"Emery Haz Short"},"content":{"rendered":"<p>A Haz le encantan con cola de golondrina, a\u00f1\u00e1dele esto con su gran c\u00f3ncavo profundo de simple a doble bajo los pies y \u00a1te dar\u00e1 la velocidad y la potencia para volar! A Haz le encanta<\/p>\n<p>Caracter\u00edsticas<br \/>\n&#8211; Deck enrollado para colocar m\u00e1s foam para la flotaci\u00f3n en el centro<br \/>\n&#8211; Perfil m\u00e1s recto gracias a la cadera para darle velocidad<br \/>\n&#8211; Grandes c\u00f3ncavos profundos para sujetar y dar el m\u00e1ximo impulso y empuje<br \/>\n&#8211; La cola de golondrina con una configuraci\u00f3n de cu\u00e1driceps puede funcionar de maravilla para liberarte de la parte superior<\/p>\n","protected":false},"excerpt":{"rendered":"<p>Una tabla de surf de rendimiento moderno con una cadera en su contorno en la cola junto con unos ra\u00edles de medios a bajos le dan control y velocidad en tus cambios de direcci\u00f3n.<\/p>\n","protected":false},"featured_media":9613,"template":"","meta":{"_joinchat":[]},"product_brand":[1494],"product_cat":[1253,269,1831],"product_tag":[1769],"class_list":{"0":"post-13472","1":"product","2":"type-product","3":"status-publish","4":"has-post-thumbnail","6":"product_brand-emery-surfboards-es","7":"product_cat-alto-rendimiento","8":"product_cat-tablas-de-surf","9":"product_cat-high-performance-2","10":"product_tag-coleccion-haz","11":"pa_length-71","12":"pa_length-91","13":"pa_length-152","14":"pa_length-70","15":"pa_length-63","16":"pa_length-94","17":"pa_length-768","18":"pa_length-189","19":"pa_length-100","20":"pa_model-haz-corto","21":"pa_shaper-emery-surfboards","22":"pa_thickness-1-7-8-es","23":"pa_thickness-2-1-16-es","24":"pa_thickness-2-1-18-es","25":"pa_thickness-2-1-2-es","26":"pa_thickness-2-1-4-es","27":"pa_thickness-2-3-8-es","28":"pa_thickness-2-5-8-es","29":"pa_volume-1990-l","30":"pa_volume-2330-l-es","31":"pa_volume-2440-l","32":"pa_volume-2646-l","33":"pa_volume-29l","34":"pa_volume-3130-l","35":"pa_volume-3210-l","36":"pa_volume-3420-l","37":"pa_volume-3520-l","38":"pa_width-17-7-8-es","39":"pa_width-18-1-4-es","40":"pa_width-18-3-4-es","41":"pa_width-18-1-2-es-2","42":"pa_width-19-1-2-es","43":"pa_width-19-1-4-es","44":"pa_width-19-3-4-es","45":"pa_width-19-es","46":"pa_width-20-es","48":"first","49":"instock","50":"sale","51":"shipping-taxable","52":"purchasable","53":"product-type-variable"},"yoast_head":"<!-- This site is optimized with the Yoast SEO plugin v26.5 - https:\/\/yoast.com\/wordpress\/plugins\/seo\/ -->\n<title>Emery Haz Short | Emery Surfboards | Glassing Monkey<\/title>\n<meta name=\"description\" content=\"Surf Shop | Buy Emery Haz Short from Emery Surfboards at the best price in Glassing Monkey Surf Factory | Alto rendimiento, Tablas de surf, High Performance\" \/>\n<meta name=\"robots\" content=\"index, follow, max-snippet:-1, max-image-preview:large, max-video-preview:-1\" \/>\n<link rel=\"canonical\" href=\"https:\/\/catalogo.glassingmonkey.com\/es\/tienda\/alto-rendimiento\/emery-haz-short\/\" \/>\n<meta property=\"og:locale\" content=\"es_ES\" \/>\n<meta property=\"og:type\" content=\"article\" \/>\n<meta property=\"og:title\" content=\"Emery Haz Short | Emery Surfboards | Glassing Monkey\" \/>\n<meta property=\"og:description\" content=\"Surf Shop | Buy Emery Haz Short from Emery Surfboards at the best price in Glassing Monkey Surf Factory | Alto rendimiento, Tablas de surf, High Performance\" \/>\n<meta property=\"og:url\" content=\"https:\/\/catalogo.glassingmonkey.com\/es\/tienda\/alto-rendimiento\/emery-haz-short\/\" \/>\n<meta property=\"og:site_name\" content=\"Glassing Monkey\" \/>\n<meta property=\"article:publisher\" content=\"https:\/\/facebook.com\/glassingmonkey\" \/>\n<meta property=\"article:modified_time\" content=\"2024-06-06T10:04:38+00:00\" \/>\n<meta property=\"og:image\" content=\"https:\/\/catalogo.glassingmonkey.com\/wp-content\/uploads\/2022\/05\/glassing-monkey-emery-surfboards-haz-collection-haz-short.png\" \/>\n\t<meta property=\"og:image:width\" content=\"600\" \/>\n\t<meta property=\"og:image:height\" content=\"300\" \/>\n\t<meta property=\"og:image:type\" content=\"image\/png\" \/>\n<meta name=\"twitter:card\" content=\"summary_large_image\" \/>\n<meta name=\"twitter:label1\" content=\"Availability\" \/>\n\t<meta name=\"twitter:data1\" content=\"In stock\" \/>\n<script type=\"application\/ld+json\" class=\"yoast-schema-graph\">{\"@context\":\"https:\/\/schema.org\",\"@graph\":[{\"@type\":\"WebPage\",\"@id\":\"https:\/\/catalogo.glassingmonkey.com\/es\/tienda\/alto-rendimiento\/emery-haz-short\/\",\"url\":\"https:\/\/catalogo.glassingmonkey.com\/es\/tienda\/alto-rendimiento\/emery-haz-short\/\",\"name\":\"Emery Haz Short | Emery Surfboards | Glassing Monkey\",\"isPartOf\":{\"@id\":\"https:\/\/catalogo.glassingmonkey.com\/es\/#website\"},\"primaryImageOfPage\":{\"@id\":\"https:\/\/catalogo.glassingmonkey.com\/es\/tienda\/alto-rendimiento\/emery-haz-short\/#primaryimage\"},\"image\":{\"@id\":\"https:\/\/catalogo.glassingmonkey.com\/es\/tienda\/alto-rendimiento\/emery-haz-short\/#primaryimage\"},\"thumbnailUrl\":\"https:\/\/catalogo.glassingmonkey.com\/wp-content\/uploads\/2022\/05\/emery-surfboards-haz-collection-haz-short.png\",\"datePublished\":\"2022-05-25T09:34:32+00:00\",\"dateModified\":\"2024-06-06T10:04:38+00:00\",\"description\":\"Surf Shop | Buy Emery Haz Short from Emery Surfboards at the best price in Glassing Monkey Surf Factory | Alto rendimiento, Tablas de surf, High Performance\",\"breadcrumb\":{\"@id\":\"https:\/\/catalogo.glassingmonkey.com\/es\/tienda\/alto-rendimiento\/emery-haz-short\/#breadcrumb\"},\"inLanguage\":\"es\",\"potentialAction\":[{\"@type\":\"ReadAction\",\"target\":[\"https:\/\/catalogo.glassingmonkey.com\/es\/tienda\/alto-rendimiento\/emery-haz-short\/\"]}]},{\"@type\":\"ImageObject\",\"inLanguage\":\"es\",\"@id\":\"https:\/\/catalogo.glassingmonkey.com\/es\/tienda\/alto-rendimiento\/emery-haz-short\/#primaryimage\",\"url\":\"https:\/\/catalogo.glassingmonkey.com\/wp-content\/uploads\/2022\/05\/emery-surfboards-haz-collection-haz-short.png\",\"contentUrl\":\"https:\/\/catalogo.glassingmonkey.com\/wp-content\/uploads\/2022\/05\/emery-surfboards-haz-collection-haz-short.png\",\"width\":600,\"height\":750},{\"@type\":\"BreadcrumbList\",\"@id\":\"https:\/\/catalogo.glassingmonkey.com\/es\/tienda\/alto-rendimiento\/emery-haz-short\/#breadcrumb\",\"itemListElement\":[{\"@type\":\"ListItem\",\"position\":1,\"name\":\"Home\",\"item\":\"https:\/\/catalogo.glassingmonkey.com\/es\/\"},{\"@type\":\"ListItem\",\"position\":2,\"name\":\"Productos\"},{\"@type\":\"ListItem\",\"position\":3,\"name\":\"Emery Haz Short\"}]},{\"@type\":\"WebSite\",\"@id\":\"https:\/\/catalogo.glassingmonkey.com\/es\/#website\",\"url\":\"https:\/\/catalogo.glassingmonkey.com\/es\/\",\"name\":\"Glassing Monkey\",\"description\":\"Surf Shop - Surf Outlet Store\",\"publisher\":{\"@id\":\"https:\/\/catalogo.glassingmonkey.com\/es\/#organization\"},\"potentialAction\":[{\"@type\":\"SearchAction\",\"target\":{\"@type\":\"EntryPoint\",\"urlTemplate\":\"https:\/\/catalogo.glassingmonkey.com\/es\/?s={search_term_string}\"},\"query-input\":{\"@type\":\"PropertyValueSpecification\",\"valueRequired\":true,\"valueName\":\"search_term_string\"}}],\"inLanguage\":\"es\"},{\"@type\":\"Organization\",\"@id\":\"https:\/\/catalogo.glassingmonkey.com\/es\/#organization\",\"name\":\"Glassing Monkey\",\"url\":\"https:\/\/catalogo.glassingmonkey.com\/es\/\",\"logo\":{\"@type\":\"ImageObject\",\"inLanguage\":\"es\",\"@id\":\"https:\/\/catalogo.glassingmonkey.com\/es\/#\/schema\/logo\/image\/\",\"url\":\"https:\/\/glassingmonkey.com\/wp-content\/uploads\/2022\/02\/cropped-favicon.png\",\"contentUrl\":\"https:\/\/glassingmonkey.com\/wp-content\/uploads\/2022\/02\/cropped-favicon.png\",\"width\":512,\"height\":512,\"caption\":\"Glassing Monkey\"},\"image\":{\"@id\":\"https:\/\/catalogo.glassingmonkey.com\/es\/#\/schema\/logo\/image\/\"},\"sameAs\":[\"https:\/\/facebook.com\/glassingmonkey\"]}]}<\/script>\n<meta property=\"product:brand\" content=\"Emery Surfboards\" \/>\n<meta property=\"og:availability\" content=\"instock\" \/>\n<meta property=\"product:availability\" content=\"instock\" \/>\n<meta property=\"product:retailer_item_id\" content=\"0000026\" \/>\n<meta property=\"product:condition\" content=\"new\" \/>\n<!-- \/ Yoast SEO plugin. -->","yoast_head_json":{"title":"Emery Haz Short | Emery Surfboards | Glassing Monkey","description":"Surf Shop | Buy Emery Haz Short from Emery Surfboards at the best price in Glassing Monkey Surf Factory | Alto rendimiento, Tablas de surf, High Performance","robots":{"index":"index","follow":"follow","max-snippet":"max-snippet:-1","max-image-preview":"max-image-preview:large","max-video-preview":"max-video-preview:-1"},"canonical":"https:\/\/catalogo.glassingmonkey.com\/es\/tienda\/alto-rendimiento\/emery-haz-short\/","og_locale":"es_ES","og_type":"article","og_title":"Emery Haz Short | Emery Surfboards | Glassing Monkey","og_description":"Surf Shop | Buy Emery Haz Short from Emery Surfboards at the best price in Glassing Monkey Surf Factory | Alto rendimiento, Tablas de surf, High Performance","og_url":"https:\/\/catalogo.glassingmonkey.com\/es\/tienda\/alto-rendimiento\/emery-haz-short\/","og_site_name":"Glassing Monkey","article_publisher":"https:\/\/facebook.com\/glassingmonkey","article_modified_time":"2024-06-06T10:04:38+00:00","og_image":[{"width":600,"height":300,"url":"https:\/\/catalogo.glassingmonkey.com\/wp-content\/uploads\/2022\/05\/glassing-monkey-emery-surfboards-haz-collection-haz-short.png","type":"image\/png"}],"twitter_card":"summary_large_image","twitter_misc":{"Availability":"In stock"},"schema":{"@context":"https:\/\/schema.org","@graph":[{"@type":"WebPage","@id":"https:\/\/catalogo.glassingmonkey.com\/es\/tienda\/alto-rendimiento\/emery-haz-short\/","url":"https:\/\/catalogo.glassingmonkey.com\/es\/tienda\/alto-rendimiento\/emery-haz-short\/","name":"Emery Haz Short | Emery Surfboards | Glassing Monkey","isPartOf":{"@id":"https:\/\/catalogo.glassingmonkey.com\/es\/#website"},"primaryImageOfPage":{"@id":"https:\/\/catalogo.glassingmonkey.com\/es\/tienda\/alto-rendimiento\/emery-haz-short\/#primaryimage"},"image":{"@id":"https:\/\/catalogo.glassingmonkey.com\/es\/tienda\/alto-rendimiento\/emery-haz-short\/#primaryimage"},"thumbnailUrl":"https:\/\/catalogo.glassingmonkey.com\/wp-content\/uploads\/2022\/05\/emery-surfboards-haz-collection-haz-short.png","datePublished":"2022-05-25T09:34:32+00:00","dateModified":"2024-06-06T10:04:38+00:00","description":"Surf Shop | Buy Emery Haz Short from Emery Surfboards at the best price in Glassing Monkey Surf Factory | Alto rendimiento, Tablas de surf, High Performance","breadcrumb":{"@id":"https:\/\/catalogo.glassingmonkey.com\/es\/tienda\/alto-rendimiento\/emery-haz-short\/#breadcrumb"},"inLanguage":"es","potentialAction":[{"@type":"ReadAction","target":["https:\/\/catalogo.glassingmonkey.com\/es\/tienda\/alto-rendimiento\/emery-haz-short\/"]}]},{"@type":"ImageObject","inLanguage":"es","@id":"https:\/\/catalogo.glassingmonkey.com\/es\/tienda\/alto-rendimiento\/emery-haz-short\/#primaryimage","url":"https:\/\/catalogo.glassingmonkey.com\/wp-content\/uploads\/2022\/05\/emery-surfboards-haz-collection-haz-short.png","contentUrl":"https:\/\/catalogo.glassingmonkey.com\/wp-content\/uploads\/2022\/05\/emery-surfboards-haz-collection-haz-short.png","width":600,"height":750},{"@type":"BreadcrumbList","@id":"https:\/\/catalogo.glassingmonkey.com\/es\/tienda\/alto-rendimiento\/emery-haz-short\/#breadcrumb","itemListElement":[{"@type":"ListItem","position":1,"name":"Home","item":"https:\/\/catalogo.glassingmonkey.com\/es\/"},{"@type":"ListItem","position":2,"name":"Productos"},{"@type":"ListItem","position":3,"name":"Emery Haz Short"}]},{"@type":"WebSite","@id":"https:\/\/catalogo.glassingmonkey.com\/es\/#website","url":"https:\/\/catalogo.glassingmonkey.com\/es\/","name":"Glassing Monkey","description":"Surf Shop - Surf Outlet Store","publisher":{"@id":"https:\/\/catalogo.glassingmonkey.com\/es\/#organization"},"potentialAction":[{"@type":"SearchAction","target":{"@type":"EntryPoint","urlTemplate":"https:\/\/catalogo.glassingmonkey.com\/es\/?s={search_term_string}"},"query-input":{"@type":"PropertyValueSpecification","valueRequired":true,"valueName":"search_term_string"}}],"inLanguage":"es"},{"@type":"Organization","@id":"https:\/\/catalogo.glassingmonkey.com\/es\/#organization","name":"Glassing Monkey","url":"https:\/\/catalogo.glassingmonkey.com\/es\/","logo":{"@type":"ImageObject","inLanguage":"es","@id":"https:\/\/catalogo.glassingmonkey.com\/es\/#\/schema\/logo\/image\/","url":"https:\/\/glassingmonkey.com\/wp-content\/uploads\/2022\/02\/cropped-favicon.png","contentUrl":"https:\/\/glassingmonkey.com\/wp-content\/uploads\/2022\/02\/cropped-favicon.png","width":512,"height":512,"caption":"Glassing Monkey"},"image":{"@id":"https:\/\/catalogo.glassingmonkey.com\/es\/#\/schema\/logo\/image\/"},"sameAs":["https:\/\/facebook.com\/glassingmonkey"]}]},"product_brand":"Emery Surfboards","og_availability":"instock","product_availability":"instock","product_retailer_item_id":"0000026","product_condition":"new"},"_links":{"self":[{"href":"https:\/\/catalogo.glassingmonkey.com\/es\/wp-json\/wp\/v2\/product\/13472","targetHints":{"allow":["GET"]}}],"collection":[{"href":"https:\/\/catalogo.glassingmonkey.com\/es\/wp-json\/wp\/v2\/product"}],"about":[{"href":"https:\/\/catalogo.glassingmonkey.com\/es\/wp-json\/wp\/v2\/types\/product"}],"version-history":[{"count":1,"href":"https:\/\/catalogo.glassingmonkey.com\/es\/wp-json\/wp\/v2\/product\/13472\/revisions"}],"predecessor-version":[{"id":15053,"href":"https:\/\/catalogo.glassingmonkey.com\/es\/wp-json\/wp\/v2\/product\/13472\/revisions\/15053"}],"wp:featuredmedia":[{"embeddable":true,"href":"https:\/\/catalogo.glassingmonkey.com\/es\/wp-json\/wp\/v2\/media\/9613"}],"wp:attachment":[{"href":"https:\/\/catalogo.glassingmonkey.com\/es\/wp-json\/wp\/v2\/media?parent=13472"}],"wp:term":[{"taxonomy":"product_brand","embeddable":true,"href":"https:\/\/catalogo.glassingmonkey.com\/es\/wp-json\/wp\/v2\/product_brand?post=13472"},{"taxonomy":"product_cat","embeddable":true,"href":"https:\/\/catalogo.glassingmonkey.com\/es\/wp-json\/wp\/v2\/product_cat?post=13472"},{"taxonomy":"product_tag","embeddable":true,"href":"https:\/\/catalogo.glassingmonkey.com\/es\/wp-json\/wp\/v2\/product_tag?post=13472"}],"curies":[{"name":"wp","href":"https:\/\/api.w.org\/{rel}","templated":true}]}}