{"id":13468,"date":"2022-05-25T10:44:12","date_gmt":"2022-05-25T10:44:12","guid":{"rendered":"https:\/\/glassingmonkey.com\/shop\/sin%20categor\u00eda\/matt-penn-magic-negro\/"},"modified":"2024-06-05T10:36:31","modified_gmt":"2024-06-05T10:36:31","slug":"matt-penn-magic-black","status":"publish","type":"product","link":"https:\/\/catalogo.glassingmonkey.com\/es\/tienda\/tablas-de-surf\/matt-penn-magic-black\/","title":{"rendered":"Matt Penn Magic Black"},"content":{"rendered":"<p>Incorpora un ra\u00edl ligeramente refinado como el de una tabla corta de rendimiento normal, de modo que el ra\u00edl penetra en el agua y muerde para equilibrar el contorno delantero m\u00e1s ancho, junto con un nose rocker medio que se adapta suavemente a las secciones estrechas.<\/p>\n<p>Ofrecemos este modelo en dos tama\u00f1os diferentes, ya que su versatilidad permite surfearla como tabla corta polivalente, si te gusta un poco de superficie en la parte delantera, o como tabla para olas peque\u00f1as, si te gusta deslizarte por el ra\u00edl en los d\u00edas peque\u00f1os.<\/p>\n<p>M\u00f3ntala igual o 1&#8242; m\u00e1s corta que tu shortboard normal si la quieres como allrounder y de 2&#8242; a 3&#8242; m\u00e1s corta si quieres montarla en las dimensiones anchas.<\/p>\n<p>El equilibrio con este dise\u00f1o entre tus pies delanteros y traseros con poco ajuste te permite conducir por la l\u00ednea y a la vez conectar los giros con precisi\u00f3n<\/p>\n","protected":false},"excerpt":{"rendered":"<p>El modelo Magic Black redefine la tabla corta moderna, con la exclusiva zona m\u00e1s llena en el nose y la punta ancha empujada un poco hacia delante del centro que le da una sensaci\u00f3n de tolerancia con el pie delantero, un poco como un pedal de acelerador para conducir hacia delante con el pie delantero, y luego con un contorno de cola ligeramente dibujado con un toque de cola redondeada que le permite trazar un giro s\u00f3lido sobre ra\u00edl para una agradable sensaci\u00f3n de conexi\u00f3n.<\/p>\n","protected":false},"featured_media":9068,"template":"","meta":{"_joinchat":[]},"product_brand":[1495],"product_cat":[269,1833],"product_tag":[1834],"class_list":{"0":"post-13468","1":"product","2":"type-product","3":"status-publish","4":"has-post-thumbnail","6":"product_brand-matt-penn-surfboards-es","7":"product_cat-tablas-de-surf","8":"product_cat-olas-pequenas","9":"product_tag-olas-pequenas","10":"pa_length-71","11":"pa_length-91","12":"pa_length-152","13":"pa_length-55","14":"pa_length-69","15":"pa_length-70","16":"pa_length-63","17":"pa_length-94","18":"pa_length-768","19":"pa_length-189","20":"pa_length-100","21":"pa_length-97","22":"pa_length-531","23":"pa_length-138","24":"pa_model-magic-black","25":"pa_shaper-matt-penn-surfboards","26":"pa_thickness-2-1-2-es","27":"pa_thickness-2-1-4-es","28":"pa_thickness-2-1-8-es","29":"pa_thickness-2-11-16-es","30":"pa_thickness-2-3-16-es","31":"pa_thickness-2-3-4-es","32":"pa_thickness-2-3-8-es","33":"pa_thickness-2-5-16-es","34":"pa_thickness-2-5-8-es","35":"pa_thickness-2-7-16-es","36":"pa_thickness-2-9-16-es","37":"pa_volume-23-30-l","38":"pa_volume-24-50-l","39":"pa_volume-25-70-l","40":"pa_volume-2680-l","41":"pa_volume-2750-l","42":"pa_volume-2870-l","43":"pa_volume-2930-l","44":"pa_volume-30-6-l","45":"pa_volume-3130-l","46":"pa_volume-32-6-l","47":"pa_volume-33-9-l","48":"pa_volume-35-30-l","49":"pa_volume-36-8-l","50":"pa_volume-38-20-l","51":"pa_width-18-3-4-es","52":"pa_width-18-5-8-es","53":"pa_width-18-7-8-es","54":"pa_width-18-1-2-es-2","55":"pa_width-19-1-2-es","56":"pa_width-19-1-4-es","57":"pa_width-19-1-8-es","58":"pa_width-19-3-4-es","59":"pa_width-19-5-8-es","60":"pa_width-19-7-8-es","61":"pa_width-19-es","62":"pa_width-20-1-8-es-es","63":"pa_width-20-es","65":"first","66":"instock","67":"sale","68":"shipping-taxable","69":"purchasable","70":"product-type-variable"},"yoast_head":"<!-- This site is optimized with the Yoast SEO plugin v26.5 - https:\/\/yoast.com\/wordpress\/plugins\/seo\/ -->\n<title>Matt Penn Magic Black | Tablas de surf | Matt Penn | Tablas de surf | Glassing Monkey<\/title>\n<meta name=\"description\" content=\"Matt Penn Magic Black - Matt Penn Surfboards | Tablas de surf - Glassing Monkey Surf Factory - Tienda de surf - Pago seguro con tarjeta - Garant\u00eda de devoluci\u00f3n del dinero\" \/>\n<meta name=\"robots\" content=\"index, follow, max-snippet:-1, max-image-preview:large, max-video-preview:-1\" \/>\n<link rel=\"canonical\" href=\"https:\/\/catalogo.glassingmonkey.com\/es\/tienda\/tablas-de-surf\/matt-penn-magic-black\/\" \/>\n<meta property=\"og:locale\" content=\"es_ES\" \/>\n<meta property=\"og:type\" content=\"article\" \/>\n<meta property=\"og:title\" content=\"Matt Penn Magic Black | Tablas de surf | Matt Penn | Tablas de surf | Glassing Monkey\" \/>\n<meta property=\"og:description\" content=\"Matt Penn Magic Black - Matt Penn Surfboards | Tablas de surf - Glassing Monkey Surf Factory - Tienda de surf - Pago seguro con tarjeta - Garant\u00eda de devoluci\u00f3n del dinero\" \/>\n<meta property=\"og:url\" content=\"https:\/\/catalogo.glassingmonkey.com\/es\/tienda\/tablas-de-surf\/matt-penn-magic-black\/\" \/>\n<meta property=\"og:site_name\" content=\"Glassing Monkey\" \/>\n<meta property=\"article:publisher\" content=\"https:\/\/facebook.com\/glassingmonkey\" \/>\n<meta property=\"article:modified_time\" content=\"2024-06-05T10:36:31+00:00\" \/>\n<meta property=\"og:image\" content=\"https:\/\/catalogo.glassingmonkey.com\/wp-content\/uploads\/2022\/05\/glassing-monkey-matt-penn-surfboards-magic-black.png\" \/>\n\t<meta property=\"og:image:width\" content=\"600\" \/>\n\t<meta property=\"og:image:height\" content=\"300\" \/>\n\t<meta property=\"og:image:type\" content=\"image\/png\" \/>\n<meta name=\"twitter:card\" content=\"summary_large_image\" \/>\n<meta name=\"twitter:label1\" content=\"Availability\" \/>\n\t<meta name=\"twitter:data1\" content=\"In stock\" \/>\n<script type=\"application\/ld+json\" class=\"yoast-schema-graph\">{\"@context\":\"https:\/\/schema.org\",\"@graph\":[{\"@type\":\"WebPage\",\"@id\":\"https:\/\/catalogo.glassingmonkey.com\/es\/tienda\/tablas-de-surf\/matt-penn-magic-black\/\",\"url\":\"https:\/\/catalogo.glassingmonkey.com\/es\/tienda\/tablas-de-surf\/matt-penn-magic-black\/\",\"name\":\"Matt Penn Magic Black | Tablas de surf | Matt Penn | Tablas de surf | Glassing Monkey\",\"isPartOf\":{\"@id\":\"https:\/\/catalogo.glassingmonkey.com\/es\/#website\"},\"primaryImageOfPage\":{\"@id\":\"https:\/\/catalogo.glassingmonkey.com\/es\/tienda\/tablas-de-surf\/matt-penn-magic-black\/#primaryimage\"},\"image\":{\"@id\":\"https:\/\/catalogo.glassingmonkey.com\/es\/tienda\/tablas-de-surf\/matt-penn-magic-black\/#primaryimage\"},\"thumbnailUrl\":\"https:\/\/catalogo.glassingmonkey.com\/wp-content\/uploads\/2022\/05\/matt-penn-surfboards-magic-black.png\",\"datePublished\":\"2022-05-25T10:44:12+00:00\",\"dateModified\":\"2024-06-05T10:36:31+00:00\",\"description\":\"Matt Penn Magic Black - Matt Penn Surfboards | Tablas de surf - Glassing Monkey Surf Factory - Tienda de surf - Pago seguro con tarjeta - Garant\u00eda de devoluci\u00f3n del dinero\",\"breadcrumb\":{\"@id\":\"https:\/\/catalogo.glassingmonkey.com\/es\/tienda\/tablas-de-surf\/matt-penn-magic-black\/#breadcrumb\"},\"inLanguage\":\"es\",\"potentialAction\":[{\"@type\":\"ReadAction\",\"target\":[\"https:\/\/catalogo.glassingmonkey.com\/es\/tienda\/tablas-de-surf\/matt-penn-magic-black\/\"]}]},{\"@type\":\"ImageObject\",\"inLanguage\":\"es\",\"@id\":\"https:\/\/catalogo.glassingmonkey.com\/es\/tienda\/tablas-de-surf\/matt-penn-magic-black\/#primaryimage\",\"url\":\"https:\/\/catalogo.glassingmonkey.com\/wp-content\/uploads\/2022\/05\/matt-penn-surfboards-magic-black.png\",\"contentUrl\":\"https:\/\/catalogo.glassingmonkey.com\/wp-content\/uploads\/2022\/05\/matt-penn-surfboards-magic-black.png\",\"width\":600,\"height\":750},{\"@type\":\"BreadcrumbList\",\"@id\":\"https:\/\/catalogo.glassingmonkey.com\/es\/tienda\/tablas-de-surf\/matt-penn-magic-black\/#breadcrumb\",\"itemListElement\":[{\"@type\":\"ListItem\",\"position\":1,\"name\":\"Home\",\"item\":\"https:\/\/catalogo.glassingmonkey.com\/es\/\"},{\"@type\":\"ListItem\",\"position\":2,\"name\":\"Productos\"},{\"@type\":\"ListItem\",\"position\":3,\"name\":\"Matt Penn Magic Black\"}]},{\"@type\":\"WebSite\",\"@id\":\"https:\/\/catalogo.glassingmonkey.com\/es\/#website\",\"url\":\"https:\/\/catalogo.glassingmonkey.com\/es\/\",\"name\":\"Glassing Monkey\",\"description\":\"Surf Shop - Surf Outlet Store\",\"publisher\":{\"@id\":\"https:\/\/catalogo.glassingmonkey.com\/es\/#organization\"},\"potentialAction\":[{\"@type\":\"SearchAction\",\"target\":{\"@type\":\"EntryPoint\",\"urlTemplate\":\"https:\/\/catalogo.glassingmonkey.com\/es\/?s={search_term_string}\"},\"query-input\":{\"@type\":\"PropertyValueSpecification\",\"valueRequired\":true,\"valueName\":\"search_term_string\"}}],\"inLanguage\":\"es\"},{\"@type\":\"Organization\",\"@id\":\"https:\/\/catalogo.glassingmonkey.com\/es\/#organization\",\"name\":\"Glassing Monkey\",\"url\":\"https:\/\/catalogo.glassingmonkey.com\/es\/\",\"logo\":{\"@type\":\"ImageObject\",\"inLanguage\":\"es\",\"@id\":\"https:\/\/catalogo.glassingmonkey.com\/es\/#\/schema\/logo\/image\/\",\"url\":\"https:\/\/glassingmonkey.com\/wp-content\/uploads\/2022\/02\/cropped-favicon.png\",\"contentUrl\":\"https:\/\/glassingmonkey.com\/wp-content\/uploads\/2022\/02\/cropped-favicon.png\",\"width\":512,\"height\":512,\"caption\":\"Glassing Monkey\"},\"image\":{\"@id\":\"https:\/\/catalogo.glassingmonkey.com\/es\/#\/schema\/logo\/image\/\"},\"sameAs\":[\"https:\/\/facebook.com\/glassingmonkey\"]}]}<\/script>\n<meta property=\"product:brand\" content=\"Matt Penn Surfboards\" \/>\n<meta property=\"og:availability\" content=\"instock\" \/>\n<meta property=\"product:availability\" content=\"instock\" \/>\n<meta property=\"product:retailer_item_id\" content=\"0000039\" \/>\n<meta property=\"product:condition\" content=\"new\" \/>\n<!-- \/ Yoast SEO plugin. -->","yoast_head_json":{"title":"Matt Penn Magic Black | Tablas de surf | Matt Penn | Tablas de surf | Glassing Monkey","description":"Matt Penn Magic Black - Matt Penn Surfboards | Tablas de surf - Glassing Monkey Surf Factory - Tienda de surf - Pago seguro con tarjeta - Garant\u00eda de devoluci\u00f3n del dinero","robots":{"index":"index","follow":"follow","max-snippet":"max-snippet:-1","max-image-preview":"max-image-preview:large","max-video-preview":"max-video-preview:-1"},"canonical":"https:\/\/catalogo.glassingmonkey.com\/es\/tienda\/tablas-de-surf\/matt-penn-magic-black\/","og_locale":"es_ES","og_type":"article","og_title":"Matt Penn Magic Black | Tablas de surf | Matt Penn | Tablas de surf | Glassing Monkey","og_description":"Matt Penn Magic Black - Matt Penn Surfboards | Tablas de surf - Glassing Monkey Surf Factory - Tienda de surf - Pago seguro con tarjeta - Garant\u00eda de devoluci\u00f3n del dinero","og_url":"https:\/\/catalogo.glassingmonkey.com\/es\/tienda\/tablas-de-surf\/matt-penn-magic-black\/","og_site_name":"Glassing Monkey","article_publisher":"https:\/\/facebook.com\/glassingmonkey","article_modified_time":"2024-06-05T10:36:31+00:00","og_image":[{"width":600,"height":300,"url":"https:\/\/catalogo.glassingmonkey.com\/wp-content\/uploads\/2022\/05\/glassing-monkey-matt-penn-surfboards-magic-black.png","type":"image\/png"}],"twitter_card":"summary_large_image","twitter_misc":{"Availability":"In stock"},"schema":{"@context":"https:\/\/schema.org","@graph":[{"@type":"WebPage","@id":"https:\/\/catalogo.glassingmonkey.com\/es\/tienda\/tablas-de-surf\/matt-penn-magic-black\/","url":"https:\/\/catalogo.glassingmonkey.com\/es\/tienda\/tablas-de-surf\/matt-penn-magic-black\/","name":"Matt Penn Magic Black | Tablas de surf | Matt Penn | Tablas de surf | Glassing Monkey","isPartOf":{"@id":"https:\/\/catalogo.glassingmonkey.com\/es\/#website"},"primaryImageOfPage":{"@id":"https:\/\/catalogo.glassingmonkey.com\/es\/tienda\/tablas-de-surf\/matt-penn-magic-black\/#primaryimage"},"image":{"@id":"https:\/\/catalogo.glassingmonkey.com\/es\/tienda\/tablas-de-surf\/matt-penn-magic-black\/#primaryimage"},"thumbnailUrl":"https:\/\/catalogo.glassingmonkey.com\/wp-content\/uploads\/2022\/05\/matt-penn-surfboards-magic-black.png","datePublished":"2022-05-25T10:44:12+00:00","dateModified":"2024-06-05T10:36:31+00:00","description":"Matt Penn Magic Black - Matt Penn Surfboards | Tablas de surf - Glassing Monkey Surf Factory - Tienda de surf - Pago seguro con tarjeta - Garant\u00eda de devoluci\u00f3n del dinero","breadcrumb":{"@id":"https:\/\/catalogo.glassingmonkey.com\/es\/tienda\/tablas-de-surf\/matt-penn-magic-black\/#breadcrumb"},"inLanguage":"es","potentialAction":[{"@type":"ReadAction","target":["https:\/\/catalogo.glassingmonkey.com\/es\/tienda\/tablas-de-surf\/matt-penn-magic-black\/"]}]},{"@type":"ImageObject","inLanguage":"es","@id":"https:\/\/catalogo.glassingmonkey.com\/es\/tienda\/tablas-de-surf\/matt-penn-magic-black\/#primaryimage","url":"https:\/\/catalogo.glassingmonkey.com\/wp-content\/uploads\/2022\/05\/matt-penn-surfboards-magic-black.png","contentUrl":"https:\/\/catalogo.glassingmonkey.com\/wp-content\/uploads\/2022\/05\/matt-penn-surfboards-magic-black.png","width":600,"height":750},{"@type":"BreadcrumbList","@id":"https:\/\/catalogo.glassingmonkey.com\/es\/tienda\/tablas-de-surf\/matt-penn-magic-black\/#breadcrumb","itemListElement":[{"@type":"ListItem","position":1,"name":"Home","item":"https:\/\/catalogo.glassingmonkey.com\/es\/"},{"@type":"ListItem","position":2,"name":"Productos"},{"@type":"ListItem","position":3,"name":"Matt Penn Magic Black"}]},{"@type":"WebSite","@id":"https:\/\/catalogo.glassingmonkey.com\/es\/#website","url":"https:\/\/catalogo.glassingmonkey.com\/es\/","name":"Glassing Monkey","description":"Surf Shop - Surf Outlet Store","publisher":{"@id":"https:\/\/catalogo.glassingmonkey.com\/es\/#organization"},"potentialAction":[{"@type":"SearchAction","target":{"@type":"EntryPoint","urlTemplate":"https:\/\/catalogo.glassingmonkey.com\/es\/?s={search_term_string}"},"query-input":{"@type":"PropertyValueSpecification","valueRequired":true,"valueName":"search_term_string"}}],"inLanguage":"es"},{"@type":"Organization","@id":"https:\/\/catalogo.glassingmonkey.com\/es\/#organization","name":"Glassing Monkey","url":"https:\/\/catalogo.glassingmonkey.com\/es\/","logo":{"@type":"ImageObject","inLanguage":"es","@id":"https:\/\/catalogo.glassingmonkey.com\/es\/#\/schema\/logo\/image\/","url":"https:\/\/glassingmonkey.com\/wp-content\/uploads\/2022\/02\/cropped-favicon.png","contentUrl":"https:\/\/glassingmonkey.com\/wp-content\/uploads\/2022\/02\/cropped-favicon.png","width":512,"height":512,"caption":"Glassing Monkey"},"image":{"@id":"https:\/\/catalogo.glassingmonkey.com\/es\/#\/schema\/logo\/image\/"},"sameAs":["https:\/\/facebook.com\/glassingmonkey"]}]},"product_brand":"Matt Penn Surfboards","og_availability":"instock","product_availability":"instock","product_retailer_item_id":"0000039","product_condition":"new"},"_links":{"self":[{"href":"https:\/\/catalogo.glassingmonkey.com\/es\/wp-json\/wp\/v2\/product\/13468","targetHints":{"allow":["GET"]}}],"collection":[{"href":"https:\/\/catalogo.glassingmonkey.com\/es\/wp-json\/wp\/v2\/product"}],"about":[{"href":"https:\/\/catalogo.glassingmonkey.com\/es\/wp-json\/wp\/v2\/types\/product"}],"version-history":[{"count":1,"href":"https:\/\/catalogo.glassingmonkey.com\/es\/wp-json\/wp\/v2\/product\/13468\/revisions"}],"predecessor-version":[{"id":15051,"href":"https:\/\/catalogo.glassingmonkey.com\/es\/wp-json\/wp\/v2\/product\/13468\/revisions\/15051"}],"wp:featuredmedia":[{"embeddable":true,"href":"https:\/\/catalogo.glassingmonkey.com\/es\/wp-json\/wp\/v2\/media\/9068"}],"wp:attachment":[{"href":"https:\/\/catalogo.glassingmonkey.com\/es\/wp-json\/wp\/v2\/media?parent=13468"}],"wp:term":[{"taxonomy":"product_brand","embeddable":true,"href":"https:\/\/catalogo.glassingmonkey.com\/es\/wp-json\/wp\/v2\/product_brand?post=13468"},{"taxonomy":"product_cat","embeddable":true,"href":"https:\/\/catalogo.glassingmonkey.com\/es\/wp-json\/wp\/v2\/product_cat?post=13468"},{"taxonomy":"product_tag","embeddable":true,"href":"https:\/\/catalogo.glassingmonkey.com\/es\/wp-json\/wp\/v2\/product_tag?post=13468"}],"curies":[{"name":"wp","href":"https:\/\/api.w.org\/{rel}","templated":true}]}}