{"id":13465,"date":"2022-05-25T10:38:46","date_gmt":"2022-05-25T10:38:46","guid":{"rendered":"https:\/\/glassingmonkey.com\/shop\/sin%20categor\u00eda\/matt-penn-lucky-7\/"},"modified":"2024-06-05T11:01:59","modified_gmt":"2024-06-05T11:01:59","slug":"matt-penn-lucky-7","status":"publish","type":"product","link":"https:\/\/catalogo.glassingmonkey.com\/es\/tienda\/alto-rendimiento\/matt-penn-lucky-7\/","title":{"rendered":"Matt Penn Lucky-7"},"content":{"rendered":"<p>Concepto de rocker totalmente nuevo dise\u00f1ado para maximizar la velocidad manteniendo una curva constante en el rocker de la l\u00ednea de carril, lo que le permite responder en las partes m\u00e1s cr\u00edticas de la ola<\/p>\n","protected":false},"excerpt":{"rendered":"<p>Este balanc\u00edn te permite hacer peque\u00f1os ajustes en tu posici\u00f3n hacia delante y hacia atr\u00e1s en el caballete sin sentirte encerrado, pero a\u00fan as\u00ed con mucho empuje del c\u00f3ncavo \u00fanico.<\/p>\n<p>El ra\u00edl de caja media Signature de MP y la generosa zona del contorno redondean lo que se est\u00e1 convirtiendo en nuestra tabla corta de referencia para la mayor\u00eda de los surfistas serios.<\/p>\n","protected":false},"featured_media":9057,"template":"","meta":{"_joinchat":[]},"product_brand":[1495],"product_cat":[1253,269,1831],"product_tag":[1255],"class_list":{"0":"post-13465","1":"product","2":"type-product","3":"status-publish","4":"has-post-thumbnail","6":"product_brand-matt-penn-surfboards-es","7":"product_cat-alto-rendimiento","8":"product_cat-tablas-de-surf","9":"product_cat-high-performance-2","10":"product_tag-rendimiento","11":"pa_length-71","12":"pa_length-91","13":"pa_length-55","14":"pa_length-69","15":"pa_length-70","16":"pa_length-63","17":"pa_length-94","18":"pa_length-768","19":"pa_length-189","20":"pa_length-100","21":"pa_length-97","22":"pa_length-138","23":"pa_model-suerte-7","24":"pa_shaper-matt-penn-surfboards","25":"pa_thickness-2-1-2-es","26":"pa_thickness-2-1-4-es","27":"pa_thickness-2-1-8-es","28":"pa_thickness-2-3-16-es","29":"pa_thickness-2-3-4-es","30":"pa_thickness-2-3-8-es","31":"pa_thickness-2-5-16-es","32":"pa_thickness-2-5-8-es","33":"pa_thickness-2-7-16-es","34":"pa_volume-20-60-l","35":"pa_volume-2361-l","36":"pa_volume-23-20-l","37":"pa_volume-24-90-l","38":"pa_volume-2540-l","39":"pa_volume-26-6-l","40":"pa_volume-2720-l","41":"pa_volume-28-5-l","42":"pa_volume-2990-l","43":"pa_volume-3150-l","44":"pa_volume-34l","45":"pa_volume-37-20-l","46":"pa_width-18-1-4-es","47":"pa_width-18-1-8-es","48":"pa_width-18-3-4-es","49":"pa_width-18-3-8-es","50":"pa_width-18-5-8-es","51":"pa_width-18-7-8-es","52":"pa_width-18-1-2-es-2","53":"pa_width-19-1-2-es","54":"pa_width-19-1-4-es","55":"pa_width-19-3-4-es","56":"pa_width-19-es","58":"first","59":"instock","60":"sale","61":"shipping-taxable","62":"purchasable","63":"product-type-variable"},"yoast_head":"<!-- This site is optimized with the Yoast SEO plugin v26.5 - https:\/\/yoast.com\/wordpress\/plugins\/seo\/ -->\n<title>Matt Penn Lucky-7 | Matt Penn Surfboards | Glassing Monkey<\/title>\n<meta name=\"description\" content=\"Surf Shop | Buy Matt Penn Lucky-7 from Matt Penn Surfboards at the best price in Glassing Monkey Surf Factory | Alto rendimiento, Tablas de surf, High Performance\" \/>\n<meta name=\"robots\" content=\"index, follow, max-snippet:-1, max-image-preview:large, max-video-preview:-1\" \/>\n<link rel=\"canonical\" href=\"https:\/\/catalogo.glassingmonkey.com\/es\/tienda\/alto-rendimiento\/matt-penn-lucky-7\/\" \/>\n<meta property=\"og:locale\" content=\"es_ES\" \/>\n<meta property=\"og:type\" content=\"article\" \/>\n<meta property=\"og:title\" content=\"Matt Penn Lucky-7 | Matt Penn Surfboards | Glassing Monkey\" \/>\n<meta property=\"og:description\" content=\"Surf Shop | Buy Matt Penn Lucky-7 from Matt Penn Surfboards at the best price in Glassing Monkey Surf Factory | Alto rendimiento, Tablas de surf, High Performance\" \/>\n<meta property=\"og:url\" content=\"https:\/\/catalogo.glassingmonkey.com\/es\/tienda\/alto-rendimiento\/matt-penn-lucky-7\/\" \/>\n<meta property=\"og:site_name\" content=\"Glassing Monkey\" \/>\n<meta property=\"article:publisher\" content=\"https:\/\/facebook.com\/glassingmonkey\" \/>\n<meta property=\"article:modified_time\" content=\"2024-06-05T11:01:59+00:00\" \/>\n<meta property=\"og:image\" content=\"https:\/\/catalogo.glassingmonkey.com\/wp-content\/uploads\/2022\/05\/glassing-monkey-matt-penn-surfboards-lucky-7.png\" \/>\n\t<meta property=\"og:image:width\" content=\"600\" \/>\n\t<meta property=\"og:image:height\" content=\"300\" \/>\n\t<meta property=\"og:image:type\" content=\"image\/png\" \/>\n<meta name=\"twitter:card\" content=\"summary_large_image\" \/>\n<meta name=\"twitter:label1\" content=\"Availability\" \/>\n\t<meta name=\"twitter:data1\" content=\"In stock\" \/>\n<script type=\"application\/ld+json\" class=\"yoast-schema-graph\">{\"@context\":\"https:\/\/schema.org\",\"@graph\":[{\"@type\":\"WebPage\",\"@id\":\"https:\/\/catalogo.glassingmonkey.com\/es\/tienda\/alto-rendimiento\/matt-penn-lucky-7\/\",\"url\":\"https:\/\/catalogo.glassingmonkey.com\/es\/tienda\/alto-rendimiento\/matt-penn-lucky-7\/\",\"name\":\"Matt Penn Lucky-7 | Matt Penn Surfboards | Glassing Monkey\",\"isPartOf\":{\"@id\":\"https:\/\/catalogo.glassingmonkey.com\/es\/#website\"},\"primaryImageOfPage\":{\"@id\":\"https:\/\/catalogo.glassingmonkey.com\/es\/tienda\/alto-rendimiento\/matt-penn-lucky-7\/#primaryimage\"},\"image\":{\"@id\":\"https:\/\/catalogo.glassingmonkey.com\/es\/tienda\/alto-rendimiento\/matt-penn-lucky-7\/#primaryimage\"},\"thumbnailUrl\":\"https:\/\/catalogo.glassingmonkey.com\/wp-content\/uploads\/2022\/05\/matt-penn-surfboards-lucky-7.png\",\"datePublished\":\"2022-05-25T10:38:46+00:00\",\"dateModified\":\"2024-06-05T11:01:59+00:00\",\"description\":\"Surf Shop | Buy Matt Penn Lucky-7 from Matt Penn Surfboards at the best price in Glassing Monkey Surf Factory | Alto rendimiento, Tablas de surf, High Performance\",\"breadcrumb\":{\"@id\":\"https:\/\/catalogo.glassingmonkey.com\/es\/tienda\/alto-rendimiento\/matt-penn-lucky-7\/#breadcrumb\"},\"inLanguage\":\"es\",\"potentialAction\":[{\"@type\":\"ReadAction\",\"target\":[\"https:\/\/catalogo.glassingmonkey.com\/es\/tienda\/alto-rendimiento\/matt-penn-lucky-7\/\"]}]},{\"@type\":\"ImageObject\",\"inLanguage\":\"es\",\"@id\":\"https:\/\/catalogo.glassingmonkey.com\/es\/tienda\/alto-rendimiento\/matt-penn-lucky-7\/#primaryimage\",\"url\":\"https:\/\/catalogo.glassingmonkey.com\/wp-content\/uploads\/2022\/05\/matt-penn-surfboards-lucky-7.png\",\"contentUrl\":\"https:\/\/catalogo.glassingmonkey.com\/wp-content\/uploads\/2022\/05\/matt-penn-surfboards-lucky-7.png\",\"width\":600,\"height\":750},{\"@type\":\"BreadcrumbList\",\"@id\":\"https:\/\/catalogo.glassingmonkey.com\/es\/tienda\/alto-rendimiento\/matt-penn-lucky-7\/#breadcrumb\",\"itemListElement\":[{\"@type\":\"ListItem\",\"position\":1,\"name\":\"Home\",\"item\":\"https:\/\/catalogo.glassingmonkey.com\/es\/\"},{\"@type\":\"ListItem\",\"position\":2,\"name\":\"Productos\"},{\"@type\":\"ListItem\",\"position\":3,\"name\":\"Matt Penn Lucky-7\"}]},{\"@type\":\"WebSite\",\"@id\":\"https:\/\/catalogo.glassingmonkey.com\/es\/#website\",\"url\":\"https:\/\/catalogo.glassingmonkey.com\/es\/\",\"name\":\"Glassing Monkey\",\"description\":\"Surf Shop - Surf Outlet Store\",\"publisher\":{\"@id\":\"https:\/\/catalogo.glassingmonkey.com\/es\/#organization\"},\"potentialAction\":[{\"@type\":\"SearchAction\",\"target\":{\"@type\":\"EntryPoint\",\"urlTemplate\":\"https:\/\/catalogo.glassingmonkey.com\/es\/?s={search_term_string}\"},\"query-input\":{\"@type\":\"PropertyValueSpecification\",\"valueRequired\":true,\"valueName\":\"search_term_string\"}}],\"inLanguage\":\"es\"},{\"@type\":\"Organization\",\"@id\":\"https:\/\/catalogo.glassingmonkey.com\/es\/#organization\",\"name\":\"Glassing Monkey\",\"url\":\"https:\/\/catalogo.glassingmonkey.com\/es\/\",\"logo\":{\"@type\":\"ImageObject\",\"inLanguage\":\"es\",\"@id\":\"https:\/\/catalogo.glassingmonkey.com\/es\/#\/schema\/logo\/image\/\",\"url\":\"https:\/\/glassingmonkey.com\/wp-content\/uploads\/2022\/02\/cropped-favicon.png\",\"contentUrl\":\"https:\/\/glassingmonkey.com\/wp-content\/uploads\/2022\/02\/cropped-favicon.png\",\"width\":512,\"height\":512,\"caption\":\"Glassing Monkey\"},\"image\":{\"@id\":\"https:\/\/catalogo.glassingmonkey.com\/es\/#\/schema\/logo\/image\/\"},\"sameAs\":[\"https:\/\/facebook.com\/glassingmonkey\"]}]}<\/script>\n<meta property=\"product:brand\" content=\"Matt Penn Surfboards\" \/>\n<meta property=\"og:availability\" content=\"instock\" \/>\n<meta property=\"product:availability\" content=\"instock\" \/>\n<meta property=\"product:retailer_item_id\" content=\"0000038\" \/>\n<meta property=\"product:condition\" content=\"new\" \/>\n<!-- \/ Yoast SEO plugin. -->","yoast_head_json":{"title":"Matt Penn Lucky-7 | Matt Penn Surfboards | Glassing Monkey","description":"Surf Shop | Buy Matt Penn Lucky-7 from Matt Penn Surfboards at the best price in Glassing Monkey Surf Factory | Alto rendimiento, Tablas de surf, High Performance","robots":{"index":"index","follow":"follow","max-snippet":"max-snippet:-1","max-image-preview":"max-image-preview:large","max-video-preview":"max-video-preview:-1"},"canonical":"https:\/\/catalogo.glassingmonkey.com\/es\/tienda\/alto-rendimiento\/matt-penn-lucky-7\/","og_locale":"es_ES","og_type":"article","og_title":"Matt Penn Lucky-7 | Matt Penn Surfboards | Glassing Monkey","og_description":"Surf Shop | Buy Matt Penn Lucky-7 from Matt Penn Surfboards at the best price in Glassing Monkey Surf Factory | Alto rendimiento, Tablas de surf, High Performance","og_url":"https:\/\/catalogo.glassingmonkey.com\/es\/tienda\/alto-rendimiento\/matt-penn-lucky-7\/","og_site_name":"Glassing Monkey","article_publisher":"https:\/\/facebook.com\/glassingmonkey","article_modified_time":"2024-06-05T11:01:59+00:00","og_image":[{"width":600,"height":300,"url":"https:\/\/catalogo.glassingmonkey.com\/wp-content\/uploads\/2022\/05\/glassing-monkey-matt-penn-surfboards-lucky-7.png","type":"image\/png"}],"twitter_card":"summary_large_image","twitter_misc":{"Availability":"In stock"},"schema":{"@context":"https:\/\/schema.org","@graph":[{"@type":"WebPage","@id":"https:\/\/catalogo.glassingmonkey.com\/es\/tienda\/alto-rendimiento\/matt-penn-lucky-7\/","url":"https:\/\/catalogo.glassingmonkey.com\/es\/tienda\/alto-rendimiento\/matt-penn-lucky-7\/","name":"Matt Penn Lucky-7 | Matt Penn Surfboards | Glassing Monkey","isPartOf":{"@id":"https:\/\/catalogo.glassingmonkey.com\/es\/#website"},"primaryImageOfPage":{"@id":"https:\/\/catalogo.glassingmonkey.com\/es\/tienda\/alto-rendimiento\/matt-penn-lucky-7\/#primaryimage"},"image":{"@id":"https:\/\/catalogo.glassingmonkey.com\/es\/tienda\/alto-rendimiento\/matt-penn-lucky-7\/#primaryimage"},"thumbnailUrl":"https:\/\/catalogo.glassingmonkey.com\/wp-content\/uploads\/2022\/05\/matt-penn-surfboards-lucky-7.png","datePublished":"2022-05-25T10:38:46+00:00","dateModified":"2024-06-05T11:01:59+00:00","description":"Surf Shop | Buy Matt Penn Lucky-7 from Matt Penn Surfboards at the best price in Glassing Monkey Surf Factory | Alto rendimiento, Tablas de surf, High Performance","breadcrumb":{"@id":"https:\/\/catalogo.glassingmonkey.com\/es\/tienda\/alto-rendimiento\/matt-penn-lucky-7\/#breadcrumb"},"inLanguage":"es","potentialAction":[{"@type":"ReadAction","target":["https:\/\/catalogo.glassingmonkey.com\/es\/tienda\/alto-rendimiento\/matt-penn-lucky-7\/"]}]},{"@type":"ImageObject","inLanguage":"es","@id":"https:\/\/catalogo.glassingmonkey.com\/es\/tienda\/alto-rendimiento\/matt-penn-lucky-7\/#primaryimage","url":"https:\/\/catalogo.glassingmonkey.com\/wp-content\/uploads\/2022\/05\/matt-penn-surfboards-lucky-7.png","contentUrl":"https:\/\/catalogo.glassingmonkey.com\/wp-content\/uploads\/2022\/05\/matt-penn-surfboards-lucky-7.png","width":600,"height":750},{"@type":"BreadcrumbList","@id":"https:\/\/catalogo.glassingmonkey.com\/es\/tienda\/alto-rendimiento\/matt-penn-lucky-7\/#breadcrumb","itemListElement":[{"@type":"ListItem","position":1,"name":"Home","item":"https:\/\/catalogo.glassingmonkey.com\/es\/"},{"@type":"ListItem","position":2,"name":"Productos"},{"@type":"ListItem","position":3,"name":"Matt Penn Lucky-7"}]},{"@type":"WebSite","@id":"https:\/\/catalogo.glassingmonkey.com\/es\/#website","url":"https:\/\/catalogo.glassingmonkey.com\/es\/","name":"Glassing Monkey","description":"Surf Shop - Surf Outlet Store","publisher":{"@id":"https:\/\/catalogo.glassingmonkey.com\/es\/#organization"},"potentialAction":[{"@type":"SearchAction","target":{"@type":"EntryPoint","urlTemplate":"https:\/\/catalogo.glassingmonkey.com\/es\/?s={search_term_string}"},"query-input":{"@type":"PropertyValueSpecification","valueRequired":true,"valueName":"search_term_string"}}],"inLanguage":"es"},{"@type":"Organization","@id":"https:\/\/catalogo.glassingmonkey.com\/es\/#organization","name":"Glassing Monkey","url":"https:\/\/catalogo.glassingmonkey.com\/es\/","logo":{"@type":"ImageObject","inLanguage":"es","@id":"https:\/\/catalogo.glassingmonkey.com\/es\/#\/schema\/logo\/image\/","url":"https:\/\/glassingmonkey.com\/wp-content\/uploads\/2022\/02\/cropped-favicon.png","contentUrl":"https:\/\/glassingmonkey.com\/wp-content\/uploads\/2022\/02\/cropped-favicon.png","width":512,"height":512,"caption":"Glassing Monkey"},"image":{"@id":"https:\/\/catalogo.glassingmonkey.com\/es\/#\/schema\/logo\/image\/"},"sameAs":["https:\/\/facebook.com\/glassingmonkey"]}]},"product_brand":"Matt Penn Surfboards","og_availability":"instock","product_availability":"instock","product_retailer_item_id":"0000038","product_condition":"new"},"_links":{"self":[{"href":"https:\/\/catalogo.glassingmonkey.com\/es\/wp-json\/wp\/v2\/product\/13465","targetHints":{"allow":["GET"]}}],"collection":[{"href":"https:\/\/catalogo.glassingmonkey.com\/es\/wp-json\/wp\/v2\/product"}],"about":[{"href":"https:\/\/catalogo.glassingmonkey.com\/es\/wp-json\/wp\/v2\/types\/product"}],"version-history":[{"count":1,"href":"https:\/\/catalogo.glassingmonkey.com\/es\/wp-json\/wp\/v2\/product\/13465\/revisions"}],"predecessor-version":[{"id":15266,"href":"https:\/\/catalogo.glassingmonkey.com\/es\/wp-json\/wp\/v2\/product\/13465\/revisions\/15266"}],"wp:featuredmedia":[{"embeddable":true,"href":"https:\/\/catalogo.glassingmonkey.com\/es\/wp-json\/wp\/v2\/media\/9057"}],"wp:attachment":[{"href":"https:\/\/catalogo.glassingmonkey.com\/es\/wp-json\/wp\/v2\/media?parent=13465"}],"wp:term":[{"taxonomy":"product_brand","embeddable":true,"href":"https:\/\/catalogo.glassingmonkey.com\/es\/wp-json\/wp\/v2\/product_brand?post=13465"},{"taxonomy":"product_cat","embeddable":true,"href":"https:\/\/catalogo.glassingmonkey.com\/es\/wp-json\/wp\/v2\/product_cat?post=13465"},{"taxonomy":"product_tag","embeddable":true,"href":"https:\/\/catalogo.glassingmonkey.com\/es\/wp-json\/wp\/v2\/product_tag?post=13465"}],"curies":[{"name":"wp","href":"https:\/\/api.w.org\/{rel}","templated":true}]}}