{"id":13461,"date":"2022-05-25T10:28:54","date_gmt":"2022-05-25T10:28:54","guid":{"rendered":"https:\/\/glassingmonkey.com\/shop\/sin%20categor\u00eda\/matt-penn-gato-infernal\/"},"modified":"2024-06-05T10:37:27","modified_gmt":"2024-06-05T10:37:27","slug":"matt-penn-hell-cat","status":"publish","type":"product","link":"https:\/\/catalogo.glassingmonkey.com\/es\/tienda\/especiales\/matt-penn-hell-cat\/","title":{"rendered":"Matt Penn Hell Cat"},"content":{"rendered":"<p>Con la misma f\u00f3rmula de dise\u00f1o de la serie x-wing, la HELL CAT conserva el perfil el\u00edptico completo de la nariz, pero se ha estrechado significativamente para inclinarse m\u00e1s hacia una tabla de alto rendimiento para olas peque\u00f1as y con un poco m\u00e1s de rocker en toda la tabla para mejorar el rendimiento en los giros.<\/p>\n","protected":false},"excerpt":{"rendered":"<p>La forma de la cola es similar a la de tu tabla de olas cortas, por lo que responde m\u00e1s r\u00e1pidamente bajo tus pies.<\/p>\n<p>Cubierta semiplana con un ra\u00edl estilo \u00abdrop\u00bb que oculta el volumen a la vez que permite que el ra\u00edl muerda en los giros Monta de 2\u2033 a 3\u2033 m\u00e1s corta y 1\/8\u2033 m\u00e1s gruesa que tu tabla normal<\/p>\n","protected":false},"featured_media":9046,"template":"","meta":{"_joinchat":[]},"product_brand":[1495],"product_cat":[1430,269],"product_tag":[1783],"class_list":{"0":"post-13461","1":"product","2":"type-product","3":"status-publish","4":"has-post-thumbnail","6":"product_brand-matt-penn-surfboards-es","7":"product_cat-especiales","8":"product_cat-tablas-de-surf","9":"product_tag-conceptos-de-verano","10":"pa_length-71","11":"pa_length-91","12":"pa_length-152","13":"pa_length-55","14":"pa_length-69","15":"pa_length-70","16":"pa_length-63","17":"pa_length-94","18":"pa_length-768","19":"pa_length-189","20":"pa_length-100","21":"pa_length-97","22":"pa_model-gato-infernal","23":"pa_shaper-matt-penn-surfboards","24":"pa_thickness-2-1-2-es","25":"pa_thickness-2-1-4-es","26":"pa_thickness-2-1-8-es","27":"pa_thickness-2-3-16-es","28":"pa_thickness-2-3-4-es","29":"pa_thickness-2-3-8-es","30":"pa_thickness-2-5-16-es","31":"pa_thickness-2-5-8-es","32":"pa_thickness-2-7-16-es","33":"pa_thickness-2-9-16-es","34":"pa_volume-24-40-l","35":"pa_volume-25-70-l","36":"pa_volume-27-l","37":"pa_volume-2830-l","38":"pa_volume-2890-l","39":"pa_volume-3030-l","40":"pa_volume-31-l","41":"pa_volume-32-4-l","42":"pa_volume-33-9-l","43":"pa_volume-3540-l","44":"pa_volume-3730-l","45":"pa_volume-40-10-l","46":"pa_width-19-1-2-es","47":"pa_width-19-1-4-es","48":"pa_width-19-1-8-es","49":"pa_width-19-3-4-es","50":"pa_width-19-5-8-es","51":"pa_width-19-7-8-es","52":"pa_width-20-1-2-es","53":"pa_width-20-1-4-es","54":"pa_width-20-1-8-es-es","55":"pa_width-20-3-4-es","56":"pa_width-20-es","58":"first","59":"instock","60":"sale","61":"shipping-taxable","62":"purchasable","63":"product-type-variable"},"yoast_head":"<!-- This site is optimized with the Yoast SEO plugin v26.5 - https:\/\/yoast.com\/wordpress\/plugins\/seo\/ -->\n<title>Matt Penn Hell Cat | Matt Penn Surfboards | Glassing Monkey<\/title>\n<meta name=\"description\" content=\"Surf Shop | Buy Matt Penn Hell Cat from Matt Penn Surfboards at the best price in Glassing Monkey Surf Factory | Especiales, Tablas de surf\" \/>\n<meta name=\"robots\" content=\"index, follow, max-snippet:-1, max-image-preview:large, max-video-preview:-1\" \/>\n<link rel=\"canonical\" href=\"https:\/\/catalogo.glassingmonkey.com\/es\/tienda\/especiales\/matt-penn-hell-cat\/\" \/>\n<meta property=\"og:locale\" content=\"es_ES\" \/>\n<meta property=\"og:type\" content=\"article\" \/>\n<meta property=\"og:title\" content=\"Matt Penn Hell Cat | Matt Penn Surfboards | Glassing Monkey\" \/>\n<meta property=\"og:description\" content=\"Surf Shop | Buy Matt Penn Hell Cat from Matt Penn Surfboards at the best price in Glassing Monkey Surf Factory | Especiales, Tablas de surf\" \/>\n<meta property=\"og:url\" content=\"https:\/\/catalogo.glassingmonkey.com\/es\/tienda\/especiales\/matt-penn-hell-cat\/\" \/>\n<meta property=\"og:site_name\" content=\"Glassing Monkey\" \/>\n<meta property=\"article:publisher\" content=\"https:\/\/facebook.com\/glassingmonkey\" \/>\n<meta property=\"article:modified_time\" content=\"2024-06-05T10:37:27+00:00\" \/>\n<meta property=\"og:image\" content=\"https:\/\/catalogo.glassingmonkey.com\/wp-content\/uploads\/2022\/05\/glassing-monkey-matt-penn-surfboards-hell-cat.png\" \/>\n\t<meta property=\"og:image:width\" content=\"600\" \/>\n\t<meta property=\"og:image:height\" content=\"300\" \/>\n\t<meta property=\"og:image:type\" content=\"image\/png\" \/>\n<meta name=\"twitter:card\" content=\"summary_large_image\" \/>\n<meta name=\"twitter:label1\" content=\"Availability\" \/>\n\t<meta name=\"twitter:data1\" content=\"In stock\" \/>\n<script type=\"application\/ld+json\" class=\"yoast-schema-graph\">{\"@context\":\"https:\/\/schema.org\",\"@graph\":[{\"@type\":\"WebPage\",\"@id\":\"https:\/\/catalogo.glassingmonkey.com\/es\/tienda\/especiales\/matt-penn-hell-cat\/\",\"url\":\"https:\/\/catalogo.glassingmonkey.com\/es\/tienda\/especiales\/matt-penn-hell-cat\/\",\"name\":\"Matt Penn Hell Cat | Matt Penn Surfboards | Glassing Monkey\",\"isPartOf\":{\"@id\":\"https:\/\/catalogo.glassingmonkey.com\/es\/#website\"},\"primaryImageOfPage\":{\"@id\":\"https:\/\/catalogo.glassingmonkey.com\/es\/tienda\/especiales\/matt-penn-hell-cat\/#primaryimage\"},\"image\":{\"@id\":\"https:\/\/catalogo.glassingmonkey.com\/es\/tienda\/especiales\/matt-penn-hell-cat\/#primaryimage\"},\"thumbnailUrl\":\"https:\/\/catalogo.glassingmonkey.com\/wp-content\/uploads\/2022\/05\/matt-penn-surfboards-hell-cat.png\",\"datePublished\":\"2022-05-25T10:28:54+00:00\",\"dateModified\":\"2024-06-05T10:37:27+00:00\",\"description\":\"Surf Shop | Buy Matt Penn Hell Cat from Matt Penn Surfboards at the best price in Glassing Monkey Surf Factory | Especiales, Tablas de surf\",\"breadcrumb\":{\"@id\":\"https:\/\/catalogo.glassingmonkey.com\/es\/tienda\/especiales\/matt-penn-hell-cat\/#breadcrumb\"},\"inLanguage\":\"es\",\"potentialAction\":[{\"@type\":\"ReadAction\",\"target\":[\"https:\/\/catalogo.glassingmonkey.com\/es\/tienda\/especiales\/matt-penn-hell-cat\/\"]}]},{\"@type\":\"ImageObject\",\"inLanguage\":\"es\",\"@id\":\"https:\/\/catalogo.glassingmonkey.com\/es\/tienda\/especiales\/matt-penn-hell-cat\/#primaryimage\",\"url\":\"https:\/\/catalogo.glassingmonkey.com\/wp-content\/uploads\/2022\/05\/matt-penn-surfboards-hell-cat.png\",\"contentUrl\":\"https:\/\/catalogo.glassingmonkey.com\/wp-content\/uploads\/2022\/05\/matt-penn-surfboards-hell-cat.png\",\"width\":600,\"height\":750},{\"@type\":\"BreadcrumbList\",\"@id\":\"https:\/\/catalogo.glassingmonkey.com\/es\/tienda\/especiales\/matt-penn-hell-cat\/#breadcrumb\",\"itemListElement\":[{\"@type\":\"ListItem\",\"position\":1,\"name\":\"Home\",\"item\":\"https:\/\/catalogo.glassingmonkey.com\/es\/\"},{\"@type\":\"ListItem\",\"position\":2,\"name\":\"Productos\"},{\"@type\":\"ListItem\",\"position\":3,\"name\":\"Matt Penn Hell Cat\"}]},{\"@type\":\"WebSite\",\"@id\":\"https:\/\/catalogo.glassingmonkey.com\/es\/#website\",\"url\":\"https:\/\/catalogo.glassingmonkey.com\/es\/\",\"name\":\"Glassing Monkey\",\"description\":\"Surf Shop - Surf Outlet Store\",\"publisher\":{\"@id\":\"https:\/\/catalogo.glassingmonkey.com\/es\/#organization\"},\"potentialAction\":[{\"@type\":\"SearchAction\",\"target\":{\"@type\":\"EntryPoint\",\"urlTemplate\":\"https:\/\/catalogo.glassingmonkey.com\/es\/?s={search_term_string}\"},\"query-input\":{\"@type\":\"PropertyValueSpecification\",\"valueRequired\":true,\"valueName\":\"search_term_string\"}}],\"inLanguage\":\"es\"},{\"@type\":\"Organization\",\"@id\":\"https:\/\/catalogo.glassingmonkey.com\/es\/#organization\",\"name\":\"Glassing Monkey\",\"url\":\"https:\/\/catalogo.glassingmonkey.com\/es\/\",\"logo\":{\"@type\":\"ImageObject\",\"inLanguage\":\"es\",\"@id\":\"https:\/\/catalogo.glassingmonkey.com\/es\/#\/schema\/logo\/image\/\",\"url\":\"https:\/\/glassingmonkey.com\/wp-content\/uploads\/2022\/02\/cropped-favicon.png\",\"contentUrl\":\"https:\/\/glassingmonkey.com\/wp-content\/uploads\/2022\/02\/cropped-favicon.png\",\"width\":512,\"height\":512,\"caption\":\"Glassing Monkey\"},\"image\":{\"@id\":\"https:\/\/catalogo.glassingmonkey.com\/es\/#\/schema\/logo\/image\/\"},\"sameAs\":[\"https:\/\/facebook.com\/glassingmonkey\"]}]}<\/script>\n<meta property=\"product:brand\" content=\"Matt Penn Surfboards\" \/>\n<meta property=\"og:availability\" content=\"instock\" \/>\n<meta property=\"product:availability\" content=\"instock\" \/>\n<meta property=\"product:retailer_item_id\" content=\"0000037\" \/>\n<meta property=\"product:condition\" content=\"new\" \/>\n<!-- \/ Yoast SEO plugin. -->","yoast_head_json":{"title":"Matt Penn Hell Cat | Matt Penn Surfboards | Glassing Monkey","description":"Surf Shop | Buy Matt Penn Hell Cat from Matt Penn Surfboards at the best price in Glassing Monkey Surf Factory | Especiales, Tablas de surf","robots":{"index":"index","follow":"follow","max-snippet":"max-snippet:-1","max-image-preview":"max-image-preview:large","max-video-preview":"max-video-preview:-1"},"canonical":"https:\/\/catalogo.glassingmonkey.com\/es\/tienda\/especiales\/matt-penn-hell-cat\/","og_locale":"es_ES","og_type":"article","og_title":"Matt Penn Hell Cat | Matt Penn Surfboards | Glassing Monkey","og_description":"Surf Shop | Buy Matt Penn Hell Cat from Matt Penn Surfboards at the best price in Glassing Monkey Surf Factory | Especiales, Tablas de surf","og_url":"https:\/\/catalogo.glassingmonkey.com\/es\/tienda\/especiales\/matt-penn-hell-cat\/","og_site_name":"Glassing Monkey","article_publisher":"https:\/\/facebook.com\/glassingmonkey","article_modified_time":"2024-06-05T10:37:27+00:00","og_image":[{"width":600,"height":300,"url":"https:\/\/catalogo.glassingmonkey.com\/wp-content\/uploads\/2022\/05\/glassing-monkey-matt-penn-surfboards-hell-cat.png","type":"image\/png"}],"twitter_card":"summary_large_image","twitter_misc":{"Availability":"In stock"},"schema":{"@context":"https:\/\/schema.org","@graph":[{"@type":"WebPage","@id":"https:\/\/catalogo.glassingmonkey.com\/es\/tienda\/especiales\/matt-penn-hell-cat\/","url":"https:\/\/catalogo.glassingmonkey.com\/es\/tienda\/especiales\/matt-penn-hell-cat\/","name":"Matt Penn Hell Cat | Matt Penn Surfboards | Glassing Monkey","isPartOf":{"@id":"https:\/\/catalogo.glassingmonkey.com\/es\/#website"},"primaryImageOfPage":{"@id":"https:\/\/catalogo.glassingmonkey.com\/es\/tienda\/especiales\/matt-penn-hell-cat\/#primaryimage"},"image":{"@id":"https:\/\/catalogo.glassingmonkey.com\/es\/tienda\/especiales\/matt-penn-hell-cat\/#primaryimage"},"thumbnailUrl":"https:\/\/catalogo.glassingmonkey.com\/wp-content\/uploads\/2022\/05\/matt-penn-surfboards-hell-cat.png","datePublished":"2022-05-25T10:28:54+00:00","dateModified":"2024-06-05T10:37:27+00:00","description":"Surf Shop | Buy Matt Penn Hell Cat from Matt Penn Surfboards at the best price in Glassing Monkey Surf Factory | Especiales, Tablas de surf","breadcrumb":{"@id":"https:\/\/catalogo.glassingmonkey.com\/es\/tienda\/especiales\/matt-penn-hell-cat\/#breadcrumb"},"inLanguage":"es","potentialAction":[{"@type":"ReadAction","target":["https:\/\/catalogo.glassingmonkey.com\/es\/tienda\/especiales\/matt-penn-hell-cat\/"]}]},{"@type":"ImageObject","inLanguage":"es","@id":"https:\/\/catalogo.glassingmonkey.com\/es\/tienda\/especiales\/matt-penn-hell-cat\/#primaryimage","url":"https:\/\/catalogo.glassingmonkey.com\/wp-content\/uploads\/2022\/05\/matt-penn-surfboards-hell-cat.png","contentUrl":"https:\/\/catalogo.glassingmonkey.com\/wp-content\/uploads\/2022\/05\/matt-penn-surfboards-hell-cat.png","width":600,"height":750},{"@type":"BreadcrumbList","@id":"https:\/\/catalogo.glassingmonkey.com\/es\/tienda\/especiales\/matt-penn-hell-cat\/#breadcrumb","itemListElement":[{"@type":"ListItem","position":1,"name":"Home","item":"https:\/\/catalogo.glassingmonkey.com\/es\/"},{"@type":"ListItem","position":2,"name":"Productos"},{"@type":"ListItem","position":3,"name":"Matt Penn Hell Cat"}]},{"@type":"WebSite","@id":"https:\/\/catalogo.glassingmonkey.com\/es\/#website","url":"https:\/\/catalogo.glassingmonkey.com\/es\/","name":"Glassing Monkey","description":"Surf Shop - Surf Outlet Store","publisher":{"@id":"https:\/\/catalogo.glassingmonkey.com\/es\/#organization"},"potentialAction":[{"@type":"SearchAction","target":{"@type":"EntryPoint","urlTemplate":"https:\/\/catalogo.glassingmonkey.com\/es\/?s={search_term_string}"},"query-input":{"@type":"PropertyValueSpecification","valueRequired":true,"valueName":"search_term_string"}}],"inLanguage":"es"},{"@type":"Organization","@id":"https:\/\/catalogo.glassingmonkey.com\/es\/#organization","name":"Glassing Monkey","url":"https:\/\/catalogo.glassingmonkey.com\/es\/","logo":{"@type":"ImageObject","inLanguage":"es","@id":"https:\/\/catalogo.glassingmonkey.com\/es\/#\/schema\/logo\/image\/","url":"https:\/\/glassingmonkey.com\/wp-content\/uploads\/2022\/02\/cropped-favicon.png","contentUrl":"https:\/\/glassingmonkey.com\/wp-content\/uploads\/2022\/02\/cropped-favicon.png","width":512,"height":512,"caption":"Glassing Monkey"},"image":{"@id":"https:\/\/catalogo.glassingmonkey.com\/es\/#\/schema\/logo\/image\/"},"sameAs":["https:\/\/facebook.com\/glassingmonkey"]}]},"product_brand":"Matt Penn Surfboards","og_availability":"instock","product_availability":"instock","product_retailer_item_id":"0000037","product_condition":"new"},"_links":{"self":[{"href":"https:\/\/catalogo.glassingmonkey.com\/es\/wp-json\/wp\/v2\/product\/13461","targetHints":{"allow":["GET"]}}],"collection":[{"href":"https:\/\/catalogo.glassingmonkey.com\/es\/wp-json\/wp\/v2\/product"}],"about":[{"href":"https:\/\/catalogo.glassingmonkey.com\/es\/wp-json\/wp\/v2\/types\/product"}],"version-history":[{"count":1,"href":"https:\/\/catalogo.glassingmonkey.com\/es\/wp-json\/wp\/v2\/product\/13461\/revisions"}],"predecessor-version":[{"id":15048,"href":"https:\/\/catalogo.glassingmonkey.com\/es\/wp-json\/wp\/v2\/product\/13461\/revisions\/15048"}],"wp:featuredmedia":[{"embeddable":true,"href":"https:\/\/catalogo.glassingmonkey.com\/es\/wp-json\/wp\/v2\/media\/9046"}],"wp:attachment":[{"href":"https:\/\/catalogo.glassingmonkey.com\/es\/wp-json\/wp\/v2\/media?parent=13461"}],"wp:term":[{"taxonomy":"product_brand","embeddable":true,"href":"https:\/\/catalogo.glassingmonkey.com\/es\/wp-json\/wp\/v2\/product_brand?post=13461"},{"taxonomy":"product_cat","embeddable":true,"href":"https:\/\/catalogo.glassingmonkey.com\/es\/wp-json\/wp\/v2\/product_cat?post=13461"},{"taxonomy":"product_tag","embeddable":true,"href":"https:\/\/catalogo.glassingmonkey.com\/es\/wp-json\/wp\/v2\/product_tag?post=13461"}],"curies":[{"name":"wp","href":"https:\/\/api.w.org\/{rel}","templated":true}]}}