{"id":13456,"date":"2022-05-25T09:58:11","date_gmt":"2022-05-25T09:58:11","guid":{"rendered":"https:\/\/glassingmonkey.com\/shop\/sin%20categor\u00eda\/vampiro-malvado-gemelo\/"},"modified":"2024-06-06T10:02:43","modified_gmt":"2024-06-06T10:02:43","slug":"vampirate-evil-twin","status":"publish","type":"product","link":"https:\/\/catalogo.glassingmonkey.com\/es\/tienda\/aleta-gemela\/vampirate-evil-twin\/","title":{"rendered":"Vampirate Evil Twin"},"content":{"rendered":"<p>La Evil Twin es una tabla de rendimiento divertido que se ilumina en todas las condiciones. Dise\u00f1ado como tu cl\u00e1sico pez retro, pero con balancines y ra\u00edles modernos para un mayor rendimiento.<\/p>\n<p>Surfea sobre cualquier cosa con mucha velocidad y un remo f\u00e1cil.<\/p>\n","protected":false},"excerpt":{"rendered":"<p>Surf r\u00e1pido y divertido con impulso desde el fondo.<\/p>\n<p>El Vampirate Evil Twin se puede surfear bien y corto, lo que lo hace maniobrable en el bolsillo de la ola. La corta longitud y la anchura extra hacen que esta tabla sea ideal para divertirse en peque\u00f1as rompientes de arrecife y beachies.<\/p>\n","protected":false},"featured_media":9214,"template":"","meta":{"_joinchat":[]},"product_brand":[1162],"product_cat":[1212,269,1832],"product_tag":[1635],"class_list":{"0":"post-13456","1":"product","2":"type-product","3":"status-publish","4":"has-post-thumbnail","6":"product_brand-vampirate-surfboards","7":"product_cat-aleta-gemela","8":"product_cat-tablas-de-surf","9":"product_cat-twin-fin-2","10":"product_tag-aleta-gemela","11":"pa_length-71","12":"pa_length-192","13":"pa_length-55","14":"pa_length-70","15":"pa_length-94","16":"pa_model-gemelo-malvado","17":"pa_shaper-vampirate-surfboards","18":"pa_thickness-2-1-2-es","19":"pa_thickness-2-3-4-es","20":"pa_thickness-2-3-8-es","21":"pa_thickness-2-5-8-es","22":"pa_thickness-2-7-8-es","23":"pa_volume-28-99-l","24":"pa_volume-3177-l","25":"pa_volume-3494-l","26":"pa_volume-3814-l","27":"pa_volume-41-23-l","28":"pa_width-19-3-4-es","29":"pa_width-20-1-2-es","30":"pa_width-20-1-4-es","31":"pa_width-20-3-8-es","32":"pa_width-20-es","34":"first","35":"instock","36":"sale","37":"shipping-taxable","38":"purchasable","39":"product-type-variable"},"yoast_head":"<!-- This site is optimized with the Yoast SEO plugin v26.5 - https:\/\/yoast.com\/wordpress\/plugins\/seo\/ -->\n<title>Vampirate Evil Twin | Vampirate Surfboards | Glassing Monkey<\/title>\n<meta name=\"description\" content=\"Surf Shop | Buy Vampirate Evil Twin from Vampirate Surfboards at the best price in Glassing Monkey Surf Factory | Aleta gemela, Tablas de surf, Twin Fin\" \/>\n<meta name=\"robots\" content=\"index, follow, max-snippet:-1, max-image-preview:large, max-video-preview:-1\" \/>\n<link rel=\"canonical\" href=\"https:\/\/catalogo.glassingmonkey.com\/es\/tienda\/aleta-gemela\/vampirate-evil-twin\/\" \/>\n<meta property=\"og:locale\" content=\"es_ES\" \/>\n<meta property=\"og:type\" content=\"article\" \/>\n<meta property=\"og:title\" content=\"Vampirate Evil Twin | Vampirate Surfboards | Glassing Monkey\" \/>\n<meta property=\"og:description\" content=\"Surf Shop | Buy Vampirate Evil Twin from Vampirate Surfboards at the best price in Glassing Monkey Surf Factory | Aleta gemela, Tablas de surf, Twin Fin\" \/>\n<meta property=\"og:url\" content=\"https:\/\/catalogo.glassingmonkey.com\/es\/tienda\/aleta-gemela\/vampirate-evil-twin\/\" \/>\n<meta property=\"og:site_name\" content=\"Glassing Monkey\" \/>\n<meta property=\"article:publisher\" content=\"https:\/\/facebook.com\/glassingmonkey\" \/>\n<meta property=\"article:modified_time\" content=\"2024-06-06T10:02:43+00:00\" \/>\n<meta property=\"og:image\" content=\"https:\/\/catalogo.glassingmonkey.com\/wp-content\/uploads\/2022\/05\/glassing-monkey-vampirate-surfboards-evil-twin.png\" \/>\n\t<meta property=\"og:image:width\" content=\"600\" \/>\n\t<meta property=\"og:image:height\" content=\"300\" \/>\n\t<meta property=\"og:image:type\" content=\"image\/png\" \/>\n<meta name=\"twitter:card\" content=\"summary_large_image\" \/>\n<meta name=\"twitter:label1\" content=\"Availability\" \/>\n\t<meta name=\"twitter:data1\" content=\"In stock\" \/>\n<script type=\"application\/ld+json\" class=\"yoast-schema-graph\">{\"@context\":\"https:\/\/schema.org\",\"@graph\":[{\"@type\":\"WebPage\",\"@id\":\"https:\/\/catalogo.glassingmonkey.com\/es\/tienda\/aleta-gemela\/vampirate-evil-twin\/\",\"url\":\"https:\/\/catalogo.glassingmonkey.com\/es\/tienda\/aleta-gemela\/vampirate-evil-twin\/\",\"name\":\"Vampirate Evil Twin | Vampirate Surfboards | Glassing Monkey\",\"isPartOf\":{\"@id\":\"https:\/\/catalogo.glassingmonkey.com\/es\/#website\"},\"primaryImageOfPage\":{\"@id\":\"https:\/\/catalogo.glassingmonkey.com\/es\/tienda\/aleta-gemela\/vampirate-evil-twin\/#primaryimage\"},\"image\":{\"@id\":\"https:\/\/catalogo.glassingmonkey.com\/es\/tienda\/aleta-gemela\/vampirate-evil-twin\/#primaryimage\"},\"thumbnailUrl\":\"https:\/\/catalogo.glassingmonkey.com\/wp-content\/uploads\/2022\/05\/vampirate-surfboards-evil-twin.png\",\"datePublished\":\"2022-05-25T09:58:11+00:00\",\"dateModified\":\"2024-06-06T10:02:43+00:00\",\"description\":\"Surf Shop | Buy Vampirate Evil Twin from Vampirate Surfboards at the best price in Glassing Monkey Surf Factory | Aleta gemela, Tablas de surf, Twin Fin\",\"breadcrumb\":{\"@id\":\"https:\/\/catalogo.glassingmonkey.com\/es\/tienda\/aleta-gemela\/vampirate-evil-twin\/#breadcrumb\"},\"inLanguage\":\"es\",\"potentialAction\":[{\"@type\":\"ReadAction\",\"target\":[\"https:\/\/catalogo.glassingmonkey.com\/es\/tienda\/aleta-gemela\/vampirate-evil-twin\/\"]}]},{\"@type\":\"ImageObject\",\"inLanguage\":\"es\",\"@id\":\"https:\/\/catalogo.glassingmonkey.com\/es\/tienda\/aleta-gemela\/vampirate-evil-twin\/#primaryimage\",\"url\":\"https:\/\/catalogo.glassingmonkey.com\/wp-content\/uploads\/2022\/05\/vampirate-surfboards-evil-twin.png\",\"contentUrl\":\"https:\/\/catalogo.glassingmonkey.com\/wp-content\/uploads\/2022\/05\/vampirate-surfboards-evil-twin.png\",\"width\":600,\"height\":750},{\"@type\":\"BreadcrumbList\",\"@id\":\"https:\/\/catalogo.glassingmonkey.com\/es\/tienda\/aleta-gemela\/vampirate-evil-twin\/#breadcrumb\",\"itemListElement\":[{\"@type\":\"ListItem\",\"position\":1,\"name\":\"Home\",\"item\":\"https:\/\/catalogo.glassingmonkey.com\/es\/\"},{\"@type\":\"ListItem\",\"position\":2,\"name\":\"Productos\"},{\"@type\":\"ListItem\",\"position\":3,\"name\":\"Vampirate Evil Twin\"}]},{\"@type\":\"WebSite\",\"@id\":\"https:\/\/catalogo.glassingmonkey.com\/es\/#website\",\"url\":\"https:\/\/catalogo.glassingmonkey.com\/es\/\",\"name\":\"Glassing Monkey\",\"description\":\"Surf Shop - Surf Outlet Store\",\"publisher\":{\"@id\":\"https:\/\/catalogo.glassingmonkey.com\/es\/#organization\"},\"potentialAction\":[{\"@type\":\"SearchAction\",\"target\":{\"@type\":\"EntryPoint\",\"urlTemplate\":\"https:\/\/catalogo.glassingmonkey.com\/es\/?s={search_term_string}\"},\"query-input\":{\"@type\":\"PropertyValueSpecification\",\"valueRequired\":true,\"valueName\":\"search_term_string\"}}],\"inLanguage\":\"es\"},{\"@type\":\"Organization\",\"@id\":\"https:\/\/catalogo.glassingmonkey.com\/es\/#organization\",\"name\":\"Glassing Monkey\",\"url\":\"https:\/\/catalogo.glassingmonkey.com\/es\/\",\"logo\":{\"@type\":\"ImageObject\",\"inLanguage\":\"es\",\"@id\":\"https:\/\/catalogo.glassingmonkey.com\/es\/#\/schema\/logo\/image\/\",\"url\":\"https:\/\/glassingmonkey.com\/wp-content\/uploads\/2022\/02\/cropped-favicon.png\",\"contentUrl\":\"https:\/\/glassingmonkey.com\/wp-content\/uploads\/2022\/02\/cropped-favicon.png\",\"width\":512,\"height\":512,\"caption\":\"Glassing Monkey\"},\"image\":{\"@id\":\"https:\/\/catalogo.glassingmonkey.com\/es\/#\/schema\/logo\/image\/\"},\"sameAs\":[\"https:\/\/facebook.com\/glassingmonkey\"]}]}<\/script>\n<meta property=\"product:brand\" content=\"Vampirate Surfboards\" \/>\n<meta property=\"og:availability\" content=\"instock\" \/>\n<meta property=\"product:availability\" content=\"instock\" \/>\n<meta property=\"product:retailer_item_id\" content=\"0000031\" \/>\n<meta property=\"product:condition\" content=\"new\" \/>\n<!-- \/ Yoast SEO plugin. -->","yoast_head_json":{"title":"Vampirate Evil Twin | Vampirate Surfboards | Glassing Monkey","description":"Surf Shop | Buy Vampirate Evil Twin from Vampirate Surfboards at the best price in Glassing Monkey Surf Factory | Aleta gemela, Tablas de surf, Twin Fin","robots":{"index":"index","follow":"follow","max-snippet":"max-snippet:-1","max-image-preview":"max-image-preview:large","max-video-preview":"max-video-preview:-1"},"canonical":"https:\/\/catalogo.glassingmonkey.com\/es\/tienda\/aleta-gemela\/vampirate-evil-twin\/","og_locale":"es_ES","og_type":"article","og_title":"Vampirate Evil Twin | Vampirate Surfboards | Glassing Monkey","og_description":"Surf Shop | Buy Vampirate Evil Twin from Vampirate Surfboards at the best price in Glassing Monkey Surf Factory | Aleta gemela, Tablas de surf, Twin Fin","og_url":"https:\/\/catalogo.glassingmonkey.com\/es\/tienda\/aleta-gemela\/vampirate-evil-twin\/","og_site_name":"Glassing Monkey","article_publisher":"https:\/\/facebook.com\/glassingmonkey","article_modified_time":"2024-06-06T10:02:43+00:00","og_image":[{"width":600,"height":300,"url":"https:\/\/catalogo.glassingmonkey.com\/wp-content\/uploads\/2022\/05\/glassing-monkey-vampirate-surfboards-evil-twin.png","type":"image\/png"}],"twitter_card":"summary_large_image","twitter_misc":{"Availability":"In stock"},"schema":{"@context":"https:\/\/schema.org","@graph":[{"@type":"WebPage","@id":"https:\/\/catalogo.glassingmonkey.com\/es\/tienda\/aleta-gemela\/vampirate-evil-twin\/","url":"https:\/\/catalogo.glassingmonkey.com\/es\/tienda\/aleta-gemela\/vampirate-evil-twin\/","name":"Vampirate Evil Twin | Vampirate Surfboards | Glassing Monkey","isPartOf":{"@id":"https:\/\/catalogo.glassingmonkey.com\/es\/#website"},"primaryImageOfPage":{"@id":"https:\/\/catalogo.glassingmonkey.com\/es\/tienda\/aleta-gemela\/vampirate-evil-twin\/#primaryimage"},"image":{"@id":"https:\/\/catalogo.glassingmonkey.com\/es\/tienda\/aleta-gemela\/vampirate-evil-twin\/#primaryimage"},"thumbnailUrl":"https:\/\/catalogo.glassingmonkey.com\/wp-content\/uploads\/2022\/05\/vampirate-surfboards-evil-twin.png","datePublished":"2022-05-25T09:58:11+00:00","dateModified":"2024-06-06T10:02:43+00:00","description":"Surf Shop | Buy Vampirate Evil Twin from Vampirate Surfboards at the best price in Glassing Monkey Surf Factory | Aleta gemela, Tablas de surf, Twin Fin","breadcrumb":{"@id":"https:\/\/catalogo.glassingmonkey.com\/es\/tienda\/aleta-gemela\/vampirate-evil-twin\/#breadcrumb"},"inLanguage":"es","potentialAction":[{"@type":"ReadAction","target":["https:\/\/catalogo.glassingmonkey.com\/es\/tienda\/aleta-gemela\/vampirate-evil-twin\/"]}]},{"@type":"ImageObject","inLanguage":"es","@id":"https:\/\/catalogo.glassingmonkey.com\/es\/tienda\/aleta-gemela\/vampirate-evil-twin\/#primaryimage","url":"https:\/\/catalogo.glassingmonkey.com\/wp-content\/uploads\/2022\/05\/vampirate-surfboards-evil-twin.png","contentUrl":"https:\/\/catalogo.glassingmonkey.com\/wp-content\/uploads\/2022\/05\/vampirate-surfboards-evil-twin.png","width":600,"height":750},{"@type":"BreadcrumbList","@id":"https:\/\/catalogo.glassingmonkey.com\/es\/tienda\/aleta-gemela\/vampirate-evil-twin\/#breadcrumb","itemListElement":[{"@type":"ListItem","position":1,"name":"Home","item":"https:\/\/catalogo.glassingmonkey.com\/es\/"},{"@type":"ListItem","position":2,"name":"Productos"},{"@type":"ListItem","position":3,"name":"Vampirate Evil Twin"}]},{"@type":"WebSite","@id":"https:\/\/catalogo.glassingmonkey.com\/es\/#website","url":"https:\/\/catalogo.glassingmonkey.com\/es\/","name":"Glassing Monkey","description":"Surf Shop - Surf Outlet Store","publisher":{"@id":"https:\/\/catalogo.glassingmonkey.com\/es\/#organization"},"potentialAction":[{"@type":"SearchAction","target":{"@type":"EntryPoint","urlTemplate":"https:\/\/catalogo.glassingmonkey.com\/es\/?s={search_term_string}"},"query-input":{"@type":"PropertyValueSpecification","valueRequired":true,"valueName":"search_term_string"}}],"inLanguage":"es"},{"@type":"Organization","@id":"https:\/\/catalogo.glassingmonkey.com\/es\/#organization","name":"Glassing Monkey","url":"https:\/\/catalogo.glassingmonkey.com\/es\/","logo":{"@type":"ImageObject","inLanguage":"es","@id":"https:\/\/catalogo.glassingmonkey.com\/es\/#\/schema\/logo\/image\/","url":"https:\/\/glassingmonkey.com\/wp-content\/uploads\/2022\/02\/cropped-favicon.png","contentUrl":"https:\/\/glassingmonkey.com\/wp-content\/uploads\/2022\/02\/cropped-favicon.png","width":512,"height":512,"caption":"Glassing Monkey"},"image":{"@id":"https:\/\/catalogo.glassingmonkey.com\/es\/#\/schema\/logo\/image\/"},"sameAs":["https:\/\/facebook.com\/glassingmonkey"]}]},"product_brand":"Vampirate Surfboards","og_availability":"instock","product_availability":"instock","product_retailer_item_id":"0000031","product_condition":"new"},"_links":{"self":[{"href":"https:\/\/catalogo.glassingmonkey.com\/es\/wp-json\/wp\/v2\/product\/13456","targetHints":{"allow":["GET"]}}],"collection":[{"href":"https:\/\/catalogo.glassingmonkey.com\/es\/wp-json\/wp\/v2\/product"}],"about":[{"href":"https:\/\/catalogo.glassingmonkey.com\/es\/wp-json\/wp\/v2\/types\/product"}],"version-history":[{"count":2,"href":"https:\/\/catalogo.glassingmonkey.com\/es\/wp-json\/wp\/v2\/product\/13456\/revisions"}],"predecessor-version":[{"id":15044,"href":"https:\/\/catalogo.glassingmonkey.com\/es\/wp-json\/wp\/v2\/product\/13456\/revisions\/15044"}],"wp:featuredmedia":[{"embeddable":true,"href":"https:\/\/catalogo.glassingmonkey.com\/es\/wp-json\/wp\/v2\/media\/9214"}],"wp:attachment":[{"href":"https:\/\/catalogo.glassingmonkey.com\/es\/wp-json\/wp\/v2\/media?parent=13456"}],"wp:term":[{"taxonomy":"product_brand","embeddable":true,"href":"https:\/\/catalogo.glassingmonkey.com\/es\/wp-json\/wp\/v2\/product_brand?post=13456"},{"taxonomy":"product_cat","embeddable":true,"href":"https:\/\/catalogo.glassingmonkey.com\/es\/wp-json\/wp\/v2\/product_cat?post=13456"},{"taxonomy":"product_tag","embeddable":true,"href":"https:\/\/catalogo.glassingmonkey.com\/es\/wp-json\/wp\/v2\/product_tag?post=13456"}],"curies":[{"name":"wp","href":"https:\/\/api.w.org\/{rel}","templated":true}]}}