{"id":13441,"date":"2022-05-26T09:31:09","date_gmt":"2022-05-26T09:31:09","guid":{"rendered":"https:\/\/glassingmonkey.com\/shop\/sin%20categor\u00eda\/quimica-estandar\/"},"modified":"2024-06-05T09:49:45","modified_gmt":"2024-06-05T09:49:45","slug":"chemistry-standard","status":"publish","type":"product","link":"https:\/\/catalogo.glassingmonkey.com\/es\/tienda\/longboards-es\/chemistry-standard\/","title":{"rendered":"Chemistry Standard"},"content":{"rendered":"<p>La l\u00ednea Cursive no estar\u00eda completa sin un jinete de nariz tradicional.<\/p>\n<p>La Standard se construy\u00f3 para planear y montar de morro. Este modelo tiene un profundo c\u00f3ncavo en forma de l\u00e1grima en la nariz que permite que la tabla tenga sustentaci\u00f3n cuando cuelga de diez.<\/p>\n","protected":false},"excerpt":{"rendered":"<p>La Standard tiene un rocker relajado, un morro y una cola m\u00e1s anchos, y un contorno m\u00e1s recto, todo lo cual ayuda a coger olas y te proporciona un deslizamiento adicional.<\/p>\n<p>Este modelo tiene ra\u00edles 50\/50, y la uve enrollada ayuda a realizar carvados amplios y giros de fondo prolongados. El Standard se surfea mejor en olas alineadas de estilo point break y viene con una caja de una sola aleta.<\/p>\n","protected":false},"featured_media":8805,"template":"","meta":{"_joinchat":[]},"product_brand":[1493],"product_cat":[1713,269],"product_tag":[1691],"class_list":{"0":"post-13441","1":"product","2":"type-product","3":"status-publish","4":"has-post-thumbnail","6":"product_brand-chemistry-surfboards-es","7":"product_cat-longboards-es","8":"product_cat-tablas-de-surf","9":"product_tag-linea-cursiva","10":"product_shipping_class-longboards-es","11":"pa_length-730","12":"pa_length-148","13":"pa_length-1099","14":"pa_length-144","15":"pa_length-236","16":"pa_length-510","17":"pa_length-735","18":"pa_model-estandar","19":"pa_shaper-chemistry-surfboards","20":"pa_thickness-2-7-8-es","21":"pa_thickness-2-es","22":"pa_thickness-3-1-4-es","23":"pa_thickness-3-1-8-es","24":"pa_thickness-3-3-16-es","25":"pa_thickness-3-es","26":"pa_width-21-es","27":"pa_width-22-1-2-es","28":"pa_width-22-3-4-es","29":"pa_width-22-5-8-es","30":"pa_width-23-1-4-es","31":"pa_width-23-1-8-es","32":"pa_width-23-5-16-es","33":"pa_width-23-es","35":"first","36":"instock","37":"sale","38":"shipping-taxable","39":"purchasable","40":"product-type-variable"},"yoast_head":"<!-- This site is optimized with the Yoast SEO plugin v26.5 - https:\/\/yoast.com\/wordpress\/plugins\/seo\/ -->\n<title>Chemistry Standard | Chemistry Surfboards | Glassing Monkey<\/title>\n<meta name=\"description\" content=\"Surf Shop | Buy Chemistry Standard from Chemistry Surfboards at the best price in Glassing Monkey Surf Factory | Longboards, Tablas de surf\" \/>\n<meta name=\"robots\" content=\"index, follow, max-snippet:-1, max-image-preview:large, max-video-preview:-1\" \/>\n<link rel=\"canonical\" href=\"https:\/\/catalogo.glassingmonkey.com\/es\/tienda\/longboards-es\/chemistry-standard\/\" \/>\n<meta property=\"og:locale\" content=\"es_ES\" \/>\n<meta property=\"og:type\" content=\"article\" \/>\n<meta property=\"og:title\" content=\"Chemistry Standard | Chemistry Surfboards | Glassing Monkey\" \/>\n<meta property=\"og:description\" content=\"Surf Shop | Buy Chemistry Standard from Chemistry Surfboards at the best price in Glassing Monkey Surf Factory | Longboards, Tablas de surf\" \/>\n<meta property=\"og:url\" content=\"https:\/\/catalogo.glassingmonkey.com\/es\/tienda\/longboards-es\/chemistry-standard\/\" \/>\n<meta property=\"og:site_name\" content=\"Glassing Monkey\" \/>\n<meta property=\"article:publisher\" content=\"https:\/\/facebook.com\/glassingmonkey\" \/>\n<meta property=\"article:modified_time\" content=\"2024-06-05T09:49:45+00:00\" \/>\n<meta property=\"og:image\" content=\"https:\/\/catalogo.glassingmonkey.com\/wp-content\/uploads\/2022\/05\/glassing-monkey-chemistry-surfboards-standard.png\" \/>\n\t<meta property=\"og:image:width\" content=\"600\" \/>\n\t<meta property=\"og:image:height\" content=\"300\" \/>\n\t<meta property=\"og:image:type\" content=\"image\/png\" \/>\n<meta name=\"twitter:card\" content=\"summary_large_image\" \/>\n<meta name=\"twitter:label1\" content=\"Availability\" \/>\n\t<meta name=\"twitter:data1\" content=\"In stock\" \/>\n<script type=\"application\/ld+json\" class=\"yoast-schema-graph\">{\"@context\":\"https:\/\/schema.org\",\"@graph\":[{\"@type\":\"WebPage\",\"@id\":\"https:\/\/catalogo.glassingmonkey.com\/es\/tienda\/longboards-es\/chemistry-standard\/\",\"url\":\"https:\/\/catalogo.glassingmonkey.com\/es\/tienda\/longboards-es\/chemistry-standard\/\",\"name\":\"Chemistry Standard | Chemistry Surfboards | Glassing Monkey\",\"isPartOf\":{\"@id\":\"https:\/\/catalogo.glassingmonkey.com\/es\/#website\"},\"primaryImageOfPage\":{\"@id\":\"https:\/\/catalogo.glassingmonkey.com\/es\/tienda\/longboards-es\/chemistry-standard\/#primaryimage\"},\"image\":{\"@id\":\"https:\/\/catalogo.glassingmonkey.com\/es\/tienda\/longboards-es\/chemistry-standard\/#primaryimage\"},\"thumbnailUrl\":\"https:\/\/catalogo.glassingmonkey.com\/wp-content\/uploads\/2022\/05\/chemistry-surfboards-standard.png\",\"datePublished\":\"2022-05-26T09:31:09+00:00\",\"dateModified\":\"2024-06-05T09:49:45+00:00\",\"description\":\"Surf Shop | Buy Chemistry Standard from Chemistry Surfboards at the best price in Glassing Monkey Surf Factory | Longboards, Tablas de surf\",\"breadcrumb\":{\"@id\":\"https:\/\/catalogo.glassingmonkey.com\/es\/tienda\/longboards-es\/chemistry-standard\/#breadcrumb\"},\"inLanguage\":\"es\",\"potentialAction\":[{\"@type\":\"ReadAction\",\"target\":[\"https:\/\/catalogo.glassingmonkey.com\/es\/tienda\/longboards-es\/chemistry-standard\/\"]}]},{\"@type\":\"ImageObject\",\"inLanguage\":\"es\",\"@id\":\"https:\/\/catalogo.glassingmonkey.com\/es\/tienda\/longboards-es\/chemistry-standard\/#primaryimage\",\"url\":\"https:\/\/catalogo.glassingmonkey.com\/wp-content\/uploads\/2022\/05\/chemistry-surfboards-standard.png\",\"contentUrl\":\"https:\/\/catalogo.glassingmonkey.com\/wp-content\/uploads\/2022\/05\/chemistry-surfboards-standard.png\",\"width\":600,\"height\":750},{\"@type\":\"BreadcrumbList\",\"@id\":\"https:\/\/catalogo.glassingmonkey.com\/es\/tienda\/longboards-es\/chemistry-standard\/#breadcrumb\",\"itemListElement\":[{\"@type\":\"ListItem\",\"position\":1,\"name\":\"Home\",\"item\":\"https:\/\/catalogo.glassingmonkey.com\/es\/\"},{\"@type\":\"ListItem\",\"position\":2,\"name\":\"Productos\"},{\"@type\":\"ListItem\",\"position\":3,\"name\":\"Chemistry Standard\"}]},{\"@type\":\"WebSite\",\"@id\":\"https:\/\/catalogo.glassingmonkey.com\/es\/#website\",\"url\":\"https:\/\/catalogo.glassingmonkey.com\/es\/\",\"name\":\"Glassing Monkey\",\"description\":\"Surf Shop - Surf Outlet Store\",\"publisher\":{\"@id\":\"https:\/\/catalogo.glassingmonkey.com\/es\/#organization\"},\"potentialAction\":[{\"@type\":\"SearchAction\",\"target\":{\"@type\":\"EntryPoint\",\"urlTemplate\":\"https:\/\/catalogo.glassingmonkey.com\/es\/?s={search_term_string}\"},\"query-input\":{\"@type\":\"PropertyValueSpecification\",\"valueRequired\":true,\"valueName\":\"search_term_string\"}}],\"inLanguage\":\"es\"},{\"@type\":\"Organization\",\"@id\":\"https:\/\/catalogo.glassingmonkey.com\/es\/#organization\",\"name\":\"Glassing Monkey\",\"url\":\"https:\/\/catalogo.glassingmonkey.com\/es\/\",\"logo\":{\"@type\":\"ImageObject\",\"inLanguage\":\"es\",\"@id\":\"https:\/\/catalogo.glassingmonkey.com\/es\/#\/schema\/logo\/image\/\",\"url\":\"https:\/\/glassingmonkey.com\/wp-content\/uploads\/2022\/02\/cropped-favicon.png\",\"contentUrl\":\"https:\/\/glassingmonkey.com\/wp-content\/uploads\/2022\/02\/cropped-favicon.png\",\"width\":512,\"height\":512,\"caption\":\"Glassing Monkey\"},\"image\":{\"@id\":\"https:\/\/catalogo.glassingmonkey.com\/es\/#\/schema\/logo\/image\/\"},\"sameAs\":[\"https:\/\/facebook.com\/glassingmonkey\"]}]}<\/script>\n<meta property=\"product:brand\" content=\"Chemistry Surfboards\" \/>\n<meta property=\"og:availability\" content=\"instock\" \/>\n<meta property=\"product:availability\" content=\"instock\" \/>\n<meta property=\"product:retailer_item_id\" content=\"0000090\" \/>\n<meta property=\"product:condition\" content=\"new\" \/>\n<!-- \/ Yoast SEO plugin. -->","yoast_head_json":{"title":"Chemistry Standard | Chemistry Surfboards | Glassing Monkey","description":"Surf Shop | Buy Chemistry Standard from Chemistry Surfboards at the best price in Glassing Monkey Surf Factory | Longboards, Tablas de surf","robots":{"index":"index","follow":"follow","max-snippet":"max-snippet:-1","max-image-preview":"max-image-preview:large","max-video-preview":"max-video-preview:-1"},"canonical":"https:\/\/catalogo.glassingmonkey.com\/es\/tienda\/longboards-es\/chemistry-standard\/","og_locale":"es_ES","og_type":"article","og_title":"Chemistry Standard | Chemistry Surfboards | Glassing Monkey","og_description":"Surf Shop | Buy Chemistry Standard from Chemistry Surfboards at the best price in Glassing Monkey Surf Factory | Longboards, Tablas de surf","og_url":"https:\/\/catalogo.glassingmonkey.com\/es\/tienda\/longboards-es\/chemistry-standard\/","og_site_name":"Glassing Monkey","article_publisher":"https:\/\/facebook.com\/glassingmonkey","article_modified_time":"2024-06-05T09:49:45+00:00","og_image":[{"width":600,"height":300,"url":"https:\/\/catalogo.glassingmonkey.com\/wp-content\/uploads\/2022\/05\/glassing-monkey-chemistry-surfboards-standard.png","type":"image\/png"}],"twitter_card":"summary_large_image","twitter_misc":{"Availability":"In stock"},"schema":{"@context":"https:\/\/schema.org","@graph":[{"@type":"WebPage","@id":"https:\/\/catalogo.glassingmonkey.com\/es\/tienda\/longboards-es\/chemistry-standard\/","url":"https:\/\/catalogo.glassingmonkey.com\/es\/tienda\/longboards-es\/chemistry-standard\/","name":"Chemistry Standard | Chemistry Surfboards | Glassing Monkey","isPartOf":{"@id":"https:\/\/catalogo.glassingmonkey.com\/es\/#website"},"primaryImageOfPage":{"@id":"https:\/\/catalogo.glassingmonkey.com\/es\/tienda\/longboards-es\/chemistry-standard\/#primaryimage"},"image":{"@id":"https:\/\/catalogo.glassingmonkey.com\/es\/tienda\/longboards-es\/chemistry-standard\/#primaryimage"},"thumbnailUrl":"https:\/\/catalogo.glassingmonkey.com\/wp-content\/uploads\/2022\/05\/chemistry-surfboards-standard.png","datePublished":"2022-05-26T09:31:09+00:00","dateModified":"2024-06-05T09:49:45+00:00","description":"Surf Shop | Buy Chemistry Standard from Chemistry Surfboards at the best price in Glassing Monkey Surf Factory | Longboards, Tablas de surf","breadcrumb":{"@id":"https:\/\/catalogo.glassingmonkey.com\/es\/tienda\/longboards-es\/chemistry-standard\/#breadcrumb"},"inLanguage":"es","potentialAction":[{"@type":"ReadAction","target":["https:\/\/catalogo.glassingmonkey.com\/es\/tienda\/longboards-es\/chemistry-standard\/"]}]},{"@type":"ImageObject","inLanguage":"es","@id":"https:\/\/catalogo.glassingmonkey.com\/es\/tienda\/longboards-es\/chemistry-standard\/#primaryimage","url":"https:\/\/catalogo.glassingmonkey.com\/wp-content\/uploads\/2022\/05\/chemistry-surfboards-standard.png","contentUrl":"https:\/\/catalogo.glassingmonkey.com\/wp-content\/uploads\/2022\/05\/chemistry-surfboards-standard.png","width":600,"height":750},{"@type":"BreadcrumbList","@id":"https:\/\/catalogo.glassingmonkey.com\/es\/tienda\/longboards-es\/chemistry-standard\/#breadcrumb","itemListElement":[{"@type":"ListItem","position":1,"name":"Home","item":"https:\/\/catalogo.glassingmonkey.com\/es\/"},{"@type":"ListItem","position":2,"name":"Productos"},{"@type":"ListItem","position":3,"name":"Chemistry Standard"}]},{"@type":"WebSite","@id":"https:\/\/catalogo.glassingmonkey.com\/es\/#website","url":"https:\/\/catalogo.glassingmonkey.com\/es\/","name":"Glassing Monkey","description":"Surf Shop - Surf Outlet Store","publisher":{"@id":"https:\/\/catalogo.glassingmonkey.com\/es\/#organization"},"potentialAction":[{"@type":"SearchAction","target":{"@type":"EntryPoint","urlTemplate":"https:\/\/catalogo.glassingmonkey.com\/es\/?s={search_term_string}"},"query-input":{"@type":"PropertyValueSpecification","valueRequired":true,"valueName":"search_term_string"}}],"inLanguage":"es"},{"@type":"Organization","@id":"https:\/\/catalogo.glassingmonkey.com\/es\/#organization","name":"Glassing Monkey","url":"https:\/\/catalogo.glassingmonkey.com\/es\/","logo":{"@type":"ImageObject","inLanguage":"es","@id":"https:\/\/catalogo.glassingmonkey.com\/es\/#\/schema\/logo\/image\/","url":"https:\/\/glassingmonkey.com\/wp-content\/uploads\/2022\/02\/cropped-favicon.png","contentUrl":"https:\/\/glassingmonkey.com\/wp-content\/uploads\/2022\/02\/cropped-favicon.png","width":512,"height":512,"caption":"Glassing Monkey"},"image":{"@id":"https:\/\/catalogo.glassingmonkey.com\/es\/#\/schema\/logo\/image\/"},"sameAs":["https:\/\/facebook.com\/glassingmonkey"]}]},"product_brand":"Chemistry Surfboards","og_availability":"instock","product_availability":"instock","product_retailer_item_id":"0000090","product_condition":"new"},"_links":{"self":[{"href":"https:\/\/catalogo.glassingmonkey.com\/es\/wp-json\/wp\/v2\/product\/13441","targetHints":{"allow":["GET"]}}],"collection":[{"href":"https:\/\/catalogo.glassingmonkey.com\/es\/wp-json\/wp\/v2\/product"}],"about":[{"href":"https:\/\/catalogo.glassingmonkey.com\/es\/wp-json\/wp\/v2\/types\/product"}],"version-history":[{"count":1,"href":"https:\/\/catalogo.glassingmonkey.com\/es\/wp-json\/wp\/v2\/product\/13441\/revisions"}],"predecessor-version":[{"id":15034,"href":"https:\/\/catalogo.glassingmonkey.com\/es\/wp-json\/wp\/v2\/product\/13441\/revisions\/15034"}],"wp:featuredmedia":[{"embeddable":true,"href":"https:\/\/catalogo.glassingmonkey.com\/es\/wp-json\/wp\/v2\/media\/8805"}],"wp:attachment":[{"href":"https:\/\/catalogo.glassingmonkey.com\/es\/wp-json\/wp\/v2\/media?parent=13441"}],"wp:term":[{"taxonomy":"product_brand","embeddable":true,"href":"https:\/\/catalogo.glassingmonkey.com\/es\/wp-json\/wp\/v2\/product_brand?post=13441"},{"taxonomy":"product_cat","embeddable":true,"href":"https:\/\/catalogo.glassingmonkey.com\/es\/wp-json\/wp\/v2\/product_cat?post=13441"},{"taxonomy":"product_tag","embeddable":true,"href":"https:\/\/catalogo.glassingmonkey.com\/es\/wp-json\/wp\/v2\/product_tag?post=13441"}],"curies":[{"name":"wp","href":"https:\/\/api.w.org\/{rel}","templated":true}]}}