{"id":13437,"date":"2022-05-26T09:37:33","date_gmt":"2022-05-26T09:37:33","guid":{"rendered":"https:\/\/glassingmonkey.com\/shop\/sin%20categor\u00eda\/quimica-gato-perezoso\/"},"modified":"2024-06-05T09:49:19","modified_gmt":"2024-06-05T09:49:19","slug":"chemistry-lazy-cat","status":"publish","type":"product","link":"https:\/\/catalogo.glassingmonkey.com\/es\/tienda\/funboards-es\/chemistry-lazy-cat\/","title":{"rendered":"Chemistry Lazy Cat"},"content":{"rendered":"<p>La segunda longitud media de nuestra Cursive Line.<\/p>\n<p>La Lazy Cat, una verdadera tabla de longitud media, tiene una amplia gama de olas en las que puede montarse. A\u00f1\u00e1dela a tu quiver como deslizadora en olas peque\u00f1as, o aprovecha su tama\u00f1o y surfea esta tabla en olas m\u00e1s grandes<\/p>\n","protected":false},"excerpt":{"rendered":"<p>Este modelo rema muy bien adentr\u00e1ndose en diversos tipos de oleaje.<\/p>\n<p>La Lazy Cat tiene mucho volumen hacia delante, lo que la convierte en una forma f\u00e1cil de usar, pero la cola retra\u00edda y la l\u00ednea inferior del ra\u00edl te permiten sacar tus giros de abajo y poner esta tabla sobre el ra\u00edl. El Lazy Cat puede montarse y pedirse con muchas opciones diferentes de aletas, siendo la configuraci\u00f3n de dos m\u00e1s una la m\u00e1s popular.<\/p>\n","protected":false},"featured_media":8728,"template":"","meta":{"_joinchat":[]},"product_brand":[1493],"product_cat":[1392,269],"product_tag":[1691],"class_list":{"0":"post-13437","1":"product","2":"type-product","3":"status-publish","4":"has-post-thumbnail","6":"product_brand-chemistry-surfboards-es","7":"product_cat-funboards-es","8":"product_cat-tablas-de-surf","9":"product_tag-linea-cursiva","10":"product_shipping_class-tablas-a-partir-de-67-es-2","11":"pa_length-94","12":"pa_length-132","13":"pa_length-120","14":"pa_length-134","15":"pa_length-217","16":"pa_length-123","17":"pa_length-221","18":"pa_length-127","19":"pa_model-gato-perezoso","20":"pa_shaper-chemistry-surfboards","21":"pa_thickness-1-1-2-es","22":"pa_thickness-2-3-4-es","23":"pa_thickness-2-7-8-es","24":"pa_thickness-3-es","25":"pa_width-18-es","26":"pa_width-21-5-8-es","27":"pa_width-21-1-2-es","28":"pa_width-21-3-4-es","29":"pa_width-22-1-2-es","30":"pa_width-22-1-8-es","31":"pa_width-22-5-16-es","32":"pa_width-22-es","34":"first","35":"instock","36":"sale","37":"shipping-taxable","38":"purchasable","39":"product-type-variable"},"yoast_head":"<!-- This site is optimized with the Yoast SEO plugin v26.5 - https:\/\/yoast.com\/wordpress\/plugins\/seo\/ -->\n<title>Chemistry Lazy Cat | Chemistry Surfboards | Glassing Monkey<\/title>\n<meta name=\"description\" content=\"Surf Shop | Buy Chemistry Lazy Cat from Chemistry Surfboards at the best price in Glassing Monkey Surf Factory | Funboards, Tablas de surf\" \/>\n<meta name=\"robots\" content=\"index, follow, max-snippet:-1, max-image-preview:large, max-video-preview:-1\" \/>\n<link rel=\"canonical\" href=\"https:\/\/catalogo.glassingmonkey.com\/es\/tienda\/funboards-es\/chemistry-lazy-cat\/\" \/>\n<meta property=\"og:locale\" content=\"es_ES\" \/>\n<meta property=\"og:type\" content=\"article\" \/>\n<meta property=\"og:title\" content=\"Chemistry Lazy Cat | Chemistry Surfboards | Glassing Monkey\" \/>\n<meta property=\"og:description\" content=\"Surf Shop | Buy Chemistry Lazy Cat from Chemistry Surfboards at the best price in Glassing Monkey Surf Factory | Funboards, Tablas de surf\" \/>\n<meta property=\"og:url\" content=\"https:\/\/catalogo.glassingmonkey.com\/es\/tienda\/funboards-es\/chemistry-lazy-cat\/\" \/>\n<meta property=\"og:site_name\" content=\"Glassing Monkey\" \/>\n<meta property=\"article:publisher\" content=\"https:\/\/facebook.com\/glassingmonkey\" \/>\n<meta property=\"article:modified_time\" content=\"2024-06-05T09:49:19+00:00\" \/>\n<meta property=\"og:image\" content=\"https:\/\/catalogo.glassingmonkey.com\/wp-content\/uploads\/2022\/05\/glassing-monkey-chemistry-surfboards-lazy-cat.png\" \/>\n\t<meta property=\"og:image:width\" content=\"600\" \/>\n\t<meta property=\"og:image:height\" content=\"300\" \/>\n\t<meta property=\"og:image:type\" content=\"image\/png\" \/>\n<meta name=\"twitter:card\" content=\"summary_large_image\" \/>\n<meta name=\"twitter:label1\" content=\"Availability\" \/>\n\t<meta name=\"twitter:data1\" content=\"In stock\" \/>\n<script type=\"application\/ld+json\" class=\"yoast-schema-graph\">{\"@context\":\"https:\/\/schema.org\",\"@graph\":[{\"@type\":\"WebPage\",\"@id\":\"https:\/\/catalogo.glassingmonkey.com\/es\/tienda\/funboards-es\/chemistry-lazy-cat\/\",\"url\":\"https:\/\/catalogo.glassingmonkey.com\/es\/tienda\/funboards-es\/chemistry-lazy-cat\/\",\"name\":\"Chemistry Lazy Cat | Chemistry Surfboards | Glassing Monkey\",\"isPartOf\":{\"@id\":\"https:\/\/catalogo.glassingmonkey.com\/es\/#website\"},\"primaryImageOfPage\":{\"@id\":\"https:\/\/catalogo.glassingmonkey.com\/es\/tienda\/funboards-es\/chemistry-lazy-cat\/#primaryimage\"},\"image\":{\"@id\":\"https:\/\/catalogo.glassingmonkey.com\/es\/tienda\/funboards-es\/chemistry-lazy-cat\/#primaryimage\"},\"thumbnailUrl\":\"https:\/\/catalogo.glassingmonkey.com\/wp-content\/uploads\/2022\/05\/chemistry-surfboards-lazy-cat.png\",\"datePublished\":\"2022-05-26T09:37:33+00:00\",\"dateModified\":\"2024-06-05T09:49:19+00:00\",\"description\":\"Surf Shop | Buy Chemistry Lazy Cat from Chemistry Surfboards at the best price in Glassing Monkey Surf Factory | Funboards, Tablas de surf\",\"breadcrumb\":{\"@id\":\"https:\/\/catalogo.glassingmonkey.com\/es\/tienda\/funboards-es\/chemistry-lazy-cat\/#breadcrumb\"},\"inLanguage\":\"es\",\"potentialAction\":[{\"@type\":\"ReadAction\",\"target\":[\"https:\/\/catalogo.glassingmonkey.com\/es\/tienda\/funboards-es\/chemistry-lazy-cat\/\"]}]},{\"@type\":\"ImageObject\",\"inLanguage\":\"es\",\"@id\":\"https:\/\/catalogo.glassingmonkey.com\/es\/tienda\/funboards-es\/chemistry-lazy-cat\/#primaryimage\",\"url\":\"https:\/\/catalogo.glassingmonkey.com\/wp-content\/uploads\/2022\/05\/chemistry-surfboards-lazy-cat.png\",\"contentUrl\":\"https:\/\/catalogo.glassingmonkey.com\/wp-content\/uploads\/2022\/05\/chemistry-surfboards-lazy-cat.png\",\"width\":600,\"height\":750},{\"@type\":\"BreadcrumbList\",\"@id\":\"https:\/\/catalogo.glassingmonkey.com\/es\/tienda\/funboards-es\/chemistry-lazy-cat\/#breadcrumb\",\"itemListElement\":[{\"@type\":\"ListItem\",\"position\":1,\"name\":\"Home\",\"item\":\"https:\/\/catalogo.glassingmonkey.com\/es\/\"},{\"@type\":\"ListItem\",\"position\":2,\"name\":\"Productos\"},{\"@type\":\"ListItem\",\"position\":3,\"name\":\"Chemistry Lazy Cat\"}]},{\"@type\":\"WebSite\",\"@id\":\"https:\/\/catalogo.glassingmonkey.com\/es\/#website\",\"url\":\"https:\/\/catalogo.glassingmonkey.com\/es\/\",\"name\":\"Glassing Monkey\",\"description\":\"Surf Shop - Surf Outlet Store\",\"publisher\":{\"@id\":\"https:\/\/catalogo.glassingmonkey.com\/es\/#organization\"},\"potentialAction\":[{\"@type\":\"SearchAction\",\"target\":{\"@type\":\"EntryPoint\",\"urlTemplate\":\"https:\/\/catalogo.glassingmonkey.com\/es\/?s={search_term_string}\"},\"query-input\":{\"@type\":\"PropertyValueSpecification\",\"valueRequired\":true,\"valueName\":\"search_term_string\"}}],\"inLanguage\":\"es\"},{\"@type\":\"Organization\",\"@id\":\"https:\/\/catalogo.glassingmonkey.com\/es\/#organization\",\"name\":\"Glassing Monkey\",\"url\":\"https:\/\/catalogo.glassingmonkey.com\/es\/\",\"logo\":{\"@type\":\"ImageObject\",\"inLanguage\":\"es\",\"@id\":\"https:\/\/catalogo.glassingmonkey.com\/es\/#\/schema\/logo\/image\/\",\"url\":\"https:\/\/glassingmonkey.com\/wp-content\/uploads\/2022\/02\/cropped-favicon.png\",\"contentUrl\":\"https:\/\/glassingmonkey.com\/wp-content\/uploads\/2022\/02\/cropped-favicon.png\",\"width\":512,\"height\":512,\"caption\":\"Glassing Monkey\"},\"image\":{\"@id\":\"https:\/\/catalogo.glassingmonkey.com\/es\/#\/schema\/logo\/image\/\"},\"sameAs\":[\"https:\/\/facebook.com\/glassingmonkey\"]}]}<\/script>\n<meta property=\"product:brand\" content=\"Chemistry Surfboards\" \/>\n<meta property=\"og:availability\" content=\"instock\" \/>\n<meta property=\"product:availability\" content=\"instock\" \/>\n<meta property=\"product:retailer_item_id\" content=\"0000091\" \/>\n<meta property=\"product:condition\" content=\"new\" \/>\n<!-- \/ Yoast SEO plugin. -->","yoast_head_json":{"title":"Chemistry Lazy Cat | Chemistry Surfboards | Glassing Monkey","description":"Surf Shop | Buy Chemistry Lazy Cat from Chemistry Surfboards at the best price in Glassing Monkey Surf Factory | Funboards, Tablas de surf","robots":{"index":"index","follow":"follow","max-snippet":"max-snippet:-1","max-image-preview":"max-image-preview:large","max-video-preview":"max-video-preview:-1"},"canonical":"https:\/\/catalogo.glassingmonkey.com\/es\/tienda\/funboards-es\/chemistry-lazy-cat\/","og_locale":"es_ES","og_type":"article","og_title":"Chemistry Lazy Cat | Chemistry Surfboards | Glassing Monkey","og_description":"Surf Shop | Buy Chemistry Lazy Cat from Chemistry Surfboards at the best price in Glassing Monkey Surf Factory | Funboards, Tablas de surf","og_url":"https:\/\/catalogo.glassingmonkey.com\/es\/tienda\/funboards-es\/chemistry-lazy-cat\/","og_site_name":"Glassing Monkey","article_publisher":"https:\/\/facebook.com\/glassingmonkey","article_modified_time":"2024-06-05T09:49:19+00:00","og_image":[{"width":600,"height":300,"url":"https:\/\/catalogo.glassingmonkey.com\/wp-content\/uploads\/2022\/05\/glassing-monkey-chemistry-surfboards-lazy-cat.png","type":"image\/png"}],"twitter_card":"summary_large_image","twitter_misc":{"Availability":"In stock"},"schema":{"@context":"https:\/\/schema.org","@graph":[{"@type":"WebPage","@id":"https:\/\/catalogo.glassingmonkey.com\/es\/tienda\/funboards-es\/chemistry-lazy-cat\/","url":"https:\/\/catalogo.glassingmonkey.com\/es\/tienda\/funboards-es\/chemistry-lazy-cat\/","name":"Chemistry Lazy Cat | Chemistry Surfboards | Glassing Monkey","isPartOf":{"@id":"https:\/\/catalogo.glassingmonkey.com\/es\/#website"},"primaryImageOfPage":{"@id":"https:\/\/catalogo.glassingmonkey.com\/es\/tienda\/funboards-es\/chemistry-lazy-cat\/#primaryimage"},"image":{"@id":"https:\/\/catalogo.glassingmonkey.com\/es\/tienda\/funboards-es\/chemistry-lazy-cat\/#primaryimage"},"thumbnailUrl":"https:\/\/catalogo.glassingmonkey.com\/wp-content\/uploads\/2022\/05\/chemistry-surfboards-lazy-cat.png","datePublished":"2022-05-26T09:37:33+00:00","dateModified":"2024-06-05T09:49:19+00:00","description":"Surf Shop | Buy Chemistry Lazy Cat from Chemistry Surfboards at the best price in Glassing Monkey Surf Factory | Funboards, Tablas de surf","breadcrumb":{"@id":"https:\/\/catalogo.glassingmonkey.com\/es\/tienda\/funboards-es\/chemistry-lazy-cat\/#breadcrumb"},"inLanguage":"es","potentialAction":[{"@type":"ReadAction","target":["https:\/\/catalogo.glassingmonkey.com\/es\/tienda\/funboards-es\/chemistry-lazy-cat\/"]}]},{"@type":"ImageObject","inLanguage":"es","@id":"https:\/\/catalogo.glassingmonkey.com\/es\/tienda\/funboards-es\/chemistry-lazy-cat\/#primaryimage","url":"https:\/\/catalogo.glassingmonkey.com\/wp-content\/uploads\/2022\/05\/chemistry-surfboards-lazy-cat.png","contentUrl":"https:\/\/catalogo.glassingmonkey.com\/wp-content\/uploads\/2022\/05\/chemistry-surfboards-lazy-cat.png","width":600,"height":750},{"@type":"BreadcrumbList","@id":"https:\/\/catalogo.glassingmonkey.com\/es\/tienda\/funboards-es\/chemistry-lazy-cat\/#breadcrumb","itemListElement":[{"@type":"ListItem","position":1,"name":"Home","item":"https:\/\/catalogo.glassingmonkey.com\/es\/"},{"@type":"ListItem","position":2,"name":"Productos"},{"@type":"ListItem","position":3,"name":"Chemistry Lazy Cat"}]},{"@type":"WebSite","@id":"https:\/\/catalogo.glassingmonkey.com\/es\/#website","url":"https:\/\/catalogo.glassingmonkey.com\/es\/","name":"Glassing Monkey","description":"Surf Shop - Surf Outlet Store","publisher":{"@id":"https:\/\/catalogo.glassingmonkey.com\/es\/#organization"},"potentialAction":[{"@type":"SearchAction","target":{"@type":"EntryPoint","urlTemplate":"https:\/\/catalogo.glassingmonkey.com\/es\/?s={search_term_string}"},"query-input":{"@type":"PropertyValueSpecification","valueRequired":true,"valueName":"search_term_string"}}],"inLanguage":"es"},{"@type":"Organization","@id":"https:\/\/catalogo.glassingmonkey.com\/es\/#organization","name":"Glassing Monkey","url":"https:\/\/catalogo.glassingmonkey.com\/es\/","logo":{"@type":"ImageObject","inLanguage":"es","@id":"https:\/\/catalogo.glassingmonkey.com\/es\/#\/schema\/logo\/image\/","url":"https:\/\/glassingmonkey.com\/wp-content\/uploads\/2022\/02\/cropped-favicon.png","contentUrl":"https:\/\/glassingmonkey.com\/wp-content\/uploads\/2022\/02\/cropped-favicon.png","width":512,"height":512,"caption":"Glassing Monkey"},"image":{"@id":"https:\/\/catalogo.glassingmonkey.com\/es\/#\/schema\/logo\/image\/"},"sameAs":["https:\/\/facebook.com\/glassingmonkey"]}]},"product_brand":"Chemistry Surfboards","og_availability":"instock","product_availability":"instock","product_retailer_item_id":"0000091","product_condition":"new"},"_links":{"self":[{"href":"https:\/\/catalogo.glassingmonkey.com\/es\/wp-json\/wp\/v2\/product\/13437","targetHints":{"allow":["GET"]}}],"collection":[{"href":"https:\/\/catalogo.glassingmonkey.com\/es\/wp-json\/wp\/v2\/product"}],"about":[{"href":"https:\/\/catalogo.glassingmonkey.com\/es\/wp-json\/wp\/v2\/types\/product"}],"version-history":[{"count":1,"href":"https:\/\/catalogo.glassingmonkey.com\/es\/wp-json\/wp\/v2\/product\/13437\/revisions"}],"predecessor-version":[{"id":15032,"href":"https:\/\/catalogo.glassingmonkey.com\/es\/wp-json\/wp\/v2\/product\/13437\/revisions\/15032"}],"wp:featuredmedia":[{"embeddable":true,"href":"https:\/\/catalogo.glassingmonkey.com\/es\/wp-json\/wp\/v2\/media\/8728"}],"wp:attachment":[{"href":"https:\/\/catalogo.glassingmonkey.com\/es\/wp-json\/wp\/v2\/media?parent=13437"}],"wp:term":[{"taxonomy":"product_brand","embeddable":true,"href":"https:\/\/catalogo.glassingmonkey.com\/es\/wp-json\/wp\/v2\/product_brand?post=13437"},{"taxonomy":"product_cat","embeddable":true,"href":"https:\/\/catalogo.glassingmonkey.com\/es\/wp-json\/wp\/v2\/product_cat?post=13437"},{"taxonomy":"product_tag","embeddable":true,"href":"https:\/\/catalogo.glassingmonkey.com\/es\/wp-json\/wp\/v2\/product_tag?post=13437"}],"curies":[{"name":"wp","href":"https:\/\/api.w.org\/{rel}","templated":true}]}}