{"id":13429,"date":"2022-05-25T21:22:55","date_gmt":"2022-05-25T21:22:55","guid":{"rendered":"https:\/\/glassingmonkey.com\/shop\/sin%20categor\u00eda\/quimica-robot-dos\/"},"modified":"2024-06-05T10:02:17","modified_gmt":"2024-06-05T10:02:17","slug":"chemistry-robot-two","status":"publish","type":"product","link":"https:\/\/catalogo.glassingmonkey.com\/es\/tienda\/tablas-de-surf\/chemistry-robot-two\/","title":{"rendered":"Chemistry Robot Two"},"content":{"rendered":"<p>Este pez tiene un c\u00f3ncavo simple a c\u00f3ncavo doble profundo en toda la cola de golondrina semiprofunda.<\/p>\n<p>La tabla tambi\u00e9n tiene una cadera desde 18&#8243; hacia atr\u00e1s, que mete la cola y crea un punto de giro del que carece un pez tradicional. La cola m\u00e1s estrecha permite un poco m\u00e1s de maniobrabilidad y m\u00e1s surf de arriba abajo.<\/p>\n<p>Completado con una configuraci\u00f3n de dos, cuatro o cinco aletas, elige montar tu Robotwo con m\u00faltiples estilos de configuraci\u00f3n.<\/p>\n","protected":false},"excerpt":{"rendered":"<p>El Robotwo es el pez que necesitas cuando surfeas olas por debajo de la media, u olas que requieren algo distinto a tu tabla corta de alto rendimiento.<\/p>\n<p>Quer\u00edamos ofrecerte un pez alternativo con caracter\u00edsticas de alto rendimiento para a\u00f1adir a tu carcaj. El Robotwo es tu pez de alto rendimiento cuando surfeas olas por debajo de la media, u olas que requieren algo distinto a tu tabla corta de alto rendimiento.<\/p>\n","protected":false},"featured_media":8785,"template":"","meta":{"_joinchat":[]},"product_brand":[1493],"product_cat":[269,1833],"product_tag":[1834],"class_list":{"0":"post-13429","1":"product","2":"type-product","3":"status-publish","4":"has-post-thumbnail","6":"product_brand-chemistry-surfboards-es","7":"product_cat-tablas-de-surf","8":"product_cat-olas-pequenas","9":"product_tag-olas-pequenas","10":"pa_length-71","11":"pa_length-91","12":"pa_length-192","13":"pa_length-152","14":"pa_length-55","15":"pa_length-69","16":"pa_length-70","17":"pa_length-63","18":"pa_length-94","19":"pa_length-768","20":"pa_length-189","21":"pa_model-robot-dos","22":"pa_shaper-chemistry-surfboards","23":"pa_thickness-2-1-2-es","24":"pa_thickness-2-1-4-es","25":"pa_thickness-2-1-8-es","26":"pa_thickness-2-3-16-es","27":"pa_thickness-2-3-4-es","28":"pa_thickness-2-3-8-es","29":"pa_thickness-2-5-16-es","30":"pa_thickness-2-5-8-es","31":"pa_thickness-2-7-16-es","32":"pa_thickness-3-es","33":"pa_volume-23-40-l","34":"pa_volume-25-l","35":"pa_volume-821","36":"pa_volume-2780-l","37":"pa_volume-2940-l","38":"pa_volume-3140-l","39":"pa_volume-334l","40":"pa_volume-3640-l","41":"pa_volume-3740-l","42":"pa_volume-4010-l","43":"pa_volume-45-30-l","44":"pa_width-19-1-2-es","45":"pa_width-19-1-4-es","46":"pa_width-19-3-4-es","47":"pa_width-19-es","48":"pa_width-20-1-2-es","49":"pa_width-20-es","50":"pa_width-21-1-2-es","51":"pa_width-21-3-4-es","52":"pa_width-21-es","53":"pa_width-22-1-2-es","54":"pa_width-22-es","56":"first","57":"instock","58":"sale","59":"shipping-taxable","60":"purchasable","61":"product-type-variable"},"yoast_head":"<!-- This site is optimized with the Yoast SEO plugin v26.5 - https:\/\/yoast.com\/wordpress\/plugins\/seo\/ -->\n<title>Chemistry Robot Two | Chemistry Surfboards | Glassing Monkey<\/title>\n<meta name=\"description\" content=\"Surf Shop | Buy Chemistry Robot Two from Chemistry Surfboards at the best price in Glassing Monkey Surf Factory | Tablas de surf, Olas Peque\u00f1as\" \/>\n<meta name=\"robots\" content=\"index, follow, max-snippet:-1, max-image-preview:large, max-video-preview:-1\" \/>\n<link rel=\"canonical\" href=\"https:\/\/catalogo.glassingmonkey.com\/es\/tienda\/tablas-de-surf\/chemistry-robot-two\/\" \/>\n<meta property=\"og:locale\" content=\"es_ES\" \/>\n<meta property=\"og:type\" content=\"article\" \/>\n<meta property=\"og:title\" content=\"Chemistry Robot Two | Chemistry Surfboards | Glassing Monkey\" \/>\n<meta property=\"og:description\" content=\"Surf Shop | Buy Chemistry Robot Two from Chemistry Surfboards at the best price in Glassing Monkey Surf Factory | Tablas de surf, Olas Peque\u00f1as\" \/>\n<meta property=\"og:url\" content=\"https:\/\/catalogo.glassingmonkey.com\/es\/tienda\/tablas-de-surf\/chemistry-robot-two\/\" \/>\n<meta property=\"og:site_name\" content=\"Glassing Monkey\" \/>\n<meta property=\"article:publisher\" content=\"https:\/\/facebook.com\/glassingmonkey\" \/>\n<meta property=\"article:modified_time\" content=\"2024-06-05T10:02:17+00:00\" \/>\n<meta property=\"og:image\" content=\"https:\/\/catalogo.glassingmonkey.com\/wp-content\/uploads\/2022\/05\/glassing-monkey-chemistry-surfboards-robot-two.png\" \/>\n\t<meta property=\"og:image:width\" content=\"600\" \/>\n\t<meta property=\"og:image:height\" content=\"300\" \/>\n\t<meta property=\"og:image:type\" content=\"image\/png\" \/>\n<meta name=\"twitter:card\" content=\"summary_large_image\" \/>\n<meta name=\"twitter:label1\" content=\"Availability\" \/>\n\t<meta name=\"twitter:data1\" content=\"In stock\" \/>\n<script type=\"application\/ld+json\" class=\"yoast-schema-graph\">{\"@context\":\"https:\/\/schema.org\",\"@graph\":[{\"@type\":\"WebPage\",\"@id\":\"https:\/\/catalogo.glassingmonkey.com\/es\/tienda\/tablas-de-surf\/chemistry-robot-two\/\",\"url\":\"https:\/\/catalogo.glassingmonkey.com\/es\/tienda\/tablas-de-surf\/chemistry-robot-two\/\",\"name\":\"Chemistry Robot Two | Chemistry Surfboards | Glassing Monkey\",\"isPartOf\":{\"@id\":\"https:\/\/catalogo.glassingmonkey.com\/es\/#website\"},\"primaryImageOfPage\":{\"@id\":\"https:\/\/catalogo.glassingmonkey.com\/es\/tienda\/tablas-de-surf\/chemistry-robot-two\/#primaryimage\"},\"image\":{\"@id\":\"https:\/\/catalogo.glassingmonkey.com\/es\/tienda\/tablas-de-surf\/chemistry-robot-two\/#primaryimage\"},\"thumbnailUrl\":\"https:\/\/catalogo.glassingmonkey.com\/wp-content\/uploads\/2022\/05\/chemistry-surfboards-robot-two.png\",\"datePublished\":\"2022-05-25T21:22:55+00:00\",\"dateModified\":\"2024-06-05T10:02:17+00:00\",\"description\":\"Surf Shop | Buy Chemistry Robot Two from Chemistry Surfboards at the best price in Glassing Monkey Surf Factory | Tablas de surf, Olas Peque\u00f1as\",\"breadcrumb\":{\"@id\":\"https:\/\/catalogo.glassingmonkey.com\/es\/tienda\/tablas-de-surf\/chemistry-robot-two\/#breadcrumb\"},\"inLanguage\":\"es\",\"potentialAction\":[{\"@type\":\"ReadAction\",\"target\":[\"https:\/\/catalogo.glassingmonkey.com\/es\/tienda\/tablas-de-surf\/chemistry-robot-two\/\"]}]},{\"@type\":\"ImageObject\",\"inLanguage\":\"es\",\"@id\":\"https:\/\/catalogo.glassingmonkey.com\/es\/tienda\/tablas-de-surf\/chemistry-robot-two\/#primaryimage\",\"url\":\"https:\/\/catalogo.glassingmonkey.com\/wp-content\/uploads\/2022\/05\/chemistry-surfboards-robot-two.png\",\"contentUrl\":\"https:\/\/catalogo.glassingmonkey.com\/wp-content\/uploads\/2022\/05\/chemistry-surfboards-robot-two.png\",\"width\":600,\"height\":750},{\"@type\":\"BreadcrumbList\",\"@id\":\"https:\/\/catalogo.glassingmonkey.com\/es\/tienda\/tablas-de-surf\/chemistry-robot-two\/#breadcrumb\",\"itemListElement\":[{\"@type\":\"ListItem\",\"position\":1,\"name\":\"Home\",\"item\":\"https:\/\/catalogo.glassingmonkey.com\/es\/\"},{\"@type\":\"ListItem\",\"position\":2,\"name\":\"Productos\"},{\"@type\":\"ListItem\",\"position\":3,\"name\":\"Chemistry Robot Two\"}]},{\"@type\":\"WebSite\",\"@id\":\"https:\/\/catalogo.glassingmonkey.com\/es\/#website\",\"url\":\"https:\/\/catalogo.glassingmonkey.com\/es\/\",\"name\":\"Glassing Monkey\",\"description\":\"Surf Shop - Surf Outlet Store\",\"publisher\":{\"@id\":\"https:\/\/catalogo.glassingmonkey.com\/es\/#organization\"},\"potentialAction\":[{\"@type\":\"SearchAction\",\"target\":{\"@type\":\"EntryPoint\",\"urlTemplate\":\"https:\/\/catalogo.glassingmonkey.com\/es\/?s={search_term_string}\"},\"query-input\":{\"@type\":\"PropertyValueSpecification\",\"valueRequired\":true,\"valueName\":\"search_term_string\"}}],\"inLanguage\":\"es\"},{\"@type\":\"Organization\",\"@id\":\"https:\/\/catalogo.glassingmonkey.com\/es\/#organization\",\"name\":\"Glassing Monkey\",\"url\":\"https:\/\/catalogo.glassingmonkey.com\/es\/\",\"logo\":{\"@type\":\"ImageObject\",\"inLanguage\":\"es\",\"@id\":\"https:\/\/catalogo.glassingmonkey.com\/es\/#\/schema\/logo\/image\/\",\"url\":\"https:\/\/glassingmonkey.com\/wp-content\/uploads\/2022\/02\/cropped-favicon.png\",\"contentUrl\":\"https:\/\/glassingmonkey.com\/wp-content\/uploads\/2022\/02\/cropped-favicon.png\",\"width\":512,\"height\":512,\"caption\":\"Glassing Monkey\"},\"image\":{\"@id\":\"https:\/\/catalogo.glassingmonkey.com\/es\/#\/schema\/logo\/image\/\"},\"sameAs\":[\"https:\/\/facebook.com\/glassingmonkey\"]}]}<\/script>\n<meta property=\"product:brand\" content=\"Chemistry Surfboards\" \/>\n<meta property=\"og:availability\" content=\"instock\" \/>\n<meta property=\"product:availability\" content=\"instock\" \/>\n<meta property=\"product:retailer_item_id\" content=\"0000069\" \/>\n<meta property=\"product:condition\" content=\"new\" \/>\n<!-- \/ Yoast SEO plugin. -->","yoast_head_json":{"title":"Chemistry Robot Two | Chemistry Surfboards | Glassing Monkey","description":"Surf Shop | Buy Chemistry Robot Two from Chemistry Surfboards at the best price in Glassing Monkey Surf Factory | Tablas de surf, Olas Peque\u00f1as","robots":{"index":"index","follow":"follow","max-snippet":"max-snippet:-1","max-image-preview":"max-image-preview:large","max-video-preview":"max-video-preview:-1"},"canonical":"https:\/\/catalogo.glassingmonkey.com\/es\/tienda\/tablas-de-surf\/chemistry-robot-two\/","og_locale":"es_ES","og_type":"article","og_title":"Chemistry Robot Two | Chemistry Surfboards | Glassing Monkey","og_description":"Surf Shop | Buy Chemistry Robot Two from Chemistry Surfboards at the best price in Glassing Monkey Surf Factory | Tablas de surf, Olas Peque\u00f1as","og_url":"https:\/\/catalogo.glassingmonkey.com\/es\/tienda\/tablas-de-surf\/chemistry-robot-two\/","og_site_name":"Glassing Monkey","article_publisher":"https:\/\/facebook.com\/glassingmonkey","article_modified_time":"2024-06-05T10:02:17+00:00","og_image":[{"width":600,"height":300,"url":"https:\/\/catalogo.glassingmonkey.com\/wp-content\/uploads\/2022\/05\/glassing-monkey-chemistry-surfboards-robot-two.png","type":"image\/png"}],"twitter_card":"summary_large_image","twitter_misc":{"Availability":"In stock"},"schema":{"@context":"https:\/\/schema.org","@graph":[{"@type":"WebPage","@id":"https:\/\/catalogo.glassingmonkey.com\/es\/tienda\/tablas-de-surf\/chemistry-robot-two\/","url":"https:\/\/catalogo.glassingmonkey.com\/es\/tienda\/tablas-de-surf\/chemistry-robot-two\/","name":"Chemistry Robot Two | Chemistry Surfboards | Glassing Monkey","isPartOf":{"@id":"https:\/\/catalogo.glassingmonkey.com\/es\/#website"},"primaryImageOfPage":{"@id":"https:\/\/catalogo.glassingmonkey.com\/es\/tienda\/tablas-de-surf\/chemistry-robot-two\/#primaryimage"},"image":{"@id":"https:\/\/catalogo.glassingmonkey.com\/es\/tienda\/tablas-de-surf\/chemistry-robot-two\/#primaryimage"},"thumbnailUrl":"https:\/\/catalogo.glassingmonkey.com\/wp-content\/uploads\/2022\/05\/chemistry-surfboards-robot-two.png","datePublished":"2022-05-25T21:22:55+00:00","dateModified":"2024-06-05T10:02:17+00:00","description":"Surf Shop | Buy Chemistry Robot Two from Chemistry Surfboards at the best price in Glassing Monkey Surf Factory | Tablas de surf, Olas Peque\u00f1as","breadcrumb":{"@id":"https:\/\/catalogo.glassingmonkey.com\/es\/tienda\/tablas-de-surf\/chemistry-robot-two\/#breadcrumb"},"inLanguage":"es","potentialAction":[{"@type":"ReadAction","target":["https:\/\/catalogo.glassingmonkey.com\/es\/tienda\/tablas-de-surf\/chemistry-robot-two\/"]}]},{"@type":"ImageObject","inLanguage":"es","@id":"https:\/\/catalogo.glassingmonkey.com\/es\/tienda\/tablas-de-surf\/chemistry-robot-two\/#primaryimage","url":"https:\/\/catalogo.glassingmonkey.com\/wp-content\/uploads\/2022\/05\/chemistry-surfboards-robot-two.png","contentUrl":"https:\/\/catalogo.glassingmonkey.com\/wp-content\/uploads\/2022\/05\/chemistry-surfboards-robot-two.png","width":600,"height":750},{"@type":"BreadcrumbList","@id":"https:\/\/catalogo.glassingmonkey.com\/es\/tienda\/tablas-de-surf\/chemistry-robot-two\/#breadcrumb","itemListElement":[{"@type":"ListItem","position":1,"name":"Home","item":"https:\/\/catalogo.glassingmonkey.com\/es\/"},{"@type":"ListItem","position":2,"name":"Productos"},{"@type":"ListItem","position":3,"name":"Chemistry Robot Two"}]},{"@type":"WebSite","@id":"https:\/\/catalogo.glassingmonkey.com\/es\/#website","url":"https:\/\/catalogo.glassingmonkey.com\/es\/","name":"Glassing Monkey","description":"Surf Shop - Surf Outlet Store","publisher":{"@id":"https:\/\/catalogo.glassingmonkey.com\/es\/#organization"},"potentialAction":[{"@type":"SearchAction","target":{"@type":"EntryPoint","urlTemplate":"https:\/\/catalogo.glassingmonkey.com\/es\/?s={search_term_string}"},"query-input":{"@type":"PropertyValueSpecification","valueRequired":true,"valueName":"search_term_string"}}],"inLanguage":"es"},{"@type":"Organization","@id":"https:\/\/catalogo.glassingmonkey.com\/es\/#organization","name":"Glassing Monkey","url":"https:\/\/catalogo.glassingmonkey.com\/es\/","logo":{"@type":"ImageObject","inLanguage":"es","@id":"https:\/\/catalogo.glassingmonkey.com\/es\/#\/schema\/logo\/image\/","url":"https:\/\/glassingmonkey.com\/wp-content\/uploads\/2022\/02\/cropped-favicon.png","contentUrl":"https:\/\/glassingmonkey.com\/wp-content\/uploads\/2022\/02\/cropped-favicon.png","width":512,"height":512,"caption":"Glassing Monkey"},"image":{"@id":"https:\/\/catalogo.glassingmonkey.com\/es\/#\/schema\/logo\/image\/"},"sameAs":["https:\/\/facebook.com\/glassingmonkey"]}]},"product_brand":"Chemistry Surfboards","og_availability":"instock","product_availability":"instock","product_retailer_item_id":"0000069","product_condition":"new"},"_links":{"self":[{"href":"https:\/\/catalogo.glassingmonkey.com\/es\/wp-json\/wp\/v2\/product\/13429","targetHints":{"allow":["GET"]}}],"collection":[{"href":"https:\/\/catalogo.glassingmonkey.com\/es\/wp-json\/wp\/v2\/product"}],"about":[{"href":"https:\/\/catalogo.glassingmonkey.com\/es\/wp-json\/wp\/v2\/types\/product"}],"version-history":[{"count":1,"href":"https:\/\/catalogo.glassingmonkey.com\/es\/wp-json\/wp\/v2\/product\/13429\/revisions"}],"predecessor-version":[{"id":15027,"href":"https:\/\/catalogo.glassingmonkey.com\/es\/wp-json\/wp\/v2\/product\/13429\/revisions\/15027"}],"wp:featuredmedia":[{"embeddable":true,"href":"https:\/\/catalogo.glassingmonkey.com\/es\/wp-json\/wp\/v2\/media\/8785"}],"wp:attachment":[{"href":"https:\/\/catalogo.glassingmonkey.com\/es\/wp-json\/wp\/v2\/media?parent=13429"}],"wp:term":[{"taxonomy":"product_brand","embeddable":true,"href":"https:\/\/catalogo.glassingmonkey.com\/es\/wp-json\/wp\/v2\/product_brand?post=13429"},{"taxonomy":"product_cat","embeddable":true,"href":"https:\/\/catalogo.glassingmonkey.com\/es\/wp-json\/wp\/v2\/product_cat?post=13429"},{"taxonomy":"product_tag","embeddable":true,"href":"https:\/\/catalogo.glassingmonkey.com\/es\/wp-json\/wp\/v2\/product_tag?post=13429"}],"curies":[{"name":"wp","href":"https:\/\/api.w.org\/{rel}","templated":true}]}}