{"id":13423,"date":"2022-05-26T09:01:15","date_gmt":"2022-05-26T09:01:15","guid":{"rendered":"https:\/\/glassingmonkey.com\/shop\/sin%20categor\u00eda\/quimica-40-oz\/"},"modified":"2024-06-05T09:53:12","modified_gmt":"2024-06-05T09:53:12","slug":"chemistry-40-oz","status":"publish","type":"product","link":"https:\/\/catalogo.glassingmonkey.com\/es\/tienda\/especiales\/chemistry-40-oz\/","title":{"rendered":"Chemistry 40 OZ"},"content":{"rendered":"<p>The 40 oz. El modelo contiene mucho volumen en una l\u00ednea ferroviaria corta.<\/p>\n<p>El modelo de 40 onzas fue el favorito de nuestros clientes cuando lo presentamos a principios de la d\u00e9cada de 2000. 20 a\u00f1os despu\u00e9s, reintroducimos este modelo para el surfista principiante\/de m\u00e1s peso\/de m\u00e1s edad que busca una tabla corta de alto rendimiento.<\/p>\n","protected":false},"excerpt":{"rendered":"<p>The 40 oz. Este modelo es capaz de concentrar mucho volumen en un shortboard de tama\u00f1o m\u00e1s peque\u00f1o. Por ejemplo, \u00a1podemos conseguir 50 L de volumen en una persona de 1,90 m!<\/p>\n<p>The 40 oz. El modelo lleva todo su volumen en la zona del pecho lo que le permite tener una gran potencia de remada, mientras que la cola est\u00e1 afinada para una m\u00e1xima maniobrabilidad.<\/p>\n<p>El contorno inferior es un ligero c\u00f3ncavo simple con uve que empieza delante de las aletas y sale por la cola. Esto te permite controlar una tabla con mucho volumen.<\/p>\n<p>Te recomendamos recortar 4-6 pulgadas de tu tabla de tama\u00f1o normal al pedir este modelo.<\/p>\n","protected":false},"featured_media":8474,"template":"","meta":{"_joinchat":[]},"product_brand":[1493],"product_cat":[1430,269],"product_tag":[1431],"class_list":{"0":"post-13423","1":"product","2":"type-product","3":"status-publish","4":"has-post-thumbnail","6":"product_brand-chemistry-surfboards-es","7":"product_cat-especiales","8":"product_cat-tablas-de-surf","9":"product_tag-especialidad","10":"pa_length-602","11":"pa_length-71","12":"pa_length-91","13":"pa_length-70","14":"pa_length-63","15":"pa_length-94","16":"pa_length-768","17":"pa_length-189","18":"pa_length-100","19":"pa_length-97","20":"pa_length-531","21":"pa_length-138","22":"pa_model-40-oz","23":"pa_shaper-chemistry-surfboards","24":"pa_thickness-2-1-2-es","25":"pa_thickness-2-11-16-es","26":"pa_thickness-2-3-4-es","27":"pa_thickness-2-3-8-es","28":"pa_thickness-2-5-8-es","29":"pa_thickness-2-7-16-es","30":"pa_thickness-2-7-8-es","31":"pa_thickness-2-9-16-es","32":"pa_thickness-2-es","33":"pa_thickness-3-1-8-es","34":"pa_thickness-3-es","35":"pa_volume-20-l","36":"pa_volume-3320-l","37":"pa_volume-3490-l","38":"pa_volume-3670-l","39":"pa_volume-3860-l","40":"pa_volume-4050-l","41":"pa_volume-4240-l","42":"pa_volume-445l","43":"pa_volume-4560-l","44":"pa_volume-4920-l","45":"pa_volume-5240-l","46":"pa_volume-5560-l","47":"pa_volume-55-60-l","48":"pa_width-20-1-2-es","49":"pa_width-20-1-4-es","50":"pa_width-20-3-4-es","51":"pa_width-21-1-4-es","52":"pa_width-21-1-2-es","53":"pa_width-21-3-4-es","54":"pa_width-21-es","55":"pa_width-22-1-2-es","56":"pa_width-22-3-4-es","57":"pa_width-22-es","58":"pa_width-23-es","60":"first","61":"instock","62":"sale","63":"shipping-taxable","64":"purchasable","65":"product-type-variable"},"yoast_head":"<!-- This site is optimized with the Yoast SEO plugin v26.5 - https:\/\/yoast.com\/wordpress\/plugins\/seo\/ -->\n<title>Chemistry 40 OZ | Chemistry Surfboards | Glassing Monkey<\/title>\n<meta name=\"description\" content=\"Surf Shop | Buy Chemistry 40 OZ from Chemistry Surfboards at the best price in Glassing Monkey Surf Factory | Especiales, Tablas de surf\" \/>\n<meta name=\"robots\" content=\"index, follow, max-snippet:-1, max-image-preview:large, max-video-preview:-1\" \/>\n<link rel=\"canonical\" href=\"https:\/\/catalogo.glassingmonkey.com\/es\/tienda\/especiales\/chemistry-40-oz\/\" \/>\n<meta property=\"og:locale\" content=\"es_ES\" \/>\n<meta property=\"og:type\" content=\"article\" \/>\n<meta property=\"og:title\" content=\"Chemistry 40 OZ | Chemistry Surfboards | Glassing Monkey\" \/>\n<meta property=\"og:description\" content=\"Surf Shop | Buy Chemistry 40 OZ from Chemistry Surfboards at the best price in Glassing Monkey Surf Factory | Especiales, Tablas de surf\" \/>\n<meta property=\"og:url\" content=\"https:\/\/catalogo.glassingmonkey.com\/es\/tienda\/especiales\/chemistry-40-oz\/\" \/>\n<meta property=\"og:site_name\" content=\"Glassing Monkey\" \/>\n<meta property=\"article:publisher\" content=\"https:\/\/facebook.com\/glassingmonkey\" \/>\n<meta property=\"article:modified_time\" content=\"2024-06-05T09:53:12+00:00\" \/>\n<meta property=\"og:image\" content=\"https:\/\/catalogo.glassingmonkey.com\/wp-content\/uploads\/2022\/05\/glassing-monkey-chemistry-surfboards-40-oz-1.png\" \/>\n\t<meta property=\"og:image:width\" content=\"600\" \/>\n\t<meta property=\"og:image:height\" content=\"300\" \/>\n\t<meta property=\"og:image:type\" content=\"image\/png\" \/>\n<meta name=\"twitter:card\" content=\"summary_large_image\" \/>\n<meta name=\"twitter:label1\" content=\"Availability\" \/>\n\t<meta name=\"twitter:data1\" content=\"In stock\" \/>\n<script type=\"application\/ld+json\" class=\"yoast-schema-graph\">{\"@context\":\"https:\/\/schema.org\",\"@graph\":[{\"@type\":\"WebPage\",\"@id\":\"https:\/\/catalogo.glassingmonkey.com\/es\/tienda\/especiales\/chemistry-40-oz\/\",\"url\":\"https:\/\/catalogo.glassingmonkey.com\/es\/tienda\/especiales\/chemistry-40-oz\/\",\"name\":\"Chemistry 40 OZ | Chemistry Surfboards | Glassing Monkey\",\"isPartOf\":{\"@id\":\"https:\/\/catalogo.glassingmonkey.com\/es\/#website\"},\"primaryImageOfPage\":{\"@id\":\"https:\/\/catalogo.glassingmonkey.com\/es\/tienda\/especiales\/chemistry-40-oz\/#primaryimage\"},\"image\":{\"@id\":\"https:\/\/catalogo.glassingmonkey.com\/es\/tienda\/especiales\/chemistry-40-oz\/#primaryimage\"},\"thumbnailUrl\":\"https:\/\/catalogo.glassingmonkey.com\/wp-content\/uploads\/2022\/05\/chemistry-surfboards-40-oz.png\",\"datePublished\":\"2022-05-26T09:01:15+00:00\",\"dateModified\":\"2024-06-05T09:53:12+00:00\",\"description\":\"Surf Shop | Buy Chemistry 40 OZ from Chemistry Surfboards at the best price in Glassing Monkey Surf Factory | Especiales, Tablas de surf\",\"breadcrumb\":{\"@id\":\"https:\/\/catalogo.glassingmonkey.com\/es\/tienda\/especiales\/chemistry-40-oz\/#breadcrumb\"},\"inLanguage\":\"es\",\"potentialAction\":[{\"@type\":\"ReadAction\",\"target\":[\"https:\/\/catalogo.glassingmonkey.com\/es\/tienda\/especiales\/chemistry-40-oz\/\"]}]},{\"@type\":\"ImageObject\",\"inLanguage\":\"es\",\"@id\":\"https:\/\/catalogo.glassingmonkey.com\/es\/tienda\/especiales\/chemistry-40-oz\/#primaryimage\",\"url\":\"https:\/\/catalogo.glassingmonkey.com\/wp-content\/uploads\/2022\/05\/chemistry-surfboards-40-oz.png\",\"contentUrl\":\"https:\/\/catalogo.glassingmonkey.com\/wp-content\/uploads\/2022\/05\/chemistry-surfboards-40-oz.png\",\"width\":600,\"height\":750},{\"@type\":\"BreadcrumbList\",\"@id\":\"https:\/\/catalogo.glassingmonkey.com\/es\/tienda\/especiales\/chemistry-40-oz\/#breadcrumb\",\"itemListElement\":[{\"@type\":\"ListItem\",\"position\":1,\"name\":\"Home\",\"item\":\"https:\/\/catalogo.glassingmonkey.com\/es\/\"},{\"@type\":\"ListItem\",\"position\":2,\"name\":\"Productos\"},{\"@type\":\"ListItem\",\"position\":3,\"name\":\"Chemistry 40 OZ\"}]},{\"@type\":\"WebSite\",\"@id\":\"https:\/\/catalogo.glassingmonkey.com\/es\/#website\",\"url\":\"https:\/\/catalogo.glassingmonkey.com\/es\/\",\"name\":\"Glassing Monkey\",\"description\":\"Surf Shop - Surf Outlet Store\",\"publisher\":{\"@id\":\"https:\/\/catalogo.glassingmonkey.com\/es\/#organization\"},\"potentialAction\":[{\"@type\":\"SearchAction\",\"target\":{\"@type\":\"EntryPoint\",\"urlTemplate\":\"https:\/\/catalogo.glassingmonkey.com\/es\/?s={search_term_string}\"},\"query-input\":{\"@type\":\"PropertyValueSpecification\",\"valueRequired\":true,\"valueName\":\"search_term_string\"}}],\"inLanguage\":\"es\"},{\"@type\":\"Organization\",\"@id\":\"https:\/\/catalogo.glassingmonkey.com\/es\/#organization\",\"name\":\"Glassing Monkey\",\"url\":\"https:\/\/catalogo.glassingmonkey.com\/es\/\",\"logo\":{\"@type\":\"ImageObject\",\"inLanguage\":\"es\",\"@id\":\"https:\/\/catalogo.glassingmonkey.com\/es\/#\/schema\/logo\/image\/\",\"url\":\"https:\/\/glassingmonkey.com\/wp-content\/uploads\/2022\/02\/cropped-favicon.png\",\"contentUrl\":\"https:\/\/glassingmonkey.com\/wp-content\/uploads\/2022\/02\/cropped-favicon.png\",\"width\":512,\"height\":512,\"caption\":\"Glassing Monkey\"},\"image\":{\"@id\":\"https:\/\/catalogo.glassingmonkey.com\/es\/#\/schema\/logo\/image\/\"},\"sameAs\":[\"https:\/\/facebook.com\/glassingmonkey\"]}]}<\/script>\n<meta property=\"product:brand\" content=\"Chemistry Surfboards\" \/>\n<meta property=\"og:availability\" content=\"instock\" \/>\n<meta property=\"product:availability\" content=\"instock\" \/>\n<meta property=\"product:retailer_item_id\" content=\"0000084\" \/>\n<meta property=\"product:condition\" content=\"new\" \/>\n<!-- \/ Yoast SEO plugin. -->","yoast_head_json":{"title":"Chemistry 40 OZ | Chemistry Surfboards | Glassing Monkey","description":"Surf Shop | Buy Chemistry 40 OZ from Chemistry Surfboards at the best price in Glassing Monkey Surf Factory | Especiales, Tablas de surf","robots":{"index":"index","follow":"follow","max-snippet":"max-snippet:-1","max-image-preview":"max-image-preview:large","max-video-preview":"max-video-preview:-1"},"canonical":"https:\/\/catalogo.glassingmonkey.com\/es\/tienda\/especiales\/chemistry-40-oz\/","og_locale":"es_ES","og_type":"article","og_title":"Chemistry 40 OZ | Chemistry Surfboards | Glassing Monkey","og_description":"Surf Shop | Buy Chemistry 40 OZ from Chemistry Surfboards at the best price in Glassing Monkey Surf Factory | Especiales, Tablas de surf","og_url":"https:\/\/catalogo.glassingmonkey.com\/es\/tienda\/especiales\/chemistry-40-oz\/","og_site_name":"Glassing Monkey","article_publisher":"https:\/\/facebook.com\/glassingmonkey","article_modified_time":"2024-06-05T09:53:12+00:00","og_image":[{"width":600,"height":300,"url":"https:\/\/catalogo.glassingmonkey.com\/wp-content\/uploads\/2022\/05\/glassing-monkey-chemistry-surfboards-40-oz-1.png","type":"image\/png"}],"twitter_card":"summary_large_image","twitter_misc":{"Availability":"In stock"},"schema":{"@context":"https:\/\/schema.org","@graph":[{"@type":"WebPage","@id":"https:\/\/catalogo.glassingmonkey.com\/es\/tienda\/especiales\/chemistry-40-oz\/","url":"https:\/\/catalogo.glassingmonkey.com\/es\/tienda\/especiales\/chemistry-40-oz\/","name":"Chemistry 40 OZ | Chemistry Surfboards | Glassing Monkey","isPartOf":{"@id":"https:\/\/catalogo.glassingmonkey.com\/es\/#website"},"primaryImageOfPage":{"@id":"https:\/\/catalogo.glassingmonkey.com\/es\/tienda\/especiales\/chemistry-40-oz\/#primaryimage"},"image":{"@id":"https:\/\/catalogo.glassingmonkey.com\/es\/tienda\/especiales\/chemistry-40-oz\/#primaryimage"},"thumbnailUrl":"https:\/\/catalogo.glassingmonkey.com\/wp-content\/uploads\/2022\/05\/chemistry-surfboards-40-oz.png","datePublished":"2022-05-26T09:01:15+00:00","dateModified":"2024-06-05T09:53:12+00:00","description":"Surf Shop | Buy Chemistry 40 OZ from Chemistry Surfboards at the best price in Glassing Monkey Surf Factory | Especiales, Tablas de surf","breadcrumb":{"@id":"https:\/\/catalogo.glassingmonkey.com\/es\/tienda\/especiales\/chemistry-40-oz\/#breadcrumb"},"inLanguage":"es","potentialAction":[{"@type":"ReadAction","target":["https:\/\/catalogo.glassingmonkey.com\/es\/tienda\/especiales\/chemistry-40-oz\/"]}]},{"@type":"ImageObject","inLanguage":"es","@id":"https:\/\/catalogo.glassingmonkey.com\/es\/tienda\/especiales\/chemistry-40-oz\/#primaryimage","url":"https:\/\/catalogo.glassingmonkey.com\/wp-content\/uploads\/2022\/05\/chemistry-surfboards-40-oz.png","contentUrl":"https:\/\/catalogo.glassingmonkey.com\/wp-content\/uploads\/2022\/05\/chemistry-surfboards-40-oz.png","width":600,"height":750},{"@type":"BreadcrumbList","@id":"https:\/\/catalogo.glassingmonkey.com\/es\/tienda\/especiales\/chemistry-40-oz\/#breadcrumb","itemListElement":[{"@type":"ListItem","position":1,"name":"Home","item":"https:\/\/catalogo.glassingmonkey.com\/es\/"},{"@type":"ListItem","position":2,"name":"Productos"},{"@type":"ListItem","position":3,"name":"Chemistry 40 OZ"}]},{"@type":"WebSite","@id":"https:\/\/catalogo.glassingmonkey.com\/es\/#website","url":"https:\/\/catalogo.glassingmonkey.com\/es\/","name":"Glassing Monkey","description":"Surf Shop - Surf Outlet Store","publisher":{"@id":"https:\/\/catalogo.glassingmonkey.com\/es\/#organization"},"potentialAction":[{"@type":"SearchAction","target":{"@type":"EntryPoint","urlTemplate":"https:\/\/catalogo.glassingmonkey.com\/es\/?s={search_term_string}"},"query-input":{"@type":"PropertyValueSpecification","valueRequired":true,"valueName":"search_term_string"}}],"inLanguage":"es"},{"@type":"Organization","@id":"https:\/\/catalogo.glassingmonkey.com\/es\/#organization","name":"Glassing Monkey","url":"https:\/\/catalogo.glassingmonkey.com\/es\/","logo":{"@type":"ImageObject","inLanguage":"es","@id":"https:\/\/catalogo.glassingmonkey.com\/es\/#\/schema\/logo\/image\/","url":"https:\/\/glassingmonkey.com\/wp-content\/uploads\/2022\/02\/cropped-favicon.png","contentUrl":"https:\/\/glassingmonkey.com\/wp-content\/uploads\/2022\/02\/cropped-favicon.png","width":512,"height":512,"caption":"Glassing Monkey"},"image":{"@id":"https:\/\/catalogo.glassingmonkey.com\/es\/#\/schema\/logo\/image\/"},"sameAs":["https:\/\/facebook.com\/glassingmonkey"]}]},"product_brand":"Chemistry Surfboards","og_availability":"instock","product_availability":"instock","product_retailer_item_id":"0000084","product_condition":"new"},"_links":{"self":[{"href":"https:\/\/catalogo.glassingmonkey.com\/es\/wp-json\/wp\/v2\/product\/13423","targetHints":{"allow":["GET"]}}],"collection":[{"href":"https:\/\/catalogo.glassingmonkey.com\/es\/wp-json\/wp\/v2\/product"}],"about":[{"href":"https:\/\/catalogo.glassingmonkey.com\/es\/wp-json\/wp\/v2\/types\/product"}],"version-history":[{"count":2,"href":"https:\/\/catalogo.glassingmonkey.com\/es\/wp-json\/wp\/v2\/product\/13423\/revisions"}],"predecessor-version":[{"id":15022,"href":"https:\/\/catalogo.glassingmonkey.com\/es\/wp-json\/wp\/v2\/product\/13423\/revisions\/15022"}],"wp:featuredmedia":[{"embeddable":true,"href":"https:\/\/catalogo.glassingmonkey.com\/es\/wp-json\/wp\/v2\/media\/8474"}],"wp:attachment":[{"href":"https:\/\/catalogo.glassingmonkey.com\/es\/wp-json\/wp\/v2\/media?parent=13423"}],"wp:term":[{"taxonomy":"product_brand","embeddable":true,"href":"https:\/\/catalogo.glassingmonkey.com\/es\/wp-json\/wp\/v2\/product_brand?post=13423"},{"taxonomy":"product_cat","embeddable":true,"href":"https:\/\/catalogo.glassingmonkey.com\/es\/wp-json\/wp\/v2\/product_cat?post=13423"},{"taxonomy":"product_tag","embeddable":true,"href":"https:\/\/catalogo.glassingmonkey.com\/es\/wp-json\/wp\/v2\/product_tag?post=13423"}],"curies":[{"name":"wp","href":"https:\/\/api.w.org\/{rel}","templated":true}]}}