{"id":13399,"date":"2022-05-25T21:32:31","date_gmt":"2022-05-25T21:32:31","guid":{"rendered":"https:\/\/glassingmonkey.com\/shop\/sin%20categor\u00eda\/quimica-the-daisho\/"},"modified":"2024-06-05T10:01:22","modified_gmt":"2024-06-05T10:01:22","slug":"chemistry-the-daisho","status":"publish","type":"product","link":"https:\/\/catalogo.glassingmonkey.com\/es\/tienda\/aleta-gemela\/chemistry-the-daisho\/","title":{"rendered":"Chemistry The Daisho"},"content":{"rendered":"<p>A falta de una aleta central, las aletas Twins tienden a ser r\u00e1pidas, pero carecen del pivote en la parte inferior y superior que proporciona una aleta central. Con esto en mente, Jason a\u00f1adi\u00f3 una tonelada de V entre las aletas para simular la sensaci\u00f3n de una aleta central peque\u00f1a.<\/p>\n<p>Este modelo tiene el empuje y la velocidad de un bicil\u00edndrico tradicional, pero se le puede azotar como a un propulsor de alto rendimiento. Si quieres a\u00f1adir m\u00e1s estabilidad, a este modelo se le puede a\u00f1adir un peque\u00f1o remolque. Las aletas Twins tradicionales tienden a necesitar \u00abaceleraci\u00f3n\u00bb al maniobrar o se deslizar\u00e1n hacia fuera y ser\u00e1n dif\u00edciles de controlar. El Daisho se nutre de grandes cantidades de velocidad y puede aprovecharla f\u00e1cilmente. Un complemento estupendo para el carcaj de cualquiera, ya que es f\u00e1cilmente escalable de 1,70 m a 1,80 m y de 20,0 L a 50,0 L<\/p>\n<p>Contorno inferior: ligero c\u00f3ncavo simple hacia un profundo c\u00f3ncavo doble<br \/>\nCola: alfiler, pulgar, calabaza<\/p>\n","protected":false},"excerpt":{"rendered":"<p>Con todo el bombo que se le ha dado \u00faltimamente a la aleta simple moderna de Alto Rendimiento, High Performance, hemos decidido llevarla al \u00absiguiente nivel\u00bb de alto rendimiento con nuestra versi\u00f3n de la Aleta Doble.<\/p>\n<p>La Daisho est\u00e1 orientada a los surfistas de alto rendimiento que buscan una aleta doble sin renunciar a la compartibilidad. Jason cogi\u00f3 una vieja plantilla curvil\u00ednea de los 80 que ten\u00eda una cola de calabaza de una sola ala mezclada con un morro ligeramente metido hacia dentro.<\/p>\n","protected":false},"featured_media":4917,"template":"","meta":{"_joinchat":[]},"product_brand":[1493],"product_cat":[1212,1430,269],"product_tag":[1431],"class_list":{"0":"post-13399","1":"product","2":"type-product","3":"status-publish","4":"has-post-thumbnail","6":"product_brand-chemistry-surfboards-es","7":"product_cat-aleta-gemela","8":"product_cat-especiales","9":"product_cat-tablas-de-surf","10":"product_tag-especialidad","11":"pa_length-602","12":"pa_length-232","13":"pa_length-71","14":"pa_length-91","15":"pa_length-517","16":"pa_length-489","17":"pa_length-192","18":"pa_length-152","19":"pa_length-55","20":"pa_length-69","21":"pa_length-70","22":"pa_length-63","23":"pa_length-94","24":"pa_length-768","25":"pa_length-189","26":"pa_model-el-daisho","27":"pa_shaper-chemistry-surfboards","28":"pa_thickness-2-1-16-es","29":"pa_thickness-2-1-2-es","30":"pa_thickness-2-1-4-es","31":"pa_thickness-2-1-8-es","32":"pa_thickness-2-3-16-es","33":"pa_thickness-2-3-4-es","34":"pa_thickness-2-3-8-es","35":"pa_thickness-2-5-8-es","36":"pa_thickness-2-7-16-es","37":"pa_thickness-2-9-16-es","38":"pa_thickness-2-es","39":"pa_volume-20-5-l","40":"pa_volume-2160-l","41":"pa_volume-23-l","42":"pa_volume-2440-l","43":"pa_volume-2564-l","44":"pa_volume-2770-l","45":"pa_volume-2830-l","46":"pa_volume-2960-l","47":"pa_volume-3050-l","48":"pa_volume-3210-l","49":"pa_volume-3270-l","50":"pa_volume-34l","51":"pa_volume-3610-l","52":"pa_volume-37l","53":"pa_volume-40-l","54":"pa_width-18-3-4-es","55":"pa_width-18-5-8-es","56":"pa_width-19-1-2-es","57":"pa_width-19-1-4-es","58":"pa_width-19-3-4-es","59":"pa_width-19-3-8-es","60":"pa_width-19-5-8-es","61":"pa_width-19-es","62":"pa_width-20-1-2-es","63":"pa_width-20-1-4-es","64":"pa_width-20-3-4-es","65":"pa_width-20-3-8-2-es","66":"pa_width-20-es","67":"pa_width-21-es","68":"pa_width-21-3-8-es","70":"first","71":"instock","72":"sale","73":"shipping-taxable","74":"purchasable","75":"product-type-variable"},"yoast_head":"<!-- This site is optimized with the Yoast SEO plugin v26.5 - https:\/\/yoast.com\/wordpress\/plugins\/seo\/ -->\n<title>Chemistry The Daisho | Chemistry Surfboards | Glassing Monkey<\/title>\n<meta name=\"description\" content=\"Surf Shop | Buy Chemistry The Daisho from Chemistry Surfboards at the best price in Glassing Monkey Surf Factory | Aleta gemela, Especiales, Tablas de surf\" \/>\n<meta name=\"robots\" content=\"index, follow, max-snippet:-1, max-image-preview:large, max-video-preview:-1\" \/>\n<link rel=\"canonical\" href=\"https:\/\/catalogo.glassingmonkey.com\/es\/tienda\/aleta-gemela\/chemistry-the-daisho\/\" \/>\n<meta property=\"og:locale\" content=\"es_ES\" \/>\n<meta property=\"og:type\" content=\"article\" \/>\n<meta property=\"og:title\" content=\"Chemistry The Daisho | Chemistry Surfboards | Glassing Monkey\" \/>\n<meta property=\"og:description\" content=\"Surf Shop | Buy Chemistry The Daisho from Chemistry Surfboards at the best price in Glassing Monkey Surf Factory | Aleta gemela, Especiales, Tablas de surf\" \/>\n<meta property=\"og:url\" content=\"https:\/\/catalogo.glassingmonkey.com\/es\/tienda\/aleta-gemela\/chemistry-the-daisho\/\" \/>\n<meta property=\"og:site_name\" content=\"Glassing Monkey\" \/>\n<meta property=\"article:publisher\" content=\"https:\/\/facebook.com\/glassingmonkey\" \/>\n<meta property=\"article:modified_time\" content=\"2024-06-05T10:01:22+00:00\" \/>\n<meta property=\"og:image\" content=\"https:\/\/catalogo.glassingmonkey.com\/wp-content\/uploads\/2022\/05\/squashtwin3_up.png\" \/>\n\t<meta property=\"og:image:width\" content=\"800\" \/>\n\t<meta property=\"og:image:height\" content=\"800\" \/>\n\t<meta property=\"og:image:type\" content=\"image\/png\" \/>\n<meta name=\"twitter:card\" content=\"summary_large_image\" \/>\n<meta name=\"twitter:label1\" content=\"Availability\" \/>\n\t<meta name=\"twitter:data1\" content=\"In stock\" \/>\n<script type=\"application\/ld+json\" class=\"yoast-schema-graph\">{\"@context\":\"https:\/\/schema.org\",\"@graph\":[{\"@type\":\"WebPage\",\"@id\":\"https:\/\/catalogo.glassingmonkey.com\/es\/tienda\/aleta-gemela\/chemistry-the-daisho\/\",\"url\":\"https:\/\/catalogo.glassingmonkey.com\/es\/tienda\/aleta-gemela\/chemistry-the-daisho\/\",\"name\":\"Chemistry The Daisho | Chemistry Surfboards | Glassing Monkey\",\"isPartOf\":{\"@id\":\"https:\/\/catalogo.glassingmonkey.com\/es\/#website\"},\"primaryImageOfPage\":{\"@id\":\"https:\/\/catalogo.glassingmonkey.com\/es\/tienda\/aleta-gemela\/chemistry-the-daisho\/#primaryimage\"},\"image\":{\"@id\":\"https:\/\/catalogo.glassingmonkey.com\/es\/tienda\/aleta-gemela\/chemistry-the-daisho\/#primaryimage\"},\"thumbnailUrl\":\"https:\/\/catalogo.glassingmonkey.com\/wp-content\/uploads\/2022\/05\/squashtwin3_up.png\",\"datePublished\":\"2022-05-25T21:32:31+00:00\",\"dateModified\":\"2024-06-05T10:01:22+00:00\",\"description\":\"Surf Shop | Buy Chemistry The Daisho from Chemistry Surfboards at the best price in Glassing Monkey Surf Factory | Aleta gemela, Especiales, Tablas de surf\",\"breadcrumb\":{\"@id\":\"https:\/\/catalogo.glassingmonkey.com\/es\/tienda\/aleta-gemela\/chemistry-the-daisho\/#breadcrumb\"},\"inLanguage\":\"es\",\"potentialAction\":[{\"@type\":\"ReadAction\",\"target\":[\"https:\/\/catalogo.glassingmonkey.com\/es\/tienda\/aleta-gemela\/chemistry-the-daisho\/\"]}]},{\"@type\":\"ImageObject\",\"inLanguage\":\"es\",\"@id\":\"https:\/\/catalogo.glassingmonkey.com\/es\/tienda\/aleta-gemela\/chemistry-the-daisho\/#primaryimage\",\"url\":\"https:\/\/catalogo.glassingmonkey.com\/wp-content\/uploads\/2022\/05\/squashtwin3_up.png\",\"contentUrl\":\"https:\/\/catalogo.glassingmonkey.com\/wp-content\/uploads\/2022\/05\/squashtwin3_up.png\",\"width\":800,\"height\":800},{\"@type\":\"BreadcrumbList\",\"@id\":\"https:\/\/catalogo.glassingmonkey.com\/es\/tienda\/aleta-gemela\/chemistry-the-daisho\/#breadcrumb\",\"itemListElement\":[{\"@type\":\"ListItem\",\"position\":1,\"name\":\"Home\",\"item\":\"https:\/\/catalogo.glassingmonkey.com\/es\/\"},{\"@type\":\"ListItem\",\"position\":2,\"name\":\"Productos\"},{\"@type\":\"ListItem\",\"position\":3,\"name\":\"Chemistry The Daisho\"}]},{\"@type\":\"WebSite\",\"@id\":\"https:\/\/catalogo.glassingmonkey.com\/es\/#website\",\"url\":\"https:\/\/catalogo.glassingmonkey.com\/es\/\",\"name\":\"Glassing Monkey\",\"description\":\"Surf Shop - Surf Outlet Store\",\"publisher\":{\"@id\":\"https:\/\/catalogo.glassingmonkey.com\/es\/#organization\"},\"potentialAction\":[{\"@type\":\"SearchAction\",\"target\":{\"@type\":\"EntryPoint\",\"urlTemplate\":\"https:\/\/catalogo.glassingmonkey.com\/es\/?s={search_term_string}\"},\"query-input\":{\"@type\":\"PropertyValueSpecification\",\"valueRequired\":true,\"valueName\":\"search_term_string\"}}],\"inLanguage\":\"es\"},{\"@type\":\"Organization\",\"@id\":\"https:\/\/catalogo.glassingmonkey.com\/es\/#organization\",\"name\":\"Glassing Monkey\",\"url\":\"https:\/\/catalogo.glassingmonkey.com\/es\/\",\"logo\":{\"@type\":\"ImageObject\",\"inLanguage\":\"es\",\"@id\":\"https:\/\/catalogo.glassingmonkey.com\/es\/#\/schema\/logo\/image\/\",\"url\":\"https:\/\/glassingmonkey.com\/wp-content\/uploads\/2022\/02\/cropped-favicon.png\",\"contentUrl\":\"https:\/\/glassingmonkey.com\/wp-content\/uploads\/2022\/02\/cropped-favicon.png\",\"width\":512,\"height\":512,\"caption\":\"Glassing Monkey\"},\"image\":{\"@id\":\"https:\/\/catalogo.glassingmonkey.com\/es\/#\/schema\/logo\/image\/\"},\"sameAs\":[\"https:\/\/facebook.com\/glassingmonkey\"]}]}<\/script>\n<meta property=\"product:brand\" content=\"Chemistry Surfboards\" \/>\n<meta property=\"og:availability\" content=\"instock\" \/>\n<meta property=\"product:availability\" content=\"instock\" \/>\n<meta property=\"product:retailer_item_id\" content=\"0000071\" \/>\n<meta property=\"product:condition\" content=\"new\" \/>\n<!-- \/ Yoast SEO plugin. -->","yoast_head_json":{"title":"Chemistry The Daisho | Chemistry Surfboards | Glassing Monkey","description":"Surf Shop | Buy Chemistry The Daisho from Chemistry Surfboards at the best price in Glassing Monkey Surf Factory | Aleta gemela, Especiales, Tablas de surf","robots":{"index":"index","follow":"follow","max-snippet":"max-snippet:-1","max-image-preview":"max-image-preview:large","max-video-preview":"max-video-preview:-1"},"canonical":"https:\/\/catalogo.glassingmonkey.com\/es\/tienda\/aleta-gemela\/chemistry-the-daisho\/","og_locale":"es_ES","og_type":"article","og_title":"Chemistry The Daisho | Chemistry Surfboards | Glassing Monkey","og_description":"Surf Shop | Buy Chemistry The Daisho from Chemistry Surfboards at the best price in Glassing Monkey Surf Factory | Aleta gemela, Especiales, Tablas de surf","og_url":"https:\/\/catalogo.glassingmonkey.com\/es\/tienda\/aleta-gemela\/chemistry-the-daisho\/","og_site_name":"Glassing Monkey","article_publisher":"https:\/\/facebook.com\/glassingmonkey","article_modified_time":"2024-06-05T10:01:22+00:00","og_image":[{"width":800,"height":800,"url":"https:\/\/catalogo.glassingmonkey.com\/wp-content\/uploads\/2022\/05\/squashtwin3_up.png","type":"image\/png"}],"twitter_card":"summary_large_image","twitter_misc":{"Availability":"In stock"},"schema":{"@context":"https:\/\/schema.org","@graph":[{"@type":"WebPage","@id":"https:\/\/catalogo.glassingmonkey.com\/es\/tienda\/aleta-gemela\/chemistry-the-daisho\/","url":"https:\/\/catalogo.glassingmonkey.com\/es\/tienda\/aleta-gemela\/chemistry-the-daisho\/","name":"Chemistry The Daisho | Chemistry Surfboards | Glassing Monkey","isPartOf":{"@id":"https:\/\/catalogo.glassingmonkey.com\/es\/#website"},"primaryImageOfPage":{"@id":"https:\/\/catalogo.glassingmonkey.com\/es\/tienda\/aleta-gemela\/chemistry-the-daisho\/#primaryimage"},"image":{"@id":"https:\/\/catalogo.glassingmonkey.com\/es\/tienda\/aleta-gemela\/chemistry-the-daisho\/#primaryimage"},"thumbnailUrl":"https:\/\/catalogo.glassingmonkey.com\/wp-content\/uploads\/2022\/05\/squashtwin3_up.png","datePublished":"2022-05-25T21:32:31+00:00","dateModified":"2024-06-05T10:01:22+00:00","description":"Surf Shop | Buy Chemistry The Daisho from Chemistry Surfboards at the best price in Glassing Monkey Surf Factory | Aleta gemela, Especiales, Tablas de surf","breadcrumb":{"@id":"https:\/\/catalogo.glassingmonkey.com\/es\/tienda\/aleta-gemela\/chemistry-the-daisho\/#breadcrumb"},"inLanguage":"es","potentialAction":[{"@type":"ReadAction","target":["https:\/\/catalogo.glassingmonkey.com\/es\/tienda\/aleta-gemela\/chemistry-the-daisho\/"]}]},{"@type":"ImageObject","inLanguage":"es","@id":"https:\/\/catalogo.glassingmonkey.com\/es\/tienda\/aleta-gemela\/chemistry-the-daisho\/#primaryimage","url":"https:\/\/catalogo.glassingmonkey.com\/wp-content\/uploads\/2022\/05\/squashtwin3_up.png","contentUrl":"https:\/\/catalogo.glassingmonkey.com\/wp-content\/uploads\/2022\/05\/squashtwin3_up.png","width":800,"height":800},{"@type":"BreadcrumbList","@id":"https:\/\/catalogo.glassingmonkey.com\/es\/tienda\/aleta-gemela\/chemistry-the-daisho\/#breadcrumb","itemListElement":[{"@type":"ListItem","position":1,"name":"Home","item":"https:\/\/catalogo.glassingmonkey.com\/es\/"},{"@type":"ListItem","position":2,"name":"Productos"},{"@type":"ListItem","position":3,"name":"Chemistry The Daisho"}]},{"@type":"WebSite","@id":"https:\/\/catalogo.glassingmonkey.com\/es\/#website","url":"https:\/\/catalogo.glassingmonkey.com\/es\/","name":"Glassing Monkey","description":"Surf Shop - Surf Outlet Store","publisher":{"@id":"https:\/\/catalogo.glassingmonkey.com\/es\/#organization"},"potentialAction":[{"@type":"SearchAction","target":{"@type":"EntryPoint","urlTemplate":"https:\/\/catalogo.glassingmonkey.com\/es\/?s={search_term_string}"},"query-input":{"@type":"PropertyValueSpecification","valueRequired":true,"valueName":"search_term_string"}}],"inLanguage":"es"},{"@type":"Organization","@id":"https:\/\/catalogo.glassingmonkey.com\/es\/#organization","name":"Glassing Monkey","url":"https:\/\/catalogo.glassingmonkey.com\/es\/","logo":{"@type":"ImageObject","inLanguage":"es","@id":"https:\/\/catalogo.glassingmonkey.com\/es\/#\/schema\/logo\/image\/","url":"https:\/\/glassingmonkey.com\/wp-content\/uploads\/2022\/02\/cropped-favicon.png","contentUrl":"https:\/\/glassingmonkey.com\/wp-content\/uploads\/2022\/02\/cropped-favicon.png","width":512,"height":512,"caption":"Glassing Monkey"},"image":{"@id":"https:\/\/catalogo.glassingmonkey.com\/es\/#\/schema\/logo\/image\/"},"sameAs":["https:\/\/facebook.com\/glassingmonkey"]}]},"product_brand":"Chemistry Surfboards","og_availability":"instock","product_availability":"instock","product_retailer_item_id":"0000071","product_condition":"new"},"_links":{"self":[{"href":"https:\/\/catalogo.glassingmonkey.com\/es\/wp-json\/wp\/v2\/product\/13399","targetHints":{"allow":["GET"]}}],"collection":[{"href":"https:\/\/catalogo.glassingmonkey.com\/es\/wp-json\/wp\/v2\/product"}],"about":[{"href":"https:\/\/catalogo.glassingmonkey.com\/es\/wp-json\/wp\/v2\/types\/product"}],"version-history":[{"count":2,"href":"https:\/\/catalogo.glassingmonkey.com\/es\/wp-json\/wp\/v2\/product\/13399\/revisions"}],"predecessor-version":[{"id":15002,"href":"https:\/\/catalogo.glassingmonkey.com\/es\/wp-json\/wp\/v2\/product\/13399\/revisions\/15002"}],"wp:featuredmedia":[{"embeddable":true,"href":"https:\/\/catalogo.glassingmonkey.com\/es\/wp-json\/wp\/v2\/media\/4917"}],"wp:attachment":[{"href":"https:\/\/catalogo.glassingmonkey.com\/es\/wp-json\/wp\/v2\/media?parent=13399"}],"wp:term":[{"taxonomy":"product_brand","embeddable":true,"href":"https:\/\/catalogo.glassingmonkey.com\/es\/wp-json\/wp\/v2\/product_brand?post=13399"},{"taxonomy":"product_cat","embeddable":true,"href":"https:\/\/catalogo.glassingmonkey.com\/es\/wp-json\/wp\/v2\/product_cat?post=13399"},{"taxonomy":"product_tag","embeddable":true,"href":"https:\/\/catalogo.glassingmonkey.com\/es\/wp-json\/wp\/v2\/product_tag?post=13399"}],"curies":[{"name":"wp","href":"https:\/\/api.w.org\/{rel}","templated":true}]}}