{"id":13397,"date":"2022-05-25T21:27:24","date_gmt":"2022-05-25T21:27:24","guid":{"rendered":"https:\/\/glassingmonkey.com\/shop\/sin%20categor\u00eda\/quimica-solucion\/"},"modified":"2024-06-05T10:01:51","modified_gmt":"2024-06-05T10:01:51","slug":"chemistry-solution","status":"publish","type":"product","link":"https:\/\/catalogo.glassingmonkey.com\/es\/tienda\/especiales\/chemistry-solution\/","title":{"rendered":"Chemistry Solution"},"content":{"rendered":"<p>Este modelo tiene una cubierta c\u00f3ncava profunda que no s\u00f3lo hace que remar sea m\u00e1s eficaz y c\u00f3modo, sino que hace que los pies del surfista est\u00e9n m\u00e1s cerca del agua, proporcionando una sensaci\u00f3n de mayor control y maniobrabilidad.<\/p>\n<p>El contorno inferior es un ligero c\u00f3ncavo simple que desemboca en un profundo c\u00f3ncavo doble que sale de la cola. Para el principiante pide este modelo obviamente m\u00e1s grande y para el surfista m\u00e1s experimentado y de Alto Rendimiento, High Performance, 3\u2033 &#8211; 4\u2033 m\u00e1s corto y 1\u2033 &#8211; 2\u2033 m\u00e1s ancho. Dise\u00f1ado por Jason Bennett.<\/p>\n<p>Contorno inferior: ligero c\u00f3ncavo simple hacia un profundo c\u00f3ncavo doble<br \/>\nCola: alfiler, pulgar, calabaza<\/p>\n","protected":false},"excerpt":{"rendered":"<p>El modelo Soluci\u00f3n se ha convertido en el modelo m\u00e1s diverso de nuestra gama.<\/p>\n<p>No tenemos ning\u00fan otro modelo que pueda funcionar para el principiante completo (en tallas m\u00e1s grandes) y proporcionar al surfista experimentado una experiencia de surf como ninguna otra.<\/p>\n","protected":false},"featured_media":8795,"template":"","meta":{"_joinchat":[]},"product_brand":[1493],"product_cat":[1430,269],"product_tag":[1431],"class_list":{"0":"post-13397","1":"product","2":"type-product","3":"status-publish","4":"has-post-thumbnail","6":"product_brand-chemistry-surfboards-es","7":"product_cat-especiales","8":"product_cat-tablas-de-surf","9":"product_tag-especialidad","10":"pa_length-71","11":"pa_length-91","12":"pa_length-55","13":"pa_length-69","14":"pa_length-70","15":"pa_length-63","16":"pa_length-94","17":"pa_length-768","18":"pa_length-118","19":"pa_length-1023","20":"pa_length-189","21":"pa_length-100","22":"pa_length-97","23":"pa_length-531","24":"pa_length-138","25":"pa_length-984","26":"pa_length-136","27":"pa_length-791","28":"pa_length-132","29":"pa_model-solucion","30":"pa_shaper-chemistry-surfboards","31":"pa_thickness-2-1-2-es","32":"pa_thickness-2-3-4-es","33":"pa_thickness-2-3-8-es","34":"pa_thickness-2-5-16-es","35":"pa_thickness-2-5-8-es","36":"pa_thickness-2-7-16-es","37":"pa_thickness-2-7-8-es","38":"pa_thickness-2-9-16-es","39":"pa_thickness-3-es","40":"pa_volume-2970-l","41":"pa_volume-3130-l","42":"pa_volume-3190-l","43":"pa_volume-3260-l","44":"pa_volume-3410-l","45":"pa_volume-3570-l","46":"pa_volume-3640-l","47":"pa_volume-3830-l","48":"pa_volume-3910-l","49":"pa_volume-4090-l","50":"pa_volume-4170-l","51":"pa_volume-4240-l","52":"pa_volume-45-l","53":"pa_volume-4620-l","54":"pa_volume-4930-l","55":"pa_volume-5020-l","56":"pa_volume-51-l","57":"pa_volume-5420-l","58":"pa_volume-55-10-l","59":"pa_width-19-1-2-es","60":"pa_width-19-1-4-es","61":"pa_width-19-3-4-es","62":"pa_width-19-3-8-es","63":"pa_width-19-5-8-es","64":"pa_width-19-7-8-es","65":"pa_width-20-1-2-es","66":"pa_width-20-1-4-es","67":"pa_width-20-11-16-es","68":"pa_width-20-3-4-es","69":"pa_width-20-5-8-es","70":"pa_width-20-3-8-es","71":"pa_width-20-es","72":"pa_width-21-1-4-es","73":"pa_width-21-1-8-es","74":"pa_width-21-5-8-es","75":"pa_width-21-1-2-es","76":"pa_width-21-es","77":"pa_width-21-3-8-es","79":"first","80":"instock","81":"sale","82":"shipping-taxable","83":"purchasable","84":"product-type-variable"},"yoast_head":"<!-- This site is optimized with the Yoast SEO plugin v26.5 - https:\/\/yoast.com\/wordpress\/plugins\/seo\/ -->\n<title>Chemistry Solution | Chemistry Surfboards | Glassing Monkey<\/title>\n<meta name=\"description\" content=\"Surf Shop | Buy Chemistry Solution from Chemistry Surfboards at the best price in Glassing Monkey Surf Factory | Especiales, Tablas de surf\" \/>\n<meta name=\"robots\" content=\"index, follow, max-snippet:-1, max-image-preview:large, max-video-preview:-1\" \/>\n<link rel=\"canonical\" href=\"https:\/\/catalogo.glassingmonkey.com\/es\/tienda\/especiales\/chemistry-solution\/\" \/>\n<meta property=\"og:locale\" content=\"es_ES\" \/>\n<meta property=\"og:type\" content=\"article\" \/>\n<meta property=\"og:title\" content=\"Chemistry Solution | Chemistry Surfboards | Glassing Monkey\" \/>\n<meta property=\"og:description\" content=\"Surf Shop | Buy Chemistry Solution from Chemistry Surfboards at the best price in Glassing Monkey Surf Factory | Especiales, Tablas de surf\" \/>\n<meta property=\"og:url\" content=\"https:\/\/catalogo.glassingmonkey.com\/es\/tienda\/especiales\/chemistry-solution\/\" \/>\n<meta property=\"og:site_name\" content=\"Glassing Monkey\" \/>\n<meta property=\"article:publisher\" content=\"https:\/\/facebook.com\/glassingmonkey\" \/>\n<meta property=\"article:modified_time\" content=\"2024-06-05T10:01:51+00:00\" \/>\n<meta property=\"og:image\" content=\"https:\/\/catalogo.glassingmonkey.com\/wp-content\/uploads\/2022\/05\/glassing-monkey-chemistry-surfboards-solution.png\" \/>\n\t<meta property=\"og:image:width\" content=\"600\" \/>\n\t<meta property=\"og:image:height\" content=\"300\" \/>\n\t<meta property=\"og:image:type\" content=\"image\/png\" \/>\n<meta name=\"twitter:card\" content=\"summary_large_image\" \/>\n<meta name=\"twitter:label1\" content=\"Availability\" \/>\n\t<meta name=\"twitter:data1\" content=\"In stock\" \/>\n<script type=\"application\/ld+json\" class=\"yoast-schema-graph\">{\"@context\":\"https:\/\/schema.org\",\"@graph\":[{\"@type\":\"WebPage\",\"@id\":\"https:\/\/catalogo.glassingmonkey.com\/es\/tienda\/especiales\/chemistry-solution\/\",\"url\":\"https:\/\/catalogo.glassingmonkey.com\/es\/tienda\/especiales\/chemistry-solution\/\",\"name\":\"Chemistry Solution | Chemistry Surfboards | Glassing Monkey\",\"isPartOf\":{\"@id\":\"https:\/\/catalogo.glassingmonkey.com\/es\/#website\"},\"primaryImageOfPage\":{\"@id\":\"https:\/\/catalogo.glassingmonkey.com\/es\/tienda\/especiales\/chemistry-solution\/#primaryimage\"},\"image\":{\"@id\":\"https:\/\/catalogo.glassingmonkey.com\/es\/tienda\/especiales\/chemistry-solution\/#primaryimage\"},\"thumbnailUrl\":\"https:\/\/catalogo.glassingmonkey.com\/wp-content\/uploads\/2022\/05\/chemistry-surfboards-solution.png\",\"datePublished\":\"2022-05-25T21:27:24+00:00\",\"dateModified\":\"2024-06-05T10:01:51+00:00\",\"description\":\"Surf Shop | Buy Chemistry Solution from Chemistry Surfboards at the best price in Glassing Monkey Surf Factory | Especiales, Tablas de surf\",\"breadcrumb\":{\"@id\":\"https:\/\/catalogo.glassingmonkey.com\/es\/tienda\/especiales\/chemistry-solution\/#breadcrumb\"},\"inLanguage\":\"es\",\"potentialAction\":[{\"@type\":\"ReadAction\",\"target\":[\"https:\/\/catalogo.glassingmonkey.com\/es\/tienda\/especiales\/chemistry-solution\/\"]}]},{\"@type\":\"ImageObject\",\"inLanguage\":\"es\",\"@id\":\"https:\/\/catalogo.glassingmonkey.com\/es\/tienda\/especiales\/chemistry-solution\/#primaryimage\",\"url\":\"https:\/\/catalogo.glassingmonkey.com\/wp-content\/uploads\/2022\/05\/chemistry-surfboards-solution.png\",\"contentUrl\":\"https:\/\/catalogo.glassingmonkey.com\/wp-content\/uploads\/2022\/05\/chemistry-surfboards-solution.png\",\"width\":600,\"height\":750},{\"@type\":\"BreadcrumbList\",\"@id\":\"https:\/\/catalogo.glassingmonkey.com\/es\/tienda\/especiales\/chemistry-solution\/#breadcrumb\",\"itemListElement\":[{\"@type\":\"ListItem\",\"position\":1,\"name\":\"Home\",\"item\":\"https:\/\/catalogo.glassingmonkey.com\/es\/\"},{\"@type\":\"ListItem\",\"position\":2,\"name\":\"Productos\"},{\"@type\":\"ListItem\",\"position\":3,\"name\":\"Chemistry Solution\"}]},{\"@type\":\"WebSite\",\"@id\":\"https:\/\/catalogo.glassingmonkey.com\/es\/#website\",\"url\":\"https:\/\/catalogo.glassingmonkey.com\/es\/\",\"name\":\"Glassing Monkey\",\"description\":\"Surf Shop - Surf Outlet Store\",\"publisher\":{\"@id\":\"https:\/\/catalogo.glassingmonkey.com\/es\/#organization\"},\"potentialAction\":[{\"@type\":\"SearchAction\",\"target\":{\"@type\":\"EntryPoint\",\"urlTemplate\":\"https:\/\/catalogo.glassingmonkey.com\/es\/?s={search_term_string}\"},\"query-input\":{\"@type\":\"PropertyValueSpecification\",\"valueRequired\":true,\"valueName\":\"search_term_string\"}}],\"inLanguage\":\"es\"},{\"@type\":\"Organization\",\"@id\":\"https:\/\/catalogo.glassingmonkey.com\/es\/#organization\",\"name\":\"Glassing Monkey\",\"url\":\"https:\/\/catalogo.glassingmonkey.com\/es\/\",\"logo\":{\"@type\":\"ImageObject\",\"inLanguage\":\"es\",\"@id\":\"https:\/\/catalogo.glassingmonkey.com\/es\/#\/schema\/logo\/image\/\",\"url\":\"https:\/\/glassingmonkey.com\/wp-content\/uploads\/2022\/02\/cropped-favicon.png\",\"contentUrl\":\"https:\/\/glassingmonkey.com\/wp-content\/uploads\/2022\/02\/cropped-favicon.png\",\"width\":512,\"height\":512,\"caption\":\"Glassing Monkey\"},\"image\":{\"@id\":\"https:\/\/catalogo.glassingmonkey.com\/es\/#\/schema\/logo\/image\/\"},\"sameAs\":[\"https:\/\/facebook.com\/glassingmonkey\"]}]}<\/script>\n<meta property=\"product:brand\" content=\"Chemistry Surfboards\" \/>\n<meta property=\"og:availability\" content=\"instock\" \/>\n<meta property=\"product:availability\" content=\"instock\" \/>\n<meta property=\"product:retailer_item_id\" content=\"0000070\" \/>\n<meta property=\"product:condition\" content=\"new\" \/>\n<!-- \/ Yoast SEO plugin. -->","yoast_head_json":{"title":"Chemistry Solution | Chemistry Surfboards | Glassing Monkey","description":"Surf Shop | Buy Chemistry Solution from Chemistry Surfboards at the best price in Glassing Monkey Surf Factory | Especiales, Tablas de surf","robots":{"index":"index","follow":"follow","max-snippet":"max-snippet:-1","max-image-preview":"max-image-preview:large","max-video-preview":"max-video-preview:-1"},"canonical":"https:\/\/catalogo.glassingmonkey.com\/es\/tienda\/especiales\/chemistry-solution\/","og_locale":"es_ES","og_type":"article","og_title":"Chemistry Solution | Chemistry Surfboards | Glassing Monkey","og_description":"Surf Shop | Buy Chemistry Solution from Chemistry Surfboards at the best price in Glassing Monkey Surf Factory | Especiales, Tablas de surf","og_url":"https:\/\/catalogo.glassingmonkey.com\/es\/tienda\/especiales\/chemistry-solution\/","og_site_name":"Glassing Monkey","article_publisher":"https:\/\/facebook.com\/glassingmonkey","article_modified_time":"2024-06-05T10:01:51+00:00","og_image":[{"width":600,"height":300,"url":"https:\/\/catalogo.glassingmonkey.com\/wp-content\/uploads\/2022\/05\/glassing-monkey-chemistry-surfboards-solution.png","type":"image\/png"}],"twitter_card":"summary_large_image","twitter_misc":{"Availability":"In stock"},"schema":{"@context":"https:\/\/schema.org","@graph":[{"@type":"WebPage","@id":"https:\/\/catalogo.glassingmonkey.com\/es\/tienda\/especiales\/chemistry-solution\/","url":"https:\/\/catalogo.glassingmonkey.com\/es\/tienda\/especiales\/chemistry-solution\/","name":"Chemistry Solution | Chemistry Surfboards | Glassing Monkey","isPartOf":{"@id":"https:\/\/catalogo.glassingmonkey.com\/es\/#website"},"primaryImageOfPage":{"@id":"https:\/\/catalogo.glassingmonkey.com\/es\/tienda\/especiales\/chemistry-solution\/#primaryimage"},"image":{"@id":"https:\/\/catalogo.glassingmonkey.com\/es\/tienda\/especiales\/chemistry-solution\/#primaryimage"},"thumbnailUrl":"https:\/\/catalogo.glassingmonkey.com\/wp-content\/uploads\/2022\/05\/chemistry-surfboards-solution.png","datePublished":"2022-05-25T21:27:24+00:00","dateModified":"2024-06-05T10:01:51+00:00","description":"Surf Shop | Buy Chemistry Solution from Chemistry Surfboards at the best price in Glassing Monkey Surf Factory | Especiales, Tablas de surf","breadcrumb":{"@id":"https:\/\/catalogo.glassingmonkey.com\/es\/tienda\/especiales\/chemistry-solution\/#breadcrumb"},"inLanguage":"es","potentialAction":[{"@type":"ReadAction","target":["https:\/\/catalogo.glassingmonkey.com\/es\/tienda\/especiales\/chemistry-solution\/"]}]},{"@type":"ImageObject","inLanguage":"es","@id":"https:\/\/catalogo.glassingmonkey.com\/es\/tienda\/especiales\/chemistry-solution\/#primaryimage","url":"https:\/\/catalogo.glassingmonkey.com\/wp-content\/uploads\/2022\/05\/chemistry-surfboards-solution.png","contentUrl":"https:\/\/catalogo.glassingmonkey.com\/wp-content\/uploads\/2022\/05\/chemistry-surfboards-solution.png","width":600,"height":750},{"@type":"BreadcrumbList","@id":"https:\/\/catalogo.glassingmonkey.com\/es\/tienda\/especiales\/chemistry-solution\/#breadcrumb","itemListElement":[{"@type":"ListItem","position":1,"name":"Home","item":"https:\/\/catalogo.glassingmonkey.com\/es\/"},{"@type":"ListItem","position":2,"name":"Productos"},{"@type":"ListItem","position":3,"name":"Chemistry Solution"}]},{"@type":"WebSite","@id":"https:\/\/catalogo.glassingmonkey.com\/es\/#website","url":"https:\/\/catalogo.glassingmonkey.com\/es\/","name":"Glassing Monkey","description":"Surf Shop - Surf Outlet Store","publisher":{"@id":"https:\/\/catalogo.glassingmonkey.com\/es\/#organization"},"potentialAction":[{"@type":"SearchAction","target":{"@type":"EntryPoint","urlTemplate":"https:\/\/catalogo.glassingmonkey.com\/es\/?s={search_term_string}"},"query-input":{"@type":"PropertyValueSpecification","valueRequired":true,"valueName":"search_term_string"}}],"inLanguage":"es"},{"@type":"Organization","@id":"https:\/\/catalogo.glassingmonkey.com\/es\/#organization","name":"Glassing Monkey","url":"https:\/\/catalogo.glassingmonkey.com\/es\/","logo":{"@type":"ImageObject","inLanguage":"es","@id":"https:\/\/catalogo.glassingmonkey.com\/es\/#\/schema\/logo\/image\/","url":"https:\/\/glassingmonkey.com\/wp-content\/uploads\/2022\/02\/cropped-favicon.png","contentUrl":"https:\/\/glassingmonkey.com\/wp-content\/uploads\/2022\/02\/cropped-favicon.png","width":512,"height":512,"caption":"Glassing Monkey"},"image":{"@id":"https:\/\/catalogo.glassingmonkey.com\/es\/#\/schema\/logo\/image\/"},"sameAs":["https:\/\/facebook.com\/glassingmonkey"]}]},"product_brand":"Chemistry Surfboards","og_availability":"instock","product_availability":"instock","product_retailer_item_id":"0000070","product_condition":"new"},"_links":{"self":[{"href":"https:\/\/catalogo.glassingmonkey.com\/es\/wp-json\/wp\/v2\/product\/13397","targetHints":{"allow":["GET"]}}],"collection":[{"href":"https:\/\/catalogo.glassingmonkey.com\/es\/wp-json\/wp\/v2\/product"}],"about":[{"href":"https:\/\/catalogo.glassingmonkey.com\/es\/wp-json\/wp\/v2\/types\/product"}],"version-history":[{"count":1,"href":"https:\/\/catalogo.glassingmonkey.com\/es\/wp-json\/wp\/v2\/product\/13397\/revisions"}],"predecessor-version":[{"id":15000,"href":"https:\/\/catalogo.glassingmonkey.com\/es\/wp-json\/wp\/v2\/product\/13397\/revisions\/15000"}],"wp:featuredmedia":[{"embeddable":true,"href":"https:\/\/catalogo.glassingmonkey.com\/es\/wp-json\/wp\/v2\/media\/8795"}],"wp:attachment":[{"href":"https:\/\/catalogo.glassingmonkey.com\/es\/wp-json\/wp\/v2\/media?parent=13397"}],"wp:term":[{"taxonomy":"product_brand","embeddable":true,"href":"https:\/\/catalogo.glassingmonkey.com\/es\/wp-json\/wp\/v2\/product_brand?post=13397"},{"taxonomy":"product_cat","embeddable":true,"href":"https:\/\/catalogo.glassingmonkey.com\/es\/wp-json\/wp\/v2\/product_cat?post=13397"},{"taxonomy":"product_tag","embeddable":true,"href":"https:\/\/catalogo.glassingmonkey.com\/es\/wp-json\/wp\/v2\/product_tag?post=13397"}],"curies":[{"name":"wp","href":"https:\/\/api.w.org\/{rel}","templated":true}]}}