{"id":13395,"date":"2022-05-25T19:45:27","date_gmt":"2022-05-25T19:45:27","guid":{"rendered":"https:\/\/glassingmonkey.com\/shop\/sin%20categor\u00eda\/quimica-compresion\/"},"modified":"2024-06-05T10:04:45","modified_gmt":"2024-06-05T10:04:45","slug":"chemistry-compression","status":"publish","type":"product","link":"https:\/\/catalogo.glassingmonkey.com\/es\/tienda\/tablas-de-surf\/chemistry-compression\/","title":{"rendered":"Chemistry Compression"},"content":{"rendered":"<p>La Compression te ofrece la posibilidad de montar una tabla m\u00e1s corta y maniobrable en olas m\u00e1s grandes. Con este modelo hemos a\u00f1adido anchura en el morro y m\u00e1s volumen delantero para compensar la menor longitud.<\/p>\n<p>Te recomendamos que acortes entre 1 y 3 pies m\u00e1s que tu pistola habitual y que a\u00f1adas 1\/2 pulgada a la anchura y 1\/2 pulgada al grosor. Con la combinaci\u00f3n de una nariz m\u00e1s llena, un flujo de volumen m\u00e1s grueso y un rocker de entrada suave, este modelo te meter\u00e1 en todo lo que el oc\u00e9ano te ofrezca.<\/p>\n","protected":false},"excerpt":{"rendered":"<p>Al ir m\u00e1s corto, el Compression permite al surfista maniobrar con su tabla, a diferencia de los grandes cazadores de rinocerontes del pasado, que s\u00f3lo permit\u00edan a los surfistas hacer una ca\u00edda. Tambi\u00e9n recomendamos optar por una configuraci\u00f3n de cuatro aletas para ofrecer la configuraci\u00f3n de aletas m\u00e1s r\u00e1pida posible. Esto te ayudar\u00e1 en el tubo, a superar tramos grandes y a maniobrar bien la tabla m\u00e1s grande.<br \/>\nContorno inferior: ligero c\u00f3ncavo simple hacia un profundo c\u00f3ncavo doble<br \/>\nCola: alfiler, alfiler redondo, pulgar, golondrina<\/p>\n","protected":false},"featured_media":8628,"template":"","meta":{"_joinchat":[]},"product_brand":[1493],"product_cat":[269,1835],"product_tag":[1371],"class_list":{"0":"post-13395","1":"product","2":"type-product","3":"status-publish","4":"has-post-thumbnail","6":"product_brand-chemistry-surfboards-es","7":"product_cat-tablas-de-surf","8":"product_cat-olas-grandes","9":"product_tag-gran-ola","10":"product_shipping_class-tablas-a-partir-de-67-es-2","11":"pa_length-118","12":"pa_length-1023","13":"pa_length-97","14":"pa_length-531","15":"pa_length-138","16":"pa_length-984","17":"pa_length-136","18":"pa_length-791","19":"pa_length-132","20":"pa_length-1024","21":"pa_length-120","22":"pa_length-134","23":"pa_length-1025","24":"pa_length-217","25":"pa_length-1026","26":"pa_length-123","27":"pa_length-140","28":"pa_length-221","29":"pa_length-1027","30":"pa_length-127","31":"pa_model-compresion","32":"pa_shaper-chemistry-surfboards","33":"pa_thickness-2-1-2-es","34":"pa_thickness-2-11-16-es","35":"pa_thickness-2-3-4-es","36":"pa_thickness-2-3-8-es","37":"pa_thickness-2-5-16-es","38":"pa_thickness-2-5-8-es","39":"pa_thickness-2-7-16-es","40":"pa_thickness-2-9-16-es","41":"pa_thickness-3-es","42":"pa_volume-2990-l","43":"pa_volume-29-50-l","44":"pa_volume-3050-l","45":"pa_volume-3170-l","46":"pa_volume-3220-l","47":"pa_volume-3260-l","48":"pa_volume-3410-l","49":"pa_volume-3450-l","50":"pa_volume-3590-l","51":"pa_volume-365l","52":"pa_volume-3780-l","53":"pa_volume-3850-l","54":"pa_volume-3890-l","55":"pa_volume-4040-l","56":"pa_volume-42-l","57":"pa_volume-4250-l","58":"pa_volume-4470-l","59":"pa_volume-44-20-l","60":"pa_volume-496-litros","61":"pa_width-19-1-2-es","62":"pa_width-19-1-4-es","63":"pa_width-19-1-8-es","64":"pa_width-19-11-16-es-2","65":"pa_width-19-3-4-es","66":"pa_width-19-3-8-es","67":"pa_width-19-5-16-es","68":"pa_width-19-5-8-es","69":"pa_width-19-7-16-es","70":"pa_width-19-7-8-es","71":"pa_width-20-es","73":"first","74":"instock","75":"sale","76":"featured","77":"shipping-taxable","78":"purchasable","79":"product-type-variable"},"yoast_head":"<!-- This site is optimized with the Yoast SEO plugin v26.5 - https:\/\/yoast.com\/wordpress\/plugins\/seo\/ -->\n<title>Chemistry Compression | Chemistry Surfboards | Glassing Monkey<\/title>\n<meta name=\"description\" content=\"Surf Shop | Buy Chemistry Compression from Chemistry Surfboards at the best price in Glassing Monkey Surf Factory | Tablas de surf, Olas Grandes\" \/>\n<meta name=\"robots\" content=\"index, follow, max-snippet:-1, max-image-preview:large, max-video-preview:-1\" \/>\n<link rel=\"canonical\" href=\"https:\/\/catalogo.glassingmonkey.com\/es\/tienda\/tablas-de-surf\/chemistry-compression\/\" \/>\n<meta property=\"og:locale\" content=\"es_ES\" \/>\n<meta property=\"og:type\" content=\"article\" \/>\n<meta property=\"og:title\" content=\"Chemistry Compression | Chemistry Surfboards | Glassing Monkey\" \/>\n<meta property=\"og:description\" content=\"Surf Shop | Buy Chemistry Compression from Chemistry Surfboards at the best price in Glassing Monkey Surf Factory | Tablas de surf, Olas Grandes\" \/>\n<meta property=\"og:url\" content=\"https:\/\/catalogo.glassingmonkey.com\/es\/tienda\/tablas-de-surf\/chemistry-compression\/\" \/>\n<meta property=\"og:site_name\" content=\"Glassing Monkey\" \/>\n<meta property=\"article:publisher\" content=\"https:\/\/facebook.com\/glassingmonkey\" \/>\n<meta property=\"article:modified_time\" content=\"2024-06-05T10:04:45+00:00\" \/>\n<meta property=\"og:image\" content=\"https:\/\/catalogo.glassingmonkey.com\/wp-content\/uploads\/2022\/05\/glassing-monkey-chemistry-surfboards-compresion.png\" \/>\n\t<meta property=\"og:image:width\" content=\"600\" \/>\n\t<meta property=\"og:image:height\" content=\"300\" \/>\n\t<meta property=\"og:image:type\" content=\"image\/png\" \/>\n<meta name=\"twitter:card\" content=\"summary_large_image\" \/>\n<meta name=\"twitter:label1\" content=\"Availability\" \/>\n\t<meta name=\"twitter:data1\" content=\"In stock\" \/>\n<script type=\"application\/ld+json\" class=\"yoast-schema-graph\">{\"@context\":\"https:\/\/schema.org\",\"@graph\":[{\"@type\":\"WebPage\",\"@id\":\"https:\/\/catalogo.glassingmonkey.com\/es\/tienda\/tablas-de-surf\/chemistry-compression\/\",\"url\":\"https:\/\/catalogo.glassingmonkey.com\/es\/tienda\/tablas-de-surf\/chemistry-compression\/\",\"name\":\"Chemistry Compression | Chemistry Surfboards | Glassing Monkey\",\"isPartOf\":{\"@id\":\"https:\/\/catalogo.glassingmonkey.com\/es\/#website\"},\"primaryImageOfPage\":{\"@id\":\"https:\/\/catalogo.glassingmonkey.com\/es\/tienda\/tablas-de-surf\/chemistry-compression\/#primaryimage\"},\"image\":{\"@id\":\"https:\/\/catalogo.glassingmonkey.com\/es\/tienda\/tablas-de-surf\/chemistry-compression\/#primaryimage\"},\"thumbnailUrl\":\"https:\/\/catalogo.glassingmonkey.com\/wp-content\/uploads\/2022\/05\/chemistry-surfboards-compresion.png\",\"datePublished\":\"2022-05-25T19:45:27+00:00\",\"dateModified\":\"2024-06-05T10:04:45+00:00\",\"description\":\"Surf Shop | Buy Chemistry Compression from Chemistry Surfboards at the best price in Glassing Monkey Surf Factory | Tablas de surf, Olas Grandes\",\"breadcrumb\":{\"@id\":\"https:\/\/catalogo.glassingmonkey.com\/es\/tienda\/tablas-de-surf\/chemistry-compression\/#breadcrumb\"},\"inLanguage\":\"es\",\"potentialAction\":[{\"@type\":\"ReadAction\",\"target\":[\"https:\/\/catalogo.glassingmonkey.com\/es\/tienda\/tablas-de-surf\/chemistry-compression\/\"]}]},{\"@type\":\"ImageObject\",\"inLanguage\":\"es\",\"@id\":\"https:\/\/catalogo.glassingmonkey.com\/es\/tienda\/tablas-de-surf\/chemistry-compression\/#primaryimage\",\"url\":\"https:\/\/catalogo.glassingmonkey.com\/wp-content\/uploads\/2022\/05\/chemistry-surfboards-compresion.png\",\"contentUrl\":\"https:\/\/catalogo.glassingmonkey.com\/wp-content\/uploads\/2022\/05\/chemistry-surfboards-compresion.png\",\"width\":600,\"height\":750},{\"@type\":\"BreadcrumbList\",\"@id\":\"https:\/\/catalogo.glassingmonkey.com\/es\/tienda\/tablas-de-surf\/chemistry-compression\/#breadcrumb\",\"itemListElement\":[{\"@type\":\"ListItem\",\"position\":1,\"name\":\"Home\",\"item\":\"https:\/\/catalogo.glassingmonkey.com\/es\/\"},{\"@type\":\"ListItem\",\"position\":2,\"name\":\"Productos\"},{\"@type\":\"ListItem\",\"position\":3,\"name\":\"Chemistry Compression\"}]},{\"@type\":\"WebSite\",\"@id\":\"https:\/\/catalogo.glassingmonkey.com\/es\/#website\",\"url\":\"https:\/\/catalogo.glassingmonkey.com\/es\/\",\"name\":\"Glassing Monkey\",\"description\":\"Surf Shop - Surf Outlet Store\",\"publisher\":{\"@id\":\"https:\/\/catalogo.glassingmonkey.com\/es\/#organization\"},\"potentialAction\":[{\"@type\":\"SearchAction\",\"target\":{\"@type\":\"EntryPoint\",\"urlTemplate\":\"https:\/\/catalogo.glassingmonkey.com\/es\/?s={search_term_string}\"},\"query-input\":{\"@type\":\"PropertyValueSpecification\",\"valueRequired\":true,\"valueName\":\"search_term_string\"}}],\"inLanguage\":\"es\"},{\"@type\":\"Organization\",\"@id\":\"https:\/\/catalogo.glassingmonkey.com\/es\/#organization\",\"name\":\"Glassing Monkey\",\"url\":\"https:\/\/catalogo.glassingmonkey.com\/es\/\",\"logo\":{\"@type\":\"ImageObject\",\"inLanguage\":\"es\",\"@id\":\"https:\/\/catalogo.glassingmonkey.com\/es\/#\/schema\/logo\/image\/\",\"url\":\"https:\/\/glassingmonkey.com\/wp-content\/uploads\/2022\/02\/cropped-favicon.png\",\"contentUrl\":\"https:\/\/glassingmonkey.com\/wp-content\/uploads\/2022\/02\/cropped-favicon.png\",\"width\":512,\"height\":512,\"caption\":\"Glassing Monkey\"},\"image\":{\"@id\":\"https:\/\/catalogo.glassingmonkey.com\/es\/#\/schema\/logo\/image\/\"},\"sameAs\":[\"https:\/\/facebook.com\/glassingmonkey\"]}]}<\/script>\n<meta property=\"product:brand\" content=\"Chemistry Surfboards\" \/>\n<meta property=\"og:availability\" content=\"instock\" \/>\n<meta property=\"product:availability\" content=\"instock\" \/>\n<meta property=\"product:retailer_item_id\" content=\"0000064\" \/>\n<meta property=\"product:condition\" content=\"new\" \/>\n<!-- \/ Yoast SEO plugin. -->","yoast_head_json":{"title":"Chemistry Compression | Chemistry Surfboards | Glassing Monkey","description":"Surf Shop | Buy Chemistry Compression from Chemistry Surfboards at the best price in Glassing Monkey Surf Factory | Tablas de surf, Olas Grandes","robots":{"index":"index","follow":"follow","max-snippet":"max-snippet:-1","max-image-preview":"max-image-preview:large","max-video-preview":"max-video-preview:-1"},"canonical":"https:\/\/catalogo.glassingmonkey.com\/es\/tienda\/tablas-de-surf\/chemistry-compression\/","og_locale":"es_ES","og_type":"article","og_title":"Chemistry Compression | Chemistry Surfboards | Glassing Monkey","og_description":"Surf Shop | Buy Chemistry Compression from Chemistry Surfboards at the best price in Glassing Monkey Surf Factory | Tablas de surf, Olas Grandes","og_url":"https:\/\/catalogo.glassingmonkey.com\/es\/tienda\/tablas-de-surf\/chemistry-compression\/","og_site_name":"Glassing Monkey","article_publisher":"https:\/\/facebook.com\/glassingmonkey","article_modified_time":"2024-06-05T10:04:45+00:00","og_image":[{"width":600,"height":300,"url":"https:\/\/catalogo.glassingmonkey.com\/wp-content\/uploads\/2022\/05\/glassing-monkey-chemistry-surfboards-compresion.png","type":"image\/png"}],"twitter_card":"summary_large_image","twitter_misc":{"Availability":"In stock"},"schema":{"@context":"https:\/\/schema.org","@graph":[{"@type":"WebPage","@id":"https:\/\/catalogo.glassingmonkey.com\/es\/tienda\/tablas-de-surf\/chemistry-compression\/","url":"https:\/\/catalogo.glassingmonkey.com\/es\/tienda\/tablas-de-surf\/chemistry-compression\/","name":"Chemistry Compression | Chemistry Surfboards | Glassing Monkey","isPartOf":{"@id":"https:\/\/catalogo.glassingmonkey.com\/es\/#website"},"primaryImageOfPage":{"@id":"https:\/\/catalogo.glassingmonkey.com\/es\/tienda\/tablas-de-surf\/chemistry-compression\/#primaryimage"},"image":{"@id":"https:\/\/catalogo.glassingmonkey.com\/es\/tienda\/tablas-de-surf\/chemistry-compression\/#primaryimage"},"thumbnailUrl":"https:\/\/catalogo.glassingmonkey.com\/wp-content\/uploads\/2022\/05\/chemistry-surfboards-compresion.png","datePublished":"2022-05-25T19:45:27+00:00","dateModified":"2024-06-05T10:04:45+00:00","description":"Surf Shop | Buy Chemistry Compression from Chemistry Surfboards at the best price in Glassing Monkey Surf Factory | Tablas de surf, Olas Grandes","breadcrumb":{"@id":"https:\/\/catalogo.glassingmonkey.com\/es\/tienda\/tablas-de-surf\/chemistry-compression\/#breadcrumb"},"inLanguage":"es","potentialAction":[{"@type":"ReadAction","target":["https:\/\/catalogo.glassingmonkey.com\/es\/tienda\/tablas-de-surf\/chemistry-compression\/"]}]},{"@type":"ImageObject","inLanguage":"es","@id":"https:\/\/catalogo.glassingmonkey.com\/es\/tienda\/tablas-de-surf\/chemistry-compression\/#primaryimage","url":"https:\/\/catalogo.glassingmonkey.com\/wp-content\/uploads\/2022\/05\/chemistry-surfboards-compresion.png","contentUrl":"https:\/\/catalogo.glassingmonkey.com\/wp-content\/uploads\/2022\/05\/chemistry-surfboards-compresion.png","width":600,"height":750},{"@type":"BreadcrumbList","@id":"https:\/\/catalogo.glassingmonkey.com\/es\/tienda\/tablas-de-surf\/chemistry-compression\/#breadcrumb","itemListElement":[{"@type":"ListItem","position":1,"name":"Home","item":"https:\/\/catalogo.glassingmonkey.com\/es\/"},{"@type":"ListItem","position":2,"name":"Productos"},{"@type":"ListItem","position":3,"name":"Chemistry Compression"}]},{"@type":"WebSite","@id":"https:\/\/catalogo.glassingmonkey.com\/es\/#website","url":"https:\/\/catalogo.glassingmonkey.com\/es\/","name":"Glassing Monkey","description":"Surf Shop - Surf Outlet Store","publisher":{"@id":"https:\/\/catalogo.glassingmonkey.com\/es\/#organization"},"potentialAction":[{"@type":"SearchAction","target":{"@type":"EntryPoint","urlTemplate":"https:\/\/catalogo.glassingmonkey.com\/es\/?s={search_term_string}"},"query-input":{"@type":"PropertyValueSpecification","valueRequired":true,"valueName":"search_term_string"}}],"inLanguage":"es"},{"@type":"Organization","@id":"https:\/\/catalogo.glassingmonkey.com\/es\/#organization","name":"Glassing Monkey","url":"https:\/\/catalogo.glassingmonkey.com\/es\/","logo":{"@type":"ImageObject","inLanguage":"es","@id":"https:\/\/catalogo.glassingmonkey.com\/es\/#\/schema\/logo\/image\/","url":"https:\/\/glassingmonkey.com\/wp-content\/uploads\/2022\/02\/cropped-favicon.png","contentUrl":"https:\/\/glassingmonkey.com\/wp-content\/uploads\/2022\/02\/cropped-favicon.png","width":512,"height":512,"caption":"Glassing Monkey"},"image":{"@id":"https:\/\/catalogo.glassingmonkey.com\/es\/#\/schema\/logo\/image\/"},"sameAs":["https:\/\/facebook.com\/glassingmonkey"]}]},"product_brand":"Chemistry Surfboards","og_availability":"instock","product_availability":"instock","product_retailer_item_id":"0000064","product_condition":"new"},"_links":{"self":[{"href":"https:\/\/catalogo.glassingmonkey.com\/es\/wp-json\/wp\/v2\/product\/13395","targetHints":{"allow":["GET"]}}],"collection":[{"href":"https:\/\/catalogo.glassingmonkey.com\/es\/wp-json\/wp\/v2\/product"}],"about":[{"href":"https:\/\/catalogo.glassingmonkey.com\/es\/wp-json\/wp\/v2\/types\/product"}],"version-history":[{"count":1,"href":"https:\/\/catalogo.glassingmonkey.com\/es\/wp-json\/wp\/v2\/product\/13395\/revisions"}],"predecessor-version":[{"id":14998,"href":"https:\/\/catalogo.glassingmonkey.com\/es\/wp-json\/wp\/v2\/product\/13395\/revisions\/14998"}],"wp:featuredmedia":[{"embeddable":true,"href":"https:\/\/catalogo.glassingmonkey.com\/es\/wp-json\/wp\/v2\/media\/8628"}],"wp:attachment":[{"href":"https:\/\/catalogo.glassingmonkey.com\/es\/wp-json\/wp\/v2\/media?parent=13395"}],"wp:term":[{"taxonomy":"product_brand","embeddable":true,"href":"https:\/\/catalogo.glassingmonkey.com\/es\/wp-json\/wp\/v2\/product_brand?post=13395"},{"taxonomy":"product_cat","embeddable":true,"href":"https:\/\/catalogo.glassingmonkey.com\/es\/wp-json\/wp\/v2\/product_cat?post=13395"},{"taxonomy":"product_tag","embeddable":true,"href":"https:\/\/catalogo.glassingmonkey.com\/es\/wp-json\/wp\/v2\/product_tag?post=13395"}],"curies":[{"name":"wp","href":"https:\/\/api.w.org\/{rel}","templated":true}]}}