{"id":13391,"date":"2022-05-25T15:31:31","date_gmt":"2022-05-25T15:31:31","guid":{"rendered":"https:\/\/glassingmonkey.com\/shop\/sin%20categor\u00eda\/quimica-lado-b\/"},"modified":"2024-06-05T10:12:55","modified_gmt":"2024-06-05T10:12:55","slug":"chemistry-side-b","status":"publish","type":"product","link":"https:\/\/catalogo.glassingmonkey.com\/es\/tienda\/alto-rendimiento\/chemistry-side-b\/","title":{"rendered":"Chemistry Side-B"},"content":{"rendered":"<p>Nuestro modelo de alto rendimiento m\u00e1s reciente. Desarrollado con Barron Mamiya<\/p>\n<p>La B-Side es la tabla corta de mayor rendimiento de nuestra l\u00ednea. Tambi\u00e9n tiene el c\u00f3ncavo simple m\u00e1s profundo y el rocker m\u00e1s acelerado de todas las tablas de alto rendimiento que hemos construido.<\/p>\n","protected":false},"excerpt":{"rendered":"<p>Dise\u00f1ada con el corredor del equipo Barron Mamiya, esta tabla se desarroll\u00f3 por su necesidad de una tabla de alt\u00edsimo rendimiento que pudiera utilizar tanto en competiciones como en casa, en Hawai. Esta tabla destaca en olas de alto rendimiento como Lowers, North Shore o cualquier otra que exija montar una cuchilla.<\/p>\n","protected":false},"featured_media":8557,"template":"","meta":{"_joinchat":[]},"product_brand":[1493],"product_cat":[1253,269,1831],"product_tag":[1419],"class_list":{"0":"post-13391","1":"product","2":"type-product","3":"status-publish","4":"has-post-thumbnail","6":"product_brand-chemistry-surfboards-es","7":"product_cat-alto-rendimiento","8":"product_cat-tablas-de-surf","9":"product_cat-high-performance-2","10":"product_tag-alto-rendimiento","11":"pa_length-602","12":"pa_length-232","13":"pa_length-71","14":"pa_length-91","15":"pa_length-517","16":"pa_length-489","17":"pa_length-192","18":"pa_length-152","19":"pa_length-55","20":"pa_length-69","21":"pa_length-70","22":"pa_length-63","23":"pa_length-94","24":"pa_length-768","25":"pa_length-189","26":"pa_length-100","27":"pa_length-97","28":"pa_length-531","29":"pa_length-138","30":"pa_model-lado-b","31":"pa_shaper-chemistry-surfboards","32":"pa_thickness-1-7-8-es","33":"pa_thickness-2-1-16-es","34":"pa_thickness-2-1-2-es","35":"pa_thickness-2-1-4-es","36":"pa_thickness-2-1-8-es","37":"pa_thickness-2-11-16-es","38":"pa_thickness-2-3-16-es","39":"pa_thickness-2-3-4-es","40":"pa_thickness-2-3-8-es","41":"pa_thickness-2-5-16-es","42":"pa_thickness-2-5-8-es","43":"pa_thickness-2-7-16-es","44":"pa_thickness-2-9-16-es","45":"pa_thickness-2-es","46":"pa_volume-16-20-l","47":"pa_volume-1780-l","48":"pa_volume-1830-l","49":"pa_volume-1970-l","50":"pa_volume-2090-l","51":"pa_volume-21-5-l","52":"pa_volume-22-80-l","53":"pa_volume-23-10-l","54":"pa_volume-2430-l","55":"pa_volume-25-50-l","56":"pa_volume-260-l","57":"pa_volume-2720-l","58":"pa_volume-2870-l","59":"pa_volume-3030-l","60":"pa_volume-318l","61":"pa_volume-334l","62":"pa_volume-3410-l","63":"pa_volume-3550-l","64":"pa_volume-37-70-l","65":"pa_width-16-1-2-es","66":"pa_width-16-3-4-es","67":"pa_width-17-1-2-es-2","68":"pa_width-17-3-4-es","69":"pa_width-17-es","70":"pa_width-18-1-4-es","71":"pa_width-18-11-16-es","72":"pa_width-18-3-8-es","73":"pa_width-18-5-8-es","74":"pa_width-18-1-2-es-2","75":"pa_width-18-es","76":"pa_width-19-1-2-es","77":"pa_width-19-1-4-es","78":"pa_width-19-3-4-es","79":"pa_width-19-7-8-es","80":"pa_width-19-es","81":"pa_width-20-1-2-es","82":"pa_width-20-es","84":"first","85":"instock","86":"sale","87":"shipping-taxable","88":"purchasable","89":"product-type-variable"},"yoast_head":"<!-- This site is optimized with the Yoast SEO plugin v26.5 - https:\/\/yoast.com\/wordpress\/plugins\/seo\/ -->\n<title>Chemistry Side-B | Chemistry Surfboards | Glassing Monkey<\/title>\n<meta name=\"description\" content=\"Surf Shop | Buy Chemistry Side-B from Chemistry Surfboards at the best price in Glassing Monkey Surf Factory | Alto rendimiento, Tablas de surf, High Performance\" \/>\n<meta name=\"robots\" content=\"index, follow, max-snippet:-1, max-image-preview:large, max-video-preview:-1\" \/>\n<link rel=\"canonical\" href=\"https:\/\/catalogo.glassingmonkey.com\/es\/tienda\/alto-rendimiento\/chemistry-side-b\/\" \/>\n<meta property=\"og:locale\" content=\"es_ES\" \/>\n<meta property=\"og:type\" content=\"article\" \/>\n<meta property=\"og:title\" content=\"Chemistry Side-B | Chemistry Surfboards | Glassing Monkey\" \/>\n<meta property=\"og:description\" content=\"Surf Shop | Buy Chemistry Side-B from Chemistry Surfboards at the best price in Glassing Monkey Surf Factory | Alto rendimiento, Tablas de surf, High Performance\" \/>\n<meta property=\"og:url\" content=\"https:\/\/catalogo.glassingmonkey.com\/es\/tienda\/alto-rendimiento\/chemistry-side-b\/\" \/>\n<meta property=\"og:site_name\" content=\"Glassing Monkey\" \/>\n<meta property=\"article:publisher\" content=\"https:\/\/facebook.com\/glassingmonkey\" \/>\n<meta property=\"article:modified_time\" content=\"2024-06-05T10:12:55+00:00\" \/>\n<meta property=\"og:image\" content=\"https:\/\/catalogo.glassingmonkey.com\/wp-content\/uploads\/2022\/05\/glassing-monkey-chemistry-surfboards-side-b.png\" \/>\n\t<meta property=\"og:image:width\" content=\"600\" \/>\n\t<meta property=\"og:image:height\" content=\"300\" \/>\n\t<meta property=\"og:image:type\" content=\"image\/png\" \/>\n<meta name=\"twitter:card\" content=\"summary_large_image\" \/>\n<meta name=\"twitter:label1\" content=\"Availability\" \/>\n\t<meta name=\"twitter:data1\" content=\"In stock\" \/>\n<script type=\"application\/ld+json\" class=\"yoast-schema-graph\">{\"@context\":\"https:\/\/schema.org\",\"@graph\":[{\"@type\":\"WebPage\",\"@id\":\"https:\/\/catalogo.glassingmonkey.com\/es\/tienda\/alto-rendimiento\/chemistry-side-b\/\",\"url\":\"https:\/\/catalogo.glassingmonkey.com\/es\/tienda\/alto-rendimiento\/chemistry-side-b\/\",\"name\":\"Chemistry Side-B | Chemistry Surfboards | Glassing Monkey\",\"isPartOf\":{\"@id\":\"https:\/\/catalogo.glassingmonkey.com\/es\/#website\"},\"primaryImageOfPage\":{\"@id\":\"https:\/\/catalogo.glassingmonkey.com\/es\/tienda\/alto-rendimiento\/chemistry-side-b\/#primaryimage\"},\"image\":{\"@id\":\"https:\/\/catalogo.glassingmonkey.com\/es\/tienda\/alto-rendimiento\/chemistry-side-b\/#primaryimage\"},\"thumbnailUrl\":\"https:\/\/catalogo.glassingmonkey.com\/wp-content\/uploads\/2022\/05\/cheministry-side-b.png\",\"datePublished\":\"2022-05-25T15:31:31+00:00\",\"dateModified\":\"2024-06-05T10:12:55+00:00\",\"description\":\"Surf Shop | Buy Chemistry Side-B from Chemistry Surfboards at the best price in Glassing Monkey Surf Factory | Alto rendimiento, Tablas de surf, High Performance\",\"breadcrumb\":{\"@id\":\"https:\/\/catalogo.glassingmonkey.com\/es\/tienda\/alto-rendimiento\/chemistry-side-b\/#breadcrumb\"},\"inLanguage\":\"es\",\"potentialAction\":[{\"@type\":\"ReadAction\",\"target\":[\"https:\/\/catalogo.glassingmonkey.com\/es\/tienda\/alto-rendimiento\/chemistry-side-b\/\"]}]},{\"@type\":\"ImageObject\",\"inLanguage\":\"es\",\"@id\":\"https:\/\/catalogo.glassingmonkey.com\/es\/tienda\/alto-rendimiento\/chemistry-side-b\/#primaryimage\",\"url\":\"https:\/\/catalogo.glassingmonkey.com\/wp-content\/uploads\/2022\/05\/cheministry-side-b.png\",\"contentUrl\":\"https:\/\/catalogo.glassingmonkey.com\/wp-content\/uploads\/2022\/05\/cheministry-side-b.png\",\"width\":600,\"height\":750},{\"@type\":\"BreadcrumbList\",\"@id\":\"https:\/\/catalogo.glassingmonkey.com\/es\/tienda\/alto-rendimiento\/chemistry-side-b\/#breadcrumb\",\"itemListElement\":[{\"@type\":\"ListItem\",\"position\":1,\"name\":\"Home\",\"item\":\"https:\/\/catalogo.glassingmonkey.com\/es\/\"},{\"@type\":\"ListItem\",\"position\":2,\"name\":\"Productos\"},{\"@type\":\"ListItem\",\"position\":3,\"name\":\"Chemistry Side-B\"}]},{\"@type\":\"WebSite\",\"@id\":\"https:\/\/catalogo.glassingmonkey.com\/es\/#website\",\"url\":\"https:\/\/catalogo.glassingmonkey.com\/es\/\",\"name\":\"Glassing Monkey\",\"description\":\"Surf Shop - Surf Outlet Store\",\"publisher\":{\"@id\":\"https:\/\/catalogo.glassingmonkey.com\/es\/#organization\"},\"potentialAction\":[{\"@type\":\"SearchAction\",\"target\":{\"@type\":\"EntryPoint\",\"urlTemplate\":\"https:\/\/catalogo.glassingmonkey.com\/es\/?s={search_term_string}\"},\"query-input\":{\"@type\":\"PropertyValueSpecification\",\"valueRequired\":true,\"valueName\":\"search_term_string\"}}],\"inLanguage\":\"es\"},{\"@type\":\"Organization\",\"@id\":\"https:\/\/catalogo.glassingmonkey.com\/es\/#organization\",\"name\":\"Glassing Monkey\",\"url\":\"https:\/\/catalogo.glassingmonkey.com\/es\/\",\"logo\":{\"@type\":\"ImageObject\",\"inLanguage\":\"es\",\"@id\":\"https:\/\/catalogo.glassingmonkey.com\/es\/#\/schema\/logo\/image\/\",\"url\":\"https:\/\/glassingmonkey.com\/wp-content\/uploads\/2022\/02\/cropped-favicon.png\",\"contentUrl\":\"https:\/\/glassingmonkey.com\/wp-content\/uploads\/2022\/02\/cropped-favicon.png\",\"width\":512,\"height\":512,\"caption\":\"Glassing Monkey\"},\"image\":{\"@id\":\"https:\/\/catalogo.glassingmonkey.com\/es\/#\/schema\/logo\/image\/\"},\"sameAs\":[\"https:\/\/facebook.com\/glassingmonkey\"]}]}<\/script>\n<meta property=\"product:brand\" content=\"Chemistry Surfboards\" \/>\n<meta property=\"og:availability\" content=\"instock\" \/>\n<meta property=\"product:availability\" content=\"instock\" \/>\n<meta property=\"product:retailer_item_id\" content=\"0000059\" \/>\n<meta property=\"product:condition\" content=\"new\" \/>\n<!-- \/ Yoast SEO plugin. -->","yoast_head_json":{"title":"Chemistry Side-B | Chemistry Surfboards | Glassing Monkey","description":"Surf Shop | Buy Chemistry Side-B from Chemistry Surfboards at the best price in Glassing Monkey Surf Factory | Alto rendimiento, Tablas de surf, High Performance","robots":{"index":"index","follow":"follow","max-snippet":"max-snippet:-1","max-image-preview":"max-image-preview:large","max-video-preview":"max-video-preview:-1"},"canonical":"https:\/\/catalogo.glassingmonkey.com\/es\/tienda\/alto-rendimiento\/chemistry-side-b\/","og_locale":"es_ES","og_type":"article","og_title":"Chemistry Side-B | Chemistry Surfboards | Glassing Monkey","og_description":"Surf Shop | Buy Chemistry Side-B from Chemistry Surfboards at the best price in Glassing Monkey Surf Factory | Alto rendimiento, Tablas de surf, High Performance","og_url":"https:\/\/catalogo.glassingmonkey.com\/es\/tienda\/alto-rendimiento\/chemistry-side-b\/","og_site_name":"Glassing Monkey","article_publisher":"https:\/\/facebook.com\/glassingmonkey","article_modified_time":"2024-06-05T10:12:55+00:00","og_image":[{"width":600,"height":300,"url":"https:\/\/catalogo.glassingmonkey.com\/wp-content\/uploads\/2022\/05\/glassing-monkey-chemistry-surfboards-side-b.png","type":"image\/png"}],"twitter_card":"summary_large_image","twitter_misc":{"Availability":"In stock"},"schema":{"@context":"https:\/\/schema.org","@graph":[{"@type":"WebPage","@id":"https:\/\/catalogo.glassingmonkey.com\/es\/tienda\/alto-rendimiento\/chemistry-side-b\/","url":"https:\/\/catalogo.glassingmonkey.com\/es\/tienda\/alto-rendimiento\/chemistry-side-b\/","name":"Chemistry Side-B | Chemistry Surfboards | Glassing Monkey","isPartOf":{"@id":"https:\/\/catalogo.glassingmonkey.com\/es\/#website"},"primaryImageOfPage":{"@id":"https:\/\/catalogo.glassingmonkey.com\/es\/tienda\/alto-rendimiento\/chemistry-side-b\/#primaryimage"},"image":{"@id":"https:\/\/catalogo.glassingmonkey.com\/es\/tienda\/alto-rendimiento\/chemistry-side-b\/#primaryimage"},"thumbnailUrl":"https:\/\/catalogo.glassingmonkey.com\/wp-content\/uploads\/2022\/05\/cheministry-side-b.png","datePublished":"2022-05-25T15:31:31+00:00","dateModified":"2024-06-05T10:12:55+00:00","description":"Surf Shop | Buy Chemistry Side-B from Chemistry Surfboards at the best price in Glassing Monkey Surf Factory | Alto rendimiento, Tablas de surf, High Performance","breadcrumb":{"@id":"https:\/\/catalogo.glassingmonkey.com\/es\/tienda\/alto-rendimiento\/chemistry-side-b\/#breadcrumb"},"inLanguage":"es","potentialAction":[{"@type":"ReadAction","target":["https:\/\/catalogo.glassingmonkey.com\/es\/tienda\/alto-rendimiento\/chemistry-side-b\/"]}]},{"@type":"ImageObject","inLanguage":"es","@id":"https:\/\/catalogo.glassingmonkey.com\/es\/tienda\/alto-rendimiento\/chemistry-side-b\/#primaryimage","url":"https:\/\/catalogo.glassingmonkey.com\/wp-content\/uploads\/2022\/05\/cheministry-side-b.png","contentUrl":"https:\/\/catalogo.glassingmonkey.com\/wp-content\/uploads\/2022\/05\/cheministry-side-b.png","width":600,"height":750},{"@type":"BreadcrumbList","@id":"https:\/\/catalogo.glassingmonkey.com\/es\/tienda\/alto-rendimiento\/chemistry-side-b\/#breadcrumb","itemListElement":[{"@type":"ListItem","position":1,"name":"Home","item":"https:\/\/catalogo.glassingmonkey.com\/es\/"},{"@type":"ListItem","position":2,"name":"Productos"},{"@type":"ListItem","position":3,"name":"Chemistry Side-B"}]},{"@type":"WebSite","@id":"https:\/\/catalogo.glassingmonkey.com\/es\/#website","url":"https:\/\/catalogo.glassingmonkey.com\/es\/","name":"Glassing Monkey","description":"Surf Shop - Surf Outlet Store","publisher":{"@id":"https:\/\/catalogo.glassingmonkey.com\/es\/#organization"},"potentialAction":[{"@type":"SearchAction","target":{"@type":"EntryPoint","urlTemplate":"https:\/\/catalogo.glassingmonkey.com\/es\/?s={search_term_string}"},"query-input":{"@type":"PropertyValueSpecification","valueRequired":true,"valueName":"search_term_string"}}],"inLanguage":"es"},{"@type":"Organization","@id":"https:\/\/catalogo.glassingmonkey.com\/es\/#organization","name":"Glassing Monkey","url":"https:\/\/catalogo.glassingmonkey.com\/es\/","logo":{"@type":"ImageObject","inLanguage":"es","@id":"https:\/\/catalogo.glassingmonkey.com\/es\/#\/schema\/logo\/image\/","url":"https:\/\/glassingmonkey.com\/wp-content\/uploads\/2022\/02\/cropped-favicon.png","contentUrl":"https:\/\/glassingmonkey.com\/wp-content\/uploads\/2022\/02\/cropped-favicon.png","width":512,"height":512,"caption":"Glassing Monkey"},"image":{"@id":"https:\/\/catalogo.glassingmonkey.com\/es\/#\/schema\/logo\/image\/"},"sameAs":["https:\/\/facebook.com\/glassingmonkey"]}]},"product_brand":"Chemistry Surfboards","og_availability":"instock","product_availability":"instock","product_retailer_item_id":"0000059","product_condition":"new"},"_links":{"self":[{"href":"https:\/\/catalogo.glassingmonkey.com\/es\/wp-json\/wp\/v2\/product\/13391","targetHints":{"allow":["GET"]}}],"collection":[{"href":"https:\/\/catalogo.glassingmonkey.com\/es\/wp-json\/wp\/v2\/product"}],"about":[{"href":"https:\/\/catalogo.glassingmonkey.com\/es\/wp-json\/wp\/v2\/types\/product"}],"version-history":[{"count":1,"href":"https:\/\/catalogo.glassingmonkey.com\/es\/wp-json\/wp\/v2\/product\/13391\/revisions"}],"predecessor-version":[{"id":14994,"href":"https:\/\/catalogo.glassingmonkey.com\/es\/wp-json\/wp\/v2\/product\/13391\/revisions\/14994"}],"wp:featuredmedia":[{"embeddable":true,"href":"https:\/\/catalogo.glassingmonkey.com\/es\/wp-json\/wp\/v2\/media\/8557"}],"wp:attachment":[{"href":"https:\/\/catalogo.glassingmonkey.com\/es\/wp-json\/wp\/v2\/media?parent=13391"}],"wp:term":[{"taxonomy":"product_brand","embeddable":true,"href":"https:\/\/catalogo.glassingmonkey.com\/es\/wp-json\/wp\/v2\/product_brand?post=13391"},{"taxonomy":"product_cat","embeddable":true,"href":"https:\/\/catalogo.glassingmonkey.com\/es\/wp-json\/wp\/v2\/product_cat?post=13391"},{"taxonomy":"product_tag","embeddable":true,"href":"https:\/\/catalogo.glassingmonkey.com\/es\/wp-json\/wp\/v2\/product_tag?post=13391"}],"curies":[{"name":"wp","href":"https:\/\/api.w.org\/{rel}","templated":true}]}}