{"id":13390,"date":"2022-05-25T15:36:59","date_gmt":"2022-05-25T15:36:59","guid":{"rendered":"https:\/\/glassingmonkey.com\/shop\/sin%20categor\u00eda\/quimica-boombastik\/"},"modified":"2024-06-05T10:12:17","modified_gmt":"2024-06-05T10:12:17","slug":"chemistry-boombastik","status":"publish","type":"product","link":"https:\/\/catalogo.glassingmonkey.com\/es\/tienda\/alto-rendimiento\/chemistry-boombastik\/","title":{"rendered":"Chemistry Boombastik"},"content":{"rendered":"<p>Jason Bennett y Cheyne Magnusson trabajaron muy estrechamente para desarrollar esta tabla de olas peque\u00f1as y alto rendimiento. Ha sido un elemento b\u00e1sico de nuestra l\u00ednea desde 2008 y sigue siendo uno de nuestros superventas.<br \/>\nEl reclamo de fama del Boombastik es su capacidad para crear su propia velocidad y maniobrar bien en la tronera sin perder el control ni salirse. Este modelo tiene un morro m\u00e1s ancho, un rocker de entrada m\u00e1s plano y unos ra\u00edles en forma de caja.<\/p>\n","protected":false},"excerpt":{"rendered":"<p>\u00abEs muy sensible, f\u00e1cil de controlar y se siente como una extensi\u00f3n de tus pies\u00bb, dice Jason. Est\u00e1 equipado con una configuraci\u00f3n de cinco aletas, por lo que se puede pilotar como quad o como propulsor. Al pedir el Boombastik puedes mantenerte cerca de las dimensiones est\u00e1ndar de tu tabla corta, 1&#8243; -2&#8243; m\u00e1s corta y 1\/2&#8243; -3\/4&#8243; m\u00e1s ancha. Amada por igual como quad o propulsor y utilizada como tabla de uso diario en todo el mundo. Dise\u00f1ado por Jason Bennett<br \/>\nParte inferior: de c\u00f3ncava simple a doble con una uve a trav\u00e9s de la cola<br \/>\nCola: cola redonda<\/p>\n","protected":false},"featured_media":8598,"template":"","meta":{"_joinchat":[]},"product_brand":[1493],"product_cat":[1253,269,1831],"product_tag":[1419],"class_list":{"0":"post-13390","1":"product","2":"type-product","3":"status-publish","4":"has-post-thumbnail","6":"product_brand-chemistry-surfboards-es","7":"product_cat-alto-rendimiento","8":"product_cat-tablas-de-surf","9":"product_cat-high-performance-2","10":"product_tag-alto-rendimiento","11":"pa_length-71","12":"pa_length-91","13":"pa_length-192","14":"pa_length-152","15":"pa_length-55","16":"pa_length-69","17":"pa_length-70","18":"pa_length-63","19":"pa_length-94","20":"pa_length-768","21":"pa_length-189","22":"pa_length-100","23":"pa_length-97","24":"pa_length-531","25":"pa_length-138","26":"pa_model-boombastik","27":"pa_shaper-chemistry-surfboards","28":"pa_thickness-2-1-2-es","29":"pa_thickness-2-1-4-es","30":"pa_thickness-2-1-8-es","31":"pa_thickness-2-3-16-es","32":"pa_thickness-2-3-4-es","33":"pa_thickness-2-3-8-es","34":"pa_thickness-2-5-16-es","35":"pa_thickness-2-5-8-es","36":"pa_thickness-2-7-16-es","37":"pa_thickness-2-9-16-es","38":"pa_volume-22-60-l","39":"pa_volume-2370-l","40":"pa_volume-25-l","41":"pa_volume-821","42":"pa_volume-28-l","43":"pa_volume-2820-l","44":"pa_volume-2940-l","45":"pa_volume-3010-l","46":"pa_volume-3150-l","47":"pa_volume-3220-l","48":"pa_volume-3280-l","49":"pa_volume-3490-l","50":"pa_volume-3720-l","51":"pa_volume-3860-l","52":"pa_volume-40-90-l","53":"pa_width-18-3-4-es","54":"pa_width-18-5-8-es","55":"pa_width-18-1-2-es-2","56":"pa_width-19-1-2-es","57":"pa_width-19-1-4-es","58":"pa_width-19-3-4-es","59":"pa_width-19-3-8-es","60":"pa_width-19-5-8-es","61":"pa_width-19-7-8-es","62":"pa_width-19-es","63":"pa_width-20-1-2-es","64":"pa_width-20-es","65":"pa_width-21-1-2-es","66":"pa_width-21-es","67":"pa_width-22-es","69":"first","70":"instock","71":"sale","72":"shipping-taxable","73":"purchasable","74":"product-type-variable"},"yoast_head":"<!-- This site is optimized with the Yoast SEO plugin v26.5 - https:\/\/yoast.com\/wordpress\/plugins\/seo\/ -->\n<title>Chemistry Boombastik | Chemistry Surfboards | Glassing Monkey<\/title>\n<meta name=\"description\" content=\"Surf Shop | Buy Chemistry Boombastik from Chemistry Surfboards at the best price in Glassing Monkey Surf Factory | Alto rendimiento, Tablas de surf, High Performance\" \/>\n<meta name=\"robots\" content=\"index, follow, max-snippet:-1, max-image-preview:large, max-video-preview:-1\" \/>\n<link rel=\"canonical\" href=\"https:\/\/catalogo.glassingmonkey.com\/es\/tienda\/alto-rendimiento\/chemistry-boombastik\/\" \/>\n<meta property=\"og:locale\" content=\"es_ES\" \/>\n<meta property=\"og:type\" content=\"article\" \/>\n<meta property=\"og:title\" content=\"Chemistry Boombastik | Chemistry Surfboards | Glassing Monkey\" \/>\n<meta property=\"og:description\" content=\"Surf Shop | Buy Chemistry Boombastik from Chemistry Surfboards at the best price in Glassing Monkey Surf Factory | Alto rendimiento, Tablas de surf, High Performance\" \/>\n<meta property=\"og:url\" content=\"https:\/\/catalogo.glassingmonkey.com\/es\/tienda\/alto-rendimiento\/chemistry-boombastik\/\" \/>\n<meta property=\"og:site_name\" content=\"Glassing Monkey\" \/>\n<meta property=\"article:publisher\" content=\"https:\/\/facebook.com\/glassingmonkey\" \/>\n<meta property=\"article:modified_time\" content=\"2024-06-05T10:12:17+00:00\" \/>\n<meta property=\"og:image\" content=\"https:\/\/catalogo.glassingmonkey.com\/wp-content\/uploads\/2022\/05\/glassing-monkey-chemistry-surfboards-bombastik.png\" \/>\n\t<meta property=\"og:image:width\" content=\"600\" \/>\n\t<meta property=\"og:image:height\" content=\"300\" \/>\n\t<meta property=\"og:image:type\" content=\"image\/png\" \/>\n<meta name=\"twitter:card\" content=\"summary_large_image\" \/>\n<meta name=\"twitter:label1\" content=\"Availability\" \/>\n\t<meta name=\"twitter:data1\" content=\"In stock\" \/>\n<script type=\"application\/ld+json\" class=\"yoast-schema-graph\">{\"@context\":\"https:\/\/schema.org\",\"@graph\":[{\"@type\":\"WebPage\",\"@id\":\"https:\/\/catalogo.glassingmonkey.com\/es\/tienda\/alto-rendimiento\/chemistry-boombastik\/\",\"url\":\"https:\/\/catalogo.glassingmonkey.com\/es\/tienda\/alto-rendimiento\/chemistry-boombastik\/\",\"name\":\"Chemistry Boombastik | Chemistry Surfboards | Glassing Monkey\",\"isPartOf\":{\"@id\":\"https:\/\/catalogo.glassingmonkey.com\/es\/#website\"},\"primaryImageOfPage\":{\"@id\":\"https:\/\/catalogo.glassingmonkey.com\/es\/tienda\/alto-rendimiento\/chemistry-boombastik\/#primaryimage\"},\"image\":{\"@id\":\"https:\/\/catalogo.glassingmonkey.com\/es\/tienda\/alto-rendimiento\/chemistry-boombastik\/#primaryimage\"},\"thumbnailUrl\":\"https:\/\/catalogo.glassingmonkey.com\/wp-content\/uploads\/2022\/05\/chemistry-surfboards-bombastik.png\",\"datePublished\":\"2022-05-25T15:36:59+00:00\",\"dateModified\":\"2024-06-05T10:12:17+00:00\",\"description\":\"Surf Shop | Buy Chemistry Boombastik from Chemistry Surfboards at the best price in Glassing Monkey Surf Factory | Alto rendimiento, Tablas de surf, High Performance\",\"breadcrumb\":{\"@id\":\"https:\/\/catalogo.glassingmonkey.com\/es\/tienda\/alto-rendimiento\/chemistry-boombastik\/#breadcrumb\"},\"inLanguage\":\"es\",\"potentialAction\":[{\"@type\":\"ReadAction\",\"target\":[\"https:\/\/catalogo.glassingmonkey.com\/es\/tienda\/alto-rendimiento\/chemistry-boombastik\/\"]}]},{\"@type\":\"ImageObject\",\"inLanguage\":\"es\",\"@id\":\"https:\/\/catalogo.glassingmonkey.com\/es\/tienda\/alto-rendimiento\/chemistry-boombastik\/#primaryimage\",\"url\":\"https:\/\/catalogo.glassingmonkey.com\/wp-content\/uploads\/2022\/05\/chemistry-surfboards-bombastik.png\",\"contentUrl\":\"https:\/\/catalogo.glassingmonkey.com\/wp-content\/uploads\/2022\/05\/chemistry-surfboards-bombastik.png\",\"width\":600,\"height\":750},{\"@type\":\"BreadcrumbList\",\"@id\":\"https:\/\/catalogo.glassingmonkey.com\/es\/tienda\/alto-rendimiento\/chemistry-boombastik\/#breadcrumb\",\"itemListElement\":[{\"@type\":\"ListItem\",\"position\":1,\"name\":\"Home\",\"item\":\"https:\/\/catalogo.glassingmonkey.com\/es\/\"},{\"@type\":\"ListItem\",\"position\":2,\"name\":\"Productos\"},{\"@type\":\"ListItem\",\"position\":3,\"name\":\"Chemistry Boombastik\"}]},{\"@type\":\"WebSite\",\"@id\":\"https:\/\/catalogo.glassingmonkey.com\/es\/#website\",\"url\":\"https:\/\/catalogo.glassingmonkey.com\/es\/\",\"name\":\"Glassing Monkey\",\"description\":\"Surf Shop - Surf Outlet Store\",\"publisher\":{\"@id\":\"https:\/\/catalogo.glassingmonkey.com\/es\/#organization\"},\"potentialAction\":[{\"@type\":\"SearchAction\",\"target\":{\"@type\":\"EntryPoint\",\"urlTemplate\":\"https:\/\/catalogo.glassingmonkey.com\/es\/?s={search_term_string}\"},\"query-input\":{\"@type\":\"PropertyValueSpecification\",\"valueRequired\":true,\"valueName\":\"search_term_string\"}}],\"inLanguage\":\"es\"},{\"@type\":\"Organization\",\"@id\":\"https:\/\/catalogo.glassingmonkey.com\/es\/#organization\",\"name\":\"Glassing Monkey\",\"url\":\"https:\/\/catalogo.glassingmonkey.com\/es\/\",\"logo\":{\"@type\":\"ImageObject\",\"inLanguage\":\"es\",\"@id\":\"https:\/\/catalogo.glassingmonkey.com\/es\/#\/schema\/logo\/image\/\",\"url\":\"https:\/\/glassingmonkey.com\/wp-content\/uploads\/2022\/02\/cropped-favicon.png\",\"contentUrl\":\"https:\/\/glassingmonkey.com\/wp-content\/uploads\/2022\/02\/cropped-favicon.png\",\"width\":512,\"height\":512,\"caption\":\"Glassing Monkey\"},\"image\":{\"@id\":\"https:\/\/catalogo.glassingmonkey.com\/es\/#\/schema\/logo\/image\/\"},\"sameAs\":[\"https:\/\/facebook.com\/glassingmonkey\"]}]}<\/script>\n<meta property=\"product:brand\" content=\"Chemistry Surfboards\" \/>\n<meta property=\"og:availability\" content=\"instock\" \/>\n<meta property=\"product:availability\" content=\"instock\" \/>\n<meta property=\"product:retailer_item_id\" content=\"0000060\" \/>\n<meta property=\"product:condition\" content=\"new\" \/>\n<!-- \/ Yoast SEO plugin. -->","yoast_head_json":{"title":"Chemistry Boombastik | Chemistry Surfboards | Glassing Monkey","description":"Surf Shop | Buy Chemistry Boombastik from Chemistry Surfboards at the best price in Glassing Monkey Surf Factory | Alto rendimiento, Tablas de surf, High Performance","robots":{"index":"index","follow":"follow","max-snippet":"max-snippet:-1","max-image-preview":"max-image-preview:large","max-video-preview":"max-video-preview:-1"},"canonical":"https:\/\/catalogo.glassingmonkey.com\/es\/tienda\/alto-rendimiento\/chemistry-boombastik\/","og_locale":"es_ES","og_type":"article","og_title":"Chemistry Boombastik | Chemistry Surfboards | Glassing Monkey","og_description":"Surf Shop | Buy Chemistry Boombastik from Chemistry Surfboards at the best price in Glassing Monkey Surf Factory | Alto rendimiento, Tablas de surf, High Performance","og_url":"https:\/\/catalogo.glassingmonkey.com\/es\/tienda\/alto-rendimiento\/chemistry-boombastik\/","og_site_name":"Glassing Monkey","article_publisher":"https:\/\/facebook.com\/glassingmonkey","article_modified_time":"2024-06-05T10:12:17+00:00","og_image":[{"width":600,"height":300,"url":"https:\/\/catalogo.glassingmonkey.com\/wp-content\/uploads\/2022\/05\/glassing-monkey-chemistry-surfboards-bombastik.png","type":"image\/png"}],"twitter_card":"summary_large_image","twitter_misc":{"Availability":"In stock"},"schema":{"@context":"https:\/\/schema.org","@graph":[{"@type":"WebPage","@id":"https:\/\/catalogo.glassingmonkey.com\/es\/tienda\/alto-rendimiento\/chemistry-boombastik\/","url":"https:\/\/catalogo.glassingmonkey.com\/es\/tienda\/alto-rendimiento\/chemistry-boombastik\/","name":"Chemistry Boombastik | Chemistry Surfboards | Glassing Monkey","isPartOf":{"@id":"https:\/\/catalogo.glassingmonkey.com\/es\/#website"},"primaryImageOfPage":{"@id":"https:\/\/catalogo.glassingmonkey.com\/es\/tienda\/alto-rendimiento\/chemistry-boombastik\/#primaryimage"},"image":{"@id":"https:\/\/catalogo.glassingmonkey.com\/es\/tienda\/alto-rendimiento\/chemistry-boombastik\/#primaryimage"},"thumbnailUrl":"https:\/\/catalogo.glassingmonkey.com\/wp-content\/uploads\/2022\/05\/chemistry-surfboards-bombastik.png","datePublished":"2022-05-25T15:36:59+00:00","dateModified":"2024-06-05T10:12:17+00:00","description":"Surf Shop | Buy Chemistry Boombastik from Chemistry Surfboards at the best price in Glassing Monkey Surf Factory | Alto rendimiento, Tablas de surf, High Performance","breadcrumb":{"@id":"https:\/\/catalogo.glassingmonkey.com\/es\/tienda\/alto-rendimiento\/chemistry-boombastik\/#breadcrumb"},"inLanguage":"es","potentialAction":[{"@type":"ReadAction","target":["https:\/\/catalogo.glassingmonkey.com\/es\/tienda\/alto-rendimiento\/chemistry-boombastik\/"]}]},{"@type":"ImageObject","inLanguage":"es","@id":"https:\/\/catalogo.glassingmonkey.com\/es\/tienda\/alto-rendimiento\/chemistry-boombastik\/#primaryimage","url":"https:\/\/catalogo.glassingmonkey.com\/wp-content\/uploads\/2022\/05\/chemistry-surfboards-bombastik.png","contentUrl":"https:\/\/catalogo.glassingmonkey.com\/wp-content\/uploads\/2022\/05\/chemistry-surfboards-bombastik.png","width":600,"height":750},{"@type":"BreadcrumbList","@id":"https:\/\/catalogo.glassingmonkey.com\/es\/tienda\/alto-rendimiento\/chemistry-boombastik\/#breadcrumb","itemListElement":[{"@type":"ListItem","position":1,"name":"Home","item":"https:\/\/catalogo.glassingmonkey.com\/es\/"},{"@type":"ListItem","position":2,"name":"Productos"},{"@type":"ListItem","position":3,"name":"Chemistry Boombastik"}]},{"@type":"WebSite","@id":"https:\/\/catalogo.glassingmonkey.com\/es\/#website","url":"https:\/\/catalogo.glassingmonkey.com\/es\/","name":"Glassing Monkey","description":"Surf Shop - Surf Outlet Store","publisher":{"@id":"https:\/\/catalogo.glassingmonkey.com\/es\/#organization"},"potentialAction":[{"@type":"SearchAction","target":{"@type":"EntryPoint","urlTemplate":"https:\/\/catalogo.glassingmonkey.com\/es\/?s={search_term_string}"},"query-input":{"@type":"PropertyValueSpecification","valueRequired":true,"valueName":"search_term_string"}}],"inLanguage":"es"},{"@type":"Organization","@id":"https:\/\/catalogo.glassingmonkey.com\/es\/#organization","name":"Glassing Monkey","url":"https:\/\/catalogo.glassingmonkey.com\/es\/","logo":{"@type":"ImageObject","inLanguage":"es","@id":"https:\/\/catalogo.glassingmonkey.com\/es\/#\/schema\/logo\/image\/","url":"https:\/\/glassingmonkey.com\/wp-content\/uploads\/2022\/02\/cropped-favicon.png","contentUrl":"https:\/\/glassingmonkey.com\/wp-content\/uploads\/2022\/02\/cropped-favicon.png","width":512,"height":512,"caption":"Glassing Monkey"},"image":{"@id":"https:\/\/catalogo.glassingmonkey.com\/es\/#\/schema\/logo\/image\/"},"sameAs":["https:\/\/facebook.com\/glassingmonkey"]}]},"product_brand":"Chemistry Surfboards","og_availability":"instock","product_availability":"instock","product_retailer_item_id":"0000060","product_condition":"new"},"_links":{"self":[{"href":"https:\/\/catalogo.glassingmonkey.com\/es\/wp-json\/wp\/v2\/product\/13390","targetHints":{"allow":["GET"]}}],"collection":[{"href":"https:\/\/catalogo.glassingmonkey.com\/es\/wp-json\/wp\/v2\/product"}],"about":[{"href":"https:\/\/catalogo.glassingmonkey.com\/es\/wp-json\/wp\/v2\/types\/product"}],"version-history":[{"count":1,"href":"https:\/\/catalogo.glassingmonkey.com\/es\/wp-json\/wp\/v2\/product\/13390\/revisions"}],"predecessor-version":[{"id":14993,"href":"https:\/\/catalogo.glassingmonkey.com\/es\/wp-json\/wp\/v2\/product\/13390\/revisions\/14993"}],"wp:featuredmedia":[{"embeddable":true,"href":"https:\/\/catalogo.glassingmonkey.com\/es\/wp-json\/wp\/v2\/media\/8598"}],"wp:attachment":[{"href":"https:\/\/catalogo.glassingmonkey.com\/es\/wp-json\/wp\/v2\/media?parent=13390"}],"wp:term":[{"taxonomy":"product_brand","embeddable":true,"href":"https:\/\/catalogo.glassingmonkey.com\/es\/wp-json\/wp\/v2\/product_brand?post=13390"},{"taxonomy":"product_cat","embeddable":true,"href":"https:\/\/catalogo.glassingmonkey.com\/es\/wp-json\/wp\/v2\/product_cat?post=13390"},{"taxonomy":"product_tag","embeddable":true,"href":"https:\/\/catalogo.glassingmonkey.com\/es\/wp-json\/wp\/v2\/product_tag?post=13390"}],"curies":[{"name":"wp","href":"https:\/\/api.w.org\/{rel}","templated":true}]}}