{"id":13384,"date":"2022-05-25T15:04:33","date_gmt":"2022-05-25T15:04:33","guid":{"rendered":"https:\/\/glassingmonkey.com\/shop\/sin%20categor\u00eda\/quimica-4x4\/"},"modified":"2024-06-05T10:24:28","modified_gmt":"2024-06-05T10:24:28","slug":"chemistry-4x4","status":"publish","type":"product","link":"https:\/\/catalogo.glassingmonkey.com\/es\/tienda\/especiales\/chemistry-4x4\/","title":{"rendered":"Chemistry 4X4"},"content":{"rendered":"<p>Hemos eliminado los 6 canales de la Wide J 6 y hemos optado por 4 canales menos profundos en la cola para mantener la velocidad en l\u00ednea y el agarre deseados de un 6 canales, a la vez que permite que sea m\u00e1s indulgente al entrar y salir de las maniobras.<\/p>\n<p>La mejor forma de conducir un 4X4 es con un quad. Esta configuraci\u00f3n combinada con los canales funciona a la perfecci\u00f3n. 4\u00d74 = Cuatro canales, cuatro aletas, por diversi\u00f3n.<\/p>\n<p>Con el dise\u00f1o 4 x 4 tomamos nuestro modelo Wide J 6 y modificamos las alas dobles por ligeras protuberancias dobles dando a la tabla una sensaci\u00f3n m\u00e1s indulgente a la vez que mantenemos el deseado contorno m\u00e1s recto.<\/p>\n","protected":false},"excerpt":{"rendered":"<p>La combinaci\u00f3n del contorno m\u00e1s recto y las ligeras protuberancias crean velocidad y puntos de control a la cola m\u00e1s ancha, aumentando la maniobrabilidad y la estabilidad. Hemos mantenido un rocker moderado\/bajo en toda la curva de la tabla para generar velocidad y potencia de remo.<\/p>\n","protected":false},"featured_media":8484,"template":"","meta":{"_joinchat":[]},"product_brand":[1493],"product_cat":[1430,269],"product_tag":[1431],"class_list":{"0":"post-13384","1":"product","2":"type-product","3":"status-publish","4":"has-post-thumbnail","6":"product_brand-chemistry-surfboards-es","7":"product_cat-especiales","8":"product_cat-tablas-de-surf","9":"product_tag-especialidad","10":"pa_length-602","11":"pa_length-232","12":"pa_length-71","13":"pa_length-91","14":"pa_length-517","15":"pa_length-489","16":"pa_length-192","17":"pa_length-152","18":"pa_length-55","19":"pa_length-69","20":"pa_length-70","21":"pa_length-63","22":"pa_length-94","23":"pa_length-768","24":"pa_length-189","25":"pa_model-4x4","26":"pa_shaper-chemistry-surfboards","27":"pa_thickness-2-1-16-es","28":"pa_thickness-2-1-18-es","29":"pa_thickness-2-1-2-es","30":"pa_thickness-2-1-4-es","31":"pa_thickness-2-1-8-es","32":"pa_thickness-2-3-16-es","33":"pa_thickness-2-3-4-es","34":"pa_thickness-2-3-8-es","35":"pa_thickness-2-5-16-es","36":"pa_thickness-2-5-8-es","37":"pa_thickness-2-7-16-es","38":"pa_thickness-2-7-8-es","39":"pa_thickness-2-9-16-es","40":"pa_thickness-2-es","41":"pa_volume-20-5-l","42":"pa_volume-2160-l","43":"pa_volume-23-l","44":"pa_volume-2440-l","45":"pa_volume-25-60-l","46":"pa_volume-2770-l","47":"pa_volume-2830-l","48":"pa_volume-2960-l","49":"pa_volume-3050-l","50":"pa_volume-3210-l","51":"pa_volume-3270-l","52":"pa_volume-34l","53":"pa_volume-3610-l","54":"pa_volume-37l","55":"pa_volume-40-l","56":"pa_width-18-3-4-es","57":"pa_width-18-5-8-es","58":"pa_width-19-1-2-es","59":"pa_width-19-1-4-es","60":"pa_width-19-3-4-es","61":"pa_width-19-3-8-es","62":"pa_width-19-5-8-es","63":"pa_width-19-es","64":"pa_width-20-1-2-es","65":"pa_width-20-1-4-es","66":"pa_width-20-3-4-es","67":"pa_width-20-3-8-es","68":"pa_width-20-es","69":"pa_width-21-es","70":"pa_width-21-3-8-es","72":"first","73":"instock","74":"sale","75":"featured","76":"shipping-taxable","77":"purchasable","78":"product-type-variable"},"yoast_head":"<!-- This site is optimized with the Yoast SEO plugin v26.5 - https:\/\/yoast.com\/wordpress\/plugins\/seo\/ -->\n<title>Chemistry 4X4 | Chemistry Surfboards | Glassing Monkey<\/title>\n<meta name=\"description\" content=\"Surf Shop | Buy Chemistry 4X4 from Chemistry Surfboards at the best price in Glassing Monkey Surf Factory | Especiales, Tablas de surf\" \/>\n<meta name=\"robots\" content=\"index, follow, max-snippet:-1, max-image-preview:large, max-video-preview:-1\" \/>\n<link rel=\"canonical\" href=\"https:\/\/catalogo.glassingmonkey.com\/es\/tienda\/especiales\/chemistry-4x4\/\" \/>\n<meta property=\"og:locale\" content=\"es_ES\" \/>\n<meta property=\"og:type\" content=\"article\" \/>\n<meta property=\"og:title\" content=\"Chemistry 4X4 | Chemistry Surfboards | Glassing Monkey\" \/>\n<meta property=\"og:description\" content=\"Surf Shop | Buy Chemistry 4X4 from Chemistry Surfboards at the best price in Glassing Monkey Surf Factory | Especiales, Tablas de surf\" \/>\n<meta property=\"og:url\" content=\"https:\/\/catalogo.glassingmonkey.com\/es\/tienda\/especiales\/chemistry-4x4\/\" \/>\n<meta property=\"og:site_name\" content=\"Glassing Monkey\" \/>\n<meta property=\"article:publisher\" content=\"https:\/\/facebook.com\/glassingmonkey\" \/>\n<meta property=\"article:modified_time\" content=\"2024-06-05T10:24:28+00:00\" \/>\n<meta property=\"og:image\" content=\"https:\/\/catalogo.glassingmonkey.com\/wp-content\/uploads\/2022\/05\/glassing-monkey-chemistry-surfboards-4X4.png\" \/>\n\t<meta property=\"og:image:width\" content=\"600\" \/>\n\t<meta property=\"og:image:height\" content=\"300\" \/>\n\t<meta property=\"og:image:type\" content=\"image\/png\" \/>\n<meta name=\"twitter:card\" content=\"summary_large_image\" \/>\n<meta name=\"twitter:label1\" content=\"Availability\" \/>\n\t<meta name=\"twitter:data1\" content=\"In stock\" \/>\n<script type=\"application\/ld+json\" class=\"yoast-schema-graph\">{\"@context\":\"https:\/\/schema.org\",\"@graph\":[{\"@type\":\"WebPage\",\"@id\":\"https:\/\/catalogo.glassingmonkey.com\/es\/tienda\/especiales\/chemistry-4x4\/\",\"url\":\"https:\/\/catalogo.glassingmonkey.com\/es\/tienda\/especiales\/chemistry-4x4\/\",\"name\":\"Chemistry 4X4 | Chemistry Surfboards | Glassing Monkey\",\"isPartOf\":{\"@id\":\"https:\/\/catalogo.glassingmonkey.com\/es\/#website\"},\"primaryImageOfPage\":{\"@id\":\"https:\/\/catalogo.glassingmonkey.com\/es\/tienda\/especiales\/chemistry-4x4\/#primaryimage\"},\"image\":{\"@id\":\"https:\/\/catalogo.glassingmonkey.com\/es\/tienda\/especiales\/chemistry-4x4\/#primaryimage\"},\"thumbnailUrl\":\"https:\/\/catalogo.glassingmonkey.com\/wp-content\/uploads\/2022\/05\/chemistry-surfboards-4x4_rail.png\",\"datePublished\":\"2022-05-25T15:04:33+00:00\",\"dateModified\":\"2024-06-05T10:24:28+00:00\",\"description\":\"Surf Shop | Buy Chemistry 4X4 from Chemistry Surfboards at the best price in Glassing Monkey Surf Factory | Especiales, Tablas de surf\",\"breadcrumb\":{\"@id\":\"https:\/\/catalogo.glassingmonkey.com\/es\/tienda\/especiales\/chemistry-4x4\/#breadcrumb\"},\"inLanguage\":\"es\",\"potentialAction\":[{\"@type\":\"ReadAction\",\"target\":[\"https:\/\/catalogo.glassingmonkey.com\/es\/tienda\/especiales\/chemistry-4x4\/\"]}]},{\"@type\":\"ImageObject\",\"inLanguage\":\"es\",\"@id\":\"https:\/\/catalogo.glassingmonkey.com\/es\/tienda\/especiales\/chemistry-4x4\/#primaryimage\",\"url\":\"https:\/\/catalogo.glassingmonkey.com\/wp-content\/uploads\/2022\/05\/chemistry-surfboards-4x4_rail.png\",\"contentUrl\":\"https:\/\/catalogo.glassingmonkey.com\/wp-content\/uploads\/2022\/05\/chemistry-surfboards-4x4_rail.png\",\"width\":600,\"height\":750},{\"@type\":\"BreadcrumbList\",\"@id\":\"https:\/\/catalogo.glassingmonkey.com\/es\/tienda\/especiales\/chemistry-4x4\/#breadcrumb\",\"itemListElement\":[{\"@type\":\"ListItem\",\"position\":1,\"name\":\"Home\",\"item\":\"https:\/\/catalogo.glassingmonkey.com\/es\/\"},{\"@type\":\"ListItem\",\"position\":2,\"name\":\"Productos\"},{\"@type\":\"ListItem\",\"position\":3,\"name\":\"Chemistry 4X4\"}]},{\"@type\":\"WebSite\",\"@id\":\"https:\/\/catalogo.glassingmonkey.com\/es\/#website\",\"url\":\"https:\/\/catalogo.glassingmonkey.com\/es\/\",\"name\":\"Glassing Monkey\",\"description\":\"Surf Shop - Surf Outlet Store\",\"publisher\":{\"@id\":\"https:\/\/catalogo.glassingmonkey.com\/es\/#organization\"},\"potentialAction\":[{\"@type\":\"SearchAction\",\"target\":{\"@type\":\"EntryPoint\",\"urlTemplate\":\"https:\/\/catalogo.glassingmonkey.com\/es\/?s={search_term_string}\"},\"query-input\":{\"@type\":\"PropertyValueSpecification\",\"valueRequired\":true,\"valueName\":\"search_term_string\"}}],\"inLanguage\":\"es\"},{\"@type\":\"Organization\",\"@id\":\"https:\/\/catalogo.glassingmonkey.com\/es\/#organization\",\"name\":\"Glassing Monkey\",\"url\":\"https:\/\/catalogo.glassingmonkey.com\/es\/\",\"logo\":{\"@type\":\"ImageObject\",\"inLanguage\":\"es\",\"@id\":\"https:\/\/catalogo.glassingmonkey.com\/es\/#\/schema\/logo\/image\/\",\"url\":\"https:\/\/glassingmonkey.com\/wp-content\/uploads\/2022\/02\/cropped-favicon.png\",\"contentUrl\":\"https:\/\/glassingmonkey.com\/wp-content\/uploads\/2022\/02\/cropped-favicon.png\",\"width\":512,\"height\":512,\"caption\":\"Glassing Monkey\"},\"image\":{\"@id\":\"https:\/\/catalogo.glassingmonkey.com\/es\/#\/schema\/logo\/image\/\"},\"sameAs\":[\"https:\/\/facebook.com\/glassingmonkey\"]}]}<\/script>\n<meta property=\"product:brand\" content=\"Chemistry Surfboards\" \/>\n<meta property=\"og:availability\" content=\"instock\" \/>\n<meta property=\"product:availability\" content=\"instock\" \/>\n<meta property=\"product:retailer_item_id\" content=\"0000055\" \/>\n<meta property=\"product:condition\" content=\"new\" \/>\n<!-- \/ Yoast SEO plugin. -->","yoast_head_json":{"title":"Chemistry 4X4 | Chemistry Surfboards | Glassing Monkey","description":"Surf Shop | Buy Chemistry 4X4 from Chemistry Surfboards at the best price in Glassing Monkey Surf Factory | Especiales, Tablas de surf","robots":{"index":"index","follow":"follow","max-snippet":"max-snippet:-1","max-image-preview":"max-image-preview:large","max-video-preview":"max-video-preview:-1"},"canonical":"https:\/\/catalogo.glassingmonkey.com\/es\/tienda\/especiales\/chemistry-4x4\/","og_locale":"es_ES","og_type":"article","og_title":"Chemistry 4X4 | Chemistry Surfboards | Glassing Monkey","og_description":"Surf Shop | Buy Chemistry 4X4 from Chemistry Surfboards at the best price in Glassing Monkey Surf Factory | Especiales, Tablas de surf","og_url":"https:\/\/catalogo.glassingmonkey.com\/es\/tienda\/especiales\/chemistry-4x4\/","og_site_name":"Glassing Monkey","article_publisher":"https:\/\/facebook.com\/glassingmonkey","article_modified_time":"2024-06-05T10:24:28+00:00","og_image":[{"width":600,"height":300,"url":"https:\/\/catalogo.glassingmonkey.com\/wp-content\/uploads\/2022\/05\/glassing-monkey-chemistry-surfboards-4X4.png","type":"image\/png"}],"twitter_card":"summary_large_image","twitter_misc":{"Availability":"In stock"},"schema":{"@context":"https:\/\/schema.org","@graph":[{"@type":"WebPage","@id":"https:\/\/catalogo.glassingmonkey.com\/es\/tienda\/especiales\/chemistry-4x4\/","url":"https:\/\/catalogo.glassingmonkey.com\/es\/tienda\/especiales\/chemistry-4x4\/","name":"Chemistry 4X4 | Chemistry Surfboards | Glassing Monkey","isPartOf":{"@id":"https:\/\/catalogo.glassingmonkey.com\/es\/#website"},"primaryImageOfPage":{"@id":"https:\/\/catalogo.glassingmonkey.com\/es\/tienda\/especiales\/chemistry-4x4\/#primaryimage"},"image":{"@id":"https:\/\/catalogo.glassingmonkey.com\/es\/tienda\/especiales\/chemistry-4x4\/#primaryimage"},"thumbnailUrl":"https:\/\/catalogo.glassingmonkey.com\/wp-content\/uploads\/2022\/05\/chemistry-surfboards-4x4_rail.png","datePublished":"2022-05-25T15:04:33+00:00","dateModified":"2024-06-05T10:24:28+00:00","description":"Surf Shop | Buy Chemistry 4X4 from Chemistry Surfboards at the best price in Glassing Monkey Surf Factory | Especiales, Tablas de surf","breadcrumb":{"@id":"https:\/\/catalogo.glassingmonkey.com\/es\/tienda\/especiales\/chemistry-4x4\/#breadcrumb"},"inLanguage":"es","potentialAction":[{"@type":"ReadAction","target":["https:\/\/catalogo.glassingmonkey.com\/es\/tienda\/especiales\/chemistry-4x4\/"]}]},{"@type":"ImageObject","inLanguage":"es","@id":"https:\/\/catalogo.glassingmonkey.com\/es\/tienda\/especiales\/chemistry-4x4\/#primaryimage","url":"https:\/\/catalogo.glassingmonkey.com\/wp-content\/uploads\/2022\/05\/chemistry-surfboards-4x4_rail.png","contentUrl":"https:\/\/catalogo.glassingmonkey.com\/wp-content\/uploads\/2022\/05\/chemistry-surfboards-4x4_rail.png","width":600,"height":750},{"@type":"BreadcrumbList","@id":"https:\/\/catalogo.glassingmonkey.com\/es\/tienda\/especiales\/chemistry-4x4\/#breadcrumb","itemListElement":[{"@type":"ListItem","position":1,"name":"Home","item":"https:\/\/catalogo.glassingmonkey.com\/es\/"},{"@type":"ListItem","position":2,"name":"Productos"},{"@type":"ListItem","position":3,"name":"Chemistry 4X4"}]},{"@type":"WebSite","@id":"https:\/\/catalogo.glassingmonkey.com\/es\/#website","url":"https:\/\/catalogo.glassingmonkey.com\/es\/","name":"Glassing Monkey","description":"Surf Shop - Surf Outlet Store","publisher":{"@id":"https:\/\/catalogo.glassingmonkey.com\/es\/#organization"},"potentialAction":[{"@type":"SearchAction","target":{"@type":"EntryPoint","urlTemplate":"https:\/\/catalogo.glassingmonkey.com\/es\/?s={search_term_string}"},"query-input":{"@type":"PropertyValueSpecification","valueRequired":true,"valueName":"search_term_string"}}],"inLanguage":"es"},{"@type":"Organization","@id":"https:\/\/catalogo.glassingmonkey.com\/es\/#organization","name":"Glassing Monkey","url":"https:\/\/catalogo.glassingmonkey.com\/es\/","logo":{"@type":"ImageObject","inLanguage":"es","@id":"https:\/\/catalogo.glassingmonkey.com\/es\/#\/schema\/logo\/image\/","url":"https:\/\/glassingmonkey.com\/wp-content\/uploads\/2022\/02\/cropped-favicon.png","contentUrl":"https:\/\/glassingmonkey.com\/wp-content\/uploads\/2022\/02\/cropped-favicon.png","width":512,"height":512,"caption":"Glassing Monkey"},"image":{"@id":"https:\/\/catalogo.glassingmonkey.com\/es\/#\/schema\/logo\/image\/"},"sameAs":["https:\/\/facebook.com\/glassingmonkey"]}]},"product_brand":"Chemistry Surfboards","og_availability":"instock","product_availability":"instock","product_retailer_item_id":"0000055","product_condition":"new"},"_links":{"self":[{"href":"https:\/\/catalogo.glassingmonkey.com\/es\/wp-json\/wp\/v2\/product\/13384","targetHints":{"allow":["GET"]}}],"collection":[{"href":"https:\/\/catalogo.glassingmonkey.com\/es\/wp-json\/wp\/v2\/product"}],"about":[{"href":"https:\/\/catalogo.glassingmonkey.com\/es\/wp-json\/wp\/v2\/types\/product"}],"version-history":[{"count":1,"href":"https:\/\/catalogo.glassingmonkey.com\/es\/wp-json\/wp\/v2\/product\/13384\/revisions"}],"predecessor-version":[{"id":14988,"href":"https:\/\/catalogo.glassingmonkey.com\/es\/wp-json\/wp\/v2\/product\/13384\/revisions\/14988"}],"wp:featuredmedia":[{"embeddable":true,"href":"https:\/\/catalogo.glassingmonkey.com\/es\/wp-json\/wp\/v2\/media\/8484"}],"wp:attachment":[{"href":"https:\/\/catalogo.glassingmonkey.com\/es\/wp-json\/wp\/v2\/media?parent=13384"}],"wp:term":[{"taxonomy":"product_brand","embeddable":true,"href":"https:\/\/catalogo.glassingmonkey.com\/es\/wp-json\/wp\/v2\/product_brand?post=13384"},{"taxonomy":"product_cat","embeddable":true,"href":"https:\/\/catalogo.glassingmonkey.com\/es\/wp-json\/wp\/v2\/product_cat?post=13384"},{"taxonomy":"product_tag","embeddable":true,"href":"https:\/\/catalogo.glassingmonkey.com\/es\/wp-json\/wp\/v2\/product_tag?post=13384"}],"curies":[{"name":"wp","href":"https:\/\/api.w.org\/{rel}","templated":true}]}}