{"id":13378,"date":"2022-05-25T09:00:35","date_gmt":"2022-05-25T09:00:35","guid":{"rendered":"https:\/\/glassingmonkey.com\/shop\/sin%20categor\u00eda\/emery-thrasher\/"},"modified":"2024-06-06T10:13:36","modified_gmt":"2024-06-06T10:13:36","slug":"emery-thrasher","status":"publish","type":"product","link":"https:\/\/catalogo.glassingmonkey.com\/es\/tienda\/tablas-de-surf\/emery-thrasher\/","title":{"rendered":"Emery Thrasher"},"content":{"rendered":"<p>El Thrasher utiliza un rocker medio y un c\u00f3ncavo de simple a doble para un surf de transici\u00f3n estupendo, que te lleva a trav\u00e9s de secciones planas y de vuelta al bolsillo. Menos foam en los ra\u00edles le permite tener un contorno un poco m\u00e1s ancho.<br \/>\nDise\u00f1ado para montarlo una pulgada m\u00e1s bajo que tu estatura.<\/p>\n","protected":false},"excerpt":{"rendered":"<p>Prototipo de nuestro popular modelo Pro Ho y Mini.<\/p>\n","protected":false},"featured_media":9835,"template":"","meta":{"_joinchat":[]},"product_brand":[1494],"product_cat":[269,1833],"product_tag":[1834],"class_list":{"0":"post-13378","1":"product","2":"type-product","3":"status-publish","4":"has-post-thumbnail","6":"product_brand-emery-surfboards-es","7":"product_cat-tablas-de-surf","8":"product_cat-olas-pequenas","9":"product_tag-olas-pequenas","10":"pa_length-71","11":"pa_length-91","12":"pa_length-55","13":"pa_length-69","14":"pa_length-70","15":"pa_length-94","16":"pa_length-768","17":"pa_length-189","18":"pa_length-100","19":"pa_length-97","20":"pa_model-thrasher","21":"pa_shaper-emery-surfboards","22":"pa_thickness-2-1-16-es","23":"pa_thickness-2-1-2-es","24":"pa_thickness-2-1-4-es","25":"pa_thickness-2-1-8-es","26":"pa_thickness-2-3-8-es","27":"pa_thickness-2-5-16-es","28":"pa_thickness-2-5-8-es","29":"pa_thickness-2-7-16-es","30":"pa_thickness-2-9-16-es","31":"pa_thickness-2-es","32":"pa_volume-21-48-l","33":"pa_volume-2259-l","34":"pa_volume-2361-l","35":"pa_volume-2555-l","36":"pa_volume-2704-l","37":"pa_volume-2813-l","38":"pa_volume-2945-l","39":"pa_volume-2988-l","40":"pa_volume-3060-l","41":"pa_volume-3107-l","42":"pa_volume-3201-l","43":"pa_volume-3248-l","44":"pa_volume-33-35-l","45":"pa_width-18-1-4-es","46":"pa_width-18-3-4-es","47":"pa_width-18-3-8-es","48":"pa_width-18-5-8-es","49":"pa_width-18-7-8-es","50":"pa_width-18-1-2-es-2","51":"pa_width-19-1-4-es","52":"pa_width-19-1-8-es","53":"pa_width-19-es","55":"first","56":"instock","57":"sale","58":"shipping-taxable","59":"purchasable","60":"product-type-variable"},"yoast_head":"<!-- This site is optimized with the Yoast SEO plugin v26.5 - https:\/\/yoast.com\/wordpress\/plugins\/seo\/ -->\n<title>Emery Thrasher | Emery Surfboards | Glassing Monkey<\/title>\n<meta name=\"description\" content=\"Surf Shop | Buy Emery Thrasher from Emery Surfboards at the best price in Glassing Monkey Surf Factory | Tablas de surf, Olas Peque\u00f1as\" \/>\n<meta name=\"robots\" content=\"index, follow, max-snippet:-1, max-image-preview:large, max-video-preview:-1\" \/>\n<link rel=\"canonical\" href=\"https:\/\/catalogo.glassingmonkey.com\/es\/tienda\/tablas-de-surf\/emery-thrasher\/\" \/>\n<meta property=\"og:locale\" content=\"es_ES\" \/>\n<meta property=\"og:type\" content=\"article\" \/>\n<meta property=\"og:title\" content=\"Emery Thrasher | Emery Surfboards | Glassing Monkey\" \/>\n<meta property=\"og:description\" content=\"Surf Shop | Buy Emery Thrasher from Emery Surfboards at the best price in Glassing Monkey Surf Factory | Tablas de surf, Olas Peque\u00f1as\" \/>\n<meta property=\"og:url\" content=\"https:\/\/catalogo.glassingmonkey.com\/es\/tienda\/tablas-de-surf\/emery-thrasher\/\" \/>\n<meta property=\"og:site_name\" content=\"Glassing Monkey\" \/>\n<meta property=\"article:publisher\" content=\"https:\/\/facebook.com\/glassingmonkey\" \/>\n<meta property=\"article:modified_time\" content=\"2024-06-06T10:13:36+00:00\" \/>\n<meta property=\"og:image\" content=\"https:\/\/catalogo.glassingmonkey.com\/wp-content\/uploads\/2022\/05\/glassing-monkey-emery-surfboards-thrasher.png\" \/>\n\t<meta property=\"og:image:width\" content=\"600\" \/>\n\t<meta property=\"og:image:height\" content=\"300\" \/>\n\t<meta property=\"og:image:type\" content=\"image\/png\" \/>\n<meta name=\"twitter:card\" content=\"summary_large_image\" \/>\n<meta name=\"twitter:label1\" content=\"Availability\" \/>\n\t<meta name=\"twitter:data1\" content=\"In stock\" \/>\n<script type=\"application\/ld+json\" class=\"yoast-schema-graph\">{\"@context\":\"https:\/\/schema.org\",\"@graph\":[{\"@type\":\"WebPage\",\"@id\":\"https:\/\/catalogo.glassingmonkey.com\/es\/tienda\/tablas-de-surf\/emery-thrasher\/\",\"url\":\"https:\/\/catalogo.glassingmonkey.com\/es\/tienda\/tablas-de-surf\/emery-thrasher\/\",\"name\":\"Emery Thrasher | Emery Surfboards | Glassing Monkey\",\"isPartOf\":{\"@id\":\"https:\/\/catalogo.glassingmonkey.com\/es\/#website\"},\"primaryImageOfPage\":{\"@id\":\"https:\/\/catalogo.glassingmonkey.com\/es\/tienda\/tablas-de-surf\/emery-thrasher\/#primaryimage\"},\"image\":{\"@id\":\"https:\/\/catalogo.glassingmonkey.com\/es\/tienda\/tablas-de-surf\/emery-thrasher\/#primaryimage\"},\"thumbnailUrl\":\"https:\/\/catalogo.glassingmonkey.com\/wp-content\/uploads\/2022\/05\/emery-surfboards-thrasher.png\",\"datePublished\":\"2022-05-25T09:00:35+00:00\",\"dateModified\":\"2024-06-06T10:13:36+00:00\",\"description\":\"Surf Shop | Buy Emery Thrasher from Emery Surfboards at the best price in Glassing Monkey Surf Factory | Tablas de surf, Olas Peque\u00f1as\",\"breadcrumb\":{\"@id\":\"https:\/\/catalogo.glassingmonkey.com\/es\/tienda\/tablas-de-surf\/emery-thrasher\/#breadcrumb\"},\"inLanguage\":\"es\",\"potentialAction\":[{\"@type\":\"ReadAction\",\"target\":[\"https:\/\/catalogo.glassingmonkey.com\/es\/tienda\/tablas-de-surf\/emery-thrasher\/\"]}]},{\"@type\":\"ImageObject\",\"inLanguage\":\"es\",\"@id\":\"https:\/\/catalogo.glassingmonkey.com\/es\/tienda\/tablas-de-surf\/emery-thrasher\/#primaryimage\",\"url\":\"https:\/\/catalogo.glassingmonkey.com\/wp-content\/uploads\/2022\/05\/emery-surfboards-thrasher.png\",\"contentUrl\":\"https:\/\/catalogo.glassingmonkey.com\/wp-content\/uploads\/2022\/05\/emery-surfboards-thrasher.png\",\"width\":600,\"height\":750},{\"@type\":\"BreadcrumbList\",\"@id\":\"https:\/\/catalogo.glassingmonkey.com\/es\/tienda\/tablas-de-surf\/emery-thrasher\/#breadcrumb\",\"itemListElement\":[{\"@type\":\"ListItem\",\"position\":1,\"name\":\"Home\",\"item\":\"https:\/\/catalogo.glassingmonkey.com\/es\/\"},{\"@type\":\"ListItem\",\"position\":2,\"name\":\"Productos\"},{\"@type\":\"ListItem\",\"position\":3,\"name\":\"Emery Thrasher\"}]},{\"@type\":\"WebSite\",\"@id\":\"https:\/\/catalogo.glassingmonkey.com\/es\/#website\",\"url\":\"https:\/\/catalogo.glassingmonkey.com\/es\/\",\"name\":\"Glassing Monkey\",\"description\":\"Surf Shop - Surf Outlet Store\",\"publisher\":{\"@id\":\"https:\/\/catalogo.glassingmonkey.com\/es\/#organization\"},\"potentialAction\":[{\"@type\":\"SearchAction\",\"target\":{\"@type\":\"EntryPoint\",\"urlTemplate\":\"https:\/\/catalogo.glassingmonkey.com\/es\/?s={search_term_string}\"},\"query-input\":{\"@type\":\"PropertyValueSpecification\",\"valueRequired\":true,\"valueName\":\"search_term_string\"}}],\"inLanguage\":\"es\"},{\"@type\":\"Organization\",\"@id\":\"https:\/\/catalogo.glassingmonkey.com\/es\/#organization\",\"name\":\"Glassing Monkey\",\"url\":\"https:\/\/catalogo.glassingmonkey.com\/es\/\",\"logo\":{\"@type\":\"ImageObject\",\"inLanguage\":\"es\",\"@id\":\"https:\/\/catalogo.glassingmonkey.com\/es\/#\/schema\/logo\/image\/\",\"url\":\"https:\/\/glassingmonkey.com\/wp-content\/uploads\/2022\/02\/cropped-favicon.png\",\"contentUrl\":\"https:\/\/glassingmonkey.com\/wp-content\/uploads\/2022\/02\/cropped-favicon.png\",\"width\":512,\"height\":512,\"caption\":\"Glassing Monkey\"},\"image\":{\"@id\":\"https:\/\/catalogo.glassingmonkey.com\/es\/#\/schema\/logo\/image\/\"},\"sameAs\":[\"https:\/\/facebook.com\/glassingmonkey\"]}]}<\/script>\n<meta property=\"product:brand\" content=\"Emery Surfboards\" \/>\n<meta property=\"og:availability\" content=\"instock\" \/>\n<meta property=\"product:availability\" content=\"instock\" \/>\n<meta property=\"product:retailer_item_id\" content=\"0000020\" \/>\n<meta property=\"product:condition\" content=\"new\" \/>\n<!-- \/ Yoast SEO plugin. -->","yoast_head_json":{"title":"Emery Thrasher | Emery Surfboards | Glassing Monkey","description":"Surf Shop | Buy Emery Thrasher from Emery Surfboards at the best price in Glassing Monkey Surf Factory | Tablas de surf, Olas Peque\u00f1as","robots":{"index":"index","follow":"follow","max-snippet":"max-snippet:-1","max-image-preview":"max-image-preview:large","max-video-preview":"max-video-preview:-1"},"canonical":"https:\/\/catalogo.glassingmonkey.com\/es\/tienda\/tablas-de-surf\/emery-thrasher\/","og_locale":"es_ES","og_type":"article","og_title":"Emery Thrasher | Emery Surfboards | Glassing Monkey","og_description":"Surf Shop | Buy Emery Thrasher from Emery Surfboards at the best price in Glassing Monkey Surf Factory | Tablas de surf, Olas Peque\u00f1as","og_url":"https:\/\/catalogo.glassingmonkey.com\/es\/tienda\/tablas-de-surf\/emery-thrasher\/","og_site_name":"Glassing Monkey","article_publisher":"https:\/\/facebook.com\/glassingmonkey","article_modified_time":"2024-06-06T10:13:36+00:00","og_image":[{"width":600,"height":300,"url":"https:\/\/catalogo.glassingmonkey.com\/wp-content\/uploads\/2022\/05\/glassing-monkey-emery-surfboards-thrasher.png","type":"image\/png"}],"twitter_card":"summary_large_image","twitter_misc":{"Availability":"In stock"},"schema":{"@context":"https:\/\/schema.org","@graph":[{"@type":"WebPage","@id":"https:\/\/catalogo.glassingmonkey.com\/es\/tienda\/tablas-de-surf\/emery-thrasher\/","url":"https:\/\/catalogo.glassingmonkey.com\/es\/tienda\/tablas-de-surf\/emery-thrasher\/","name":"Emery Thrasher | Emery Surfboards | Glassing Monkey","isPartOf":{"@id":"https:\/\/catalogo.glassingmonkey.com\/es\/#website"},"primaryImageOfPage":{"@id":"https:\/\/catalogo.glassingmonkey.com\/es\/tienda\/tablas-de-surf\/emery-thrasher\/#primaryimage"},"image":{"@id":"https:\/\/catalogo.glassingmonkey.com\/es\/tienda\/tablas-de-surf\/emery-thrasher\/#primaryimage"},"thumbnailUrl":"https:\/\/catalogo.glassingmonkey.com\/wp-content\/uploads\/2022\/05\/emery-surfboards-thrasher.png","datePublished":"2022-05-25T09:00:35+00:00","dateModified":"2024-06-06T10:13:36+00:00","description":"Surf Shop | Buy Emery Thrasher from Emery Surfboards at the best price in Glassing Monkey Surf Factory | Tablas de surf, Olas Peque\u00f1as","breadcrumb":{"@id":"https:\/\/catalogo.glassingmonkey.com\/es\/tienda\/tablas-de-surf\/emery-thrasher\/#breadcrumb"},"inLanguage":"es","potentialAction":[{"@type":"ReadAction","target":["https:\/\/catalogo.glassingmonkey.com\/es\/tienda\/tablas-de-surf\/emery-thrasher\/"]}]},{"@type":"ImageObject","inLanguage":"es","@id":"https:\/\/catalogo.glassingmonkey.com\/es\/tienda\/tablas-de-surf\/emery-thrasher\/#primaryimage","url":"https:\/\/catalogo.glassingmonkey.com\/wp-content\/uploads\/2022\/05\/emery-surfboards-thrasher.png","contentUrl":"https:\/\/catalogo.glassingmonkey.com\/wp-content\/uploads\/2022\/05\/emery-surfboards-thrasher.png","width":600,"height":750},{"@type":"BreadcrumbList","@id":"https:\/\/catalogo.glassingmonkey.com\/es\/tienda\/tablas-de-surf\/emery-thrasher\/#breadcrumb","itemListElement":[{"@type":"ListItem","position":1,"name":"Home","item":"https:\/\/catalogo.glassingmonkey.com\/es\/"},{"@type":"ListItem","position":2,"name":"Productos"},{"@type":"ListItem","position":3,"name":"Emery Thrasher"}]},{"@type":"WebSite","@id":"https:\/\/catalogo.glassingmonkey.com\/es\/#website","url":"https:\/\/catalogo.glassingmonkey.com\/es\/","name":"Glassing Monkey","description":"Surf Shop - Surf Outlet Store","publisher":{"@id":"https:\/\/catalogo.glassingmonkey.com\/es\/#organization"},"potentialAction":[{"@type":"SearchAction","target":{"@type":"EntryPoint","urlTemplate":"https:\/\/catalogo.glassingmonkey.com\/es\/?s={search_term_string}"},"query-input":{"@type":"PropertyValueSpecification","valueRequired":true,"valueName":"search_term_string"}}],"inLanguage":"es"},{"@type":"Organization","@id":"https:\/\/catalogo.glassingmonkey.com\/es\/#organization","name":"Glassing Monkey","url":"https:\/\/catalogo.glassingmonkey.com\/es\/","logo":{"@type":"ImageObject","inLanguage":"es","@id":"https:\/\/catalogo.glassingmonkey.com\/es\/#\/schema\/logo\/image\/","url":"https:\/\/glassingmonkey.com\/wp-content\/uploads\/2022\/02\/cropped-favicon.png","contentUrl":"https:\/\/glassingmonkey.com\/wp-content\/uploads\/2022\/02\/cropped-favicon.png","width":512,"height":512,"caption":"Glassing Monkey"},"image":{"@id":"https:\/\/catalogo.glassingmonkey.com\/es\/#\/schema\/logo\/image\/"},"sameAs":["https:\/\/facebook.com\/glassingmonkey"]}]},"product_brand":"Emery Surfboards","og_availability":"instock","product_availability":"instock","product_retailer_item_id":"0000020","product_condition":"new"},"_links":{"self":[{"href":"https:\/\/catalogo.glassingmonkey.com\/es\/wp-json\/wp\/v2\/product\/13378","targetHints":{"allow":["GET"]}}],"collection":[{"href":"https:\/\/catalogo.glassingmonkey.com\/es\/wp-json\/wp\/v2\/product"}],"about":[{"href":"https:\/\/catalogo.glassingmonkey.com\/es\/wp-json\/wp\/v2\/types\/product"}],"version-history":[{"count":1,"href":"https:\/\/catalogo.glassingmonkey.com\/es\/wp-json\/wp\/v2\/product\/13378\/revisions"}],"predecessor-version":[{"id":14984,"href":"https:\/\/catalogo.glassingmonkey.com\/es\/wp-json\/wp\/v2\/product\/13378\/revisions\/14984"}],"wp:featuredmedia":[{"embeddable":true,"href":"https:\/\/catalogo.glassingmonkey.com\/es\/wp-json\/wp\/v2\/media\/9835"}],"wp:attachment":[{"href":"https:\/\/catalogo.glassingmonkey.com\/es\/wp-json\/wp\/v2\/media?parent=13378"}],"wp:term":[{"taxonomy":"product_brand","embeddable":true,"href":"https:\/\/catalogo.glassingmonkey.com\/es\/wp-json\/wp\/v2\/product_brand?post=13378"},{"taxonomy":"product_cat","embeddable":true,"href":"https:\/\/catalogo.glassingmonkey.com\/es\/wp-json\/wp\/v2\/product_cat?post=13378"},{"taxonomy":"product_tag","embeddable":true,"href":"https:\/\/catalogo.glassingmonkey.com\/es\/wp-json\/wp\/v2\/product_tag?post=13378"}],"curies":[{"name":"wp","href":"https:\/\/api.w.org\/{rel}","templated":true}]}}