{"id":13356,"date":"2022-05-24T22:56:11","date_gmt":"2022-05-24T22:56:11","guid":{"rendered":"https:\/\/glassingmonkey.com\/shop\/sin%20categor\u00eda\/emery-stump-original\/"},"modified":"2024-06-06T10:19:28","modified_gmt":"2024-06-06T10:19:28","slug":"emery-stump-original","status":"publish","type":"product","link":"https:\/\/catalogo.glassingmonkey.com\/es\/tienda\/tablas-de-surf\/emery-stump-original\/","title":{"rendered":"Emery Stump Original"},"content":{"rendered":"<p>Una tabla dise\u00f1ada para los playeros de cada d\u00eda. M\u00e1s ancha por todas partes y con m\u00e1s volumen y menos rocker que tu tabla corta.<\/p>\n","protected":false},"excerpt":{"rendered":"<p>La Stump es el perfecto asesino de verano. S\u00e1ltate las secciones gordas y batea sobre esa t\u00eda buena en topless retozando en la orilla.<\/p>\n","protected":false},"featured_media":9780,"template":"","meta":{"_joinchat":[]},"product_brand":[1494],"product_cat":[269,1833],"product_tag":[1834],"class_list":{"0":"post-13356","1":"product","2":"type-product","3":"status-publish","4":"has-post-thumbnail","6":"product_brand-emery-surfboards-es","7":"product_cat-tablas-de-surf","8":"product_cat-olas-pequenas","9":"product_tag-olas-pequenas","10":"pa_length-71","11":"pa_length-91","12":"pa_length-517","13":"pa_length-489","14":"pa_length-192","15":"pa_length-152","16":"pa_length-55","17":"pa_length-69","18":"pa_length-70","19":"pa_length-63","20":"pa_length-94","21":"pa_length-768","22":"pa_length-189","23":"pa_length-100","24":"pa_length-97","25":"pa_model-tocon-original","26":"pa_shaper-emery-surfboards","27":"pa_thickness-2-1-16-es","28":"pa_thickness-2-1-2-es","29":"pa_thickness-2-1-4-es","30":"pa_thickness-2-1-8-es","31":"pa_thickness-2-11-16-es","32":"pa_thickness-2-13-16-es","33":"pa_thickness-2-3-16-es","34":"pa_thickness-2-3-4-es","35":"pa_thickness-2-3-8-es","36":"pa_thickness-2-5-16-es","37":"pa_thickness-2-5-8-es","38":"pa_thickness-2-7-16-es","39":"pa_thickness-2-7-8-es","40":"pa_thickness-2-9-16-es","41":"pa_thickness-2-es","42":"pa_volume-20-93-l","43":"pa_volume-2299-l","44":"pa_volume-2423-l","45":"pa_volume-2540-l","46":"pa_volume-2663-l","47":"pa_volume-28-64-l","48":"pa_volume-2805-l","49":"pa_volume-3049-l","50":"pa_volume-3227-l","51":"pa_volume-3328-l","52":"pa_volume-3477-l","53":"pa_volume-3626-l","54":"pa_volume-3788-l","55":"pa_volume-39-37-l","56":"pa_width-18-3-4-es","57":"pa_width-18-3-8-es","58":"pa_width-18-5-8-es","59":"pa_width-18-7-8-es","60":"pa_width-18-1-2-es-2","61":"pa_width-19-1-2-es","62":"pa_width-19-1-4-es","63":"pa_width-19-1-8-es","64":"pa_width-19-3-4-es","65":"pa_width-19-5-8-es","66":"pa_width-19-7-8-es","67":"pa_width-19-es","68":"pa_width-20-1-8-es-es","69":"pa_width-20-es","71":"first","72":"instock","73":"sale","74":"featured","75":"shipping-taxable","76":"purchasable","77":"product-type-variable"},"yoast_head":"<!-- This site is optimized with the Yoast SEO plugin v26.5 - https:\/\/yoast.com\/wordpress\/plugins\/seo\/ -->\n<title>Emery Stump Original | Emery Surfboards | Glassing Monkey<\/title>\n<meta name=\"description\" content=\"Surf Shop | Buy Emery Stump Original from Emery Surfboards at the best price in Glassing Monkey Surf Factory | Tablas de surf, Olas Peque\u00f1as\" \/>\n<meta name=\"robots\" content=\"index, follow, max-snippet:-1, max-image-preview:large, max-video-preview:-1\" \/>\n<link rel=\"canonical\" href=\"https:\/\/catalogo.glassingmonkey.com\/es\/tienda\/tablas-de-surf\/emery-stump-original\/\" \/>\n<meta property=\"og:locale\" content=\"es_ES\" \/>\n<meta property=\"og:type\" content=\"article\" \/>\n<meta property=\"og:title\" content=\"Emery Stump Original | Emery Surfboards | Glassing Monkey\" \/>\n<meta property=\"og:description\" content=\"Surf Shop | Buy Emery Stump Original from Emery Surfboards at the best price in Glassing Monkey Surf Factory | Tablas de surf, Olas Peque\u00f1as\" \/>\n<meta property=\"og:url\" content=\"https:\/\/catalogo.glassingmonkey.com\/es\/tienda\/tablas-de-surf\/emery-stump-original\/\" \/>\n<meta property=\"og:site_name\" content=\"Glassing Monkey\" \/>\n<meta property=\"article:publisher\" content=\"https:\/\/facebook.com\/glassingmonkey\" \/>\n<meta property=\"article:modified_time\" content=\"2024-06-06T10:19:28+00:00\" \/>\n<meta property=\"og:image\" content=\"https:\/\/catalogo.glassingmonkey.com\/wp-content\/uploads\/2022\/05\/glassing-monkey-emery-surfboards-stump-original.png\" \/>\n\t<meta property=\"og:image:width\" content=\"600\" \/>\n\t<meta property=\"og:image:height\" content=\"300\" \/>\n\t<meta property=\"og:image:type\" content=\"image\/png\" \/>\n<meta name=\"twitter:card\" content=\"summary_large_image\" \/>\n<meta name=\"twitter:label1\" content=\"Availability\" \/>\n\t<meta name=\"twitter:data1\" content=\"In stock\" \/>\n<script type=\"application\/ld+json\" class=\"yoast-schema-graph\">{\"@context\":\"https:\/\/schema.org\",\"@graph\":[{\"@type\":\"WebPage\",\"@id\":\"https:\/\/catalogo.glassingmonkey.com\/es\/tienda\/tablas-de-surf\/emery-stump-original\/\",\"url\":\"https:\/\/catalogo.glassingmonkey.com\/es\/tienda\/tablas-de-surf\/emery-stump-original\/\",\"name\":\"Emery Stump Original | Emery Surfboards | Glassing Monkey\",\"isPartOf\":{\"@id\":\"https:\/\/catalogo.glassingmonkey.com\/es\/#website\"},\"primaryImageOfPage\":{\"@id\":\"https:\/\/catalogo.glassingmonkey.com\/es\/tienda\/tablas-de-surf\/emery-stump-original\/#primaryimage\"},\"image\":{\"@id\":\"https:\/\/catalogo.glassingmonkey.com\/es\/tienda\/tablas-de-surf\/emery-stump-original\/#primaryimage\"},\"thumbnailUrl\":\"https:\/\/catalogo.glassingmonkey.com\/wp-content\/uploads\/2022\/05\/emery-surfboards-stump-original.png\",\"datePublished\":\"2022-05-24T22:56:11+00:00\",\"dateModified\":\"2024-06-06T10:19:28+00:00\",\"description\":\"Surf Shop | Buy Emery Stump Original from Emery Surfboards at the best price in Glassing Monkey Surf Factory | Tablas de surf, Olas Peque\u00f1as\",\"breadcrumb\":{\"@id\":\"https:\/\/catalogo.glassingmonkey.com\/es\/tienda\/tablas-de-surf\/emery-stump-original\/#breadcrumb\"},\"inLanguage\":\"es\",\"potentialAction\":[{\"@type\":\"ReadAction\",\"target\":[\"https:\/\/catalogo.glassingmonkey.com\/es\/tienda\/tablas-de-surf\/emery-stump-original\/\"]}]},{\"@type\":\"ImageObject\",\"inLanguage\":\"es\",\"@id\":\"https:\/\/catalogo.glassingmonkey.com\/es\/tienda\/tablas-de-surf\/emery-stump-original\/#primaryimage\",\"url\":\"https:\/\/catalogo.glassingmonkey.com\/wp-content\/uploads\/2022\/05\/emery-surfboards-stump-original.png\",\"contentUrl\":\"https:\/\/catalogo.glassingmonkey.com\/wp-content\/uploads\/2022\/05\/emery-surfboards-stump-original.png\",\"width\":600,\"height\":750},{\"@type\":\"BreadcrumbList\",\"@id\":\"https:\/\/catalogo.glassingmonkey.com\/es\/tienda\/tablas-de-surf\/emery-stump-original\/#breadcrumb\",\"itemListElement\":[{\"@type\":\"ListItem\",\"position\":1,\"name\":\"Home\",\"item\":\"https:\/\/catalogo.glassingmonkey.com\/es\/\"},{\"@type\":\"ListItem\",\"position\":2,\"name\":\"Productos\"},{\"@type\":\"ListItem\",\"position\":3,\"name\":\"Emery Stump Original\"}]},{\"@type\":\"WebSite\",\"@id\":\"https:\/\/catalogo.glassingmonkey.com\/es\/#website\",\"url\":\"https:\/\/catalogo.glassingmonkey.com\/es\/\",\"name\":\"Glassing Monkey\",\"description\":\"Surf Shop - Surf Outlet Store\",\"publisher\":{\"@id\":\"https:\/\/catalogo.glassingmonkey.com\/es\/#organization\"},\"potentialAction\":[{\"@type\":\"SearchAction\",\"target\":{\"@type\":\"EntryPoint\",\"urlTemplate\":\"https:\/\/catalogo.glassingmonkey.com\/es\/?s={search_term_string}\"},\"query-input\":{\"@type\":\"PropertyValueSpecification\",\"valueRequired\":true,\"valueName\":\"search_term_string\"}}],\"inLanguage\":\"es\"},{\"@type\":\"Organization\",\"@id\":\"https:\/\/catalogo.glassingmonkey.com\/es\/#organization\",\"name\":\"Glassing Monkey\",\"url\":\"https:\/\/catalogo.glassingmonkey.com\/es\/\",\"logo\":{\"@type\":\"ImageObject\",\"inLanguage\":\"es\",\"@id\":\"https:\/\/catalogo.glassingmonkey.com\/es\/#\/schema\/logo\/image\/\",\"url\":\"https:\/\/glassingmonkey.com\/wp-content\/uploads\/2022\/02\/cropped-favicon.png\",\"contentUrl\":\"https:\/\/glassingmonkey.com\/wp-content\/uploads\/2022\/02\/cropped-favicon.png\",\"width\":512,\"height\":512,\"caption\":\"Glassing Monkey\"},\"image\":{\"@id\":\"https:\/\/catalogo.glassingmonkey.com\/es\/#\/schema\/logo\/image\/\"},\"sameAs\":[\"https:\/\/facebook.com\/glassingmonkey\"]}]}<\/script>\n<meta property=\"product:brand\" content=\"Emery Surfboards\" \/>\n<meta property=\"og:availability\" content=\"instock\" \/>\n<meta property=\"product:availability\" content=\"instock\" \/>\n<meta property=\"product:retailer_item_id\" content=\"0000014\" \/>\n<meta property=\"product:condition\" content=\"new\" \/>\n<!-- \/ Yoast SEO plugin. -->","yoast_head_json":{"title":"Emery Stump Original | Emery Surfboards | Glassing Monkey","description":"Surf Shop | Buy Emery Stump Original from Emery Surfboards at the best price in Glassing Monkey Surf Factory | Tablas de surf, Olas Peque\u00f1as","robots":{"index":"index","follow":"follow","max-snippet":"max-snippet:-1","max-image-preview":"max-image-preview:large","max-video-preview":"max-video-preview:-1"},"canonical":"https:\/\/catalogo.glassingmonkey.com\/es\/tienda\/tablas-de-surf\/emery-stump-original\/","og_locale":"es_ES","og_type":"article","og_title":"Emery Stump Original | Emery Surfboards | Glassing Monkey","og_description":"Surf Shop | Buy Emery Stump Original from Emery Surfboards at the best price in Glassing Monkey Surf Factory | Tablas de surf, Olas Peque\u00f1as","og_url":"https:\/\/catalogo.glassingmonkey.com\/es\/tienda\/tablas-de-surf\/emery-stump-original\/","og_site_name":"Glassing Monkey","article_publisher":"https:\/\/facebook.com\/glassingmonkey","article_modified_time":"2024-06-06T10:19:28+00:00","og_image":[{"width":600,"height":300,"url":"https:\/\/catalogo.glassingmonkey.com\/wp-content\/uploads\/2022\/05\/glassing-monkey-emery-surfboards-stump-original.png","type":"image\/png"}],"twitter_card":"summary_large_image","twitter_misc":{"Availability":"In stock"},"schema":{"@context":"https:\/\/schema.org","@graph":[{"@type":"WebPage","@id":"https:\/\/catalogo.glassingmonkey.com\/es\/tienda\/tablas-de-surf\/emery-stump-original\/","url":"https:\/\/catalogo.glassingmonkey.com\/es\/tienda\/tablas-de-surf\/emery-stump-original\/","name":"Emery Stump Original | Emery Surfboards | Glassing Monkey","isPartOf":{"@id":"https:\/\/catalogo.glassingmonkey.com\/es\/#website"},"primaryImageOfPage":{"@id":"https:\/\/catalogo.glassingmonkey.com\/es\/tienda\/tablas-de-surf\/emery-stump-original\/#primaryimage"},"image":{"@id":"https:\/\/catalogo.glassingmonkey.com\/es\/tienda\/tablas-de-surf\/emery-stump-original\/#primaryimage"},"thumbnailUrl":"https:\/\/catalogo.glassingmonkey.com\/wp-content\/uploads\/2022\/05\/emery-surfboards-stump-original.png","datePublished":"2022-05-24T22:56:11+00:00","dateModified":"2024-06-06T10:19:28+00:00","description":"Surf Shop | Buy Emery Stump Original from Emery Surfboards at the best price in Glassing Monkey Surf Factory | Tablas de surf, Olas Peque\u00f1as","breadcrumb":{"@id":"https:\/\/catalogo.glassingmonkey.com\/es\/tienda\/tablas-de-surf\/emery-stump-original\/#breadcrumb"},"inLanguage":"es","potentialAction":[{"@type":"ReadAction","target":["https:\/\/catalogo.glassingmonkey.com\/es\/tienda\/tablas-de-surf\/emery-stump-original\/"]}]},{"@type":"ImageObject","inLanguage":"es","@id":"https:\/\/catalogo.glassingmonkey.com\/es\/tienda\/tablas-de-surf\/emery-stump-original\/#primaryimage","url":"https:\/\/catalogo.glassingmonkey.com\/wp-content\/uploads\/2022\/05\/emery-surfboards-stump-original.png","contentUrl":"https:\/\/catalogo.glassingmonkey.com\/wp-content\/uploads\/2022\/05\/emery-surfboards-stump-original.png","width":600,"height":750},{"@type":"BreadcrumbList","@id":"https:\/\/catalogo.glassingmonkey.com\/es\/tienda\/tablas-de-surf\/emery-stump-original\/#breadcrumb","itemListElement":[{"@type":"ListItem","position":1,"name":"Home","item":"https:\/\/catalogo.glassingmonkey.com\/es\/"},{"@type":"ListItem","position":2,"name":"Productos"},{"@type":"ListItem","position":3,"name":"Emery Stump Original"}]},{"@type":"WebSite","@id":"https:\/\/catalogo.glassingmonkey.com\/es\/#website","url":"https:\/\/catalogo.glassingmonkey.com\/es\/","name":"Glassing Monkey","description":"Surf Shop - Surf Outlet Store","publisher":{"@id":"https:\/\/catalogo.glassingmonkey.com\/es\/#organization"},"potentialAction":[{"@type":"SearchAction","target":{"@type":"EntryPoint","urlTemplate":"https:\/\/catalogo.glassingmonkey.com\/es\/?s={search_term_string}"},"query-input":{"@type":"PropertyValueSpecification","valueRequired":true,"valueName":"search_term_string"}}],"inLanguage":"es"},{"@type":"Organization","@id":"https:\/\/catalogo.glassingmonkey.com\/es\/#organization","name":"Glassing Monkey","url":"https:\/\/catalogo.glassingmonkey.com\/es\/","logo":{"@type":"ImageObject","inLanguage":"es","@id":"https:\/\/catalogo.glassingmonkey.com\/es\/#\/schema\/logo\/image\/","url":"https:\/\/glassingmonkey.com\/wp-content\/uploads\/2022\/02\/cropped-favicon.png","contentUrl":"https:\/\/glassingmonkey.com\/wp-content\/uploads\/2022\/02\/cropped-favicon.png","width":512,"height":512,"caption":"Glassing Monkey"},"image":{"@id":"https:\/\/catalogo.glassingmonkey.com\/es\/#\/schema\/logo\/image\/"},"sameAs":["https:\/\/facebook.com\/glassingmonkey"]}]},"product_brand":"Emery Surfboards","og_availability":"instock","product_availability":"instock","product_retailer_item_id":"0000014","product_condition":"new"},"_links":{"self":[{"href":"https:\/\/catalogo.glassingmonkey.com\/es\/wp-json\/wp\/v2\/product\/13356","targetHints":{"allow":["GET"]}}],"collection":[{"href":"https:\/\/catalogo.glassingmonkey.com\/es\/wp-json\/wp\/v2\/product"}],"about":[{"href":"https:\/\/catalogo.glassingmonkey.com\/es\/wp-json\/wp\/v2\/types\/product"}],"version-history":[{"count":1,"href":"https:\/\/catalogo.glassingmonkey.com\/es\/wp-json\/wp\/v2\/product\/13356\/revisions"}],"predecessor-version":[{"id":14974,"href":"https:\/\/catalogo.glassingmonkey.com\/es\/wp-json\/wp\/v2\/product\/13356\/revisions\/14974"}],"wp:featuredmedia":[{"embeddable":true,"href":"https:\/\/catalogo.glassingmonkey.com\/es\/wp-json\/wp\/v2\/media\/9780"}],"wp:attachment":[{"href":"https:\/\/catalogo.glassingmonkey.com\/es\/wp-json\/wp\/v2\/media?parent=13356"}],"wp:term":[{"taxonomy":"product_brand","embeddable":true,"href":"https:\/\/catalogo.glassingmonkey.com\/es\/wp-json\/wp\/v2\/product_brand?post=13356"},{"taxonomy":"product_cat","embeddable":true,"href":"https:\/\/catalogo.glassingmonkey.com\/es\/wp-json\/wp\/v2\/product_cat?post=13356"},{"taxonomy":"product_tag","embeddable":true,"href":"https:\/\/catalogo.glassingmonkey.com\/es\/wp-json\/wp\/v2\/product_tag?post=13356"}],"curies":[{"name":"wp","href":"https:\/\/api.w.org\/{rel}","templated":true}]}}