{"id":13300,"date":"2022-05-24T22:04:03","date_gmt":"2022-05-24T22:04:03","guid":{"rendered":"https:\/\/glassingmonkey.com\/shop\/sin%20categor\u00eda\/canon\/"},"modified":"2024-06-06T10:23:32","modified_gmt":"2024-06-06T10:23:32","slug":"cannon","status":"publish","type":"product","link":"https:\/\/catalogo.glassingmonkey.com\/es\/tienda\/tablas-de-surf\/cannon\/","title":{"rendered":"Cannon"},"content":{"rendered":"<p>Dise\u00f1ado para que superes la cornisa en los grandes d\u00edas. El Ca\u00f1\u00f3n se ha construido con un contorno estrecho y tiene el volumen distribuido en todos los lugares adecuados.<\/p>\n","protected":false},"excerpt":{"rendered":"<p>La distribuci\u00f3n de la espuma se puede ajustar para adaptarla a los barriles huecos o a las olas de punta talada. Esta arma va de una c\u00f3ncava simple a una doble v en la cola. No lleves un cuchillo a un tiroteo.<\/p>\n","protected":false},"featured_media":4099,"template":"","meta":{"_joinchat":[]},"product_brand":[],"product_cat":[269],"product_tag":[],"class_list":{"0":"post-13300","1":"product","2":"type-product","3":"status-publish","4":"has-post-thumbnail","6":"product_cat-tablas-de-surf","7":"product_shipping_class-tablas-a-partir-de-67-es-2","8":"pa_length-189","9":"pa_length-217","10":"pa_model-canon","11":"pa_shaper-emery-surfboards","12":"pa_thickness-2-1-4-es","13":"pa_thickness-2-3-4-es","14":"pa_volume-25-94-l","15":"pa_volume-39-12-l","16":"pa_width-18-7-16-es","17":"pa_width-19-es","19":"first","20":"instock","21":"featured","22":"shipping-taxable","23":"purchasable","24":"product-type-simple"},"yoast_head":"<!-- This site is optimized with the Yoast SEO plugin v26.5 - https:\/\/yoast.com\/wordpress\/plugins\/seo\/ -->\n<title>Cannon | | Glassing Monkey<\/title>\n<meta name=\"description\" content=\"Surf Shop | Buy Cannon from at the best price in Glassing Monkey Surf Factory | Tablas de surf\" \/>\n<meta name=\"robots\" content=\"index, follow, max-snippet:-1, max-image-preview:large, max-video-preview:-1\" \/>\n<link rel=\"canonical\" href=\"https:\/\/catalogo.glassingmonkey.com\/es\/tienda\/tablas-de-surf\/cannon\/\" \/>\n<meta property=\"og:locale\" content=\"es_ES\" \/>\n<meta property=\"og:type\" content=\"article\" \/>\n<meta property=\"og:title\" content=\"Cannon | | Glassing Monkey\" \/>\n<meta property=\"og:description\" content=\"Surf Shop | Buy Cannon from at the best price in Glassing Monkey Surf Factory | Tablas de surf\" \/>\n<meta property=\"og:url\" content=\"https:\/\/catalogo.glassingmonkey.com\/es\/tienda\/tablas-de-surf\/cannon\/\" \/>\n<meta property=\"og:site_name\" content=\"Glassing Monkey\" \/>\n<meta property=\"article:publisher\" content=\"https:\/\/facebook.com\/glassingmonkey\" \/>\n<meta property=\"article:modified_time\" content=\"2024-06-06T10:23:32+00:00\" \/>\n<meta property=\"og:image\" content=\"https:\/\/catalogo.glassingmonkey.com\/wp-content\/uploads\/2022\/05\/Emery-Surfboards_Cannon_ae3f446e-c2b9-48ff-b950-f2efbe3fefc2_540x.png\" \/>\n\t<meta property=\"og:image:width\" content=\"540\" \/>\n\t<meta property=\"og:image:height\" content=\"675\" \/>\n\t<meta property=\"og:image:type\" content=\"image\/png\" \/>\n<meta name=\"twitter:card\" content=\"summary_large_image\" \/>\n<meta name=\"twitter:label1\" content=\"Precio\" \/>\n\t<meta name=\"twitter:data1\" content=\"579,00&nbsp;&euro;\" \/>\n\t<meta name=\"twitter:label2\" content=\"Availability\" \/>\n\t<meta name=\"twitter:data2\" content=\"In stock\" \/>\n<script type=\"application\/ld+json\" class=\"yoast-schema-graph\">{\"@context\":\"https:\/\/schema.org\",\"@graph\":[{\"@type\":\"WebPage\",\"@id\":\"https:\/\/catalogo.glassingmonkey.com\/es\/tienda\/tablas-de-surf\/cannon\/\",\"url\":\"https:\/\/catalogo.glassingmonkey.com\/es\/tienda\/tablas-de-surf\/cannon\/\",\"name\":\"Cannon | | Glassing Monkey\",\"isPartOf\":{\"@id\":\"https:\/\/catalogo.glassingmonkey.com\/es\/#website\"},\"primaryImageOfPage\":{\"@id\":\"https:\/\/catalogo.glassingmonkey.com\/es\/tienda\/tablas-de-surf\/cannon\/#primaryimage\"},\"image\":{\"@id\":\"https:\/\/catalogo.glassingmonkey.com\/es\/tienda\/tablas-de-surf\/cannon\/#primaryimage\"},\"thumbnailUrl\":\"https:\/\/catalogo.glassingmonkey.com\/wp-content\/uploads\/2022\/05\/Emery-Surfboards_Cannon_ae3f446e-c2b9-48ff-b950-f2efbe3fefc2_540x.png\",\"datePublished\":\"2022-05-24T22:04:03+00:00\",\"dateModified\":\"2024-06-06T10:23:32+00:00\",\"description\":\"Surf Shop | Buy Cannon from at the best price in Glassing Monkey Surf Factory | Tablas de surf\",\"breadcrumb\":{\"@id\":\"https:\/\/catalogo.glassingmonkey.com\/es\/tienda\/tablas-de-surf\/cannon\/#breadcrumb\"},\"inLanguage\":\"es\",\"potentialAction\":[{\"@type\":\"ReadAction\",\"target\":[\"https:\/\/catalogo.glassingmonkey.com\/es\/tienda\/tablas-de-surf\/cannon\/\"]}]},{\"@type\":\"ImageObject\",\"inLanguage\":\"es\",\"@id\":\"https:\/\/catalogo.glassingmonkey.com\/es\/tienda\/tablas-de-surf\/cannon\/#primaryimage\",\"url\":\"https:\/\/catalogo.glassingmonkey.com\/wp-content\/uploads\/2022\/05\/Emery-Surfboards_Cannon_ae3f446e-c2b9-48ff-b950-f2efbe3fefc2_540x.png\",\"contentUrl\":\"https:\/\/catalogo.glassingmonkey.com\/wp-content\/uploads\/2022\/05\/Emery-Surfboards_Cannon_ae3f446e-c2b9-48ff-b950-f2efbe3fefc2_540x.png\",\"width\":540,\"height\":675},{\"@type\":\"BreadcrumbList\",\"@id\":\"https:\/\/catalogo.glassingmonkey.com\/es\/tienda\/tablas-de-surf\/cannon\/#breadcrumb\",\"itemListElement\":[{\"@type\":\"ListItem\",\"position\":1,\"name\":\"Home\",\"item\":\"https:\/\/catalogo.glassingmonkey.com\/es\/\"},{\"@type\":\"ListItem\",\"position\":2,\"name\":\"Productos\"},{\"@type\":\"ListItem\",\"position\":3,\"name\":\"Cannon\"}]},{\"@type\":\"WebSite\",\"@id\":\"https:\/\/catalogo.glassingmonkey.com\/es\/#website\",\"url\":\"https:\/\/catalogo.glassingmonkey.com\/es\/\",\"name\":\"Glassing Monkey\",\"description\":\"Surf Shop - Surf Outlet Store\",\"publisher\":{\"@id\":\"https:\/\/catalogo.glassingmonkey.com\/es\/#organization\"},\"potentialAction\":[{\"@type\":\"SearchAction\",\"target\":{\"@type\":\"EntryPoint\",\"urlTemplate\":\"https:\/\/catalogo.glassingmonkey.com\/es\/?s={search_term_string}\"},\"query-input\":{\"@type\":\"PropertyValueSpecification\",\"valueRequired\":true,\"valueName\":\"search_term_string\"}}],\"inLanguage\":\"es\"},{\"@type\":\"Organization\",\"@id\":\"https:\/\/catalogo.glassingmonkey.com\/es\/#organization\",\"name\":\"Glassing Monkey\",\"url\":\"https:\/\/catalogo.glassingmonkey.com\/es\/\",\"logo\":{\"@type\":\"ImageObject\",\"inLanguage\":\"es\",\"@id\":\"https:\/\/catalogo.glassingmonkey.com\/es\/#\/schema\/logo\/image\/\",\"url\":\"https:\/\/glassingmonkey.com\/wp-content\/uploads\/2022\/02\/cropped-favicon.png\",\"contentUrl\":\"https:\/\/glassingmonkey.com\/wp-content\/uploads\/2022\/02\/cropped-favicon.png\",\"width\":512,\"height\":512,\"caption\":\"Glassing Monkey\"},\"image\":{\"@id\":\"https:\/\/catalogo.glassingmonkey.com\/es\/#\/schema\/logo\/image\/\"},\"sameAs\":[\"https:\/\/facebook.com\/glassingmonkey\"]}]}<\/script>\n<meta property=\"product:price:amount\" content=\"579.00\" \/>\n<meta property=\"product:price:currency\" content=\"EUR\" \/>\n<meta property=\"og:availability\" content=\"instock\" \/>\n<meta property=\"product:availability\" content=\"instock\" \/>\n<meta property=\"product:retailer_item_id\" content=\"000005\" \/>\n<meta property=\"product:condition\" content=\"new\" \/>\n<!-- \/ Yoast SEO plugin. -->","yoast_head_json":{"title":"Cannon | | Glassing Monkey","description":"Surf Shop | Buy Cannon from at the best price in Glassing Monkey Surf Factory | Tablas de surf","robots":{"index":"index","follow":"follow","max-snippet":"max-snippet:-1","max-image-preview":"max-image-preview:large","max-video-preview":"max-video-preview:-1"},"canonical":"https:\/\/catalogo.glassingmonkey.com\/es\/tienda\/tablas-de-surf\/cannon\/","og_locale":"es_ES","og_type":"article","og_title":"Cannon | | Glassing Monkey","og_description":"Surf Shop | Buy Cannon from at the best price in Glassing Monkey Surf Factory | Tablas de surf","og_url":"https:\/\/catalogo.glassingmonkey.com\/es\/tienda\/tablas-de-surf\/cannon\/","og_site_name":"Glassing Monkey","article_publisher":"https:\/\/facebook.com\/glassingmonkey","article_modified_time":"2024-06-06T10:23:32+00:00","og_image":[{"width":540,"height":675,"url":"https:\/\/catalogo.glassingmonkey.com\/wp-content\/uploads\/2022\/05\/Emery-Surfboards_Cannon_ae3f446e-c2b9-48ff-b950-f2efbe3fefc2_540x.png","type":"image\/png"}],"twitter_card":"summary_large_image","twitter_misc":{"Precio":"579,00&nbsp;&euro;","Availability":"In stock"},"schema":{"@context":"https:\/\/schema.org","@graph":[{"@type":"WebPage","@id":"https:\/\/catalogo.glassingmonkey.com\/es\/tienda\/tablas-de-surf\/cannon\/","url":"https:\/\/catalogo.glassingmonkey.com\/es\/tienda\/tablas-de-surf\/cannon\/","name":"Cannon | | Glassing Monkey","isPartOf":{"@id":"https:\/\/catalogo.glassingmonkey.com\/es\/#website"},"primaryImageOfPage":{"@id":"https:\/\/catalogo.glassingmonkey.com\/es\/tienda\/tablas-de-surf\/cannon\/#primaryimage"},"image":{"@id":"https:\/\/catalogo.glassingmonkey.com\/es\/tienda\/tablas-de-surf\/cannon\/#primaryimage"},"thumbnailUrl":"https:\/\/catalogo.glassingmonkey.com\/wp-content\/uploads\/2022\/05\/Emery-Surfboards_Cannon_ae3f446e-c2b9-48ff-b950-f2efbe3fefc2_540x.png","datePublished":"2022-05-24T22:04:03+00:00","dateModified":"2024-06-06T10:23:32+00:00","description":"Surf Shop | Buy Cannon from at the best price in Glassing Monkey Surf Factory | Tablas de surf","breadcrumb":{"@id":"https:\/\/catalogo.glassingmonkey.com\/es\/tienda\/tablas-de-surf\/cannon\/#breadcrumb"},"inLanguage":"es","potentialAction":[{"@type":"ReadAction","target":["https:\/\/catalogo.glassingmonkey.com\/es\/tienda\/tablas-de-surf\/cannon\/"]}]},{"@type":"ImageObject","inLanguage":"es","@id":"https:\/\/catalogo.glassingmonkey.com\/es\/tienda\/tablas-de-surf\/cannon\/#primaryimage","url":"https:\/\/catalogo.glassingmonkey.com\/wp-content\/uploads\/2022\/05\/Emery-Surfboards_Cannon_ae3f446e-c2b9-48ff-b950-f2efbe3fefc2_540x.png","contentUrl":"https:\/\/catalogo.glassingmonkey.com\/wp-content\/uploads\/2022\/05\/Emery-Surfboards_Cannon_ae3f446e-c2b9-48ff-b950-f2efbe3fefc2_540x.png","width":540,"height":675},{"@type":"BreadcrumbList","@id":"https:\/\/catalogo.glassingmonkey.com\/es\/tienda\/tablas-de-surf\/cannon\/#breadcrumb","itemListElement":[{"@type":"ListItem","position":1,"name":"Home","item":"https:\/\/catalogo.glassingmonkey.com\/es\/"},{"@type":"ListItem","position":2,"name":"Productos"},{"@type":"ListItem","position":3,"name":"Cannon"}]},{"@type":"WebSite","@id":"https:\/\/catalogo.glassingmonkey.com\/es\/#website","url":"https:\/\/catalogo.glassingmonkey.com\/es\/","name":"Glassing Monkey","description":"Surf Shop - Surf Outlet Store","publisher":{"@id":"https:\/\/catalogo.glassingmonkey.com\/es\/#organization"},"potentialAction":[{"@type":"SearchAction","target":{"@type":"EntryPoint","urlTemplate":"https:\/\/catalogo.glassingmonkey.com\/es\/?s={search_term_string}"},"query-input":{"@type":"PropertyValueSpecification","valueRequired":true,"valueName":"search_term_string"}}],"inLanguage":"es"},{"@type":"Organization","@id":"https:\/\/catalogo.glassingmonkey.com\/es\/#organization","name":"Glassing Monkey","url":"https:\/\/catalogo.glassingmonkey.com\/es\/","logo":{"@type":"ImageObject","inLanguage":"es","@id":"https:\/\/catalogo.glassingmonkey.com\/es\/#\/schema\/logo\/image\/","url":"https:\/\/glassingmonkey.com\/wp-content\/uploads\/2022\/02\/cropped-favicon.png","contentUrl":"https:\/\/glassingmonkey.com\/wp-content\/uploads\/2022\/02\/cropped-favicon.png","width":512,"height":512,"caption":"Glassing Monkey"},"image":{"@id":"https:\/\/catalogo.glassingmonkey.com\/es\/#\/schema\/logo\/image\/"},"sameAs":["https:\/\/facebook.com\/glassingmonkey"]}]},"product_price_amount":"579.00","product_price_currency":"EUR","og_availability":"instock","product_availability":"instock","product_retailer_item_id":"000005","product_condition":"new"},"_links":{"self":[{"href":"https:\/\/catalogo.glassingmonkey.com\/es\/wp-json\/wp\/v2\/product\/13300","targetHints":{"allow":["GET"]}}],"collection":[{"href":"https:\/\/catalogo.glassingmonkey.com\/es\/wp-json\/wp\/v2\/product"}],"about":[{"href":"https:\/\/catalogo.glassingmonkey.com\/es\/wp-json\/wp\/v2\/types\/product"}],"version-history":[{"count":1,"href":"https:\/\/catalogo.glassingmonkey.com\/es\/wp-json\/wp\/v2\/product\/13300\/revisions"}],"predecessor-version":[{"id":14967,"href":"https:\/\/catalogo.glassingmonkey.com\/es\/wp-json\/wp\/v2\/product\/13300\/revisions\/14967"}],"wp:featuredmedia":[{"embeddable":true,"href":"https:\/\/catalogo.glassingmonkey.com\/es\/wp-json\/wp\/v2\/media\/4099"}],"wp:attachment":[{"href":"https:\/\/catalogo.glassingmonkey.com\/es\/wp-json\/wp\/v2\/media?parent=13300"}],"wp:term":[{"taxonomy":"product_brand","embeddable":true,"href":"https:\/\/catalogo.glassingmonkey.com\/es\/wp-json\/wp\/v2\/product_brand?post=13300"},{"taxonomy":"product_cat","embeddable":true,"href":"https:\/\/catalogo.glassingmonkey.com\/es\/wp-json\/wp\/v2\/product_cat?post=13300"},{"taxonomy":"product_tag","embeddable":true,"href":"https:\/\/catalogo.glassingmonkey.com\/es\/wp-json\/wp\/v2\/product_tag?post=13300"}],"curies":[{"name":"wp","href":"https:\/\/api.w.org\/{rel}","templated":true}]}}