{"id":2991,"date":"2022-02-22T16:58:19","date_gmt":"2022-02-22T16:58:19","guid":{"rendered":"https:\/\/outlet.glassingmonkey.com\/politica-de-privacidad\/"},"modified":"2024-05-06T14:16:51","modified_gmt":"2024-05-06T14:16:51","slug":"politica-de-privacidad","status":"publish","type":"page","link":"https:\/\/catalogo.glassingmonkey.com\/es\/politica-de-privacidad\/","title":{"rendered":"Pol\u00edtica de privacidad"},"content":{"rendered":"\t\t<div data-elementor-type=\"wp-page\" data-elementor-id=\"2991\" class=\"elementor elementor-2991 elementor-3\" data-elementor-post-type=\"page\">\n\t\t\t\t\t\t<section data-particle_enable=\"false\" data-particle-mobile-disabled=\"false\" class=\"elementor-section elementor-top-section elementor-element elementor-element-3ee339d2 elementor-section-boxed elementor-section-height-default elementor-section-height-default\" data-id=\"3ee339d2\" data-element_type=\"section\" data-e-type=\"section\" data-settings=\"{&quot;background_background&quot;:&quot;classic&quot;}\">\n\t\t\t\t\t\t\t<div class=\"elementor-background-overlay\"><\/div>\n\t\t\t\t\t\t\t<div class=\"elementor-container elementor-column-gap-no\">\n\t\t\t\t\t<div class=\"elementor-column elementor-col-100 elementor-top-column elementor-element elementor-element-6f81147e\" data-id=\"6f81147e\" data-element_type=\"column\" data-e-type=\"column\">\n\t\t\t<div class=\"elementor-widget-wrap\">\n\t\t\t\t\t\t\t<\/div>\n\t\t<\/div>\n\t\t\t\t\t<\/div>\n\t\t<\/section>\n\t\t\t\t<section data-particle_enable=\"false\" data-particle-mobile-disabled=\"false\" class=\"elementor-section elementor-top-section elementor-element elementor-element-8c90974 elementor-section-boxed elementor-section-height-default elementor-section-height-default\" data-id=\"8c90974\" data-element_type=\"section\" data-e-type=\"section\">\n\t\t\t\t\t\t<div class=\"elementor-container elementor-column-gap-default\">\n\t\t\t\t\t<div class=\"elementor-column elementor-col-66 elementor-top-column elementor-element elementor-element-63ffdbe\" data-id=\"63ffdbe\" data-element_type=\"column\" data-e-type=\"column\">\n\t\t\t<div class=\"elementor-widget-wrap elementor-element-populated\">\n\t\t\t\t\t\t<div class=\"elementor-element elementor-element-1e0cd5e elementor-widget elementor-widget-heading\" data-id=\"1e0cd5e\" data-element_type=\"widget\" data-e-type=\"widget\" data-widget_type=\"heading.default\">\n\t\t\t\t<div class=\"elementor-widget-container\">\n\t\t\t\t\t<h2 class=\"elementor-heading-title elementor-size-default\">politica de privacidad<\/h2>\t\t\t\t<\/div>\n\t\t\t\t<\/div>\n\t\t\t\t<div class=\"elementor-element elementor-element-838d37f elementor-widget elementor-widget-text-editor\" data-id=\"838d37f\" data-element_type=\"widget\" data-e-type=\"widget\" data-widget_type=\"text-editor.default\">\n\t\t\t\t<div class=\"elementor-widget-container\">\n\t\t\t\t\t\t\t\t\t<p>El titular de este sitio web glassingmonkey.com, en adelante \u00abEL SITIO WEB\u00bb, es&nbsp;<span style=\"letter-spacing: 0.2px;\">Glassing Monkey SL, con domicilio en Pol\u00edgono de Pisa, Calle Balance 38, 41927, Mairena del Aljarafe, Sevilla, Espa\u00f1a y C\u00f3digo de Identificaci\u00f3n Fiscal n\u00famero: B90108994<\/span>, en adelante, \u00abLA EMPRESA\u00bb, as\u00ed como el titular y responsable de los ficheros con la informaci\u00f3n de car\u00e1cter personal suministrada voluntariamente por sus usuarios habiendo adoptado todas las medidas de seguridad requeridas legalmente para la protecci\u00f3n de los datos y la intimidad de sus usuarios .<\/p>\n<p>El tratamiento de los datos personales que se realiza a trav\u00e9s de EL SITIO WEB cumple con lo establecido en el Reglamento 2016\/679, General de Protecci\u00f3n de Datos, en la Ley Org\u00e1nica de Protecci\u00f3n de Datos y con las medidas de seguridad que le sean de aplicaci\u00f3n seg\u00fan desarrollo normativo.<\/p>\n<p><\/p>\n<h4>Derecho de Informaci\u00f3n<\/h4>\n<p>Si el usuario decide solicitar informaci\u00f3n en EL SITIO WEB, se solicitar\u00e1n los datos estrictamente necesarios para la consecuci\u00f3n del fin al cual est\u00e1 destinado EL SITIO WEB, que es el de la informaci\u00f3n y promoci\u00f3n de nuestros servicios, todos ellos disponibles en EL SITIO WEB. En ning\u00fan caso ser\u00e1n utilizados para finalidades distintas de aquellas para las que han sido introducidas voluntariamente en EL SITIO WEB.<\/p>\n<p>Los datos personales que el usuario nos proporcionen pasar\u00e1n a formar parte de un tratamiento de datos de car\u00e1cter personal. Dichos datos personales ser\u00e1n objeto de tratamiento, siempre que el usuario haya prestado su consentimiento con anterioridad, que lo presta al marcar las casillas de consentimiento de los distintos formularios y podr\u00e1 revocar el consentimiento siempre que lo desee.<\/p>\n<p>Los que voluntariamente faciliten sus datos al titular del Web por cualquiera de los medios establecidos al efecto en cada momento, consienten y aceptan conocer de modo expreso, preciso e inequ\u00edvoco:<\/p>\n<ul>\n<li>Que la introducci\u00f3n en el tratamiento de los datos de car\u00e1cter personal tiene como finalidad la gesti\u00f3n de la petici\u00f3n, solicitud o consulta, y el mantenimiento de las relaciones entre EL SITIO WEB y sus usuarios.<\/li>\n<li>Que el usuario autorice expresamente el que puedan utilizarse los datos facilitados para remitirle, por cualquier medio de comunicaci\u00f3n, incluidos los electr\u00f3nicos, comunicaciones comerciales, newsletter con informaci\u00f3n de inter\u00e9s, y comunicaciones recordatorio, siempre que haya marcado la casilla correspondiente en los distintos formularios o haya manifestado, por cualquier medio, de modo inequ\u00edvoco su autorizaci\u00f3n.<\/li>\n<li>Que autoriza a LA EMPRESA a que utilice sus datos para las finalidades expresadas a la hora de contratar cualquiera de los productos o servicios en concreto, y presta tambi\u00e9n su consentimiento para el uso de las cookies para las finalidades concretas y espec\u00edficas informadas en todo momento en esta politica de privacidad.<\/li>\n<li>Que en cualquier momento podr\u00e1 revocar su consentimiento dirigiendo una comunicaci\u00f3n a la Web, a trav\u00e9s de los canales establecidos al efecto.<\/li>\n<\/ul>\n<p>El horario de atenci\u00f3n al cliente es Lunes a Viernes de 08:00 \u2013 14:00. Puede contactar con Glassing Monkey. enviando un mensaje de correo electr\u00f3nico, a la direcci\u00f3n Info@glassingmonkey.com, o por tel\u00e9fono, en el n\u00famero de contacto (+34) 685 11 52 72.<\/p>\t\t\t\t\t\t\t\t<\/div>\n\t\t\t\t<\/div>\n\t\t\t\t\t<\/div>\n\t\t<\/div>\n\t\t\t\t<div class=\"elementor-column elementor-col-33 elementor-top-column elementor-element elementor-element-a9b75c6\" data-id=\"a9b75c6\" data-element_type=\"column\" data-e-type=\"column\">\n\t\t\t<div class=\"elementor-widget-wrap\">\n\t\t\t\t\t\t\t<\/div>\n\t\t<\/div>\n\t\t\t\t\t<\/div>\n\t\t<\/section>\n\t\t\t\t<\/div>\n\t\t","protected":false},"excerpt":{"rendered":"<p>politica de privacidad El titular de este sitio web glassingmonkey.com, en adelante \u00abEL SITIO WEB\u00bb, es&nbsp;Glassing Monkey SL, con domicilio en Pol\u00edgono de Pisa, Calle Balance 38, 41927, Mairena del Aljarafe, Sevilla, Espa\u00f1a y C\u00f3digo de Identificaci\u00f3n Fiscal n\u00famero: B90108994, en adelante, \u00abLA EMPRESA\u00bb, as\u00ed como el titular y responsable de los ficheros con la [&hellip;]<\/p>\n","protected":false},"author":2,"featured_media":0,"parent":0,"menu_order":0,"comment_status":"closed","ping_status":"closed","template":"","meta":{"_joinchat":[],"footnotes":""},"class_list":["post-2991","page","type-page","status-publish","hentry"],"yoast_head":"<!-- This site is optimized with the Yoast SEO plugin v26.5 - https:\/\/yoast.com\/wordpress\/plugins\/seo\/ -->\n<title>Pol\u00edtica de privacidad | Glassing Monkey<\/title>\n<meta name=\"robots\" content=\"index, follow, max-snippet:-1, max-image-preview:large, max-video-preview:-1\" \/>\n<link rel=\"canonical\" href=\"https:\/\/catalogo.glassingmonkey.com\/es\/politica-de-privacidad\/\" \/>\n<meta property=\"og:locale\" content=\"es_ES\" \/>\n<meta property=\"og:type\" content=\"article\" \/>\n<meta property=\"og:title\" content=\"Pol\u00edtica de privacidad | Glassing Monkey\" \/>\n<meta property=\"og:description\" content=\"politica de privacidad El titular de este sitio web glassingmonkey.com, en adelante \u00abEL SITIO WEB\u00bb, es&nbsp;Glassing Monkey SL, con domicilio en Pol\u00edgono de Pisa, Calle Balance 38, 41927, Mairena del Aljarafe, Sevilla, Espa\u00f1a y C\u00f3digo de Identificaci\u00f3n Fiscal n\u00famero: B90108994, en adelante, \u00abLA EMPRESA\u00bb, as\u00ed como el titular y responsable de los ficheros con la [&hellip;]\" \/>\n<meta property=\"og:url\" content=\"https:\/\/catalogo.glassingmonkey.com\/es\/politica-de-privacidad\/\" \/>\n<meta property=\"og:site_name\" content=\"Glassing Monkey\" \/>\n<meta property=\"article:publisher\" content=\"https:\/\/facebook.com\/glassingmonkey\" \/>\n<meta property=\"article:modified_time\" content=\"2024-05-06T14:16:51+00:00\" \/>\n<meta name=\"twitter:card\" content=\"summary_large_image\" \/>\n<meta name=\"twitter:label1\" content=\"Tiempo de lectura\" \/>\n\t<meta name=\"twitter:data1\" content=\"3 minutos\" \/>\n<script type=\"application\/ld+json\" class=\"yoast-schema-graph\">{\"@context\":\"https:\/\/schema.org\",\"@graph\":[{\"@type\":\"WebPage\",\"@id\":\"https:\/\/catalogo.glassingmonkey.com\/es\/politica-de-privacidad\/\",\"url\":\"https:\/\/catalogo.glassingmonkey.com\/es\/politica-de-privacidad\/\",\"name\":\"Pol\u00edtica de privacidad | Glassing Monkey\",\"isPartOf\":{\"@id\":\"https:\/\/catalogo.glassingmonkey.com\/es\/#website\"},\"datePublished\":\"2022-02-22T16:58:19+00:00\",\"dateModified\":\"2024-05-06T14:16:51+00:00\",\"breadcrumb\":{\"@id\":\"https:\/\/catalogo.glassingmonkey.com\/es\/politica-de-privacidad\/#breadcrumb\"},\"inLanguage\":\"es\",\"potentialAction\":[{\"@type\":\"ReadAction\",\"target\":[\"https:\/\/catalogo.glassingmonkey.com\/es\/politica-de-privacidad\/\"]}]},{\"@type\":\"BreadcrumbList\",\"@id\":\"https:\/\/catalogo.glassingmonkey.com\/es\/politica-de-privacidad\/#breadcrumb\",\"itemListElement\":[{\"@type\":\"ListItem\",\"position\":1,\"name\":\"Home\",\"item\":\"https:\/\/catalogo.glassingmonkey.com\/es\/\"},{\"@type\":\"ListItem\",\"position\":2,\"name\":\"Pol\u00edtica de privacidad\"}]},{\"@type\":\"WebSite\",\"@id\":\"https:\/\/catalogo.glassingmonkey.com\/es\/#website\",\"url\":\"https:\/\/catalogo.glassingmonkey.com\/es\/\",\"name\":\"Glassing Monkey\",\"description\":\"Surf Shop - Surf Outlet Store\",\"publisher\":{\"@id\":\"https:\/\/catalogo.glassingmonkey.com\/es\/#organization\"},\"potentialAction\":[{\"@type\":\"SearchAction\",\"target\":{\"@type\":\"EntryPoint\",\"urlTemplate\":\"https:\/\/catalogo.glassingmonkey.com\/es\/?s={search_term_string}\"},\"query-input\":{\"@type\":\"PropertyValueSpecification\",\"valueRequired\":true,\"valueName\":\"search_term_string\"}}],\"inLanguage\":\"es\"},{\"@type\":\"Organization\",\"@id\":\"https:\/\/catalogo.glassingmonkey.com\/es\/#organization\",\"name\":\"Glassing Monkey\",\"url\":\"https:\/\/catalogo.glassingmonkey.com\/es\/\",\"logo\":{\"@type\":\"ImageObject\",\"inLanguage\":\"es\",\"@id\":\"https:\/\/catalogo.glassingmonkey.com\/es\/#\/schema\/logo\/image\/\",\"url\":\"https:\/\/glassingmonkey.com\/wp-content\/uploads\/2022\/02\/cropped-favicon.png\",\"contentUrl\":\"https:\/\/glassingmonkey.com\/wp-content\/uploads\/2022\/02\/cropped-favicon.png\",\"width\":512,\"height\":512,\"caption\":\"Glassing Monkey\"},\"image\":{\"@id\":\"https:\/\/catalogo.glassingmonkey.com\/es\/#\/schema\/logo\/image\/\"},\"sameAs\":[\"https:\/\/facebook.com\/glassingmonkey\"]}]}<\/script>\n<!-- \/ Yoast SEO plugin. -->","yoast_head_json":{"title":"Pol\u00edtica de privacidad | Glassing Monkey","robots":{"index":"index","follow":"follow","max-snippet":"max-snippet:-1","max-image-preview":"max-image-preview:large","max-video-preview":"max-video-preview:-1"},"canonical":"https:\/\/catalogo.glassingmonkey.com\/es\/politica-de-privacidad\/","og_locale":"es_ES","og_type":"article","og_title":"Pol\u00edtica de privacidad | Glassing Monkey","og_description":"politica de privacidad El titular de este sitio web glassingmonkey.com, en adelante \u00abEL SITIO WEB\u00bb, es&nbsp;Glassing Monkey SL, con domicilio en Pol\u00edgono de Pisa, Calle Balance 38, 41927, Mairena del Aljarafe, Sevilla, Espa\u00f1a y C\u00f3digo de Identificaci\u00f3n Fiscal n\u00famero: B90108994, en adelante, \u00abLA EMPRESA\u00bb, as\u00ed como el titular y responsable de los ficheros con la [&hellip;]","og_url":"https:\/\/catalogo.glassingmonkey.com\/es\/politica-de-privacidad\/","og_site_name":"Glassing Monkey","article_publisher":"https:\/\/facebook.com\/glassingmonkey","article_modified_time":"2024-05-06T14:16:51+00:00","twitter_card":"summary_large_image","twitter_misc":{"Tiempo de lectura":"3 minutos"},"schema":{"@context":"https:\/\/schema.org","@graph":[{"@type":"WebPage","@id":"https:\/\/catalogo.glassingmonkey.com\/es\/politica-de-privacidad\/","url":"https:\/\/catalogo.glassingmonkey.com\/es\/politica-de-privacidad\/","name":"Pol\u00edtica de privacidad | Glassing Monkey","isPartOf":{"@id":"https:\/\/catalogo.glassingmonkey.com\/es\/#website"},"datePublished":"2022-02-22T16:58:19+00:00","dateModified":"2024-05-06T14:16:51+00:00","breadcrumb":{"@id":"https:\/\/catalogo.glassingmonkey.com\/es\/politica-de-privacidad\/#breadcrumb"},"inLanguage":"es","potentialAction":[{"@type":"ReadAction","target":["https:\/\/catalogo.glassingmonkey.com\/es\/politica-de-privacidad\/"]}]},{"@type":"BreadcrumbList","@id":"https:\/\/catalogo.glassingmonkey.com\/es\/politica-de-privacidad\/#breadcrumb","itemListElement":[{"@type":"ListItem","position":1,"name":"Home","item":"https:\/\/catalogo.glassingmonkey.com\/es\/"},{"@type":"ListItem","position":2,"name":"Pol\u00edtica de privacidad"}]},{"@type":"WebSite","@id":"https:\/\/catalogo.glassingmonkey.com\/es\/#website","url":"https:\/\/catalogo.glassingmonkey.com\/es\/","name":"Glassing Monkey","description":"Surf Shop - Surf Outlet Store","publisher":{"@id":"https:\/\/catalogo.glassingmonkey.com\/es\/#organization"},"potentialAction":[{"@type":"SearchAction","target":{"@type":"EntryPoint","urlTemplate":"https:\/\/catalogo.glassingmonkey.com\/es\/?s={search_term_string}"},"query-input":{"@type":"PropertyValueSpecification","valueRequired":true,"valueName":"search_term_string"}}],"inLanguage":"es"},{"@type":"Organization","@id":"https:\/\/catalogo.glassingmonkey.com\/es\/#organization","name":"Glassing Monkey","url":"https:\/\/catalogo.glassingmonkey.com\/es\/","logo":{"@type":"ImageObject","inLanguage":"es","@id":"https:\/\/catalogo.glassingmonkey.com\/es\/#\/schema\/logo\/image\/","url":"https:\/\/glassingmonkey.com\/wp-content\/uploads\/2022\/02\/cropped-favicon.png","contentUrl":"https:\/\/glassingmonkey.com\/wp-content\/uploads\/2022\/02\/cropped-favicon.png","width":512,"height":512,"caption":"Glassing Monkey"},"image":{"@id":"https:\/\/catalogo.glassingmonkey.com\/es\/#\/schema\/logo\/image\/"},"sameAs":["https:\/\/facebook.com\/glassingmonkey"]}]}},"_links":{"self":[{"href":"https:\/\/catalogo.glassingmonkey.com\/es\/wp-json\/wp\/v2\/pages\/2991","targetHints":{"allow":["GET"]}}],"collection":[{"href":"https:\/\/catalogo.glassingmonkey.com\/es\/wp-json\/wp\/v2\/pages"}],"about":[{"href":"https:\/\/catalogo.glassingmonkey.com\/es\/wp-json\/wp\/v2\/types\/page"}],"author":[{"embeddable":true,"href":"https:\/\/catalogo.glassingmonkey.com\/es\/wp-json\/wp\/v2\/users\/2"}],"replies":[{"embeddable":true,"href":"https:\/\/catalogo.glassingmonkey.com\/es\/wp-json\/wp\/v2\/comments?post=2991"}],"version-history":[{"count":2,"href":"https:\/\/catalogo.glassingmonkey.com\/es\/wp-json\/wp\/v2\/pages\/2991\/revisions"}],"predecessor-version":[{"id":13860,"href":"https:\/\/catalogo.glassingmonkey.com\/es\/wp-json\/wp\/v2\/pages\/2991\/revisions\/13860"}],"wp:attachment":[{"href":"https:\/\/catalogo.glassingmonkey.com\/es\/wp-json\/wp\/v2\/media?parent=2991"}],"curies":[{"name":"wp","href":"https:\/\/api.w.org\/{rel}","templated":true}]}}